{"id":121632,"date":"2017-06-26T14:50:33","date_gmt":"2017-06-26T12:50:33","guid":{"rendered":"https:\/\/chezsmoke.ch\/neuchatel-chez-smoke\/"},"modified":"2022-10-28T14:21:16","modified_gmt":"2022-10-28T12:21:16","slug":"neuchatel-chez-smoke","status":"publish","type":"page","link":"https:\/\/chezsmoke.ch\/de\/neuchatel-chez-smoke\/","title":{"rendered":"Neuch\u00e2tel Chez Smoke"},"content":{"rendered":"<div class=\"wpb-content-wrapper\"><p>[vc_row content_placement=&#8220;middle&#8220; mobile_bg_img_hidden=&#8220;no&#8220; tablet_bg_img_hidden=&#8220;no&#8220; woodmart_parallax=&#8220;0&#8243; woodmart_gradient_switch=&#8220;no&#8220; row_reverse_mobile=&#8220;0&#8243; row_reverse_tablet=&#8220;0&#8243; woodmart_disable_overflow=&#8220;0&#8243; css=&#8220;.vc_custom_1599901611343{margin-top: 50px !important;margin-bottom: 50px !important;}&#8220;][vc_column width=&#8220;5\/6&#8243;][vc_custom_heading text=&#8220;<strong>Neuch\u00e2tel<\/strong>&#8220; font_container=&#8220;tag:h5|font_size:48|text_align:left|color:%23f8ab10&#8243; use_theme_fonts=&#8220;yes&#8220; css=&#8220;.vc_custom_1599899443636{margin-bottom: 10px !important;}&#8220;][vc_custom_heading text=&#8220;Wir begr\u00fcssen Sie von Montag bis Samstag&#8220; font_container=&#8220;tag:h3|font_size:25|text_align:left|color:%239e9e9e&#8220; use_theme_fonts=&#8220;yes&#8220; css=&#8220;.vc_custom_1600000616916{margin-bottom: 10px !important;}&#8220;][\/vc_column][vc_column width=&#8220;1\/6&#8243;][vc_row_inner][vc_column_inner width=&#8220;1\/3&#8243;][vc_single_image image=&#8220;162519&#8243; img_size=&#8220;50&#215;50&#8243; alignment=&#8220;center&#8220; onclick=&#8220;custom_link&#8220; img_link_target=&#8220;_blank&#8220; parallax_scroll=&#8220;no&#8220; link=&#8220;https:\/\/www.facebook.com\/ChezSmoke&#8220;][\/vc_column_inner][vc_column_inner width=&#8220;1\/3&#8243;][vc_single_image image=&#8220;162518&#8243; img_size=&#8220;50&#215;50&#8243; alignment=&#8220;center&#8220; onclick=&#8220;custom_link&#8220; img_link_target=&#8220;_blank&#8220; parallax_scroll=&#8220;no&#8220; link=&#8220;https:\/\/www.instagram.com\/chezsmoke\/?hl=fr&#8220;][\/vc_column_inner][\/vc_row_inner][\/vc_column][\/vc_row][vc_row css_animation=&#8220;none&#8220; css=&#8220;.vc_custom_1599899719779{margin-bottom: 30px !important;}&#8220; mobile_bg_img_hidden=&#8220;no&#8220; tablet_bg_img_hidden=&#8220;no&#8220; woodmart_parallax=&#8220;0&#8243; woodmart_gradient_switch=&#8220;no&#8220; row_reverse_mobile=&#8220;0&#8243; row_reverse_tablet=&#8220;0&#8243; woodmart_disable_overflow=&#8220;0&#8243;][vc_column css_animation=&#8220;none&#8220; width=&#8220;1\/2&#8243; css=&#8220;.vc_custom_1496929082665{margin-bottom: 20px !important;padding-top: 0px !important;}&#8220; offset=&#8220;vc_col-lg-3 vc_col-md-3&#8243;][vc_custom_heading text=&#8220;ADRESSE&#8220; font_container=&#8220;tag:h6|text_align:left&#8220; use_theme_fonts=&#8220;yes&#8220; css=&#8220;.vc_custom_1596868284341{margin-bottom: 10px !important;}&#8220;][vc_separator color=&#8220;custom&#8220; accent_color=&#8220;#eaeaea&#8220; css=&#8220;.vc_custom_1481478904779{margin-bottom: 10px !important;}&#8220;][vc_custom_heading text=&#8220;Poteaux 3&#8243; font_container=&#8220;tag:p|text_align:left&#8220; use_theme_fonts=&#8220;yes&#8220; css=&#8220;.vc_custom_1596868304229{margin-bottom: 0px !important;}&#8220;][\/vc_column][vc_column css_animation=&#8220;none&#8220; width=&#8220;1\/2&#8243; css=&#8220;.vc_custom_1496929092528{margin-bottom: 20px !important;padding-top: 0px !important;}&#8220; offset=&#8220;vc_col-lg-3 vc_col-md-3&#8243;][vc_custom_heading text=&#8220;TELEFON&#8220; font_container=&#8220;tag:h6|text_align:left&#8220; use_theme_fonts=&#8220;yes&#8220; css=&#8220;.vc_custom_1596868318280{margin-bottom: 10px !important;}&#8220;][vc_separator color=&#8220;custom&#8220; accent_color=&#8220;#eaeaea&#8220; css=&#8220;.vc_custom_1481478904779{margin-bottom: 10px !important;}&#8220;][vc_custom_heading text=&#8220;+41 79 376 60 75&#8243; font_container=&#8220;tag:p|text_align:left&#8220; use_theme_fonts=&#8220;yes&#8220; css=&#8220;.vc_custom_1596868354474{margin-bottom: 0px !important;}&#8220;][\/vc_column][vc_column css_animation=&#8220;none&#8220; width=&#8220;1\/2&#8243; css=&#8220;.vc_custom_1496929103695{margin-bottom: 20px !important;padding-top: 0px !important;}&#8220; offset=&#8220;vc_col-lg-3 vc_col-md-3&#8243;][vc_custom_heading text=&#8220;EMAIL&#8220; font_container=&#8220;tag:h6|text_align:left&#8220; use_theme_fonts=&#8220;yes&#8220; css=&#8220;.vc_custom_1483977217943{margin-bottom: 10px !important;}&#8220;][vc_separator color=&#8220;custom&#8220; accent_color=&#8220;#eaeaea&#8220; css=&#8220;.vc_custom_1481478904779{margin-bottom: 10px !important;}&#8220;][vc_custom_heading text=&#8220;neuchatel@chezsmoke.ch&#8220; font_container=&#8220;tag:p|text_align:left&#8220; use_theme_fonts=&#8220;yes&#8220; css=&#8220;.vc_custom_1596869637784{margin-bottom: 0px !important;}&#8220;][\/vc_column][vc_column css_animation=&#8220;none&#8220; width=&#8220;1\/2&#8243; css=&#8220;.vc_custom_1496929120737{margin-bottom: 20px !important;padding-top: 0px !important;}&#8220; offset=&#8220;vc_col-lg-3 vc_col-md-3&#8243;][vc_custom_heading text=&#8220;BERATER&#8220; font_container=&#8220;tag:h6|text_align:left&#8220; use_theme_fonts=&#8220;yes&#8220; css=&#8220;.vc_custom_1596868395779{margin-bottom: 10px !important;}&#8220;][vc_separator color=&#8220;custom&#8220; accent_color=&#8220;#eaeaea&#8220; css=&#8220;.vc_custom_1481478904779{margin-bottom: 10px !important;}&#8220;][vc_custom_heading text=&#8220;Marc&#8220; font_container=&#8220;tag:p|text_align:left&#8220; use_theme_fonts=&#8220;yes&#8220; css=&#8220;.vc_custom_1638349991641{margin-bottom: 0px !important;}&#8220;][\/vc_column][\/vc_row][vc_row full_width=&#8220;stretch_row&#8220; parallax=&#8220;content-moving&#8220; mobile_bg_img_hidden=&#8220;no&#8220; tablet_bg_img_hidden=&#8220;no&#8220; woodmart_parallax=&#8220;0&#8243; woodmart_gradient_switch=&#8220;no&#8220; row_reverse_mobile=&#8220;0&#8243; row_reverse_tablet=&#8220;0&#8243; woodmart_disable_overflow=&#8220;0&#8243;][vc_column width=&#8220;1\/2&#8243;]\t\t\t<div class=\"pricing-tables-wrapper wd-wpb\">\n\t\t\t\t<div class=\"pricing-tables wd-grid-f-stretch\" style=\"--wd-gap-lg:20px;--wd-gap-md:20px;--wd-gap-sm:20px;\">\n\t\t\t\t\t\t\t\t<div class=\"wd-price-table wd-col  price-style-default\" >\n\t\t\t\t<div class=\"wd-plan\">\n\t\t\t\t\t<div class=\"wd-plan-name\">\n\t\t\t\t\t\t<span class=\"wd-plan-title title\"><\/span>\n\t\t\t\t\t<\/div>\n\t\t\t\t<\/div>\n\t\t\t\t<div class=\"wd-plan-inner\">\n\t\t\t\t\t\t\t\t\t\t<div class=\"wd-plan-price\" style=\"\">\n\t\t\t\t\t\t\n\t\t\t\t\t\t\t\t\t\t\t\t\t<span class=\"wd-price-value\">\n\t\t\t\t\t\t\t\t\u00d6ffnungszeiten\t\t\t\t\t\t\t<\/span>\n\t\t\t\t\t\t\n\t\t\t\t\t\t\t\t\t\t\t<\/div>\n\t\t\t\t\t\t\t\t\t\t\t<div class=\"wd-plan-features\">\n\t\t\t\t\t\t\t\t\t\t\t\t\t\t\t<div class=\"wd-plan-feature\">\n\t\t\t\t\t\t\t\t\tMontag - 13:00 - 18:30 Uhr\t\t\t\t\t\t\t\t<\/div>\n\t\t\t\t\t\t\t\t\t\t\t\t\t\t\t<div class=\"wd-plan-feature\">\n\t\t\t\t\t\t\t\t\tDienstag - 10:00 - 12:30 Uhr und 13:00 - 18:30 Uhr\t\t\t\t\t\t\t\t<\/div>\n\t\t\t\t\t\t\t\t\t\t\t\t\t\t\t<div class=\"wd-plan-feature\">\n\t\t\t\t\t\t\t\t\tMittwoch - 10:00 - 12:30 Uhr und 13:00 - 18:30 Uhr\t\t\t\t\t\t\t\t<\/div>\n\t\t\t\t\t\t\t\t\t\t\t\t\t\t\t<div class=\"wd-plan-feature\">\n\t\t\t\t\t\t\t\t\tDonnerstag - 10h - 12h30 und 13h - 18h30\t\t\t\t\t\t\t\t<\/div>\n\t\t\t\t\t\t\t\t\t\t\t\t\t\t\t<div class=\"wd-plan-feature\">\n\t\t\t\t\t\t\t\t\tFreitag - 10h - 12h30 und 13h - 18h30\t\t\t\t\t\t\t\t<\/div>\n\t\t\t\t\t\t\t\t\t\t\t\t\t\t\t<div class=\"wd-plan-feature\">\n\t\t\t\t\t\t\t\t\tSamstag - 10h - 17h\t\t\t\t\t\t\t\t<\/div>\n\t\t\t\t\t\t\t\t\t\t\t\t\t<\/div>\n\t\t\t\t\t\t\t\t\t\t<div class=\"wd-plan-footer\">\n\t\t\t\t\t\t\t\t\t\t\t\t\t\t\t\t\t\t\t\t\t<a href=\"https:\/\/chezsmoke.ch\/boutique\/\" title=\"\" class=\"button price-plan-btn\">\n\t\t\t\t\t\t\t\t\tUnser E-Shop 24\/7\t\t\t\t\t\t\t\t<\/a>\n\t\t\t\t\t\t\t\t\t\t\t\t\t\t\t\t\t\t<\/div>\n\t\t\t\t<\/div>\n\t\t\t<\/div>\n\n\t\t\t\t\t\t<\/div>\n\t\t\t<\/div>\n\t\t[\/vc_column][vc_column width=&#8220;1\/2&#8243;][vc_empty_space height=&#8220;26px&#8220; woodmart_hide_large=&#8220;0&#8243; woodmart_hide_medium=&#8220;0&#8243; woodmart_hide_small=&#8220;0&#8243; woodmart_hide_extra_small=&#8220;0&#8243;][vc_single_image image=&#8220;162602&#8243; img_size=&#8220;full&#8220; alignment=&#8220;center&#8220; onclick=&#8220;custom_link&#8220; img_link_target=&#8220;_blank&#8220; link=&#8220;https:\/\/www.google.ch\/maps\/place\/Chez+Smoke+-+Neuch%C3%A2tel\/@46.9921292,6.929055,17z\/data=!3m1!4b1!4m5!3m4!1s0x478e0a1033c2ec25:0xa733e7d74fe31c64!8m2!3d46.9921256!4d6.9312437&#8243; parallax_scroll=&#8220;no&#8220;]\t\t\t<div id=\"wd-69f88f284424e\" class=\"testimonials testimon-style-boxed color-scheme-  testimon-align-center  wd-carousel-container wd-carousel-dis-mb wd-off-md wd-off-sm\">\n\t\t\t\t\t\t\t\t\t<h4 class=\"wd-el-title title slider-title\"><span>Meinungen unserer Kunden<\/span><\/h4>\n\t\t\t\t\n\t\t\t\t\t\t\t\t\t<div class=\"wd-carousel-inner\">\n\t\t\t\t\t\t\t\t<div class=\" wd-carousel wd-grid\" data-speed=\"5000\" data-wrap=\"yes\" data-autoplay=\"yes\" data-scroll_per_page=\"yes\" style=\"--wd-col-lg:2;--wd-col-md:2;--wd-col-sm:1;--wd-gap-lg:30px;--wd-gap-sm:10px;\">\n\t\t\t\t\t\t\t\t\t\t\t<div class=\"wd-carousel-wrap\">\n\t\t\t\t\t\n\t\t\t\t\t\n<div class=\"testimonial  wd-carousel-item\">\n\t<div class=\"testimonial-inner\">\n\t\t\t\t\t<div class=\"testimonial-avatar\">\n\t\t\t\t<img loading=\"lazy\" decoding=\"async\" width=\"100\" height=\"100\" src=\"https:\/\/chezsmoke.ch\/wp-content\/uploads\/2020\/08\/avis-chez-smoke-copie-100x100.jpg\" class=\"testimonial-avatar-image\" alt=\"\" \/>\t\t\t<\/div>\n\t\t\n\t\t<div class=\"testimonial-content\">\n\t\t\t<div class=\"testimonial-rating\">\n\t\t\t\t<span class=\"star-rating\">\n\t\t\t\t\t<span style=\"width:100%\"><\/span>\n\t\t\t\t<\/span>\n\t\t\t<\/div>\n<div class=\"jxjCjc\">\n<div class=\"Jtu6Td\">\n<p>Sehr guter Empfang, pers\u00f6nliche Beratung und Betreuung.<br \/>\nVerk\u00e4ufer nehmen sich Zeit f\u00fcr ihre Kunden. Das Ziel ist es, Sie dauerhaft von der Zigarette wegzubringen. Riesige Auswahl an <strong>Fl\u00fcssigkeiten<\/strong>, die st\u00e4ndig erneuert werden. Nikotin auf Wunsch hinzugef\u00fcgt. Z\u00f6gern Sie nicht, sich beraten zu lassen. Rauchen Sie nicht mehr, und wenn Sie nicht rauchen, rauchen Sie nicht.<\/p>\n<\/div>\n<\/div>\n<p>\n\t\t\t<footer>\n\t\t\t\tR.\n\t\t\t\t\t\t\t\t\t<span>\n\t\t\t\t\t\t2022\t\t\t\t\t<\/span>\n\t\t\t\t\t\t\t<\/footer>\n\t\t<\/div>\n\t<\/div>\n<\/div>\n<div class=\"testimonial  wd-carousel-item\">\n\t<div class=\"testimonial-inner\">\n\t\t\t\t\t<div class=\"testimonial-avatar\">\n\t\t\t\t<img loading=\"lazy\" decoding=\"async\" width=\"100\" height=\"100\" src=\"https:\/\/chezsmoke.ch\/wp-content\/uploads\/2020\/08\/avis-chez-smoke-copie-100x100.jpg\" class=\"testimonial-avatar-image\" alt=\"\" \/>\t\t\t<\/div>\n\t\t\n\t\t<div class=\"testimonial-content\">\n\t\t\t<div class=\"testimonial-rating\">\n\t\t\t\t<span class=\"star-rating\">\n\t\t\t\t\t<span style=\"width:100%\"><\/span>\n\t\t\t\t<\/span>\n\t\t\t<\/div>\n\n\t\t\tWirklich toll! Ich w\u00fcrde es auf jeden Fall weiterempfehlen , Person mit sehr sehr guter Beratung und dr\u00e4ngt vor allem nicht zum Konsum. Wirklich das Allerbeste.\n\t\t\t<footer>\n\t\t\t\tKP.\n\t\t\t\t\t\t\t\t\t<span>\n\t\t\t\t\t\t2021\t\t\t\t\t<\/span>\n\t\t\t\t\t\t\t<\/footer>\n\t\t<\/div>\n\t<\/div>\n<\/div>\n<div class=\"testimonial  wd-carousel-item\">\n\t<div class=\"testimonial-inner\">\n\t\t\t\t\t<div class=\"testimonial-avatar\">\n\t\t\t\t<img loading=\"lazy\" decoding=\"async\" width=\"100\" height=\"100\" src=\"https:\/\/chezsmoke.ch\/wp-content\/uploads\/2020\/08\/avis-chez-smoke-copie-100x100.jpg\" class=\"testimonial-avatar-image\" alt=\"\" \/>\t\t\t<\/div>\n\t\t\n\t\t<div class=\"testimonial-content\">\n\t\t\t<div class=\"testimonial-rating\">\n\t\t\t\t<span class=\"star-rating\">\n\t\t\t\t\t<span style=\"width:100%\"><\/span>\n\t\t\t\t<\/span>\n\t\t\t<\/div>\n<div class=\"jxjCjc\">\n<div>\n<div class=\"Jtu6Td\">Sehr netter Kundenservice, sehr angenehm!<\/div>\n<div class=\"hTt9T\"><\/div>\n<\/div>\n<\/div>\n<div class=\"GmO6pf\"><\/div>\n<p>\n\t\t\t<footer>\n\t\t\t\tGR.\n\t\t\t\t\t\t\t\t\t<span>\n\t\t\t\t\t\t2021\t\t\t\t\t<\/span>\n\t\t\t\t\t\t\t<\/footer>\n\t\t<\/div>\n\t<\/div>\n<\/div>\n<div class=\"testimonial  wd-carousel-item\">\n\t<div class=\"testimonial-inner\">\n\t\t\t\t\t<div class=\"testimonial-avatar\">\n\t\t\t\t<img loading=\"lazy\" decoding=\"async\" width=\"100\" height=\"100\" src=\"https:\/\/chezsmoke.ch\/wp-content\/uploads\/2020\/08\/avis-chez-smoke-copie-100x100.jpg\" class=\"testimonial-avatar-image\" alt=\"\" \/>\t\t\t<\/div>\n\t\t\n\t\t<div class=\"testimonial-content\">\n\t\t\t<div class=\"testimonial-rating\">\n\t\t\t\t<span class=\"star-rating\">\n\t\t\t\t\t<span style=\"width:100%\"><\/span>\n\t\t\t\t<\/span>\n\t\t\t<\/div>\n<div class=\"jxjCjc\">\n<div>\n<div class=\"Jtu6Td\">Die Mitarbeiter sind sehr hilfsbereit und geben sehr gute pers\u00f6nliche Ratschl\u00e4ge. Ich rate zu 100%.<\/div>\n<div class=\"hTt9T\"><\/div>\n<\/div>\n<\/div>\n<div class=\"GmO6pf\"><\/div>\n<p>\n\t\t\t<footer>\n\t\t\t\tLV.\n\t\t\t\t\t\t\t\t\t<span>\n\t\t\t\t\t\t2021\t\t\t\t\t<\/span>\n\t\t\t\t\t\t\t<\/footer>\n\t\t<\/div>\n\t<\/div>\n<\/div>\n<div class=\"testimonial  wd-carousel-item\">\n\t<div class=\"testimonial-inner\">\n\t\t\t\t\t<div class=\"testimonial-avatar\">\n\t\t\t\t<img loading=\"lazy\" decoding=\"async\" width=\"100\" height=\"100\" src=\"https:\/\/chezsmoke.ch\/wp-content\/uploads\/2020\/08\/avis-chez-smoke-copie-100x100.jpg\" class=\"testimonial-avatar-image\" alt=\"\" \/>\t\t\t<\/div>\n\t\t\n\t\t<div class=\"testimonial-content\">\n\t\t\t<div class=\"testimonial-rating\">\n\t\t\t\t<span class=\"star-rating\">\n\t\t\t\t\t<span style=\"width:100%\"><\/span>\n\t\t\t\t<\/span>\n\t\t\t<\/div>\n<div class=\"jxjCjc\">\n<div>\n<div class=\"Jtu6Td\">Sehr freundliches und professionelles Team. Ausgezeichnete Beratung, sehr faire Qualit\u00e4tspreise. Vielen Dank Chez Smoke f\u00fcr Ihre Freundlichkeit.<\/div>\n<\/div>\n<\/div>\n<div class=\"GmO6pf\"><\/div>\n<p>\n\t\t\t<footer>\n\t\t\t\tDN.\n\t\t\t\t\t\t\t\t\t<span>\n\t\t\t\t\t\t2021\t\t\t\t\t<\/span>\n\t\t\t\t\t\t\t<\/footer>\n\t\t<\/div>\n\t<\/div>\n<\/div>\n\t\t\t\t\t\t\t\t\t\t\t<\/div>\n\t\t\t\t\t\t\t\t\t<\/div>\n\n\t\t\t\t\t\t\t\t\t\n\t\t\t\t\t<\/div>\n\n\t\t\t\t\t\t\t<div class=\"wd-nav-pagin-wrap text-center wd-style-shape wd-hide-md-sm wd-hide-sm\">\n\t\t\t<ul class=\"wd-nav-pagin\"><\/ul>\n\t\t<\/div>\n\t\t\t\t\t\t\t\t\t\t\t\t\t\t<\/div>\n\t\t[vc_empty_space height=&#8220;26px&#8220; woodmart_hide_large=&#8220;0&#8243; woodmart_hide_medium=&#8220;0&#8243; woodmart_hide_small=&#8220;0&#8243; woodmart_hide_extra_small=&#8220;0&#8243;][\/vc_column][\/vc_row][vc_row][vc_column width=&#8220;1\/3&#8243;][vc_single_image image=&#8220;134853&#8243; img_size=&#8220;400&#215;300&#8243; alignment=&#8220;center&#8220; woodmart_inline=&#8220;no&#8220; parallax_scroll=&#8220;no&#8220;][\/vc_column][vc_column width=&#8220;1\/3&#8243;][vc_single_image image=&#8220;134851&#8243; img_size=&#8220;400&#215;300&#8243; alignment=&#8220;center&#8220; woodmart_inline=&#8220;no&#8220; parallax_scroll=&#8220;no&#8220;][\/vc_column][vc_column width=&#8220;1\/3&#8243;][vc_single_image image=&#8220;134849&#8243; img_size=&#8220;400&#215;300&#8243; alignment=&#8220;center&#8220; woodmart_inline=&#8220;no&#8220; parallax_scroll=&#8220;no&#8220;][\/vc_column][\/vc_row]<\/p>\n<\/div>","protected":false},"excerpt":{"rendered":"<p>[vc_row content_placement=&#8220;middle&#8220; mobile_bg_img_hidden=&#8220;no&#8220; tablet_bg_img_hidden=&#8220;no&#8220; woodmart_parallax=&#8220;0&#8243; woodmart_gradient_switch=&#8220;no&#8220; row_reverse_mobile=&#8220;0&#8243; row_reverse_tablet=&#8220;0&#8243; woodmart_disable_overflow=&#8220;0&#8243; css=&#8220;.vc_custom_1599901611343{margin-top: 50px !important;margin-bottom: 50px !important;}&#8220;][vc_column width=&#8220;5\/6&#8243;][vc_custom_heading text=&#8220;Neuch\u00e2tel&#8220; font_container=&#8220;tag:h5|font_size:48|text_align:left|color:%23f8ab10&#8243; use_theme_fonts=&#8220;yes&#8220; css=&#8220;.vc_custom_1599899443636{margin-bottom: 10px<\/p>\n","protected":false},"author":1924,"featured_media":0,"parent":0,"menu_order":0,"comment_status":"closed","ping_status":"closed","template":"","meta":{"_acf_changed":false,"footnotes":""},"class_list":["post-121632","page","type-page","status-publish","hentry"],"acf":[],"_links":{"self":[{"href":"https:\/\/chezsmoke.ch\/de\/wp-json\/wp\/v2\/pages\/121632","targetHints":{"allow":["GET"]}}],"collection":[{"href":"https:\/\/chezsmoke.ch\/de\/wp-json\/wp\/v2\/pages"}],"about":[{"href":"https:\/\/chezsmoke.ch\/de\/wp-json\/wp\/v2\/types\/page"}],"author":[{"embeddable":true,"href":"https:\/\/chezsmoke.ch\/de\/wp-json\/wp\/v2\/users\/1924"}],"replies":[{"embeddable":true,"href":"https:\/\/chezsmoke.ch\/de\/wp-json\/wp\/v2\/comments?post=121632"}],"version-history":[{"count":32,"href":"https:\/\/chezsmoke.ch\/de\/wp-json\/wp\/v2\/pages\/121632\/revisions"}],"predecessor-version":[{"id":163342,"href":"https:\/\/chezsmoke.ch\/de\/wp-json\/wp\/v2\/pages\/121632\/revisions\/163342"}],"wp:attachment":[{"href":"https:\/\/chezsmoke.ch\/de\/wp-json\/wp\/v2\/media?parent=121632"}],"curies":[{"name":"wp","href":"https:\/\/api.w.org\/{rel}","templated":true}]}}