{"id":121643,"date":"2021-12-01T10:46:45","date_gmt":"2021-12-01T09:46:45","guid":{"rendered":"https:\/\/chezsmoke.ch\/delemont-chez-smoke\/"},"modified":"2025-05-21T13:00:36","modified_gmt":"2025-05-21T11:00:36","slug":"delemont-chez-smoke","status":"publish","type":"page","link":"https:\/\/chezsmoke.ch\/de\/delemont-chez-smoke\/","title":{"rendered":"Del\u00e9mont Chez Smoke"},"content":{"rendered":"<div class=\"wpb-content-wrapper\"><p>[vc_row content_placement=&#8220;middle&#8220; mobile_bg_img_hidden=&#8220;no&#8220; tablet_bg_img_hidden=&#8220;no&#8220; woodmart_parallax=&#8220;0&#8243; woodmart_gradient_switch=&#8220;no&#8220; row_reverse_mobile=&#8220;0&#8243; row_reverse_tablet=&#8220;0&#8243; woodmart_disable_overflow=&#8220;0&#8243; css=&#8220;.vc_custom_1599899727583{margin-top: 50px !important;margin-bottom: 50px !important;}&#8220;][vc_column width=&#8220;5\/6&#8243;][vc_custom_heading text=&#8220;<strong>Del\u00e9mont<\/strong>&#8220; font_container=&#8220;tag:h5|font_size:48|text_align:left|color:%23f8ab10&#8243; use_theme_fonts=&#8220;yes&#8220; css=&#8220;.vc_custom_1638351734962{margin-bottom: 10px !important;}&#8220;][vc_custom_heading text=&#8220;Wir begr\u00fcssen Sie von Dienstag bis Samstag&#8220; font_container=&#8220;tag:h3|font_size:25|text_align:left|color:%239e9e9e&#8220; use_theme_fonts=&#8220;yes&#8220; css=&#8220;.vc_custom_1600000667875{margin-bottom: 10px !important;}&#8220;][\/vc_column][vc_column width=&#8220;1\/6&#8243;][vc_row_inner][vc_column_inner width=&#8220;1\/3&#8243;][vc_single_image image=&#8220;162519&#8243; img_size=&#8220;50&#215;50&#8243; alignment=&#8220;center&#8220; onclick=&#8220;custom_link&#8220; img_link_target=&#8220;_blank&#8220; parallax_scroll=&#8220;no&#8220; link=&#8220;https:\/\/www.facebook.com\/ChezSmoke\/&#8220; woodmart_inline=&#8220;no&#8220;][\/vc_column_inner][vc_column_inner width=&#8220;1\/3&#8243;][vc_single_image image=&#8220;162518&#8243; img_size=&#8220;50&#215;50&#8243; alignment=&#8220;center&#8220; onclick=&#8220;custom_link&#8220; img_link_target=&#8220;_blank&#8220; parallax_scroll=&#8220;no&#8220; link=&#8220;https:\/\/www.instagram.com\/chezsmoke\/?hl=fr&#8220;][\/vc_column_inner][\/vc_row_inner][\/vc_column][\/vc_row][vc_row css_animation=&#8220;none&#8220; css=&#8220;.vc_custom_1599900016460{margin-bottom: 30px !important;}&#8220; mobile_bg_img_hidden=&#8220;no&#8220; tablet_bg_img_hidden=&#8220;no&#8220; woodmart_parallax=&#8220;0&#8243; woodmart_gradient_switch=&#8220;no&#8220; row_reverse_mobile=&#8220;0&#8243; row_reverse_tablet=&#8220;0&#8243; woodmart_disable_overflow=&#8220;0&#8243;][vc_column css_animation=&#8220;none&#8220; width=&#8220;1\/2&#8243; css=&#8220;.vc_custom_1496929082665{margin-bottom: 20px !important;padding-top: 0px !important;}&#8220; offset=&#8220;vc_col-lg-3 vc_col-md-3&#8243;][vc_custom_heading text=&#8220;ADRESSE&#8220; font_container=&#8220;tag:h6|text_align:left&#8220; use_theme_fonts=&#8220;yes&#8220; css=&#8220;.vc_custom_1596868284341{margin-bottom: 10px !important;}&#8220;][vc_separator color=&#8220;custom&#8220; css=&#8220;.vc_custom_1481478904779{margin-bottom: 10px !important;}&#8220; accent_color=&#8220;#eaeaea&#8220;][vc_custom_heading text=&#8220;Route de B\u00e2le 14&#8243; font_container=&#8220;tag:p|text_align:left&#8220; use_theme_fonts=&#8220;yes&#8220; css=&#8220;.vc_custom_1743423117504{margin-bottom: 0px !important;}&#8220; link=&#8220;url:https%3A%2F%2Fmaps.app.goo.gl%2Fd53D2BVoAwRDWeMr9|target:_blank|&#8220;][\/vc_column][vc_column css_animation=&#8220;none&#8220; width=&#8220;1\/2&#8243; css=&#8220;.vc_custom_1496929092528{margin-bottom: 20px !important;padding-top: 0px !important;}&#8220; offset=&#8220;vc_col-lg-3 vc_col-md-3&#8243;][vc_custom_heading text=&#8220;TELEFON&#8220; font_container=&#8220;tag:h6|text_align:left&#8220; use_theme_fonts=&#8220;yes&#8220; css=&#8220;.vc_custom_1596868318280{margin-bottom: 10px !important;}&#8220;][vc_separator color=&#8220;custom&#8220; css=&#8220;.vc_custom_1481478904779{margin-bottom: 10px !important;}&#8220; accent_color=&#8220;#eaeaea&#8220;][vc_custom_heading text=&#8220;+41 79 329 93 53&#8243; font_container=&#8220;tag:p|text_align:left&#8220; use_theme_fonts=&#8220;yes&#8220; css=&#8220;.vc_custom_1743423138287{margin-bottom: 0px !important;}&#8220; link=&#8220;url:tel%3A%2B41793299353|&#8220;][\/vc_column][vc_column css_animation=&#8220;none&#8220; width=&#8220;1\/2&#8243; css=&#8220;.vc_custom_1496929103695{margin-bottom: 20px !important;padding-top: 0px !important;}&#8220; offset=&#8220;vc_col-lg-3 vc_col-md-3&#8243;][vc_custom_heading text=&#8220;EMAIL&#8220; font_container=&#8220;tag:h6|text_align:left&#8220; use_theme_fonts=&#8220;yes&#8220; css=&#8220;.vc_custom_1483977217943{margin-bottom: 10px !important;}&#8220;][vc_separator color=&#8220;custom&#8220; css=&#8220;.vc_custom_1481478904779{margin-bottom: 10px !important;}&#8220; accent_color=&#8220;#eaeaea&#8220;][vc_custom_heading text=&#8220;delemont@chezsmoke.ch&#8220; font_container=&#8220;tag:p|text_align:left&#8220; use_theme_fonts=&#8220;yes&#8220; css=&#8220;.vc_custom_1743423150957{margin-bottom: 0px !important;}&#8220; link=&#8220;url:mailto%3Adelemont%40chezsmoke.ch|&#8220;][\/vc_column][vc_column css_animation=&#8220;none&#8220; width=&#8220;1\/2&#8243; css=&#8220;.vc_custom_1496929120737{margin-bottom: 20px !important;padding-top: 0px !important;}&#8220; offset=&#8220;vc_col-lg-3 vc_col-md-3&#8243;][vc_custom_heading text=&#8220;BERATER&#8220; font_container=&#8220;tag:h6|text_align:left&#8220; use_theme_fonts=&#8220;yes&#8220; css=&#8220;.vc_custom_1596868395779{margin-bottom: 10px !important;}&#8220;][vc_separator color=&#8220;custom&#8220; css=&#8220;.vc_custom_1481478904779{margin-bottom: 10px !important;}&#8220; accent_color=&#8220;#eaeaea&#8220;][vc_custom_heading text=&#8220;Glenn&#8220; font_container=&#8220;tag:p|text_align:left&#8220; use_theme_fonts=&#8220;yes&#8220; css=&#8220;.vc_custom_1649415204435{margin-bottom: 0px !important;}&#8220;][\/vc_column][\/vc_row][vc_row full_width=&#8220;stretch_row&#8220; parallax=&#8220;content-moving&#8220; mobile_bg_img_hidden=&#8220;no&#8220; tablet_bg_img_hidden=&#8220;no&#8220; woodmart_parallax=&#8220;0&#8243; woodmart_gradient_switch=&#8220;no&#8220; row_reverse_mobile=&#8220;0&#8243; row_reverse_tablet=&#8220;0&#8243; woodmart_disable_overflow=&#8220;0&#8243;][vc_column width=&#8220;1\/2&#8243;]\t\t\t<div class=\"pricing-tables-wrapper wd-wpb\">\n\t\t\t\t<div class=\"pricing-tables wd-grid-f-stretch\" style=\"--wd-gap-lg:20px;--wd-gap-md:20px;--wd-gap-sm:20px;\">\n\t\t\t\t\t\t\t\t<div class=\"wd-price-table wd-col  price-style-default\" >\n\t\t\t\t<div class=\"wd-plan\">\n\t\t\t\t\t<div class=\"wd-plan-name\">\n\t\t\t\t\t\t<span class=\"wd-plan-title title\"><\/span>\n\t\t\t\t\t<\/div>\n\t\t\t\t<\/div>\n\t\t\t\t<div class=\"wd-plan-inner\">\n\t\t\t\t\t\t\t\t\t\t<div class=\"wd-plan-price\" style=\"\">\n\t\t\t\t\t\t\n\t\t\t\t\t\t\t\t\t\t\t\t\t<span class=\"wd-price-value\">\n\t\t\t\t\t\t\t\t\u00d6ffnungszeiten\t\t\t\t\t\t\t<\/span>\n\t\t\t\t\t\t\n\t\t\t\t\t\t\t\t\t\t\t<\/div>\n\t\t\t\t\t\t\t\t\t\t\t<div class=\"wd-plan-features\">\n\t\t\t\t\t\t\t\t\t\t\t\t\t\t\t<div class=\"wd-plan-feature\">\n\t\t\t\t\t\t\t\t\tMontag - Geschlossen\t\t\t\t\t\t\t\t<\/div>\n\t\t\t\t\t\t\t\t\t\t\t\t\t\t\t<div class=\"wd-plan-feature\">\n\t\t\t\t\t\t\t\t\tDienstag - 10.00 - 13.00 Uhr und 13.30 - 18.30 Uhr\t\t\t\t\t\t\t\t<\/div>\n\t\t\t\t\t\t\t\t\t\t\t\t\t\t\t<div class=\"wd-plan-feature\">\n\t\t\t\t\t\t\t\t\tMittwoch - 10.00 - 13.00 Uhr und 13.30 - 18.30 Uhr\t\t\t\t\t\t\t\t<\/div>\n\t\t\t\t\t\t\t\t\t\t\t\t\t\t\t<div class=\"wd-plan-feature\">\n\t\t\t\t\t\t\t\t\tDonnerstag - 10.00 - 13.00 Uhr und 13.30 - 18.30 Uhr\t\t\t\t\t\t\t\t<\/div>\n\t\t\t\t\t\t\t\t\t\t\t\t\t\t\t<div class=\"wd-plan-feature\">\n\t\t\t\t\t\t\t\t\tFreitag - 10.00 - 13.00 Uhr und 13.30 - 18.30 Uhr\t\t\t\t\t\t\t\t<\/div>\n\t\t\t\t\t\t\t\t\t\t\t\t\t\t\t<div class=\"wd-plan-feature\">\n\t\t\t\t\t\t\t\t\tSamstag - 10.00 - 17.00 Uhr\t\t\t\t\t\t\t\t<\/div>\n\t\t\t\t\t\t\t\t\t\t\t\t\t<\/div>\n\t\t\t\t\t\t\t\t\t\t<div class=\"wd-plan-footer\">\n\t\t\t\t\t\t\t\t\t\t\t\t\t\t\t\t\t\t\t\t\t<a href=\"https:\/\/chezsmoke.ch\/boutique\/\" title=\"\" class=\"button price-plan-btn\">\n\t\t\t\t\t\t\t\t\tUnser E-Shop 24\/7\t\t\t\t\t\t\t\t<\/a>\n\t\t\t\t\t\t\t\t\t\t\t\t\t\t\t\t\t\t<\/div>\n\t\t\t\t<\/div>\n\t\t\t<\/div>\n\n\t\t\t\t\t\t<\/div>\n\t\t\t<\/div>\n\t\t[\/vc_column][vc_column width=&#8220;1\/2&#8243;][vc_empty_space height=&#8220;26px&#8220; woodmart_hide_large=&#8220;0&#8243; woodmart_hide_medium=&#8220;0&#8243; woodmart_hide_small=&#8220;0&#8243; woodmart_hide_extra_small=&#8220;0&#8243;][vc_single_image image=&#8220;162602&#8243; img_size=&#8220;full&#8220; alignment=&#8220;center&#8220; onclick=&#8220;custom_link&#8220; img_link_target=&#8220;_blank&#8220; css=&#8220;&#8220; link=&#8220;https:\/\/maps.app.goo.gl\/d53D2BVoAwRDWeMr9&#8243; parallax_scroll=&#8220;no&#8220; woodmart_inline=&#8220;no&#8220;]\t\t\t<div id=\"wd-6a094c1b6f033\" class=\"testimonials testimon-style-boxed color-scheme-  testimon-align-center  wd-carousel-container wd-carousel-dis-mb wd-off-md wd-off-sm\">\n\t\t\t\t\t\t\t\t\t<h4 class=\"wd-el-title title slider-title\"><span>Meinungen unserer Kunden<\/span><\/h4>\n\t\t\t\t\n\t\t\t\t\t\t\t\t\t<div class=\"wd-carousel-inner\">\n\t\t\t\t\t\t\t\t<div class=\" wd-carousel wd-grid\" data-speed=\"5000\" data-wrap=\"yes\" data-autoplay=\"yes\" data-scroll_per_page=\"yes\" style=\"--wd-col-lg:2;--wd-col-md:2;--wd-col-sm:1;--wd-gap-lg:30px;--wd-gap-sm:10px;\">\n\t\t\t\t\t\t\t\t\t\t\t<div class=\"wd-carousel-wrap\">\n\t\t\t\t\t\n\t\t\t\t\t\n<div class=\"testimonial  wd-carousel-item\">\n\t<div class=\"testimonial-inner\">\n\t\t\t\t\t<div class=\"testimonial-avatar\">\n\t\t\t\t<img loading=\"lazy\" decoding=\"async\" width=\"100\" height=\"100\" src=\"https:\/\/chezsmoke.ch\/wp-content\/uploads\/2020\/08\/avis-chez-smoke-copie-100x100.jpg\" class=\"testimonial-avatar-image\" alt=\"\" \/>\t\t\t<\/div>\n\t\t\n\t\t<div class=\"testimonial-content\">\n\t\t\t<div class=\"testimonial-rating\">\n\t\t\t\t<span class=\"star-rating\">\n\t\t\t\t\t<span style=\"width:100%\"><\/span>\n\t\t\t\t<\/span>\n\t\t\t<\/div>\n<div class=\"jxjCjc\">\n<div class=\"Jtu6Td\">\n<p>Endlich ein chilliger und professioneller Ort in Del\u00e9mont.<br \/>\nEin perfektes Team, das alle unsere Fragen fehlerfrei beantwortet.<br \/>\nDie Auswahl ist gro\u00df und f\u00fcr jedes Budget geeignet.<br \/>\nIch bin ein erfahrener Dampfer und kann diesen Shop nur empfehlen!   <\/p>\n<\/div>\n<\/div>\n<p>\n\t\t\t<footer>\n\t\t\t\tD.S\n\t\t\t\t\t\t\t<\/footer>\n\t\t<\/div>\n\t<\/div>\n<\/div>\n<div class=\"testimonial  wd-carousel-item\">\n\t<div class=\"testimonial-inner\">\n\t\t\t\t\t<div class=\"testimonial-avatar\">\n\t\t\t\t<img loading=\"lazy\" decoding=\"async\" width=\"100\" height=\"100\" src=\"https:\/\/chezsmoke.ch\/wp-content\/uploads\/2020\/08\/avis-chez-smoke-copie-100x100.jpg\" class=\"testimonial-avatar-image\" alt=\"\" \/>\t\t\t<\/div>\n\t\t\n\t\t<div class=\"testimonial-content\">\n\t\t\t<div class=\"testimonial-rating\">\n\t\t\t\t<span class=\"star-rating\">\n\t\t\t\t\t<span style=\"width:100%\"><\/span>\n\t\t\t\t<\/span>\n\t\t\t<\/div>\n\n\t\t\tHerzlicher und professioneller Empfang mit einer Prise Humor.<br \/>\nIch kann &#8222;Chez Smoke&#8220; nur empfehlen!\n\t\t\t<footer>\n\t\t\t\tS.Q.P\n\t\t\t\t\t\t\t<\/footer>\n\t\t<\/div>\n\t<\/div>\n<\/div>\n<div class=\"testimonial  wd-carousel-item\">\n\t<div class=\"testimonial-inner\">\n\t\t\t\t\t<div class=\"testimonial-avatar\">\n\t\t\t\t<img loading=\"lazy\" decoding=\"async\" width=\"100\" height=\"100\" src=\"https:\/\/chezsmoke.ch\/wp-content\/uploads\/2020\/08\/avis-chez-smoke-copie-100x100.jpg\" class=\"testimonial-avatar-image\" alt=\"\" \/>\t\t\t<\/div>\n\t\t\n\t\t<div class=\"testimonial-content\">\n\t\t\t<div class=\"testimonial-rating\">\n\t\t\t\t<span class=\"star-rating\">\n\t\t\t\t\t<span style=\"width:100%\"><\/span>\n\t\t\t\t<\/span>\n\t\t\t<\/div>\n<div class=\"jxjCjc\">\n<div>\n<div class=\"Jtu6Td\">\n<p>Toller Ort , riesige Auswahl , wirklich faire Preise und vor allem ein sehr freundlicher Verk\u00e4ufer , ich werde hier f\u00fcr meine zuk\u00fcnftigen Eink\u00e4ufe wiederkommen!<\/p>\n<\/div>\n<\/div>\n<\/div>\n<p>\n\t\t\t<footer>\n\t\t\t\tR.C\n\t\t\t\t\t\t\t<\/footer>\n\t\t<\/div>\n\t<\/div>\n<\/div>\n<div class=\"testimonial  wd-carousel-item\">\n\t<div class=\"testimonial-inner\">\n\t\t\t\t\t<div class=\"testimonial-avatar\">\n\t\t\t\t<img loading=\"lazy\" decoding=\"async\" width=\"100\" height=\"100\" src=\"https:\/\/chezsmoke.ch\/wp-content\/uploads\/2020\/08\/avis-chez-smoke-copie-100x100.jpg\" class=\"testimonial-avatar-image\" alt=\"\" \/>\t\t\t<\/div>\n\t\t\n\t\t<div class=\"testimonial-content\">\n\t\t\t<div class=\"testimonial-rating\">\n\t\t\t\t<span class=\"star-rating\">\n\t\t\t\t\t<span style=\"width:100%\"><\/span>\n\t\t\t\t<\/span>\n\t\t\t<\/div>\n<div class=\"jxjCjc\">\n<div>\n<div class=\"Jtu6Td\">\n<p>Ich empfehle diesen Shop w\u00e4rmstens!<br \/>\nHerzlicher und freundlicher Empfang .<br \/>\nWenn Sie ein Neuling sind: Sie beraten Sie.<br \/>\nWenn du ein Kenner bist: Sie leiten dich in deinen W\u00fcnschen.<br \/>\nIch habe neue, qualitativ hochwertige Fl\u00fcssigkeiten entdeckt!<br \/>\nDanke, ich werde wiederkommen.     <\/p>\n<\/div>\n<\/div>\n<\/div>\n<p>\n\t\t\t<footer>\n\t\t\t\tL.G\n\t\t\t\t\t\t\t<\/footer>\n\t\t<\/div>\n\t<\/div>\n<\/div>\n\t\t\t\t\t\t\t\t\t\t\t<\/div>\n\t\t\t\t\t\t\t\t\t<\/div>\n\n\t\t\t\t\t\t\t\t\t\n\t\t\t\t\t<\/div>\n\n\t\t\t\t\t\t\t<div class=\"wd-nav-pagin-wrap text-center wd-style-shape wd-hide-md-sm wd-hide-sm\">\n\t\t\t<ul class=\"wd-nav-pagin\"><\/ul>\n\t\t<\/div>\n\t\t\t\t\t\t\t\t\t\t\t\t\t\t<\/div>\n\t\t[vc_empty_space height=&#8220;18px&#8220; woodmart_hide_large=&#8220;0&#8243; woodmart_hide_medium=&#8220;0&#8243; woodmart_hide_small=&#8220;0&#8243; woodmart_hide_extra_small=&#8220;0&#8243;][\/vc_column][\/vc_row][vc_row][vc_column width=&#8220;1\/3&#8243;][vc_single_image image=&#8220;134813&#8243; img_size=&#8220;400&#215;300&#8243; alignment=&#8220;center&#8220; woodmart_inline=&#8220;no&#8220; parallax_scroll=&#8220;no&#8220;][\/vc_column][vc_column width=&#8220;1\/3&#8243;][vc_single_image image=&#8220;134817&#8243; img_size=&#8220;400&#215;300&#8243; alignment=&#8220;center&#8220; woodmart_inline=&#8220;no&#8220; parallax_scroll=&#8220;no&#8220;][\/vc_column][vc_column width=&#8220;1\/3&#8243;][vc_single_image image=&#8220;134815&#8243; img_size=&#8220;400&#215;300&#8243; alignment=&#8220;center&#8220; woodmart_inline=&#8220;no&#8220; parallax_scroll=&#8220;no&#8220;][\/vc_column][\/vc_row]<\/p>\n<\/div>","protected":false},"excerpt":{"rendered":"<p>[vc_row content_placement=&#8220;middle&#8220; mobile_bg_img_hidden=&#8220;no&#8220; tablet_bg_img_hidden=&#8220;no&#8220; woodmart_parallax=&#8220;0&#8243; woodmart_gradient_switch=&#8220;no&#8220; row_reverse_mobile=&#8220;0&#8243; row_reverse_tablet=&#8220;0&#8243; woodmart_disable_overflow=&#8220;0&#8243; css=&#8220;.vc_custom_1599899727583{margin-top: 50px !important;margin-bottom: 50px !important;}&#8220;][vc_column width=&#8220;5\/6&#8243;][vc_custom_heading text=&#8220;Del\u00e9mont&#8220; font_container=&#8220;tag:h5|font_size:48|text_align:left|color:%23f8ab10&#8243; use_theme_fonts=&#8220;yes&#8220; css=&#8220;.vc_custom_1638351734962{margin-bottom: 10px<\/p>\n","protected":false},"author":17790,"featured_media":0,"parent":0,"menu_order":0,"comment_status":"closed","ping_status":"closed","template":"","meta":{"_acf_changed":false,"footnotes":""},"class_list":["post-121643","page","type-page","status-publish","hentry"],"acf":[],"_links":{"self":[{"href":"https:\/\/chezsmoke.ch\/de\/wp-json\/wp\/v2\/pages\/121643","targetHints":{"allow":["GET"]}}],"collection":[{"href":"https:\/\/chezsmoke.ch\/de\/wp-json\/wp\/v2\/pages"}],"about":[{"href":"https:\/\/chezsmoke.ch\/de\/wp-json\/wp\/v2\/types\/page"}],"author":[{"embeddable":true,"href":"https:\/\/chezsmoke.ch\/de\/wp-json\/wp\/v2\/users\/17790"}],"replies":[{"embeddable":true,"href":"https:\/\/chezsmoke.ch\/de\/wp-json\/wp\/v2\/comments?post=121643"}],"version-history":[{"count":42,"href":"https:\/\/chezsmoke.ch\/de\/wp-json\/wp\/v2\/pages\/121643\/revisions"}],"predecessor-version":[{"id":401769,"href":"https:\/\/chezsmoke.ch\/de\/wp-json\/wp\/v2\/pages\/121643\/revisions\/401769"}],"wp:attachment":[{"href":"https:\/\/chezsmoke.ch\/de\/wp-json\/wp\/v2\/media?parent=121643"}],"curies":[{"name":"wp","href":"https:\/\/api.w.org\/{rel}","templated":true}]}}