{"id":121653,"date":"2022-05-06T16:34:07","date_gmt":"2022-05-06T14:34:07","guid":{"rendered":"https:\/\/chezsmoke.ch\/biel-bienne-chez-smoke\/"},"modified":"2022-10-28T14:12:40","modified_gmt":"2022-10-28T12:12:40","slug":"biel-bienne-chez-smoke","status":"publish","type":"page","link":"https:\/\/chezsmoke.ch\/de\/biel-bienne-chez-smoke\/","title":{"rendered":"Biel\/Bienne Chez Smoke"},"content":{"rendered":"<div class=\"wpb-content-wrapper\"><p>[vc_row content_placement=&#8220;middle&#8220; mobile_bg_img_hidden=&#8220;no&#8220; tablet_bg_img_hidden=&#8220;no&#8220; woodmart_parallax=&#8220;0&#8243; woodmart_gradient_switch=&#8220;no&#8220; row_reverse_mobile=&#8220;0&#8243; row_reverse_tablet=&#8220;0&#8243; woodmart_disable_overflow=&#8220;0&#8243; css=&#8220;.vc_custom_1599899727583{margin-top: 50px !important;margin-bottom: 50px !important;}&#8220;][vc_column width=&#8220;5\/6&#8243;][vc_custom_heading text=&#8220;<strong>Biel\/Bienne<\/strong>&#8220; font_container=&#8220;tag:h5|font_size:48|text_align:left|color:%23f8ab10&#8243; use_theme_fonts=&#8220;yes&#8220; css=&#8220;.vc_custom_1651836886148{margin-bottom: 10px !important;}&#8220;][vc_custom_heading text=&#8220;Wir begr\u00fcssen Sie von Dienstag bis Samstag&#8220; font_container=&#8220;tag:h3|font_size:25|text_align:left|color:%239e9e9e&#8220; use_theme_fonts=&#8220;yes&#8220; css=&#8220;.vc_custom_1600000667875{margin-bottom: 10px !important;}&#8220;][\/vc_column][vc_column width=&#8220;1\/6&#8243;][vc_row_inner][vc_column_inner width=&#8220;1\/3&#8243;][vc_single_image image=&#8220;162519&#8243; img_size=&#8220;50&#215;50&#8243; alignment=&#8220;center&#8220; onclick=&#8220;custom_link&#8220; img_link_target=&#8220;_blank&#8220; parallax_scroll=&#8220;no&#8220; link=&#8220;https:\/\/www.facebook.com\/ChezSmoke\/&#8220; woodmart_inline=&#8220;no&#8220;][\/vc_column_inner][vc_column_inner width=&#8220;1\/3&#8243;][vc_single_image image=&#8220;162518&#8243; img_size=&#8220;50&#215;50&#8243; alignment=&#8220;center&#8220; onclick=&#8220;custom_link&#8220; img_link_target=&#8220;_blank&#8220; parallax_scroll=&#8220;no&#8220; link=&#8220;https:\/\/www.instagram.com\/chezsmoke\/?hl=fr&#8220;][\/vc_column_inner][\/vc_row_inner][\/vc_column][\/vc_row][vc_row css_animation=&#8220;none&#8220; css=&#8220;.vc_custom_1599900016460{margin-bottom: 30px !important;}&#8220; mobile_bg_img_hidden=&#8220;no&#8220; tablet_bg_img_hidden=&#8220;no&#8220; woodmart_parallax=&#8220;0&#8243; woodmart_gradient_switch=&#8220;no&#8220; row_reverse_mobile=&#8220;0&#8243; row_reverse_tablet=&#8220;0&#8243; woodmart_disable_overflow=&#8220;0&#8243;][vc_column css_animation=&#8220;none&#8220; width=&#8220;1\/2&#8243; css=&#8220;.vc_custom_1496929082665{margin-bottom: 20px !important;padding-top: 0px !important;}&#8220; offset=&#8220;vc_col-lg-3 vc_col-md-3&#8243;][vc_custom_heading text=&#8220;ADRESSE&#8220; font_container=&#8220;tag:h6|text_align:left&#8220; use_theme_fonts=&#8220;yes&#8220; css=&#8220;.vc_custom_1596868284341{margin-bottom: 10px !important;}&#8220;][vc_separator color=&#8220;custom&#8220; accent_color=&#8220;#eaeaea&#8220; css=&#8220;.vc_custom_1481478904779{margin-bottom: 10px !important;}&#8220;][vc_custom_heading text=&#8220;Nidaugasse 38&#8243; font_container=&#8220;tag:p|text_align:left&#8220; use_theme_fonts=&#8220;yes&#8220; css=&#8220;.vc_custom_1651847534208{margin-bottom: 0px !important;}&#8220;][\/vc_column][vc_column css_animation=&#8220;none&#8220; width=&#8220;1\/2&#8243; css=&#8220;.vc_custom_1496929092528{margin-bottom: 20px !important;padding-top: 0px !important;}&#8220; offset=&#8220;vc_col-lg-3 vc_col-md-3&#8243;][vc_custom_heading text=&#8220;TELEFON&#8220; font_container=&#8220;tag:h6|text_align:left&#8220; use_theme_fonts=&#8220;yes&#8220; css=&#8220;.vc_custom_1596868318280{margin-bottom: 10px !important;}&#8220;][vc_separator color=&#8220;custom&#8220; accent_color=&#8220;#eaeaea&#8220; css=&#8220;.vc_custom_1481478904779{margin-bottom: 10px !important;}&#8220;][vc_custom_heading text=&#8220;+41 79 466 40 36&#8243; font_container=&#8220;tag:p|text_align:left&#8220; use_theme_fonts=&#8220;yes&#8220; css=&#8220;.vc_custom_1651862062386{margin-bottom: 0px !important;}&#8220;][\/vc_column][vc_column css_animation=&#8220;none&#8220; width=&#8220;1\/2&#8243; css=&#8220;.vc_custom_1496929103695{margin-bottom: 20px !important;padding-top: 0px !important;}&#8220; offset=&#8220;vc_col-lg-3 vc_col-md-3&#8243;][vc_custom_heading text=&#8220;EMAIL&#8220; font_container=&#8220;tag:h6|text_align:left&#8220; use_theme_fonts=&#8220;yes&#8220; css=&#8220;.vc_custom_1483977217943{margin-bottom: 10px !important;}&#8220;][vc_separator color=&#8220;custom&#8220; accent_color=&#8220;#eaeaea&#8220; css=&#8220;.vc_custom_1481478904779{margin-bottom: 10px !important;}&#8220;][vc_custom_heading text=&#8220;bienne@chezsmoke.ch&#8220; font_container=&#8220;tag:p|text_align:left&#8220; use_theme_fonts=&#8220;yes&#8220; css=&#8220;.vc_custom_1651847464328{margin-bottom: 0px !important;}&#8220;][\/vc_column][vc_column css_animation=&#8220;none&#8220; width=&#8220;1\/2&#8243; css=&#8220;.vc_custom_1496929120737{margin-bottom: 20px !important;padding-top: 0px !important;}&#8220; offset=&#8220;vc_col-lg-3 vc_col-md-3&#8243;][vc_custom_heading text=&#8220;BERATER&#8220; font_container=&#8220;tag:h6|text_align:left&#8220; use_theme_fonts=&#8220;yes&#8220; css=&#8220;.vc_custom_1596868395779{margin-bottom: 10px !important;}&#8220;][vc_separator color=&#8220;custom&#8220; accent_color=&#8220;#eaeaea&#8220; css=&#8220;.vc_custom_1481478904779{margin-bottom: 10px !important;}&#8220;][vc_custom_heading text=&#8220;Diego&#8220; font_container=&#8220;tag:p|text_align:left&#8220; use_theme_fonts=&#8220;yes&#8220; css=&#8220;.vc_custom_1651847631409{margin-bottom: 0px !important;}&#8220;][\/vc_column][\/vc_row][vc_row full_width=&#8220;stretch_row&#8220; parallax=&#8220;content-moving&#8220; mobile_bg_img_hidden=&#8220;no&#8220; tablet_bg_img_hidden=&#8220;no&#8220; woodmart_parallax=&#8220;0&#8243; woodmart_gradient_switch=&#8220;no&#8220; row_reverse_mobile=&#8220;0&#8243; row_reverse_tablet=&#8220;0&#8243; woodmart_disable_overflow=&#8220;0&#8243;][vc_column width=&#8220;1\/2&#8243;]\t\t\t<div class=\"pricing-tables-wrapper wd-wpb\">\n\t\t\t\t<div class=\"pricing-tables wd-grid-f-stretch\" style=\"--wd-gap-lg:20px;--wd-gap-md:20px;--wd-gap-sm:20px;\">\n\t\t\t\t\t\t\t\t<div class=\"wd-price-table wd-col  price-style-default\" >\n\t\t\t\t<div class=\"wd-plan\">\n\t\t\t\t\t<div class=\"wd-plan-name\">\n\t\t\t\t\t\t<span class=\"wd-plan-title title\"><\/span>\n\t\t\t\t\t<\/div>\n\t\t\t\t<\/div>\n\t\t\t\t<div class=\"wd-plan-inner\">\n\t\t\t\t\t\t\t\t\t\t<div class=\"wd-plan-price\" style=\"\">\n\t\t\t\t\t\t\n\t\t\t\t\t\t\t\t\t\t\t\t\t<span class=\"wd-price-value\">\n\t\t\t\t\t\t\t\t\u00d6ffnungszeiten\t\t\t\t\t\t\t<\/span>\n\t\t\t\t\t\t\n\t\t\t\t\t\t\t\t\t\t\t<\/div>\n\t\t\t\t\t\t\t\t\t\t\t<div class=\"wd-plan-features\">\n\t\t\t\t\t\t\t\t\t\t\t\t\t\t\t<div class=\"wd-plan-feature\">\n\t\t\t\t\t\t\t\t\tMontag - Geschlossen\t\t\t\t\t\t\t\t<\/div>\n\t\t\t\t\t\t\t\t\t\t\t\t\t\t\t<div class=\"wd-plan-feature\">\n\t\t\t\t\t\t\t\t\tDienstag - 10:00 - 13:30 Uhr und 14:00 - 18:30 Uhr\t\t\t\t\t\t\t\t<\/div>\n\t\t\t\t\t\t\t\t\t\t\t\t\t\t\t<div class=\"wd-plan-feature\">\n\t\t\t\t\t\t\t\t\tMittwoch - 10:00 - 13:30 Uhr und 14:00 - 18:30 Uhr\t\t\t\t\t\t\t\t<\/div>\n\t\t\t\t\t\t\t\t\t\t\t\t\t\t\t<div class=\"wd-plan-feature\">\n\t\t\t\t\t\t\t\t\tDonnerstag - 10:00 - 13:30 Uhr und 14:00 - 18:30 Uhr\t\t\t\t\t\t\t\t<\/div>\n\t\t\t\t\t\t\t\t\t\t\t\t\t\t\t<div class=\"wd-plan-feature\">\n\t\t\t\t\t\t\t\t\tFreitag - 10:00 - 13:30 Uhr und 14:00 - 18:30 Uhr\t\t\t\t\t\t\t\t<\/div>\n\t\t\t\t\t\t\t\t\t\t\t\t\t\t\t<div class=\"wd-plan-feature\">\n\t\t\t\t\t\t\t\t\tSamstag - 10h - 17h\t\t\t\t\t\t\t\t<\/div>\n\t\t\t\t\t\t\t\t\t\t\t\t\t<\/div>\n\t\t\t\t\t\t\t\t\t\t<div class=\"wd-plan-footer\">\n\t\t\t\t\t\t\t\t\t\t\t\t\t\t\t\t\t\t\t\t\t<a href=\"https:\/\/chezsmoke.ch\/boutique\/\" title=\"\" class=\"button price-plan-btn\">\n\t\t\t\t\t\t\t\t\tUnser E-Shop 24\/7\t\t\t\t\t\t\t\t<\/a>\n\t\t\t\t\t\t\t\t\t\t\t\t\t\t\t\t\t\t<\/div>\n\t\t\t\t<\/div>\n\t\t\t<\/div>\n\n\t\t\t\t\t\t<\/div>\n\t\t\t<\/div>\n\t\t[\/vc_column][vc_column width=&#8220;1\/2&#8243;][vc_empty_space height=&#8220;26px&#8220; woodmart_hide_large=&#8220;0&#8243; woodmart_hide_medium=&#8220;0&#8243; woodmart_hide_small=&#8220;0&#8243; woodmart_hide_extra_small=&#8220;0&#8243;][vc_single_image image=&#8220;162602&#8243; img_size=&#8220;full&#8220; alignment=&#8220;center&#8220; onclick=&#8220;custom_link&#8220; img_link_target=&#8220;_blank&#8220; link=&#8220;https:\/\/www.google.ch\/maps\/place\/Chez+Smoke+Biel%2FBienne\/@47.1391727,7.2437249,17z\/data=!3m1!4b1!4m5!3m4!1s0x478e19dabc298d47:0x607b73f3766fde67!8m2!3d47.1391691!4d7.2459136&#8243; parallax_scroll=&#8220;no&#8220; woodmart_inline=&#8220;no&#8220;]<\/p>\n<div id=\"wd-6a0705973c069\" class=\"testimonials testimon-style-boxed color-scheme-  testimon-align-center  wd-carousel-container wd-carousel-dis-mb wd-off-md wd-off-sm\">\n\t\t\t\t\t\t\t\t\t<h4 class=\"wd-el-title title slider-title\"><span>Meinungen unserer Kunden<\/span><\/h4>\n\t\t\t\t\n\t\t\t\t\t\t\t\t\t<div class=\"wd-carousel-inner\">\n\t\t\t\t\t\t\t\t<div class=\" wd-carousel wd-grid\" data-speed=\"5000\" data-wrap=\"yes\" data-autoplay=\"yes\" data-scroll_per_page=\"yes\" style=\"--wd-col-lg:2;--wd-col-md:2;--wd-col-sm:1;--wd-gap-lg:30px;--wd-gap-sm:10px;\">\n\t\t\t\t\t\t\t\t\t\t\t<div class=\"wd-carousel-wrap\">\n\t\t\t\t\t\n\t\t\t\t\t\n<div class=\"testimonial  wd-carousel-item\">\n\t<div class=\"testimonial-inner\">\n\t\t\t\t\t<div class=\"testimonial-avatar\">\n\t\t\t\t<img loading=\"lazy\" decoding=\"async\" width=\"100\" height=\"100\" src=\"https:\/\/chezsmoke.ch\/wp-content\/uploads\/2020\/08\/avis-chez-smoke-copie-100x100.jpg\" class=\"testimonial-avatar-image\" alt=\"\" \/>\t\t\t<\/div>\n\t\t\n\t\t<div class=\"testimonial-content\">\n\t\t\t<div class=\"testimonial-rating\">\n\t\t\t\t<span class=\"star-rating\">\n\t\t\t\t\t<span style=\"width:100%\"><\/span>\n\t\t\t\t<\/span>\n\t\t\t<\/div>\n<div class=\"jxjCjc\">\n<div class=\"Jtu6Td\">\n<p>Sehr freundliches und einladendes Personal, das sich viel Zeit f\u00fcr Sie nimmt. ich empfehle es sehr. Die Er\u00f6ffnung war ein voller Erfolg. Nutzen Sie die Gelegenheit, jetzt hinzugehen und vielleicht eine Maschine zu gewinnen.<\/p>\n<\/div>\n<\/div>\n<p>\n\t\t\t<footer>\n\t\t\t\tLieutenant\n\t\t\t\t\t\t\t\t\t<span>\n\t\t\t\t\t\t2022\t\t\t\t\t<\/span>\n\t\t\t\t\t\t\t<\/footer>\n\t\t<\/div>\n\t<\/div>\n<\/div>\n<div class=\"testimonial  wd-carousel-item\">\n\t<div class=\"testimonial-inner\">\n\t\t\t\t\t<div class=\"testimonial-avatar\">\n\t\t\t\t<img loading=\"lazy\" decoding=\"async\" width=\"100\" height=\"100\" src=\"https:\/\/chezsmoke.ch\/wp-content\/uploads\/2020\/08\/avis-chez-smoke-copie-100x100.jpg\" class=\"testimonial-avatar-image\" alt=\"\" \/>\t\t\t<\/div>\n\t\t\n\t\t<div class=\"testimonial-content\">\n\t\t\t<div class=\"testimonial-rating\">\n\t\t\t\t<span class=\"star-rating\">\n\t\t\t\t\t<span style=\"width:100%\"><\/span>\n\t\t\t\t<\/span>\n\t\t\t<\/div>\n\n\t\t\tSuper Erfahrung. Top-Empfang. Das Personal ist sehr freundlich und hilfsbereit. Das Material ist wirklich nickelig, ich empfehle es sehr!!!\n\t\t\t<footer>\n\t\t\t\tR.L\n\t\t\t\t\t\t\t\t\t<span>\n\t\t\t\t\t\t2022\t\t\t\t\t<\/span>\n\t\t\t\t\t\t\t<\/footer>\n\t\t<\/div>\n\t<\/div>\n<\/div>\n<div class=\"testimonial  wd-carousel-item\">\n\t<div class=\"testimonial-inner\">\n\t\t\t\t\t<div class=\"testimonial-avatar\">\n\t\t\t\t<img loading=\"lazy\" decoding=\"async\" width=\"100\" height=\"100\" src=\"https:\/\/chezsmoke.ch\/wp-content\/uploads\/2020\/08\/avis-chez-smoke-copie-100x100.jpg\" class=\"testimonial-avatar-image\" alt=\"\" \/>\t\t\t<\/div>\n\t\t\n\t\t<div class=\"testimonial-content\">\n\t\t\t<div class=\"testimonial-rating\">\n\t\t\t\t<span class=\"star-rating\">\n\t\t\t\t\t<span style=\"width:100%\"><\/span>\n\t\t\t\t<\/span>\n\t\t\t<\/div>\n<div class=\"jxjCjc\">\n<div>\n<div class=\"Jtu6Td\">\n<p>Sehr gute Kenntnisse \u00fcber seine Produkte. Guter und herzlicher Empfang.<\/p>\n<\/div>\n<\/div>\n<\/div>\n<p>\n\t\t\t<footer>\n\t\t\t\tE.T\n\t\t\t\t\t\t\t\t\t<span>\n\t\t\t\t\t\t2022\t\t\t\t\t<\/span>\n\t\t\t\t\t\t\t<\/footer>\n\t\t<\/div>\n\t<\/div>\n<\/div>\n<div class=\"testimonial  wd-carousel-item\">\n\t<div class=\"testimonial-inner\">\n\t\t\t\t\t<div class=\"testimonial-avatar\">\n\t\t\t\t<img loading=\"lazy\" decoding=\"async\" width=\"100\" height=\"100\" src=\"https:\/\/chezsmoke.ch\/wp-content\/uploads\/2020\/08\/avis-chez-smoke-copie-100x100.jpg\" class=\"testimonial-avatar-image\" alt=\"\" \/>\t\t\t<\/div>\n\t\t\n\t\t<div class=\"testimonial-content\">\n\t\t\t<div class=\"testimonial-rating\">\n\t\t\t\t<span class=\"star-rating\">\n\t\t\t\t\t<span style=\"width:100%\"><\/span>\n\t\t\t\t<\/span>\n\t\t\t<\/div>\n<div class=\"jxjCjc\">\n<div>\n<div class=\"Jtu6Td\">\n<p>Toller Ort , riesige Auswahl , wirklich faire Preise und vor allem ein sehr freundlicher Verk\u00e4ufer , ich werde hier f\u00fcr meine zuk\u00fcnftigen Eink\u00e4ufe wiederkommen!<\/p>\n<\/div>\n<\/div>\n<\/div>\n<p>\n\t\t\t<footer>\n\t\t\t\tR.C\n\t\t\t\t\t\t\t\t\t<span>\n\t\t\t\t\t\t2022\t\t\t\t\t<\/span>\n\t\t\t\t\t\t\t<\/footer>\n\t\t<\/div>\n\t<\/div>\n<\/div>\n<div class=\"testimonial  wd-carousel-item\">\n\t<div class=\"testimonial-inner\">\n\t\t\t\t\t<div class=\"testimonial-avatar\">\n\t\t\t\t<img loading=\"lazy\" decoding=\"async\" width=\"100\" height=\"100\" src=\"https:\/\/chezsmoke.ch\/wp-content\/uploads\/2020\/08\/avis-chez-smoke-copie-100x100.jpg\" class=\"testimonial-avatar-image\" alt=\"\" \/>\t\t\t<\/div>\n\t\t\n\t\t<div class=\"testimonial-content\">\n\t\t\t<div class=\"testimonial-rating\">\n\t\t\t\t<span class=\"star-rating\">\n\t\t\t\t\t<span style=\"width:100%\"><\/span>\n\t\t\t\t<\/span>\n\t\t\t<\/div>\n<div class=\"jxjCjc\">\n<div>\n<div class=\"Jtu6Td\">\n<p>Das erste Mal, dass ich bez\u00fcglich der elektronischen Zigarette so gut beraten wurde! Super Manager und super Laden, kann ich nur empfehlen.<\/p>\n<\/div>\n<\/div>\n<\/div>\n<p>\n\t\t\t<footer>\n\t\t\t\tJ.M\n\t\t\t\t\t\t\t\t\t<span>\n\t\t\t\t\t\t2022\t\t\t\t\t<\/span>\n\t\t\t\t\t\t\t<\/footer>\n\t\t<\/div>\n\t<\/div>\n<\/div>\n\t\t\t\t\t\t\t\t\t\t\t<\/div>\n\t\t\t\t\t\t\t\t\t<\/div>\n\n\t\t\t\t\t\t\t\t\t\n\t\t\t\t\t<\/div>\n\n\t\t\t\t\t\t\t<div class=\"wd-nav-pagin-wrap text-center wd-style-shape wd-hide-md-sm wd-hide-sm\">\n\t\t\t<ul class=\"wd-nav-pagin\"><\/ul>\n\t\t<\/div>\n\t\t\t\t\t\t\t\t\t\t\t\t\t\t<\/div>\n\t\t[\/vc_column][\/vc_row][vc_row][vc_column width=&#8220;1\/3&#8243;][vc_single_image image=&#8220;134874&#8243; img_size=&#8220;400&#215;300&#8243; alignment=&#8220;center&#8220; woodmart_inline=&#8220;no&#8220; parallax_scroll=&#8220;no&#8220;][\/vc_column][vc_column width=&#8220;1\/3&#8243;][vc_single_image image=&#8220;134883&#8243; img_size=&#8220;400&#215;300&#8243; alignment=&#8220;center&#8220; woodmart_inline=&#8220;no&#8220; parallax_scroll=&#8220;no&#8220;][\/vc_column][vc_column width=&#8220;1\/3&#8243;][vc_single_image image=&#8220;134876&#8243; img_size=&#8220;400&#215;300&#8243; alignment=&#8220;center&#8220; woodmart_inline=&#8220;no&#8220; parallax_scroll=&#8220;no&#8220;][\/vc_column][\/vc_row]<\/p>\n<\/div>","protected":false},"excerpt":{"rendered":"<p>[vc_row content_placement=&#8220;middle&#8220; mobile_bg_img_hidden=&#8220;no&#8220; tablet_bg_img_hidden=&#8220;no&#8220; woodmart_parallax=&#8220;0&#8243; woodmart_gradient_switch=&#8220;no&#8220; row_reverse_mobile=&#8220;0&#8243; row_reverse_tablet=&#8220;0&#8243; woodmart_disable_overflow=&#8220;0&#8243; css=&#8220;.vc_custom_1599899727583{margin-top: 50px !important;margin-bottom: 50px !important;}&#8220;][vc_column width=&#8220;5\/6&#8243;][vc_custom_heading text=&#8220;Biel\/Bienne&#8220; font_container=&#8220;tag:h5|font_size:48|text_align:left|color:%23f8ab10&#8243; use_theme_fonts=&#8220;yes&#8220; css=&#8220;.vc_custom_1651836886148{margin-bottom: 10px<\/p>\n","protected":false},"author":3128,"featured_media":0,"parent":0,"menu_order":0,"comment_status":"closed","ping_status":"closed","template":"","meta":{"_acf_changed":false,"footnotes":""},"class_list":["post-121653","page","type-page","status-publish","hentry"],"acf":[],"_links":{"self":[{"href":"https:\/\/chezsmoke.ch\/de\/wp-json\/wp\/v2\/pages\/121653","targetHints":{"allow":["GET"]}}],"collection":[{"href":"https:\/\/chezsmoke.ch\/de\/wp-json\/wp\/v2\/pages"}],"about":[{"href":"https:\/\/chezsmoke.ch\/de\/wp-json\/wp\/v2\/types\/page"}],"author":[{"embeddable":true,"href":"https:\/\/chezsmoke.ch\/de\/wp-json\/wp\/v2\/users\/3128"}],"replies":[{"embeddable":true,"href":"https:\/\/chezsmoke.ch\/de\/wp-json\/wp\/v2\/comments?post=121653"}],"version-history":[{"count":14,"href":"https:\/\/chezsmoke.ch\/de\/wp-json\/wp\/v2\/pages\/121653\/revisions"}],"predecessor-version":[{"id":163327,"href":"https:\/\/chezsmoke.ch\/de\/wp-json\/wp\/v2\/pages\/121653\/revisions\/163327"}],"wp:attachment":[{"href":"https:\/\/chezsmoke.ch\/de\/wp-json\/wp\/v2\/media?parent=121653"}],"curies":[{"name":"wp","href":"https:\/\/api.w.org\/{rel}","templated":true}]}}