{"id":121659,"date":"2020-08-29T11:44:58","date_gmt":"2020-08-29T09:44:58","guid":{"rendered":"https:\/\/chezsmoke.ch\/vorteile-chez-smoke\/"},"modified":"2024-12-03T13:59:06","modified_gmt":"2024-12-03T12:59:06","slug":"vorteile-chez-smoke","status":"publish","type":"page","link":"https:\/\/chezsmoke.ch\/de\/vorteile-chez-smoke\/","title":{"rendered":"Vorteile Chez Smoke"},"content":{"rendered":"<div class=\"wpb-content-wrapper\"><p>[vc_row full_width=&#8220;stretch_row&#8220; parallax=&#8220;content-moving&#8220; parallax_image=&#8220;7242&#8243; mobile_bg_img_hidden=&#8220;no&#8220; tablet_bg_img_hidden=&#8220;no&#8220; woodmart_parallax=&#8220;0&#8243; woodmart_gradient_switch=&#8220;no&#8220; row_reverse_mobile=&#8220;0&#8243; row_reverse_tablet=&#8220;0&#8243; woodmart_disable_overflow=&#8220;0&#8243; css=&#8220;.vc_custom_1596637885247{margin-top: -110px !important;}&#8220;][vc_column][vc_empty_space height=&#8220;120px&#8220; woodmart_hide_large=&#8220;0&#8243; woodmart_hide_medium=&#8220;0&#8243; woodmart_hide_small=&#8220;0&#8243; woodmart_hide_extra_small=&#8220;0&#8243;]\n\t\t<div id=\"wd-62753109298a6\" class=\"title-wrapper wd-wpb wd-set-mb reset-last-child  wd-rs-62753109298a6 wd-title-color-default wd-title-style-default text-left  wd-underline-colored\">\n\t\t\t\t\t\t\t\n\t\t\t\t<div class=\"title-subtitle  subtitle-color-default font-default subtitle-style-default wd-font-weight- wd-fontsize-xs\">-<\/div>\n\t\t\t\n\t\t\t<div class=\"liner-continer\">\n\t\t\t\t<h1 class=\"woodmart-title-container title  wd-font-weight- wd-fontsize-l\" >Unsere Vorteile Chez Smoke bei Neuch\u00e2tel, Payerne, Delsberg, Biel und in unserem Online-Shop.<\/h1>\n\t\t\t\t\t\t\t<\/div>\n\t\t\t\n\t\t\t\n\t\t\t\n\t\t<\/div>\n\t\t\n\t\t[vc_empty_space height=&#8220;80px&#8220; woodmart_hide_large=&#8220;0&#8243; woodmart_hide_medium=&#8220;0&#8243; woodmart_hide_small=&#8220;0&#8243; woodmart_hide_extra_small=&#8220;0&#8243;][\/vc_column][\/vc_row][vc_row el_id=&#8220;Treue&#8220; mobile_bg_img_hidden=&#8220;no&#8220; tablet_bg_img_hidden=&#8220;no&#8220; woodmart_parallax=&#8220;0&#8243; woodmart_gradient_switch=&#8220;no&#8220; row_reverse_mobile=&#8220;0&#8243; row_reverse_tablet=&#8220;0&#8243; woodmart_disable_overflow=&#8220;0&#8243;][vc_column][\/vc_column][\/vc_row][vc_row mobile_bg_img_hidden=&#8220;no&#8220; tablet_bg_img_hidden=&#8220;no&#8220; woodmart_parallax=&#8220;0&#8243; woodmart_gradient_switch=&#8220;no&#8220; row_reverse_mobile=&#8220;0&#8243; row_reverse_tablet=&#8220;0&#8243; woodmart_disable_overflow=&#8220;0&#8243;][vc_column width=&#8220;1\/6&#8243;][vc_single_image image=&#8220;163333&#8243; img_size=&#8220;full&#8220; parallax_scroll=&#8220;no&#8220;][\/vc_column][vc_column width=&#8220;5\/6&#8243;]\n\t\t<div id=\"wd-5f4a236e7b5f9\" class=\"title-wrapper wd-wpb wd-set-mb reset-last-child  wd-rs-5f4a236e7b5f9 wd-title-color-default wd-title-style-default text-left  wd-underline-colored\">\n\t\t\t\t\t\t\t\n\t\t\t\t<div class=\"title-subtitle  subtitle-color-default font-default subtitle-style-default wd-font-weight- wd-fontsize-xs\">CHEZ SMOKE<\/div>\n\t\t\t\n\t\t\t<div class=\"liner-continer\">\n\t\t\t\t<h1 class=\"woodmart-title-container title  wd-font-weight- wd-fontsize-l\" >Treue<\/h1>\n\t\t\t\t\t\t\t<\/div>\n\t\t\t\n\t\t\t\t\t\t\t<div class=\"title-after_title reset-last-child  wd-fontsize-xs\">Um Ihnen f\u00fcr Ihre Treue zu danken, haben wir ein einfaches und attraktives Programm eingerichtet, das bei Ihrer ersten Bestellung als Mitglied beginnt Chez Smoke.<\/div>\n\t\t\t\n\t\t\t\n\t\t<\/div>\n\t\t\n\t\t[vc_column_text text_larger=&#8220;no&#8220; woodmart_inline=&#8220;no&#8220;]<\/p>\n<h3 class=\"p1\" style=\"font-size: 30px;\"><b>Gold-Mitglied :<\/b><\/h3>\n<p>Bei Ihrer Anmeldung erhalten Sie auf Ihrem Konto Chez Smoke einen Gutschein \u00fcber 10% Rabatt f\u00fcr einen n\u00e4chsten Einkauf, der 3 Monate g\u00fcltig ist. Zu Ihrem Geburtstag erhalten Sie per E-Mail einen Geschenkgutschein \u00fcber 20% Rabatt f\u00fcr Ihren n\u00e4chsten Einkauf, der 1 Monat g\u00fcltig ist. Sie erhalten automatisch 5% Rabatt auf alle zuk\u00fcnftigen Eink\u00e4ufe, da Sie durch Ihre Eink\u00e4ufe Treuepunkte sammeln, die 12 Monate g\u00fcltig sind und in Gutscheine umgewandelt werden k\u00f6nnen. Diese Gutscheine k\u00f6nnen in unseren physischen und Online-Gesch\u00e4ften eingel\u00f6st werden. F\u00fcr 100 ausgegebene CHF erhalten Sie 5 CHF in Form eines Gutscheins.<\/p>\n<h3 class=\"p1\" style=\"font-size: 30px;\"><b>Platinum-Mitglied :<\/b><\/h3>\n<p>An Ihrem Geburtstag erhalten Sie per E-Mail einen Geschenkgutschein \u00fcber 20% Rabatt f\u00fcr Ihren n\u00e4chsten Einkauf, der einen Monat lang g\u00fcltig ist. Ab CHF 3000, die Sie in den letzten 12 Monaten ausgegeben haben, erhalten Sie den Platinum-Status. Sie erhalten automatisch 10% Rabatt auf alle zuk\u00fcnftigen Eink\u00e4ufe, da Sie durch Ihre Eink\u00e4ufe Treuepunkte sammeln, die 12 Monate lang g\u00fcltig sind und in Gutscheine umgewandelt werden k\u00f6nnen. Diese Gutscheine k\u00f6nnen in unseren physischen und Online-Gesch\u00e4ften eingel\u00f6st werden. F\u00fcr 100 CHF, die Sie ausgeben, erhalten Sie 10 CHF als Einkaufsgutschein.[\/vc_column_text][vc_separator]\n\t\t<div id=\"wd-5f4cf73a187a3\" class=\"title-wrapper wd-wpb wd-set-mb reset-last-child  wd-rs-5f4cf73a187a3 wd-title-color-default wd-title-style-default text-left  wd-underline-colored\">\n\t\t\t\t\t\t\t\n\t\t\t\t<div class=\"title-subtitle  subtitle-color-default font-default subtitle-style-default wd-font-weight- wd-fontsize-xs\">CHEZ SMOKE<\/div>\n\t\t\t\n\t\t\t<div class=\"liner-continer\">\n\t\t\t\t<h1 class=\"woodmart-title-container title  wd-font-weight- wd-fontsize-l\" >Sponsoring<\/h1>\n\t\t\t\t\t\t\t<\/div>\n\t\t\t\n\t\t\t\t\t\t\t<div class=\"title-after_title reset-last-child  wd-fontsize-xs\">Gefallen Ihnen unsere Produkte und Dienstleistungen? Werben Sie einen Ihrer Bekannten und erhalten Sie einen Rabattgutschein \u00fcber 10%, der 3 Monate lang f\u00fcr eine n\u00e4chste Bestellung g\u00fcltig ist (nicht mit anderen Angeboten kombinierbar).<\/div>\n\t\t\t\n\t\t\t\n\t\t<\/div>\n\t\t\n\t\t[vc_column_text text_larger=&#8220;no&#8220;]<\/p>\n<p class=\"p1\">Ihr\/e Patenkind\/er erh\u00e4lt im Gegenzug<span class=\"Apple-converted-space\">  <\/span>einen Gutschein f\u00fcr einen Rabatt von 10%, der f\u00fcr die erste Bestellung als Gast gilt und 3 Monate lang g\u00fcltig ist.<\/p>\n<p class=\"p1\">Und wenn Ihr Patenkind sich auch anmeldet, kann es diesen Gutschein mit dem 10%-Rabattgutschein f\u00fcr Neuanmeldungen kombinieren und bei zwei verschiedenen Bestellungen einl\u00f6sen!<\/p>\n<p>[\/vc_column_text][\/vc_column][\/vc_row][vc_row full_width=&#8220;stretch_row_content_no_spaces&#8220; mobile_bg_img_hidden=&#8220;no&#8220; tablet_bg_img_hidden=&#8220;no&#8220; woodmart_parallax=&#8220;0&#8243; woodmart_gradient_switch=&#8220;no&#8220; row_reverse_mobile=&#8220;0&#8243; row_reverse_tablet=&#8220;0&#8243; woodmart_disable_overflow=&#8220;0&#8243; el_id=&#8220;Recycling&#8220;][vc_column]\t\t\t<div id=\"wd-5f4a308640353\" class=\"wd-row-divider wd-5f4a308640353 dvr-position-bottom dvr-style-half-circle\">\n\t\t\t\t<svg xmlns=\"http:\/\/www.w3.org\/2000\/svg\" version=\"1.1\" width=\"100%\" height=\"50px\" viewBox=\"0 347 612 100\" preserveAspectRatio=\"none\">\n\t<path d=\"M0,447V347c244.8,100,367.2,100,612,0v100H0z\"\/>\n<\/svg>\n\t\t\t\t\t\t\t<\/div>\n\t\t[\/vc_column][\/vc_row][vc_row full_width=&#8220;stretch_row&#8220; mobile_bg_img_hidden=&#8220;no&#8220; tablet_bg_img_hidden=&#8220;no&#8220; woodmart_parallax=&#8220;0&#8243; woodmart_gradient_switch=&#8220;no&#8220; row_reverse_mobile=&#8220;0&#8243; row_reverse_tablet=&#8220;0&#8243; woodmart_disable_overflow=&#8220;0&#8243; css=&#8220;.vc_custom_1598697711951{margin-bottom: 0px !important;background-color: #e8e8e8 !important;}&#8220;][vc_column width=&#8220;1\/6&#8243;][vc_single_image image=&#8220;163247&#8243; img_size=&#8220;full&#8220; parallax_scroll=&#8220;no&#8220;][\/vc_column][vc_column width=&#8220;5\/6&#8243;][vc_empty_space woodmart_hide_large=&#8220;0&#8243; woodmart_hide_medium=&#8220;0&#8243; woodmart_hide_small=&#8220;0&#8243; woodmart_hide_extra_small=&#8220;0&#8243;]\n\t\t<div id=\"wd-5f4a2ea9b8110\" class=\"title-wrapper wd-wpb wd-set-mb reset-last-child  wd-rs-5f4a2ea9b8110 wd-title-color-default wd-title-style-default text-left  wd-underline-colored\">\n\t\t\t\t\t\t\t\n\t\t\t\t<div class=\"title-subtitle  subtitle-color-default font-default subtitle-style-default wd-font-weight- wd-fontsize-xs\">CHEZ SMOKE<\/div>\n\t\t\t\n\t\t\t<div class=\"liner-continer\">\n\t\t\t\t<h1 class=\"woodmart-title-container title  wd-font-weight- wd-fontsize-l\" >Verantwortliche Abfallentsorgung<\/h1>\n\t\t\t\t\t\t\t<\/div>\n\t\t\t\n\t\t\t\t\t\t\t<div class=\"title-after_title reset-last-child  wd-fontsize-xs\">Im Chez Smoke sind wir uns unserer Auswirkungen auf die Umwelt bewusst.<\/div>\n\t\t\t\n\t\t\t\n\t\t<\/div>\n\t\t\n\t\t[vc_column_text text_larger=&#8220;no&#8220;]<\/p>\n<p class=\"p1\">Wir laden Sie ein, die in unseren Gesch\u00e4ften gekauften Artikel ohne Verlegenheit loszuwerden, indem Sie sie uns zur\u00fcckbringen oder zur\u00fcckschicken, und wir k\u00fcmmern uns um die sichere und verantwortungsvolle Entsorgung.<\/p>\n<p class=\"p1\">Wir haben 3 Partner identifiziert, die unseren Abfall entsorgen oder recyceln\/aufwerten:<\/p>\n<p class=\"p1\"><strong>Einwegkapseln und nikotinhaltige Fl\u00fcssigkeiten werden von einem Spezialunternehmen verbrannt.<\/strong><\/p>\n<p class=\"p1\"><strong>PET-Flaschen und Ersatzteile werden zur Wiederverwertung zur M\u00fcllabfuhr gebracht.<\/strong><\/p>\n<p class=\"p1\"><strong>Die elektronischen Zigaretten werden von einer Organisation zerlegt und ihre Bestandteile f\u00fcr das Recycling\/die Wiederverwertung sortiert.<\/strong><\/p>\n<p>[\/vc_column_text][vc_empty_space woodmart_hide_large=&#8220;0&#8243; woodmart_hide_medium=&#8220;0&#8243; woodmart_hide_small=&#8220;0&#8243; woodmart_hide_extra_small=&#8220;0&#8243;][\/vc_column][\/vc_row][vc_row full_width=&#8220;stretch_row_content_no_spaces&#8220; mobile_bg_img_hidden=&#8220;no&#8220; tablet_bg_img_hidden=&#8220;no&#8220; woodmart_parallax=&#8220;0&#8243; woodmart_gradient_switch=&#8220;no&#8220; row_reverse_mobile=&#8220;0&#8243; row_reverse_tablet=&#8220;0&#8243; woodmart_disable_overflow=&#8220;0&#8243; el_id=&#8220;collect&#8220; css=&#8220;.vc_custom_1598697680633{margin-top: -37px !important;}&#8220;][vc_column css=&#8220;.vc_custom_1598697742644{margin-top: -37px !important;}&#8220; mobile_bg_img_hidden=&#8220;no&#8220; tablet_bg_img_hidden=&#8220;no&#8220; woodmart_parallax=&#8220;0&#8243; woodmart_sticky_column=&#8220;false&#8220; parallax_scroll=&#8220;no&#8220; mobile_reset_margin=&#8220;no&#8220; tablet_reset_margin=&#8220;no&#8220;]\t\t\t<div id=\"wd-5f4a3132b2fb7\" class=\"wd-row-divider wd-5f4a3132b2fb7 dvr-position-top dvr-style-half-circle\">\n\t\t\t\t<svg xmlns=\"http:\/\/www.w3.org\/2000\/svg\" version=\"1.1\" width=\"100%\" height=\"50px\" viewBox=\"0 347 612 100\" preserveAspectRatio=\"none\">\n\t<path d=\"M0,347v100c244.8-100,367.2-100,612,0V347H0z\"\/>\n<\/svg>\n\t\t\t\t\t\t\t<\/div>\n\t\t[\/vc_column][\/vc_row][vc_row mobile_bg_img_hidden=&#8220;no&#8220; tablet_bg_img_hidden=&#8220;no&#8220; woodmart_parallax=&#8220;0&#8243; woodmart_gradient_switch=&#8220;no&#8220; row_reverse_mobile=&#8220;0&#8243; row_reverse_tablet=&#8220;0&#8243; woodmart_disable_overflow=&#8220;0&#8243;][vc_column width=&#8220;1\/6&#8243;][vc_single_image image=&#8220;350208&#8243; img_size=&#8220;full&#8220; parallax_scroll=&#8220;no&#8220;][\/vc_column][vc_column width=&#8220;5\/6&#8243;]\n\t\t<div id=\"wd-6234a3d3525e3\" class=\"title-wrapper wd-wpb wd-set-mb reset-last-child  wd-rs-6234a3d3525e3 wd-title-color-default wd-title-style-default text-left  wd-underline-colored\">\n\t\t\t\t\t\t\t\n\t\t\t\t<div class=\"title-subtitle  subtitle-color-default font-default subtitle-style-default wd-font-weight- wd-fontsize-xs\">CHEZ SMOKE<\/div>\n\t\t\t\n\t\t\t<div class=\"liner-continer\">\n\t\t\t\t<h1 class=\"woodmart-title-container title  wd-font-weight- wd-fontsize-l\" >Click &amp; Collect Neuch\u00e2tel<\/h1>\n\t\t\t\t\t\t\t<\/div>\n\t\t\t\n\t\t\t\t\t\t\t<div class=\"title-after_title reset-last-child  wd-fontsize-xs\">Sie m\u00f6chten Ihre Produkte reservieren und in der Boutique in Neuch\u00e2tel abholen und dabei die Wartezeiten zu den Hauptgesch\u00e4ftszeiten vermeiden?<\/div>\n\t\t\t\n\t\t\t\n\t\t<\/div>\n\t\t\n\t\t[vc_column_text text_larger=&#8220;no&#8220;]<\/p>\n<p class=\"p1\">Nutzen Sie unseren neuen Click &amp; Collect-Service, der in unserem Online-Shop verf\u00fcgbar ist. Das Prinzip ist das gleiche wie bei einer Lieferung nach Hause.<\/p>\n<p class=\"p1\">Sie m\u00fcssen nur bei der Auswahl des Lieferorts die Option Click &amp; Collect ausw\u00e4hlen.<br \/>\nSie werden per E-Mail benachrichtigt, sobald Ihre Bestellung zur Abholung bereitsteht. <\/p>\n<p>[\/vc_column_text][vc_empty_space height=&#8220;100px&#8220; woodmart_hide_large=&#8220;0&#8243; woodmart_hide_medium=&#8220;0&#8243; woodmart_hide_small=&#8220;0&#8243; woodmart_hide_extra_small=&#8220;0&#8243;][\/vc_column][\/vc_row][vc_row][vc_column offset=&#8220;vc_hidden-xs&#8220; mobile_bg_img_hidden=&#8220;no&#8220; tablet_bg_img_hidden=&#8220;no&#8220; woodmart_parallax=&#8220;0&#8243; woodmart_sticky_column=&#8220;false&#8220; parallax_scroll=&#8220;no&#8220; mobile_reset_margin=&#8220;no&#8220; tablet_reset_margin=&#8220;no&#8220;][vc_single_image image=&#8220;163244&#8243; img_size=&#8220;full&#8220; onclick=&#8220;custom_link&#8220; css_animation=&#8220;wd-slide-from-right&#8220; parallax_scroll=&#8220;no&#8220; el_class=&#8220;button-always-on-screen-a&#8220; link=&#8220;#fidelite&#8220;][vc_single_image image=&#8220;163245&#8243; img_size=&#8220;full&#8220; onclick=&#8220;custom_link&#8220; css_animation=&#8220;wd-slide-from-right&#8220; parallax_scroll=&#8220;no&#8220; el_class=&#8220;button-always-on-screen-b&#8220; link=&#8220;#recyclage&#8220;][vc_single_image image=&#8220;163246&#8243; img_size=&#8220;full&#8220; onclick=&#8220;custom_link&#8220; css_animation=&#8220;wd-slide-from-right&#8220; parallax_scroll=&#8220;no&#8220; el_class=&#8220;button-always-on-screen-c&#8220; link=&#8220;#collect&#8220;][\/vc_column][\/vc_row][vc_row][vc_column offset=&#8220;vc_hidden-lg vc_hidden-md vc_hidden-sm&#8220; mobile_bg_img_hidden=&#8220;no&#8220; tablet_bg_img_hidden=&#8220;no&#8220; woodmart_parallax=&#8220;0&#8243; woodmart_sticky_column=&#8220;false&#8220; parallax_scroll=&#8220;no&#8220; mobile_reset_margin=&#8220;no&#8220; tablet_reset_margin=&#8220;no&#8220;][vc_single_image image=&#8220;163244&#8243; img_size=&#8220;full&#8220; onclick=&#8220;custom_link&#8220; css_animation=&#8220;wd-slide-from-right&#8220; parallax_scroll=&#8220;no&#8220; el_class=&#8220;button-always-on-screen-m-a&#8220; link=&#8220;#fidelite&#8220;][vc_single_image image=&#8220;163245&#8243; img_size=&#8220;full&#8220; onclick=&#8220;custom_link&#8220; css_animation=&#8220;wd-slide-from-right&#8220; parallax_scroll=&#8220;no&#8220; el_class=&#8220;button-always-on-screen-m-b&#8220; link=&#8220;#recyclage&#8220;][vc_single_image image=&#8220;163246&#8243; img_size=&#8220;full&#8220; onclick=&#8220;custom_link&#8220; css_animation=&#8220;wd-slide-from-right&#8220; parallax_scroll=&#8220;no&#8220; el_class=&#8220;button-always-on-screen-m-c&#8220; link=&#8220;#collect&#8220;][\/vc_column][\/vc_row]<\/p>\n<\/div>","protected":false},"excerpt":{"rendered":"<p>[vc_row full_width=&#8220;stretch_row&#8220; parallax=&#8220;content-moving&#8220; parallax_image=&#8220;7242&#8243; mobile_bg_img_hidden=&#8220;no&#8220; tablet_bg_img_hidden=&#8220;no&#8220; woodmart_parallax=&#8220;0&#8243; woodmart_gradient_switch=&#8220;no&#8220; row_reverse_mobile=&#8220;0&#8243; row_reverse_tablet=&#8220;0&#8243; woodmart_disable_overflow=&#8220;0&#8243; css=&#8220;.vc_custom_1596637885247{margin-top: -110px !important;}&#8220;][vc_column][vc_empty_space height=&#8220;120px&#8220; woodmart_hide_large=&#8220;0&#8243; woodmart_hide_medium=&#8220;0&#8243; woodmart_hide_small=&#8220;0&#8243; woodmart_hide_extra_small=&#8220;0&#8243;][vc_empty_space height=&#8220;80px&#8220;<\/p>\n","protected":false},"author":1924,"featured_media":0,"parent":0,"menu_order":0,"comment_status":"closed","ping_status":"closed","template":"","meta":{"_acf_changed":false,"footnotes":""},"class_list":["post-121659","page","type-page","status-publish","hentry"],"acf":[],"_links":{"self":[{"href":"https:\/\/chezsmoke.ch\/de\/wp-json\/wp\/v2\/pages\/121659","targetHints":{"allow":["GET"]}}],"collection":[{"href":"https:\/\/chezsmoke.ch\/de\/wp-json\/wp\/v2\/pages"}],"about":[{"href":"https:\/\/chezsmoke.ch\/de\/wp-json\/wp\/v2\/types\/page"}],"author":[{"embeddable":true,"href":"https:\/\/chezsmoke.ch\/de\/wp-json\/wp\/v2\/users\/1924"}],"replies":[{"embeddable":true,"href":"https:\/\/chezsmoke.ch\/de\/wp-json\/wp\/v2\/comments?post=121659"}],"version-history":[{"count":18,"href":"https:\/\/chezsmoke.ch\/de\/wp-json\/wp\/v2\/pages\/121659\/revisions"}],"predecessor-version":[{"id":356886,"href":"https:\/\/chezsmoke.ch\/de\/wp-json\/wp\/v2\/pages\/121659\/revisions\/356886"}],"wp:attachment":[{"href":"https:\/\/chezsmoke.ch\/de\/wp-json\/wp\/v2\/media?parent=121659"}],"curies":[{"name":"wp","href":"https:\/\/api.w.org\/{rel}","templated":true}]}}