{"id":121669,"date":"2017-07-13T06:58:00","date_gmt":"2017-07-13T04:58:00","guid":{"rendered":"https:\/\/chezsmoke.ch\/ueber-chez-smoke\/"},"modified":"2025-09-10T13:48:14","modified_gmt":"2025-09-10T11:48:14","slug":"ueber-chez-smoke","status":"publish","type":"page","link":"https:\/\/chezsmoke.ch\/de\/ueber-chez-smoke\/","title":{"rendered":"\u00dcber Chez Smoke"},"content":{"rendered":"<div class=\"wpb-content-wrapper\"><p>[vc_row css=&#8220;.vc_custom_1499600383384{margin-bottom: 8vh !important;}&#8220;][vc_column offset=&#8220;vc_col-lg-offset-2 vc_col-lg-8 vc_col-md-offset-2 vc_col-md-8 vc_col-sm-offset-0&#8243; css=&#8220;.vc_custom_1499599304156{padding-top: 0px !important;}&#8220;][vc_empty_space height=&#8220;50px&#8220; woodmart_hide_large=&#8220;0&#8243; woodmart_hide_medium=&#8220;0&#8243; woodmart_hide_small=&#8220;0&#8243; woodmart_hide_extra_small=&#8220;0&#8243;]\n\t\t<div id=\"wd-5f2e40d45635f\" class=\"title-wrapper wd-wpb wd-set-mb reset-last-child  wd-rs-5f2e40d45635f wd-title-color-default wd-title-style-default text-left vc_custom_1596866776701 wd-underline-colored\">\n\t\t\t\n\t\t\t<div class=\"liner-continer\">\n\t\t\t\t<h4 class=\"woodmart-title-container title  wd-font-weight- wd-fontsize-xxxl\" >WER SIND WIR?<\/h4>\n\t\t\t\t\t\t\t<\/div>\n\t\t\t\n\t\t\t\n\t\t\t\n\t\t<\/div>\n\t\t\n\t\t[vc_custom_heading text=&#8220;Als Pionier in der franz\u00f6sischen Schweiz hat unser Team Chez Smoke seit 2013 mehreren tausend Rauchern erfolgreich den Umstieg auf die elektronische Zigarette erm\u00f6glicht.&#8220; font_container=&#8220;tag:p|font_size:22|text_align:left|color:%238e8e8e&#8220; google_fonts=&#8220;font_family:Lato%3A100%2C100italic%2C300%2C300italic%2Cregular%2Citalic%2C700%2C700italic%2C900%2C900italic|font_style:300%20light%20italic%3A300%3Aitalic&#8220;][vc_empty_space height=&#8220;18px&#8220; woodmart_hide_large=&#8220;0&#8243; woodmart_hide_medium=&#8220;0&#8243; woodmart_hide_small=&#8220;0&#8243; woodmart_hide_extra_small=&#8220;0&#8243;][vc_row_inner][vc_column_inner width=&#8220;1\/2&#8243; css=&#8220;.vc_custom_1494857398526{padding-top: 0px !important;}&#8220;][vc_column_text css=&#8220;.vc_custom_1692178219569{margin-bottom: 20px !important;}&#8220; text_larger=&#8220;no&#8220; woodmart_inline=&#8220;no&#8220;]Diesen Erfolg verdanken wir den Fachwissen, das wir im Laufe der Jahre aufgebaut haben, und unserem leidenschaftlichen Engagement, mit dem wir stets das Beste f\u00fcr unsere Kunden anstreben.<\/p>\n<p>Aber es ist vor allem Ihnen zu verdanken!<\/p>\n<p>Deshalb legen wir besonderen Wert darauf, Ihnen in unseren Gesch\u00e4ften pers\u00f6nliche Beratung, Coaching und Betreuung zu bieten. Z\u00f6gern Sie nicht, uns dort auf einen kleinen Kaffee zu besuchen![\/vc_column_text][\/vc_column_inner][vc_column_inner width=&#8220;1\/2&#8243; css=&#8220;.vc_custom_1494857394949{padding-top: 0px !important;}&#8220;][vc_column_text css=&#8220;.vc_custom_1757504859077{margin-bottom: 20px !important;}&#8220; text_larger=&#8220;no&#8220; woodmart_inline=&#8220;no&#8220;]Diesen pers\u00f6nlichen Service m\u00f6chten wir Ihnen auch in unserem Onlineshop anbieten (minus Kaffee ^^). Z\u00f6gern Sie also nicht, uns zu kontaktieren. Wir w\u00fcrden uns freuen, Sie unterst\u00fctzen zu k\u00f6nnen.<\/p>\n<p>Ihr Team bei Chez Smoke,<\/p>\n<p>C\u00e9cile, Diego, Edward, Florian, Glenn, Ludivine, Justine und Marc<\/p>\n<p>Nicht zu vergessen unsere treuen Begleiter Lewis und Oslo.[\/vc_column_text][\/vc_column_inner][\/vc_row_inner][vc_separator color=&#8220;custom&#8220; css=&#8220;.vc_custom_1499600318751{margin-bottom: 30px !important;padding-top: 10px !important;}&#8220; accent_color=&#8220;rgba(10,10,10,0.12)&#8220;][vc_row_inner][vc_column_inner width=&#8220;1\/3&#8243; offset=&#8220;vc_hidden-xs&#8220;][vc_single_image image=&#8220;162570&#8243; img_size=&#8220;full&#8220; parallax_scroll=&#8220;no&#8220;][\/vc_column_inner][vc_column_inner width=&#8220;1\/3&#8243; offset=&#8220;vc_hidden-xs&#8220;][vc_single_image image=&#8220;108521&#8243; img_size=&#8220;full&#8220; parallax_scroll=&#8220;no&#8220; woodmart_inline=&#8220;no&#8220;][\/vc_column_inner][vc_column_inner width=&#8220;1\/3&#8243; offset=&#8220;vc_hidden-xs&#8220;][vc_single_image image=&#8220;108509&#8243; img_size=&#8220;full&#8220; parallax_scroll=&#8220;no&#8220; woodmart_inline=&#8220;no&#8220;][\/vc_column_inner][\/vc_row_inner][vc_row_inner][vc_column_inner width=&#8220;1\/3&#8243; offset=&#8220;vc_hidden-xs&#8220;][vc_single_image image=&#8220;106319&#8243; img_size=&#8220;full&#8220; parallax_scroll=&#8220;no&#8220; woodmart_inline=&#8220;no&#8220;][\/vc_column_inner][vc_column_inner width=&#8220;1\/3&#8243; offset=&#8220;vc_hidden-xs&#8220;][vc_single_image image=&#8220;162560&#8243; img_size=&#8220;full&#8220; parallax_scroll=&#8220;no&#8220;][\/vc_column_inner][vc_column_inner width=&#8220;1\/3&#8243; offset=&#8220;vc_hidden-xs&#8220;][vc_single_image image=&#8220;125191&#8243; img_size=&#8220;full&#8220; parallax_scroll=&#8220;no&#8220; woodmart_inline=&#8220;no&#8220;][\/vc_column_inner][\/vc_row_inner][vc_row_inner][vc_column_inner width=&#8220;1\/3&#8243; offset=&#8220;vc_hidden-xs&#8220;][vc_single_image image=&#8220;430045&#8243; img_size=&#8220;full&#8220; css=&#8220;&#8220; parallax_scroll=&#8220;no&#8220; woodmart_inline=&#8220;no&#8220;][\/vc_column_inner][vc_column_inner width=&#8220;1\/3&#8243; offset=&#8220;vc_hidden-xs&#8220;][\/vc_column_inner][vc_column_inner width=&#8220;1\/3&#8243; offset=&#8220;vc_hidden-xs&#8220;][vc_single_image image=&#8220;162566&#8243; img_size=&#8220;full&#8220; parallax_scroll=&#8220;no&#8220;][\/vc_column_inner][\/vc_row_inner][vc_row_inner][vc_column_inner width=&#8220;1\/3&#8243; offset=&#8220;vc_hidden-xs&#8220;][vc_single_image image=&#8220;106306&#8243; img_size=&#8220;full&#8220; parallax_scroll=&#8220;no&#8220; woodmart_inline=&#8220;no&#8220;][\/vc_column_inner][vc_column_inner width=&#8220;1\/3&#8243; offset=&#8220;vc_hidden-xs&#8220;][\/vc_column_inner][vc_column_inner width=&#8220;1\/3&#8243; offset=&#8220;vc_hidden-xs&#8220;][vc_single_image image=&#8220;106309&#8243; img_size=&#8220;full&#8220; parallax_scroll=&#8220;no&#8220; woodmart_inline=&#8220;no&#8220;][\/vc_column_inner][\/vc_row_inner][vc_row_inner][vc_column_inner width=&#8220;1\/2&#8243; offset=&#8220;vc_hidden-lg vc_hidden-md vc_hidden-sm vc_col-xs-6&#8243;][vc_single_image image=&#8220;162570&#8243; img_size=&#8220;full&#8220; parallax_scroll=&#8220;no&#8220; woodmart_inline=&#8220;no&#8220;][vc_single_image image=&#8220;108509&#8243; img_size=&#8220;full&#8220; parallax_scroll=&#8220;no&#8220; woodmart_inline=&#8220;no&#8220;][vc_single_image image=&#8220;162560&#8243; img_size=&#8220;full&#8220; parallax_scroll=&#8220;no&#8220;][vc_single_image image=&#8220;328579&#8243; img_size=&#8220;full&#8220; parallax_scroll=&#8220;no&#8220; woodmart_inline=&#8220;no&#8220;][vc_single_image image=&#8220;106306&#8243; img_size=&#8220;full&#8220; parallax_scroll=&#8220;no&#8220; woodmart_inline=&#8220;no&#8220;][\/vc_column_inner][vc_column_inner width=&#8220;1\/2&#8243; offset=&#8220;vc_hidden-lg vc_hidden-md vc_hidden-sm vc_col-xs-6&#8243;][vc_single_image image=&#8220;108521&#8243; img_size=&#8220;full&#8220; parallax_scroll=&#8220;no&#8220; woodmart_inline=&#8220;no&#8220;][vc_single_image image=&#8220;106319&#8243; img_size=&#8220;full&#8220; parallax_scroll=&#8220;no&#8220; woodmart_inline=&#8220;no&#8220;][vc_single_image image=&#8220;125191&#8243; img_size=&#8220;full&#8220; parallax_scroll=&#8220;no&#8220; woodmart_inline=&#8220;no&#8220;][vc_single_image image=&#8220;162566&#8243; img_size=&#8220;full&#8220; parallax_scroll=&#8220;no&#8220;][vc_single_image image=&#8220;106309&#8243; img_size=&#8220;full&#8220; parallax_scroll=&#8220;no&#8220; woodmart_inline=&#8220;no&#8220;][\/vc_column_inner][\/vc_row_inner][vc_row_inner content_placement=&#8220;middle&#8220; row_reverse_mobile=&#8220;0&#8243; row_reverse_tablet=&#8220;0&#8243;][vc_column_inner width=&#8220;1\/6&#8243;][vc_single_image image=&#8220;163247&#8243; img_size=&#8220;full&#8220; parallax_scroll=&#8220;no&#8220;][\/vc_column_inner][vc_column_inner width=&#8220;5\/6&#8243;]\n\t\t<div id=\"wd-5f4a401622407\" class=\"title-wrapper wd-wpb wd-set-mb reset-last-child  wd-rs-5f4a401622407 wd-title-color-default wd-title-style-default text-left  wd-underline-colored\">\n\t\t\t\n\t\t\t<div class=\"liner-continer\">\n\t\t\t\t<h4 class=\"woodmart-title-container title  wd-font-weight- wd-fontsize-l\" >Im Chez Smoke sind wir uns unserer Auswirkungen auf die Umwelt bewusst.<\/h4>\n\t\t\t\t\t\t\t<\/div>\n\t\t\t\n\t\t\t\n\t\t\t\n\t\t<\/div>\n\t\t\n\t\t[\/vc_column_inner][\/vc_row_inner][vc_column_text css=&#8220;.vc_custom_1598875590707{margin-bottom: 20px !important;}&#8220; text_larger=&#8220;no&#8220;]Wir laden Sie ein, die in unseren Gesch\u00e4ften gekauften Artikel ohne Verlegenheit loszuwerden, indem Sie sie uns zur\u00fcckbringen oder zur\u00fcckschicken, und wir k\u00fcmmern uns um die sichere und verantwortungsvolle Entsorgung.<\/p>\n<p>Wir haben 3 Partner identifiziert, die unseren Abfall entsorgen oder recyceln\/aufwerten:<\/p>\n<ul>\n<li>Einwegkapseln und nikotinhaltige Fl\u00fcssigkeiten werden von einem Spezialunternehmen verbrannt.<\/li>\n<li>PET-Flaschen und Ersatzteile werden zur Wiederverwertung zur M\u00fcllabfuhr gebracht.<\/li>\n<li>Die elektronischen Zigaretten werden von einer Organisation zerlegt und ihre Bestandteile f\u00fcr das Recycling\/die Wiederverwertung sortiert.<\/li>\n<\/ul>\n<p>[\/vc_column_text][vc_separator color=&#8220;custom&#8220; css=&#8220;.vc_custom_1499600318751{margin-bottom: 30px !important;padding-top: 10px !important;}&#8220; accent_color=&#8220;rgba(10,10,10,0.12)&#8220;][vc_row_inner content_placement=&#8220;middle&#8220; css=&#8220;.vc_custom_1499600064550{padding-top: 0px !important;}&#8220;][vc_column_inner width=&#8220;1\/2&#8243; css=&#8220;.vc_custom_1499599961071{margin-bottom: 20px !important;padding-top: 0px !important;}&#8220;][vc_column_text css=&#8220;.vc_custom_1596867622129{margin-bottom: 0px !important;}&#8220; text_larger=&#8220;no&#8220;]<a href=\"https:\/\/chezsmoke.ch\/de\/shop\/\"><strong><em>Entdecken Sie unseren neuen Online-Shop<\/em><\/strong><\/a>[\/vc_column_text][\/vc_column_inner][vc_column_inner width=&#8220;1\/2&#8243; css=&#8220;.vc_custom_1499599970647{margin-bottom: 20px !important;padding-top: 0px !important;}&#8220;]\t\t\t<div\n\t\t\t\t\t\tclass=\" wd-social-icons  wd-style-bordered wd-size-small social-share wd-shape-circle color-scheme-dark text-right\">\n\t\t\t\t\n\t\t\t\t\n\t\t\t\t\t\t\t\t\t<a rel=\"noopener noreferrer nofollow\" href=\"https:\/\/www.facebook.com\/sharer\/sharer.php?u=https:\/\/chezsmoke.ch\/de\/ueber-chez-smoke\/\" target=\"_blank\" class=\" wd-social-icon social-facebook\" aria-label=\"Facebook social link\">\n\t\t\t\t\t\t<span class=\"wd-icon\"><\/span>\n\t\t\t\t\t\t\t\t\t\t\t<\/a>\n\t\t\t\t\n\t\t\t\t\t\t\t\t\t<a rel=\"noopener noreferrer nofollow\" href=\"https:\/\/x.com\/share?url=https:\/\/chezsmoke.ch\/de\/ueber-chez-smoke\/\" target=\"_blank\" class=\" wd-social-icon social-twitter\" aria-label=\"X social link\">\n\t\t\t\t\t\t<span class=\"wd-icon\"><\/span>\n\t\t\t\t\t\t\t\t\t\t\t<\/a>\n\t\t\t\t\n\t\t\t\t\n\t\t\t\t\n\t\t\t\t\n\t\t\t\t\n\t\t\t\t\n\t\t\t\t\t\t\t\t\t<a rel=\"noopener noreferrer nofollow\" href=\"https:\/\/pinterest.com\/pin\/create\/button\/?url=https:\/\/chezsmoke.ch\/de\/ueber-chez-smoke\/&media=https:\/\/chezsmoke.ch\/wp-includes\/images\/media\/default.svg&description=%C3%9Cber+Chez+Smoke\" target=\"_blank\" class=\" wd-social-icon social-pinterest\" aria-label=\"Pinterest social link\">\n\t\t\t\t\t\t<span class=\"wd-icon\"><\/span>\n\t\t\t\t\t\t\t\t\t\t\t<\/a>\n\t\t\t\t\n\t\t\t\t\n\t\t\t\t\t\t\t\t\t<a rel=\"noopener noreferrer nofollow\" href=\"https:\/\/www.linkedin.com\/shareArticle?mini=true&url=https:\/\/chezsmoke.ch\/de\/ueber-chez-smoke\/\" target=\"_blank\" class=\" wd-social-icon social-linkedin\" aria-label=\"Linkedin social link\">\n\t\t\t\t\t\t<span class=\"wd-icon\"><\/span>\n\t\t\t\t\t\t\t\t\t\t\t<\/a>\n\t\t\t\t\n\t\t\t\t\n\t\t\t\t\n\t\t\t\t\n\t\t\t\t\n\t\t\t\t\n\t\t\t\t\n\t\t\t\t\n\t\t\t\t\n\t\t\t\t\n\t\t\t\t\n\t\t\t\t\n\t\t\t\t\n\t\t\t\t\n\t\t\t\t\n\t\t\t\t\t\t\t\t\t<a rel=\"noopener noreferrer nofollow\" href=\"https:\/\/telegram.me\/share\/url?url=https:\/\/chezsmoke.ch\/de\/ueber-chez-smoke\/\" target=\"_blank\" class=\" wd-social-icon social-tg\" aria-label=\"Telegram social link\">\n\t\t\t\t\t\t<span class=\"wd-icon\"><\/span>\n\t\t\t\t\t\t\t\t\t\t\t<\/a>\n\t\t\t\t\n\t\t\t\t\n\t\t\t<\/div>\n\n\t\t[\/vc_column_inner][\/vc_row_inner][\/vc_column][\/vc_row][vc_section full_width=&#8220;stretch_row&#8220; css=&#8220;.vc_custom_1596876357365{margin-bottom: -9px !important;padding-top: 8vh !important;padding-bottom: 8vh !important;background-color: #1fa3b9 !important;background-position: center !important;background-repeat: no-repeat !important;background-size: cover !important;}&#8220; mobile_bg_img_hidden=&#8220;no&#8220; tablet_bg_img_hidden=&#8220;no&#8220; woodmart_parallax=&#8220;0&#8243; woodmart_gradient_switch=&#8220;no&#8220; woodmart_disable_overflow=&#8220;0&#8243;][vc_row equal_height=&#8220;yes&#8220; content_placement=&#8220;middle&#8220; css=&#8220;.vc_custom_1499604445501{margin-right: -25px !important;margin-left: -25px !important;}&#8220;][vc_column woodmart_color_scheme=&#8220;light&#8220; css=&#8220;.vc_custom_1499604612121{padding-top: 10px !important;padding-right: 25px !important;padding-bottom: 10px !important;padding-left: 25px !important;}&#8220;][vc_row_inner css=&#8220;.vc_custom_1596867161643{margin-right: 0px !important;margin-left: 0px !important;border-bottom-width: 0px !important;border-bottom-color: rgba(255,255,255,0.3) !important;border-bottom-style: solid !important;}&#8220; row_reverse_mobile=&#8220;0&#8243; row_reverse_tablet=&#8220;0&#8243;][vc_column_inner width=&#8220;1\/4&#8243; css=&#8220;.vc_custom_1499604113587{border-right-width: 1px !important;padding-top: 35px !important;border-right-color: rgba(255,255,255,0.3) !important;border-right-style: solid !important;}&#8220; offset=&#8220;vc_col-xs-6&#8243;]\t\t\t<div class=\"woodmart-counter wd-wpb  wd-rs-61f7ba4f96f97 counter-large text-center color-scheme- \" id=\"wd-61f7ba4f96f97\">\n\t\t\t\t<div class=\"counter-value wd-font-weight-600\" data-state=\"new\" data-final=\"12000\">\n\t\t\t\t\t0\t\t\t\t<\/div>\n\t\t\t\t\t\t\t\t\t<div class=\"counter-label\">Kundinnen und Kunden<\/div>\n\t\t\t\t\t\t\t\t\t\t\t<\/div>\n\n\t\t[\/vc_column_inner][vc_column_inner width=&#8220;1\/4&#8243; css=&#8220;.vc_custom_1596867290957{border-right-width: 1px !important;padding-top: 35px !important;border-right-color: rgba(255,255,255,0.32) !important;border-right-style: solid !important;}&#8220; offset=&#8220;vc_col-xs-6&#8243;]\t\t\t<div class=\"woodmart-counter wd-wpb  wd-rs-5f2e4355226e2 counter-large text-center color-scheme- \" id=\"wd-5f2e4355226e2\">\n\t\t\t\t<div class=\"counter-value wd-font-weight-600\" data-state=\"new\" data-final=\"2013\">\n\t\t\t\t\t0\t\t\t\t<\/div>\n\t\t\t\t\t\t\t\t\t<div class=\"counter-label\">Erstellung des Shops<\/div>\n\t\t\t\t\t\t\t\t\t\t\t<\/div>\n\n\t\t[\/vc_column_inner][vc_column_inner width=&#8220;1\/4&#8243; css=&#8220;.vc_custom_1596867311227{border-right-width: 1px !important;border-right-color: rgba(255,255,255,0.29) !important;border-right-style: solid !important;}&#8220;]\t\t\t<div class=\"woodmart-counter wd-wpb  wd-rs-6275b812b8392 counter-large text-center color-scheme- \" id=\"wd-6275b812b8392\">\n\t\t\t\t<div class=\"counter-value wd-font-weight-600\" data-state=\"new\" data-final=\"8\">\n\t\t\t\t\t0\t\t\t\t<\/div>\n\t\t\t\t\t\t\t\t\t<div class=\"counter-label\">Personen, die Ihnen zur Verf\u00fcgung stehen<\/div>\n\t\t\t\t\t\t\t\t\t\t\t<\/div>\n\n\t\t[\/vc_column_inner][vc_column_inner width=&#8220;1\/4&#8243;]\t\t\t<div class=\"woodmart-counter wd-wpb  wd-rs-6275b70c6ad77 counter-large text-center color-scheme- \" id=\"wd-6275b70c6ad77\">\n\t\t\t\t<div class=\"counter-value wd-font-weight-600\" data-state=\"new\" data-final=\"4\">\n\t\t\t\t\t0\t\t\t\t<\/div>\n\t\t\t\t\t\t\t\t\t<div class=\"counter-label\">Gesch\u00e4fte + 1 E-Shop<\/div>\n\t\t\t\t\t\t\t\t\t\t\t<\/div>\n\n\t\t[\/vc_column_inner][\/vc_row_inner][\/vc_column][\/vc_row][\/vc_section][vc_row][vc_column width=&#8220;1\/6&#8243;][\/vc_column][vc_column width=&#8220;1\/6&#8243;][\/vc_column][vc_column width=&#8220;1\/6&#8243;][\/vc_column][vc_column width=&#8220;1\/6&#8243;][\/vc_column][vc_column width=&#8220;1\/6&#8243;][\/vc_column][vc_column width=&#8220;1\/6&#8243;][\/vc_column][\/vc_row]<\/p>\n<\/div>","protected":false},"excerpt":{"rendered":"<p>[vc_row css=&#8220;.vc_custom_1499600383384{margin-bottom: 8vh !important;}&#8220;][vc_column offset=&#8220;vc_col-lg-offset-2 vc_col-lg-8 vc_col-md-offset-2 vc_col-md-8 vc_col-sm-offset-0&#8243; css=&#8220;.vc_custom_1499599304156{padding-top: 0px !important;}&#8220;][vc_empty_space height=&#8220;50px&#8220; woodmart_hide_large=&#8220;0&#8243; woodmart_hide_medium=&#8220;0&#8243; woodmart_hide_small=&#8220;0&#8243; woodmart_hide_extra_small=&#8220;0&#8243;][vc_custom_heading text=&#8220;Als Pionier in<\/p>\n","protected":false},"author":1924,"featured_media":0,"parent":0,"menu_order":0,"comment_status":"closed","ping_status":"closed","template":"","meta":{"_acf_changed":false,"footnotes":""},"class_list":["post-121669","page","type-page","status-publish","hentry"],"acf":[],"_links":{"self":[{"href":"https:\/\/chezsmoke.ch\/de\/wp-json\/wp\/v2\/pages\/121669","targetHints":{"allow":["GET"]}}],"collection":[{"href":"https:\/\/chezsmoke.ch\/de\/wp-json\/wp\/v2\/pages"}],"about":[{"href":"https:\/\/chezsmoke.ch\/de\/wp-json\/wp\/v2\/types\/page"}],"author":[{"embeddable":true,"href":"https:\/\/chezsmoke.ch\/de\/wp-json\/wp\/v2\/users\/1924"}],"replies":[{"embeddable":true,"href":"https:\/\/chezsmoke.ch\/de\/wp-json\/wp\/v2\/comments?post=121669"}],"version-history":[{"count":28,"href":"https:\/\/chezsmoke.ch\/de\/wp-json\/wp\/v2\/pages\/121669\/revisions"}],"predecessor-version":[{"id":430067,"href":"https:\/\/chezsmoke.ch\/de\/wp-json\/wp\/v2\/pages\/121669\/revisions\/430067"}],"wp:attachment":[{"href":"https:\/\/chezsmoke.ch\/de\/wp-json\/wp\/v2\/media?parent=121669"}],"curies":[{"name":"wp","href":"https:\/\/api.w.org\/{rel}","templated":true}]}}