{"id":122548,"date":"2022-05-06T21:52:06","date_gmt":"2022-05-06T19:52:06","guid":{"rendered":"https:\/\/chezsmoke.ch\/einkaufswagen\/"},"modified":"2022-05-06T21:52:08","modified_gmt":"2022-05-06T19:52:08","slug":"einkaufswagen","status":"publish","type":"page","link":"https:\/\/chezsmoke.ch\/de\/einkaufswagen\/","title":{"rendered":"Einkaufswagen"},"content":{"rendered":"<div class=\"wpb-content-wrapper\"><p>[vc_row][vc_column][vc_empty_space woodmart_hide_large=&#8220;0&#8243; woodmart_hide_medium=&#8220;0&#8243; woodmart_hide_small=&#8220;0&#8243; woodmart_hide_extra_small=&#8220;0&#8243;][\/vc_column][\/vc_row][vc_row disable_element=&#8220;yes&#8220; mobile_bg_img_hidden=&#8220;no&#8220; tablet_bg_img_hidden=&#8220;no&#8220; woodmart_parallax=&#8220;0&#8243; woodmart_gradient_switch=&#8220;no&#8220; row_reverse_mobile=&#8220;0&#8243; row_reverse_tablet=&#8220;0&#8243; woodmart_disable_overflow=&#8220;0&#8243;][vc_column width=&#8220;1\/6&#8243;][vc_empty_space height=&#8220;10px&#8220; woodmart_hide_large=&#8220;0&#8243; woodmart_hide_medium=&#8220;0&#8243; woodmart_hide_small=&#8220;0&#8243; woodmart_hide_extra_small=&#8220;0&#8243;][vc_single_image image=&#8220;7610&#8243; img_size=&#8220;160&#215;160&#8243; alignment=&#8220;center&#8220; parallax_scroll=&#8220;no&#8220;][\/vc_column][vc_column width=&#8220;5\/6&#8243;][vc_empty_space height=&#8220;10px&#8220; woodmart_hide_large=&#8220;0&#8243; woodmart_hide_medium=&#8220;0&#8243; woodmart_hide_small=&#8220;0&#8243; woodmart_hide_extra_small=&#8220;0&#8243;][vc_custom_heading text=&#8220;Click &amp; Collect&#8220; font_container=&#8220;tag:h2|font_size:25px|text_align:left|color:%231fa3b9&#8243; use_theme_fonts=&#8220;yes&#8220;][vc_column_text text_larger=&#8220;no&#8220;]<\/p>\r\n<h3><strong>Vous d\u00e9sirez r\u00e9server vos produits et venir les retirer en boutique tout en \u00e9vitant les temps d\u2019attente aux heures d\u2019affluence?<\/strong><\/h3>\r\n<p>&nbsp;<\/p>\r\n<p>Utilisez notre nouveau service Click &amp; Collect disponible sur notre boutique en ligne. Le principe est le m\u00eame que pour une livraison \u00e0 domicile. Vous n\u2019avez qu\u2019\u00e0 s\u00e9lectionner l\u2019option &#8222;Retrait&#8220; au moment de choisir le lieu de livraison. Vous serez inform\u00e9 par courriel une fois votre commande disponible pour le retrait (au maximum 24h apr\u00e8s votre commande).<\/p>\r\n<p>[\/vc_column_text][\/vc_column][\/vc_row][vc_row][vc_column][vc_column_text]<div class=\"woocommerce\"><div class=\"woocommerce-notices-wrapper\"><\/div><div class=\"wc-empty-cart-message\">\n\t<div class=\"cart-empty woocommerce-info\" role=\"status\">\n\t\tDein Warenkorb ist gegenw\u00e4rtig leer.\t<\/div>\n<\/div>\t\t<p class=\"cart-empty wd-empty-page wc-empty-cart-message\">\n\t\t\tDein Warenkorb ist gegenw\u00e4rtig leer.\t\t<\/p>\n\t\t\t\t\t\t<div class=\"wd-empty-page-text\">\n\t\t\t\tBefore proceed to checkout you must add some products to your shopping cart.<br> You will find a lot of interesting products on our \"Shop\" page.\t\t\t<\/div>\n\t\t\t\t<p class=\"return-to-shop\">\n\t\t<a class=\"button wc-backward\" href=\"https:\/\/chezsmoke.ch\/de\/shop\/\">\n\t\t\tZur\u00fcck zum Shop\t\t<\/a>\n\t<\/p>\n<\/div>\n<p>\n[\/vc_column_text][\/vc_column][\/vc_row]<\/p><\/div>","protected":false},"excerpt":{"rendered":"<p>[vc_row][vc_column][vc_empty_space woodmart_hide_large=&#8220;0&#8243; woodmart_hide_medium=&#8220;0&#8243; woodmart_hide_small=&#8220;0&#8243; woodmart_hide_extra_small=&#8220;0&#8243;][\/vc_column][\/vc_row][vc_row disable_element=&#8220;yes&#8220; mobile_bg_img_hidden=&#8220;no&#8220; tablet_bg_img_hidden=&#8220;no&#8220; woodmart_parallax=&#8220;0&#8243; woodmart_gradient_switch=&#8220;no&#8220; row_reverse_mobile=&#8220;0&#8243; row_reverse_tablet=&#8220;0&#8243; woodmart_disable_overflow=&#8220;0&#8243;][vc_column width=&#8220;1\/6&#8243;][vc_empty_space height=&#8220;10px&#8220; woodmart_hide_large=&#8220;0&#8243; woodmart_hide_medium=&#8220;0&#8243; woodmart_hide_small=&#8220;0&#8243; woodmart_hide_extra_small=&#8220;0&#8243;][vc_single_image image=&#8220;7610&#8243;<\/p>\n","protected":false},"author":17790,"featured_media":0,"parent":0,"menu_order":0,"comment_status":"closed","ping_status":"closed","template":"","meta":{"_acf_changed":false,"footnotes":""},"class_list":["post-122548","page","type-page","status-publish","hentry"],"acf":[],"_links":{"self":[{"href":"https:\/\/chezsmoke.ch\/de\/wp-json\/wp\/v2\/pages\/122548","targetHints":{"allow":["GET"]}}],"collection":[{"href":"https:\/\/chezsmoke.ch\/de\/wp-json\/wp\/v2\/pages"}],"about":[{"href":"https:\/\/chezsmoke.ch\/de\/wp-json\/wp\/v2\/types\/page"}],"author":[{"embeddable":true,"href":"https:\/\/chezsmoke.ch\/de\/wp-json\/wp\/v2\/users\/17790"}],"replies":[{"embeddable":true,"href":"https:\/\/chezsmoke.ch\/de\/wp-json\/wp\/v2\/comments?post=122548"}],"version-history":[{"count":1,"href":"https:\/\/chezsmoke.ch\/de\/wp-json\/wp\/v2\/pages\/122548\/revisions"}],"predecessor-version":[{"id":122553,"href":"https:\/\/chezsmoke.ch\/de\/wp-json\/wp\/v2\/pages\/122548\/revisions\/122553"}],"wp:attachment":[{"href":"https:\/\/chezsmoke.ch\/de\/wp-json\/wp\/v2\/media?parent=122548"}],"curies":[{"name":"wp","href":"https:\/\/api.w.org\/{rel}","templated":true}]}}