{"id":123531,"date":"2020-08-07T14:00:22","date_gmt":"2020-08-07T12:00:22","guid":{"rendered":"https:\/\/chezsmoke.ch\/?page_id=123531"},"modified":"2024-12-03T13:59:23","modified_gmt":"2024-12-03T12:59:23","slug":"allgemeine-geschaeftsbedingungen","status":"publish","type":"page","link":"https:\/\/chezsmoke.ch\/de\/allgemeine-geschaeftsbedingungen\/","title":{"rendered":"ALLGEMEINE GESCH\u00c4FTSBEDINGUNGEN"},"content":{"rendered":"<p><strong>ALLGEMEINE GESCH\u00c4FTSBEDINGUNGEN<\/strong><\/p>\n<p><strong> <\/strong><\/p>\n<p>Willkommen auf der E-Shop-Seite von Chez Smoke. Diese Website wird von SWISSMOKE S\u00e0rl betrieben, mit Sitz in Rue des Poteaux 3, 2000 Neuch\u00e2tel.  Wir freuen uns, Ihnen unsere elektronischen Zigaretten und Liquids anbieten zu k\u00f6nnen und w\u00fcnschen Ihnen ein angenehmes Online-Shopping-Erlebnis.<\/p>\n<ol>\n<li><strong>IHR VERTRAG MIT UNS  <\/strong><\/li>\n<\/ol>\n<p>Diese Allgemeinen Gesch\u00e4ftsbedingungen (AGB) gelten f\u00fcr alle Dienstleistungen und Produktbestellungen, die Sie als Kunde oder Kundin \u00fcber 18 Jahre und Konsument\/in von E-Zigaretten bei Chez Smoke, dem Verk\u00e4ufer, auf seinen Webseiten und Anwendungen (&#8222;die Webseiten&#8220;) bestellen.<br \/>\nIndem Sie eine Bestellung aufgeben, best\u00e4tigen Sie, dass Sie diese Bedingungen gelesen, verstanden und vorbehaltlos akzeptiert haben.<br \/>\nWir behalten uns das Recht vor, diese Bedingungen jederzeit zu \u00e4ndern, indem wir eine neue Version auf unseren Sites ver\u00f6ffentlichen.<br \/>\nJede Bestellung, die nach der Ver\u00f6ffentlichung der neuen Version der Bedingungen aufgegeben wird, gilt als Annahme dieser Bedingungen.<br \/>\nIndem Sie auf unseren Sites surfen, erkl\u00e4ren Sie sich au\u00dferdem damit einverstanden, unseren Nutzungsbedingungen und unserer Datenschutzerkl\u00e4rung zu unterliegen.<br \/>\nBitte lesen Sie sie sorgf\u00e4ltig durch. <\/p>\n<p><strong> <\/strong><\/p>\n<ol start=\"2\">\n<li><strong>UNSERE PRODUKTE UND IHRE VERF\u00dcGBARKEIT<\/strong><\/li>\n<\/ol>\n<p>Wir bieten eine breite Palette an elektronischen Zigaretten, Zubeh\u00f6r und Liquids mit oder ohne Nikotin an, solange der Vorrat reicht.<br \/>\nSie k\u00f6nnen unsere Liquids ohne Nikotin oder mit dem Nikotingehalt oder Nikotinsalz Ihrer Wahl bestellen (maximal zul\u00e4ssiger Nikotingehalt 20mg\/ml).<br \/>\nSollte ein Produkt nach Abgabe Ihrer Bestellung nicht verf\u00fcgbar sein, werden wir Sie per E-Mail oder \u00fcber eine andere angegebene Kontaktm\u00f6glichkeit kontaktieren.<br \/>\nDie Stornierung oder der Umtausch Ihrer Bestellung ist dann m\u00f6glich.<br \/>\nIm Falle einer vollst\u00e4ndigen Nichtverf\u00fcgbarkeit der Ware wird Ihre Bestellung storniert und Sie erhalten den Kaufpreis zur\u00fcckerstattet. <\/p>\n<ol start=\"3\">\n<li><strong>WER UNSERE PRODUKTE KAUFEN KANN<\/strong><\/li>\n<\/ol>\n<p>Alle unsere Produkte k\u00f6nnen nur von vollj\u00e4hrigen Erwachsenen \u00fcber 18 Jahren bestellt werden, die E-Zigaretten konsumieren. Chez Smoke \u00fcbernimmt keine Verantwortung f\u00fcr den illegalen Kauf oder den unangemessenen Konsum unserer Produkte.<\/p>\n<ol start=\"4\">\n<li><strong>ANMELDUNG UND KUNDENKONTO<\/strong><\/li>\n<\/ol>\n<p>Sie k\u00f6nnen als Gast auf unseren Sites surfen und Bestellungen aufgeben.<br \/>\nWenn Sie sich dazu entschlie\u00dfen, ein Kundenkonto bei uns zu er\u00f6ffnen, sind Sie daf\u00fcr verantwortlich, sicherzustellen, dass die von Ihnen angegebenen pers\u00f6nlichen Daten wahr, genau und aktuell sind, bevor Sie eine Bestellung aufgeben.<br \/>\nBitte stellen Sie sicher, dass das bei der Anmeldung gew\u00e4hlte Passwort vertraulich bleibt und an niemanden weitergegeben wird.<br \/>\nWir behalten uns das Recht vor, die Bereitstellung des Dienstes zu verweigern und\/oder ein Konto ohne vorherige Ank\u00fcndigung zu schlie\u00dfen, wenn es gegen diese Bedingungen verst\u00f6\u00dft oder wenn wir entscheiden, dass dies im besten Interesse von Chez Smoke ist.<\/p>\n<ol start=\"5\">\n<li><strong>TREUE UND SPONSORING  <\/strong><\/li>\n<\/ol>\n<p>Die Bedingungen f\u00fcr Treue- und Freundschaftswerbungsprogramme sind in einem separaten Dokument vorgesehen.<br \/>\nF\u00fcr weitere Informationen beziehen Sie sich bitte auf diese Bedingungen.<br \/>\nChez Smoke beh\u00e4lt sich das Recht vor, ihre Bedingungen jederzeit zu \u00e4ndern.<br \/>\nAls Mitglied eines dieser Programme werden Sie per E-Mail \u00fcber alle wesentlichen \u00c4nderungen informiert.   <\/p>\n<p><a href=\"https:\/\/chezsmoke.ch\/de\/vorteile-chez-smoke\/\">Details zu unserem Programm ansehen<\/a><\/p>\n<ol start=\"6\">\n<li><strong>PREISE UND STEUERN  <\/strong><\/li>\n<\/ol>\n<p>Die Preise sind in Schweizer Franken (CHF) angegeben und gelten f\u00fcr die Produkte, die zum Zeitpunkt Ihrer Bestellung angeboten werden.<br \/>\nDie Mehrwertsteuer ist im Kaufpreis enthalten.<br \/>\nAb einem Bestellwert von 50 CHF werden die Lieferkosten f\u00fcr bestellte und in die Schweiz gelieferte Artikel von Chez Smoke \u00fcbernommen und umfassen die Porto- und Verpackungskosten.<br \/>\nDie vom Kunden zu tragenden Lieferkosten werden vor Annahme der Bestellung angegeben.<br \/>\nF\u00fcr Bestellungen mit einem Gesamtwert von weniger als 50 CHF wird Ihnen eine Pauschale von 8 CHF in Rechnung gestellt, um die Vorbereitungs- und Versandkosten zu decken. <\/p>\n<p><strong> <\/strong><\/p>\n<ol start=\"7\">\n<li><strong>ZAHLUNGSMODALIT\u00c4TEN UND EIGENTUMSVORBEHALT  <\/strong><\/li>\n<\/ol>\n<p>Die Bezahlung der Waren erfolgt im Voraus und kann per Kreditkarte, PostFinance Pay, PayPal, Rechnung (PowerPay) oder TWINT erfolgen.<\/p>\n<p>Die Waren bleiben bis zur Zahlung des Kaufpreises Eigentum von Chez Smoke.<\/p>\n<p><strong>Kauf per Kreditkarte<\/strong><\/p>\n<p>Bei Zahlung per Kreditkarte wird Ihr Kreditkartenkonto nach Abschluss der Bestellung mit dem Kaufpreis belastet. Der oder die Klient\/in kann f\u00e4llige Zahlungen nicht mit anderen Anspr\u00fcchen verrechnen.<\/p>\n<p><strong>Kauf auf Rechnung mit Teilzahlungsoption (POWERPAY)<\/strong><\/p>\n<p>MF Group \/ POWERPAY bietet als unabh\u00e4ngiger Zahlungsanbieter die Zahlungsart &#8222;Zahlung auf Rechnung&#8220; an. Die Rechnung des Auftrags erm\u00f6glicht es Ihnen, Ihren Online-Einkauf einfach per Rechnung zu bezahlen. Wenn Sie auf eine fristgerechte Zahlung verzichten, erhalten Sie r\u00fcckwirkend im Folgemonat eine monatliche Rechnung mit einer Bestell\u00fcbersicht.<br \/>\nBei Abschluss des Kaufvertrages \u00fcbernimmt POWERPAY die Forderung auf Rechnung und k\u00fcmmert sich um die Abwicklung der Zahlungsmodalit\u00e4ten. Im Rahmen des Kaufs auf Rechnung akzeptieren Sie zus\u00e4tzlich zu unseren AGB die AGB <a href=\"https:\/\/www.powerpay.ch\/fr\/agb\" target=\"_blank\" rel=\"noopener\">von POWERPAY<\/a>.   <\/p>\n<ol start=\"8\">\n<li><strong>LIEFERBEDINGUNGEN<\/strong><\/li>\n<\/ol>\n<p><strong>Lieferadresse<\/strong><\/p>\n<p>Sie k\u00f6nnen sich die Ware entweder nach Hause schicken lassen oder sie in einem unserer Gesch\u00e4fte mit schneller Abholung und ohne Warteschlangen abholen (Option &#8222;Click &amp; Collect&#8220;).<br \/>\nSie k\u00f6nnen in jedem Fall kostenlos Gebrauchsanweisungen f\u00fcr unsere Produkte in Gesch\u00e4ften und im Fernabsatz bei unseren Verk\u00e4ufern erhalten.<br \/>\nIhre Bestellung wird von der Schweizerischen Post an die von Ihnen angegebene Lieferadresse in der Schweiz geliefert.<br \/>\nChez Smoke \u00fcbernimmt keine Haftung f\u00fcr eine ungenaue Adresse oder eine erfolglose Lieferung.<br \/>\nBei Nichterhalt oder Verlust der Ware ist eine vollst\u00e4ndige oder teilweise R\u00fcckerstattung der Ware ausgeschlossen. <\/p>\n<p><strong>Fristen  <\/strong><\/p>\n<p>Wir bearbeiten Ihre Bestellungen, die vor 15 Uhr eingehen, am selben Tag von Montag bis Freitag au\u00dfer an Feiertagen.<br \/>\nDie Lieferzeit betr\u00e4gt etwa 2-3 Werktage.<br \/>\nDiese Fristen sind Richtwerte und k\u00f6nnen dennoch variieren.<br \/>\nWenn eine Bestellung an einem Samstag, Sonntag oder Feiertag eingeht, wird sie am n\u00e4chsten Werktag (Montag bis Freitag) bearbeitet.<br \/>\nBei Bestellungen, die vor Feiertagen aufgegeben werden, ist mit l\u00e4ngeren Lieferzeiten zu rechnen.  <\/p>\n<p><strong> <\/strong><\/p>\n<ol start=\"9\">\n<li><strong>R\u00dcCKGABEMODALIT\u00c4TEN<br \/>\n<\/strong><strong><br \/>\na.<br \/>\nElektronische Ger\u00e4te   <\/strong><\/li>\n<\/ol>\n<p>Sie haben das Recht, jedes elektronische Ger\u00e4t, das Ihnen nicht gef\u00e4llt, innerhalb von vierzehn (14) Tagen nach Erhalt des Ger\u00e4ts zur\u00fcckzugeben.  <strong>Chez Smoke akzeptiert nur die R\u00fccksendung von unbesch\u00e4digten und unbenutzten Produkten in ihrem Zustand und in der verschlossenen Originalverpackung mit der Rechnung.<\/strong>  Sie tragen die volle Verantwortung f\u00fcr eine Wertminderung der Produkte nach deren Erhalt.<br \/>\nWenn die R\u00fccksendung ordnungsgem\u00e4\u00df durchgef\u00fchrt wurde, erstattet Chez Smoke den Preis der berechneten Produkte innerhalb von drei\u00dfig (30) Tagen ab dem Datum des Eingangs der zur\u00fcckgesandten Produkte.<br \/>\nWir werden diese R\u00fcckerstattung unter Verwendung des Zahlungsmittels vornehmen, das Sie f\u00fcr die urspr\u00fcngliche Transaktion gew\u00e4hlt haben. <\/p>\n<p>  <strong>Die Versand- und R\u00fccksendekosten werden von Chez Smoke nicht erstattet oder \u00fcbernommen.  <\/strong>Die R\u00fcckgabe kann kostenlos im Gesch\u00e4ft erfolgen.<\/p>\n<p><strong>  b.<br \/>\nE-Liquids <\/strong><\/p>\n<p>Aus hygienischen Gr\u00fcnden und aufgrund von Qualit\u00e4tsanforderungen k\u00f6nnen unsere E-Liquids nicht zur\u00fcckgegeben, ersetzt oder erstattet werden.<\/p>\n<p>&nbsp;<\/p>\n<ol start=\"10\">\n<li><strong>GARANTIE  <\/strong><\/li>\n<\/ol>\n<p>Die von Chez Smoke verkauften Produkte werden gem\u00e4\u00df der vom Hersteller angebotenen Garantieart und -dauer garantiert. Jede weitere Garantie ist ausgeschlossen. Die Laufzeit beginnt mit dem Datum der Auftragsbest\u00e4tigung.<\/p>\n<p>Die Garantie gilt nicht f\u00fcr die Reparatur von Sch\u00e4den, die auf eine externe Ursache zur\u00fcckzuf\u00fchren sind (Unfall, Demontage und Reparatur). Die Garantie gilt nicht, wenn ein Problem aufgrund der Verwendung eines Produkts auftritt, das nicht von Chez Smoke stammt, oder aufgrund von Missbrauch (mit nicht kompatiblem Zubeh\u00f6r oder schlechter Wartung). Um die Garantie in Anspruch nehmen zu k\u00f6nnen, muss der Kunde den Originalkaufbeleg (Kaufrechnung auf der Website oder Kassenzettel im Gesch\u00e4ft) und den kompletten Originalkarton des Ger\u00e4ts aufbewahren. <strong>Beispiele<\/strong> f\u00fcr Garantieausschl\u00fcsse:<br \/>\n&#8211; USB-Anschluss des Ger\u00e4ts gebrochen, abgerissen oder verbrannt -&gt; falsche Verwendung oder Verwendung eines zu starken Ladeger\u00e4ts<br \/>\n&#8211; Sch\u00e4den durch Wasser, Sturz, Sto\u00df -&gt; externe Ursache<br \/>\n&#8211; Verlust der Batterielaufzeit -&gt; die Batterie ist ein Verschlei\u00dfteil <\/p>\n<p><strong>Vorgehensweise bei Garantiereparaturen\/-umtausch im Gesch\u00e4ft :<\/strong><\/p>\n<ol>\n<li style=\"list-style-type: none;\">\n<ol>\n<li>Gehen Sie mit dem Ger\u00e4t, dem <strong>vollst\u00e4ndigen<\/strong> Originalkarton und dem Kaufbeleg in eines unserer Gesch\u00e4fte.<\/li>\n<li>Das Ger\u00e4t wird von einem unserer Mitarbeiter getestet, um die Ursache des Defekts zu ermitteln.<\/li>\n<li>Wenn die Garantiebedingungen erf\u00fcllt sind (externe Ursachen ausgeschlossen), wird das Ger\u00e4t zur Reparatur eingesandt oder vor Ort ausgetauscht (falls verf\u00fcgbar).<\/li>\n<li>Wenn das Ger\u00e4t nicht mehr verf\u00fcgbar ist, wird Ihnen ein Ersatzartikel angeboten und der Preis f\u00fcr den defekten Artikel abgezogen.<\/li>\n<\/ol>\n<\/li>\n<\/ol>\n<p><strong>Vorgehensweise bei Garantiereparaturen\/-umtausch f\u00fcr die Website :<\/strong><\/p>\n<ol>\n<li style=\"list-style-type: none;\">\n<ol>\n<li>Nehmen Sie telefonisch Kontakt mit dem Gesch\u00e4ft unter Neuch\u00e2tel oder \u00fcber das <a href=\"https:\/\/chezsmoke.ch\/de\/kontaktieren-sie-uns\/\">Kontaktformular<\/a> auf unserer Website auf, um uns \u00fcber das Problem zu informieren und nach M\u00f6glichkeit zu versuchen, eine L\u00f6sung zu finden.<\/li>\n<li>Das Produkt muss uns in seiner <strong>vollst\u00e4ndigen<\/strong> Originalverpackung zusammen mit dem Originalkaufbeleg an die folgende Adresse geschickt werden:<br \/>\n<strong>Chez Smoke ,<\/strong><strong>Rue des Poteaux 3, 2000<\/strong><strong> Neuch\u00e2tel<\/strong><\/li>\n<li>Das Ger\u00e4t wird von einem unserer Mitarbeiter getestet, um die Ursache des Defekts zu ermitteln.<\/li>\n<li>Wenn die Garantiebedingungen erf\u00fcllt sind (externe Ursachen ausgeschlossen), wird das Ger\u00e4t zur Reparatur eingeschickt oder ausgetauscht (falls verf\u00fcgbar, ansonsten wird Ihnen ein Ersatzartikel angeboten) und die Versandkosten werden Ihnen als Gutschrift direkt auf Ihr Kundenkonto gutgeschrieben.<\/li>\n<li>Wenn die Garantiebedingungen nicht erf\u00fcllt sind (Missbrauch, fehlende Originalverpackung, fehlender Kaufnachweis usw.), wird der Artikel nicht umgetauscht und die eventuellen Kosten f\u00fcr die R\u00fccksendung gehen zu Ihren Lasten und sind im Voraus zu bezahlen.<\/li>\n<\/ol>\n<\/li>\n<\/ol>\n<p>&nbsp;<\/p>\n<ol start=\"11\">\n<li><strong>VERANTWORTUNG  <\/strong><\/li>\n<\/ol>\n<p><strong>Sch\u00e4den und fehlerhafte Produkte<\/strong><\/p>\n<p>Der Gefahren\u00fcbergang erfolgt mit der Absendung der Ware. Chez Smoke \u00fcbernimmt keine Haftung f\u00fcr Verlust oder Besch\u00e4digung w\u00e4hrend des Transports. Im Falle von Sch\u00e4den, Fehllieferungen oder fehlerhaften Produkten m\u00fcssen Sie innerhalb von 48 Stunden nach Erhalt der Produkte eine schriftliche Beschwerde an Chez Smoke richten, und zwar an folgende Adresse: <a href=\"\">contact@chezsmoke.ch<\/a> oder SWISSMOKE S\u00e0rl, rue des Poteaux 3, 2000 Neuch\u00e2tel.<\/p>\n<p> Andernfalls gilt die Lieferung als angenommen. Chez Smoke beh\u00e4lt sich das Recht vor, ein Foto der Bestellung, die Sie f\u00fcr mangelhaft halten, anzufordern, die Bestellung im Gesch\u00e4ft bei einem unserer Verk\u00e4ufer vorzuzeigen oder andere Beweismittel zu verwenden.<\/p>\n<p>Wir werden die notwendigen Schritte unternehmen, um fehlerhafte Bestellungen zu ersetzen oder Ihnen innerhalb von 30 Tagen nach der Reklamation und dem Nachweis des Defekts, der die oben genannten Bedingungen erf\u00fcllt, eine R\u00fcckerstattung in Form einer Gutschrift zu gew\u00e4hren.<\/p>\n<p><strong>Warnung  <\/strong><\/p>\n<p>Unsere nikotinhaltigen Produkte machen s\u00fcchtig.<br \/>\nWenn Sie sich nicht sicher sind, ob Sie unsere Produkte konsumieren oder wie sie sich auf Ihre Gesundheit auswirken, wenden Sie sich bitte an einen Arzt.<br \/>\nWir raten schwangeren Frauen vom Verzehr unserer Produkte ab.<br \/>\nDie Produkte m\u00fcssen vor Feuchtigkeit, hohen Temperaturen oder starkem Licht gesch\u00fctzt werden.<br \/>\nUnsere E-Liquids mit dem Geschmack &#8222;Tabak&#8220; enthalten keinen Tabak.<br \/>\nUnbeschadet des Geltungsbereichs dieser Bedingungen darf kein Anspruch jeglicher Art in Bezug auf die gelieferten Waren oder die Nichtlieferung der Waren oder ein anderer Anspruch den Kaufpreis der betreffenden Waren \u00fcbersteigen.<br \/>\nChez Smoke unter keinen Umst\u00e4nden f\u00fcr indirekte, zuf\u00e4llige oder Folgeverluste jeglicher Art in Verbindung mit seinen Produkten, deren Nutzung, Verkauf oder dem Inhalt dieser Website haftbar gemacht werden kann.  <\/p>\n<p><strong>H\u00f6here Gewalt<\/strong><\/p>\n<p>Chez Smoke ist nicht haftbar f\u00fcr Verz\u00f6gerungen, die durch Ereignisse verursacht werden, die au\u00dferhalb seiner Kontrolle liegen, wie z.B. die folgenden F\u00e4lle h\u00f6herer Gewalt: Epidemien, Streiks, extreme Wetterbedingungen oder die Beschlagnahme der Waren durch die Beh\u00f6rden.<br \/>\nSolche Ereignisse geben dem Kunden\/der Kundin nicht das Recht, vom Kaufvertrag zur\u00fcckzutreten oder von chez Smoke Ersatz f\u00fcr den entstandenen Schaden zu verlangen. <\/p>\n<ol start=\"12\">\n<li><strong>VERANTWORTLICHE ABFALLENTSORGUNG<\/strong><\/li>\n<\/ol>\n<p>Im Chez Smoke sind wir uns unserer Auswirkungen auf die Umwelt bewusst.<br \/>\nAus diesem Grund haben wir ein verantwortungsvolles Abfallentsorgungssystem f\u00fcr unsere E-Liquids und Ger\u00e4te eingef\u00fchrt.<br \/>\nSie k\u00f6nnen Ihre gef\u00fcllten, offenen oder leeren Ger\u00e4te und Beh\u00e4lter, die Sie in unseren physischen Gesch\u00e4ften oder online gekauft haben, kostenlos w\u00e4hrend der \u00d6ffnungszeiten in unsere Gesch\u00e4fte bringen.<br \/>\nWir sorgen daf\u00fcr, dass sie an ein spezialisiertes Unternehmen geschickt werden, um sie sicher zu entsorgen.<br \/>\nWenn Sie nicht die M\u00f6glichkeit haben, zu uns zu kommen, k\u00f6nnen Sie uns diese auf eigene Kosten per Post zusenden.    <\/p>\n<ol start=\"13\">\n<li><strong>DATENSCHUTZ<\/strong><\/li>\n<\/ol>\n<p>Ihre pers\u00f6nlichen Daten werden ausschlie\u00dflich in \u00dcbereinstimmung mit den gesetzlichen Anforderungen erhoben und in \u00dcbereinstimmung mit unserer Datenschutzerkl\u00e4rung verarbeitet.<\/p>\n<ol start=\"14\">\n<li><strong>G\u00dcLTIGKEIT DER ALLGEMEINEN GESCH\u00c4FTSBEDINGUNGEN<\/strong><\/li>\n<\/ol>\n<p>Sollte eine Bestimmung dieser Bedingungen f\u00fcr ung\u00fcltig oder teilweise ung\u00fcltig erkl\u00e4rt werden, bleiben die G\u00fcltigkeit und der Umfang der \u00fcbrigen Bestimmungen davon unber\u00fchrt.<br \/>\nUng\u00fcltige Bedingungen werden durch die anwendbaren gesetzlichen Bestimmungen des Schweizer Rechts ersetzt. <\/p>\n<ol start=\"15\">\n<li><strong>ANWENDBARES RECHT<\/strong><\/li>\n<\/ol>\n<p>Die Allgemeinen Gesch\u00e4ftsbedingungen unterliegen ausschlie\u00dflich dem Schweizer Recht.<br \/>\nDer ausschlie\u00dfliche Gerichtsstand ist Neuch\u00e2tel, Schweiz. <\/p>\n","protected":false},"excerpt":{"rendered":"<p>ALLGEMEINE GESCH\u00c4FTSBEDINGUNGEN Willkommen auf der E-Shop-Seite von Chez Smoke. Diese Website wird von SWISSMOKE S\u00e0rl betrieben, mit Sitz in Rue<\/p>\n","protected":false},"author":1924,"featured_media":0,"parent":0,"menu_order":0,"comment_status":"closed","ping_status":"closed","template":"","meta":{"_acf_changed":false,"footnotes":""},"class_list":["post-123531","page","type-page","status-publish","hentry"],"acf":[],"_links":{"self":[{"href":"https:\/\/chezsmoke.ch\/de\/wp-json\/wp\/v2\/pages\/123531","targetHints":{"allow":["GET"]}}],"collection":[{"href":"https:\/\/chezsmoke.ch\/de\/wp-json\/wp\/v2\/pages"}],"about":[{"href":"https:\/\/chezsmoke.ch\/de\/wp-json\/wp\/v2\/types\/page"}],"author":[{"embeddable":true,"href":"https:\/\/chezsmoke.ch\/de\/wp-json\/wp\/v2\/users\/1924"}],"replies":[{"embeddable":true,"href":"https:\/\/chezsmoke.ch\/de\/wp-json\/wp\/v2\/comments?post=123531"}],"version-history":[{"count":6,"href":"https:\/\/chezsmoke.ch\/de\/wp-json\/wp\/v2\/pages\/123531\/revisions"}],"predecessor-version":[{"id":356890,"href":"https:\/\/chezsmoke.ch\/de\/wp-json\/wp\/v2\/pages\/123531\/revisions\/356890"}],"wp:attachment":[{"href":"https:\/\/chezsmoke.ch\/de\/wp-json\/wp\/v2\/media?parent=123531"}],"curies":[{"name":"wp","href":"https:\/\/api.w.org\/{rel}","templated":true}]}}