{"id":121718,"date":"2021-11-25T16:33:50","date_gmt":"2021-11-25T15:33:50","guid":{"rendered":"https:\/\/chezsmoke.ch\/produit\/dotaio-v2-widerstaende-von-dotmod\/"},"modified":"2025-11-21T15:15:29","modified_gmt":"2025-11-21T14:15:29","slug":"widerstande-dotaio-v2-de-dotmod","status":"publish","type":"product","link":"https:\/\/chezsmoke.ch\/de\/produit\/widerstande-dotaio-v2-de-dotmod\/","title":{"rendered":"Dotmod DotCoils"},"content":{"rendered":"<h3 data-start=\"98\" data-end=\"134\">\u26a1 Widerst\u00e4nde DotCoil &#8211; DotMod \u26a1.<\/h3>\n<p data-start=\"136\" data-end=\"344\">\ud83d\udd25 F\u00fcr ein nahezu <strong data-start=\"161\" data-end=\"173\">perfektes<\/strong> Dampfen!<br data-start=\"175\" data-end=\"178\">\ud83d\udca8 <strong data-start=\"192\" data-end=\"200\">Mesh-Design<\/strong> f\u00fcr eine schnelle und gleichm\u00e4\u00dfige Erw\u00e4rmung<br data-start=\"236\" data-end=\"239\">\u2705 Mehrere Modelle f\u00fcr alle Dampfstile: MTL oder RDL <br data-start=\"301\" data-end=\"304\">\ud83d\udce6 Verkauft in <strong data-start=\"319\" data-end=\"344\">Packungen mit 5 Widerst\u00e4nden<\/strong>.<\/p>\n<h3 data-start=\"351\" data-end=\"379\">\ud83c\udfaf Verf\u00fcgbare Modelle :<\/h3>\n<ul data-start=\"381\" data-end=\"650\">\n<li data-start=\"381\" data-end=\"517\">\n<p data-start=\"383\" data-end=\"517\"><strong data-start=\"383\" data-end=\"392\">0.30\u03a9<\/strong> &#8211; <strong data-start=\"402\" data-end=\"409\">RDL-Ziehung<\/strong> (Semi-Luft)<br data-start=\"423\" data-end=\"426\">\u26a1 Leistung: 25-40W<br data-start=\"448\" data-end=\"451\">\ud83d\udca7 PG\/VG-Verh\u00e4ltnis: 50\/50 bis 30\/70<br data-start=\"483\" data-end=\"486\">\ud83d\udead Nikotin: bis zu 6 mg\/ml<\/p>\n<\/li>\n<li data-start=\"519\" data-end=\"650\">\n<p data-start=\"521\" data-end=\"650\"><strong data-start=\"521\" data-end=\"530\">0.70\u03a9<\/strong> &#8211; <strong data-start=\"540\" data-end=\"547\">MTL-Ziehung<\/strong> (eng)<br data-start=\"555\" data-end=\"558\">\u26a1 Leistung: 14-20W<br data-start=\"580\" data-end=\"583\">\ud83d\udca7 PG\/VG-Verh\u00e4ltnis: 70\/30 bis 50\/50<br data-start=\"615\" data-end=\"618\">\ud83d\udead Nikotin: bis zu 12 mg\/ml<\/p>\n<\/li>\n<\/ul>\n<h3 data-start=\"657\" data-end=\"685\">\ud83d\udee0\ufe0f Einfache Bedienung :<\/h3>\n<ol data-start=\"687\" data-end=\"899\">\n<li data-start=\"687\" data-end=\"723\">\n<p data-start=\"690\" data-end=\"723\">\ud83d\udd04 Entfernt den alten Widerstand<\/p>\n<\/li>\n<li data-start=\"724\" data-end=\"769\">\n<p data-start=\"727\" data-end=\"769\">\u2795 F\u00fcgt die neue ein (einfach einclipsen)<\/p>\n<\/li>\n<li data-start=\"770\" data-end=\"832\">\n<p data-start=\"773\" data-end=\"832\">\ud83d\udca7 S <strong data-start=\"776\" data-end=\"791\">tartet gut<\/strong>: 10 Minuten vor dem Vapen einweichen lassen.<\/p>\n<\/li>\n<li data-start=\"833\" data-end=\"899\">\n<p data-start=\"836\" data-end=\"899\">\u26a0\ufe0f \u00c4ndern Sie Ihren Widerstand, wenn Sie an Geschmack verlieren oder wenn es brennt.<\/p>\n<\/li>\n<\/ol>\n<p><a href=\"https:\/\/chezsmoke.ch\/wp-content\/uploads\/2021\/11\/Dotpod-300x116.jpg\"><img loading=\"lazy\" decoding=\"async\" class=\"alignnone size-medium wp-image-424225\" src=\"https:\/\/chezsmoke.ch\/wp-content\/uploads\/2021\/11\/Dotpod-300x116.jpg\" alt=\"\" width=\"300\" height=\"116\" srcset=\"https:\/\/chezsmoke.ch\/wp-content\/uploads\/2021\/11\/Dotpod-300x116.jpg 300w, https:\/\/chezsmoke.ch\/wp-content\/uploads\/2021\/11\/Dotpod-60x23.jpg 60w, https:\/\/chezsmoke.ch\/wp-content\/uploads\/2021\/11\/Dotpod-150x58.jpg 150w, https:\/\/chezsmoke.ch\/wp-content\/uploads\/2021\/11\/Dotpod-96x37.jpg 96w, https:\/\/chezsmoke.ch\/wp-content\/uploads\/2021\/11\/Dotpod-42x16.jpg 42w, https:\/\/chezsmoke.ch\/wp-content\/uploads\/2021\/11\/Dotpod.jpg 393w\" sizes=\"auto, (max-width: 300px) 100vw, 300px\" \/><\/a><\/p>\n","protected":false},"excerpt":{"rendered":"<p data-start=\"98\" data-end=\"134\">\u26a1 Widerst\u00e4nde DotCoil &#8211; DotMod \u26a1.<\/p>\n","protected":false},"featured_media":447705,"comment_status":"closed","ping_status":"closed","template":"","meta":{"_acf_changed":false},"product_brand":[],"product_cat":[682,1283,680],"product_tag":[],"class_list":{"0":"post-121718","1":"product","2":"type-product","3":"status-publish","4":"has-post-thumbnail","6":"product_cat-dotmod-de","7":"product_cat-ersatz-coils","8":"product_cat-widerstande","10":"first","11":"instock","12":"taxable","13":"shipping-taxable","14":"purchasable","15":"product-type-variable"},"bundled_by":[],"bundle_stock_status":"instock","bundle_stock_quantity":null,"bundle_virtual":false,"bundle_layout":"","bundle_add_to_cart_form_location":"","bundle_editable_in_cart":false,"bundle_sold_individually_context":"","bundle_item_grouping":"","bundle_min_size":"","bundle_max_size":"","bundle_price":[],"bundled_items":[],"bundle_sell_ids":[],"acf":[],"_links":{"self":[{"href":"https:\/\/chezsmoke.ch\/de\/wp-json\/wp\/v2\/product\/121718","targetHints":{"allow":["GET"]}}],"collection":[{"href":"https:\/\/chezsmoke.ch\/de\/wp-json\/wp\/v2\/product"}],"about":[{"href":"https:\/\/chezsmoke.ch\/de\/wp-json\/wp\/v2\/types\/product"}],"replies":[{"embeddable":true,"href":"https:\/\/chezsmoke.ch\/de\/wp-json\/wp\/v2\/comments?post=121718"}],"wp:featuredmedia":[{"embeddable":true,"href":"https:\/\/chezsmoke.ch\/de\/wp-json\/wp\/v2\/media\/447705"}],"wp:attachment":[{"href":"https:\/\/chezsmoke.ch\/de\/wp-json\/wp\/v2\/media?parent=121718"}],"wp:term":[{"taxonomy":"product_brand","embeddable":true,"href":"https:\/\/chezsmoke.ch\/de\/wp-json\/wp\/v2\/product_brand?post=121718"},{"taxonomy":"product_cat","embeddable":true,"href":"https:\/\/chezsmoke.ch\/de\/wp-json\/wp\/v2\/product_cat?post=121718"},{"taxonomy":"product_tag","embeddable":true,"href":"https:\/\/chezsmoke.ch\/de\/wp-json\/wp\/v2\/product_tag?post=121718"}],"curies":[{"name":"wp","href":"https:\/\/api.w.org\/{rel}","templated":true}]}}