{"id":121744,"date":"2020-11-23T18:10:24","date_gmt":"2020-11-23T17:10:24","guid":{"rendered":"https:\/\/chezsmoke.ch\/produit\/phix-usb-ladegeraet\/"},"modified":"2024-12-03T15:58:38","modified_gmt":"2024-12-03T14:58:38","slug":"phix-chargeur-usb","status":"publish","type":"product","link":"https:\/\/chezsmoke.ch\/de\/produit\/phix-chargeur-usb\/","title":{"rendered":"Phix USB-Ladeger\u00e4t"},"content":{"rendered":"<h4>Das USB-Ladeger\u00e4t gibt Ihnen die Freiheit, Ihren Phix \u00fcberall aufzuladen &#8211; zu Hause, am Computer oder im Auto. Das 55 cm lange Kabel erm\u00f6glicht es Ihnen sogar, w\u00e4hrend des Ladevorgangs zu vaporisieren.<\/h4>\n","protected":false},"excerpt":{"rendered":"<p>Das USB-Ladeger\u00e4t gibt Ihnen die Freiheit, Ihren Phix \u00fcberall aufzuladen &#8211; zu Hause, am Computer oder im Auto. Das 55<\/p>\n","protected":false},"featured_media":28454,"comment_status":"open","ping_status":"closed","template":"","meta":{"_acf_changed":false},"product_brand":[],"product_cat":[721,718],"product_tag":[],"class_list":{"0":"post-121744","1":"product","2":"type-product","3":"status-publish","4":"has-post-thumbnail","6":"product_cat-kits-de","7":"product_cat-phix-de","9":"first","10":"instock","11":"taxable","12":"shipping-taxable","13":"purchasable","14":"product-type-simple"},"bundled_by":[],"bundle_stock_status":"instock","bundle_stock_quantity":7,"bundle_virtual":false,"bundle_layout":"","bundle_add_to_cart_form_location":"","bundle_editable_in_cart":false,"bundle_sold_individually_context":"","bundle_item_grouping":"","bundle_min_size":"","bundle_max_size":"","bundle_price":[],"bundled_items":[],"bundle_sell_ids":[],"acf":[],"_links":{"self":[{"href":"https:\/\/chezsmoke.ch\/de\/wp-json\/wp\/v2\/product\/121744","targetHints":{"allow":["GET"]}}],"collection":[{"href":"https:\/\/chezsmoke.ch\/de\/wp-json\/wp\/v2\/product"}],"about":[{"href":"https:\/\/chezsmoke.ch\/de\/wp-json\/wp\/v2\/types\/product"}],"replies":[{"embeddable":true,"href":"https:\/\/chezsmoke.ch\/de\/wp-json\/wp\/v2\/comments?post=121744"}],"wp:featuredmedia":[{"embeddable":true,"href":"https:\/\/chezsmoke.ch\/de\/wp-json\/wp\/v2\/media\/28454"}],"wp:attachment":[{"href":"https:\/\/chezsmoke.ch\/de\/wp-json\/wp\/v2\/media?parent=121744"}],"wp:term":[{"taxonomy":"product_brand","embeddable":true,"href":"https:\/\/chezsmoke.ch\/de\/wp-json\/wp\/v2\/product_brand?post=121744"},{"taxonomy":"product_cat","embeddable":true,"href":"https:\/\/chezsmoke.ch\/de\/wp-json\/wp\/v2\/product_cat?post=121744"},{"taxonomy":"product_tag","embeddable":true,"href":"https:\/\/chezsmoke.ch\/de\/wp-json\/wp\/v2\/product_tag?post=121744"}],"curies":[{"name":"wp","href":"https:\/\/api.w.org\/{rel}","templated":true}]}}