{"id":121756,"date":"2021-12-15T00:01:10","date_gmt":"2021-12-14T23:01:10","guid":{"rendered":"https:\/\/chezsmoke.ch\/produit\/phix-pro-kit\/"},"modified":"2026-04-29T14:50:02","modified_gmt":"2026-04-29T12:50:02","slug":"phix-pro-2-0","status":"publish","type":"product","link":"https:\/\/chezsmoke.ch\/de\/produit\/phix-pro-2-0\/","title":{"rendered":"Phix Pro Kit"},"content":{"rendered":"<p>Das wiederaufladbare Phix-System ist das Werk eines unabh\u00e4ngigen kalifornischen Unternehmens.<\/p>\n<p>Neben der kompakten Gr\u00f6\u00dfe des Pods (Bleistiftgr\u00f6\u00dfe) und der einfachen Bedienung bietet es eine Reihe von Vorteilen, die bei anderen \u00e4hnlichen Systemen nicht zu finden sind.<\/p>\n<p>Die Technologie des Phix-Systems steuert automatisch die Temperatur, um eine \u00dcberhitzung zu vermeiden, die f\u00fcr den verbrannten Geschmack verantwortlich ist.<\/p>\n<p>Die langj\u00e4hrige Erfahrung von Phix in der Entwicklung von E-Liquids (seinem urspr\u00fcnglichen Beruf) spiegelt sich in der Qualit\u00e4t der Fl\u00fcssigkeiten wider, die in den Phix-Kapseln angeboten werden. Die Aromen sind authentisch und das verwendete Nikotinsalz reproduziert die Empfindungen, die man mit dem nat\u00fcrlichen Nikotin aus Tabakbl\u00e4ttern wahrnimmt.<\/p>\n<p>Das Phix-System weist alle Zutaten f\u00fcr einen erfolgreichen Wechsel von der Zigarette zur E-Zigarette auf.<\/p>\n<p>Sie bietet eines der besten Dampferlebnisse auf dem Markt, das dem einer Zigarette sehr \u00e4hnlich ist.<\/p>\n<p>Sie eignet sich daher besonders gut f\u00fcr Menschen, die mit dem Rauchen aufh\u00f6ren wollen.<\/p>\n<p>Die Anwendung ist einfach und effizient: Es m\u00fcssen keine Kn\u00f6pfe bet\u00e4tigt werden (sie wird beim Ansaugen aktiviert) und es ist kein Nachf\u00fcllen erforderlich.<\/p>\n<p>Sie wird mit den vorgef\u00fcllten, versiegelten Phix-Kapseln verwendet, die auslaufsicher und manipulationssicher sind.<\/p>\n<p>Die Laufzeit bei Standardnutzung ist dank des Akkus mit einer Kapazit\u00e4t von 320 mAh, der sich schnell in 25-30 min aufladen l\u00e4sst, viel l\u00e4nger als bei vielen konkurrierenden Mini-Pods.<\/p>\n<p>Lieferung mit eingebautem Akku und Ladeger\u00e4t USB-C-Kabel<\/p>\n<p><strong>Kapseln nicht im Set enthalten.<\/strong><\/p>\n","protected":false},"excerpt":{"rendered":"<p>Der Phix Pro ist ein wiederaufladbarer Mini-Puff-Pod.<\/p>\n","protected":false},"featured_media":460892,"comment_status":"closed","ping_status":"closed","template":"","meta":{"_acf_changed":false},"product_brand":[],"product_cat":[721,720,718],"product_tag":[],"class_list":{"0":"post-121756","1":"product","2":"type-product","3":"status-publish","4":"has-post-thumbnail","6":"product_cat-kits-de","7":"product_cat-mini-pods-de","8":"product_cat-phix-de","9":"pa_couleur-black-de","10":"pa_couleur-blue-de","11":"pa_couleur-red-de","12":"pa_couleur-stainless-steel-de","13":"pa_couleur-white-de","15":"first","16":"instock","17":"taxable","18":"shipping-taxable","19":"purchasable","20":"product-type-variable"},"bundled_by":[],"bundle_stock_status":"instock","bundle_stock_quantity":null,"bundle_virtual":false,"bundle_layout":"","bundle_add_to_cart_form_location":"","bundle_editable_in_cart":false,"bundle_sold_individually_context":"","bundle_item_grouping":"","bundle_min_size":"","bundle_max_size":"","bundle_price":[],"bundled_items":[],"bundle_sell_ids":[],"acf":[],"_links":{"self":[{"href":"https:\/\/chezsmoke.ch\/de\/wp-json\/wp\/v2\/product\/121756","targetHints":{"allow":["GET"]}}],"collection":[{"href":"https:\/\/chezsmoke.ch\/de\/wp-json\/wp\/v2\/product"}],"about":[{"href":"https:\/\/chezsmoke.ch\/de\/wp-json\/wp\/v2\/types\/product"}],"replies":[{"embeddable":true,"href":"https:\/\/chezsmoke.ch\/de\/wp-json\/wp\/v2\/comments?post=121756"}],"wp:featuredmedia":[{"embeddable":true,"href":"https:\/\/chezsmoke.ch\/de\/wp-json\/wp\/v2\/media\/460892"}],"wp:attachment":[{"href":"https:\/\/chezsmoke.ch\/de\/wp-json\/wp\/v2\/media?parent=121756"}],"wp:term":[{"taxonomy":"product_brand","embeddable":true,"href":"https:\/\/chezsmoke.ch\/de\/wp-json\/wp\/v2\/product_brand?post=121756"},{"taxonomy":"product_cat","embeddable":true,"href":"https:\/\/chezsmoke.ch\/de\/wp-json\/wp\/v2\/product_cat?post=121756"},{"taxonomy":"product_tag","embeddable":true,"href":"https:\/\/chezsmoke.ch\/de\/wp-json\/wp\/v2\/product_tag?post=121756"}],"curies":[{"name":"wp","href":"https:\/\/api.w.org\/{rel}","templated":true}]}}