{"id":121850,"date":"2021-07-30T13:10:51","date_gmt":"2022-05-06T15:48:10","guid":{"rendered":"https:\/\/chezsmoke.ch\/produit\/xtar-new-x2-akku-ladegeraet\/"},"modified":"2024-07-10T10:47:24","modified_gmt":"2024-07-10T08:47:24","slug":"xtar-new-x2-akkulader","status":"publish","type":"product","link":"https:\/\/chezsmoke.ch\/de\/produit\/xtar-new-x2-akkulader\/","title":{"rendered":"XTAR NEW X2 &#8211; Akku-Ladeger\u00e4t"},"content":{"rendered":"<h2>XTAR X2-Ladeger\u00e4t<\/h2>\n<p>Das Xtar X2 ist ein neues intelligentes Hochstrom-Ladeger\u00e4t mit einfacher und praktischer Bedienung. Es bietet eine hervorragende Kompatibilit\u00e4t, die mit verschiedenen Batterien betrieben werden kann. Er verf\u00fcgt \u00fcber zwei Akkusch\u00e4chte mit LCD-Anzeige, auf denen Sie den Ladestand deutlich sehen k\u00f6nnen.<\/p>\n<p>Der X2 steuert die an die Batterien gelieferte Spannung und den Strom in drei automatischen Schritten und sorgt so f\u00fcr eine ideale Ladung der Batterien bei minimalem Verschlei\u00df. Er verf\u00fcgt auch \u00fcber die Softstart-Funktion, die den Ausgangsstrom langsam erh\u00f6hen kann, um die Batterien zu sch\u00fctzen.<\/p>\n<p>Einstellungen :<\/p>\n<p>Gr\u00f6\u00dfe: 135 x 75 x 38mm<br \/>\nGeh\u00e4usematerial: ABS \/ PC<br \/>\nEingang: 100-240V- 50 \/ 60Hz 0.4A DC 5V 2.1A<br \/>\nKonstanter Strom: 2Ax1 \/ 1Ax2 \/ 0.5Ax2<br \/>\nAbschaltspannung: 4,20 \u00b1 0,05V \/ 1,45 \u00b1 0,1V<\/p>\n<p>Kompatible Akkus :<\/p>\n<p>Auf 3.6V \/ 3.7V Li-Ion \/ IMR \/ INR \/ ICR anwenden:<br \/>\n14500 14650 16340 17335 17500 17670 18350 18490<br \/>\n18500 18650 18700 20700 21700 22650 25500 26650<br \/>\n1.2VNi-MH \/ Ni-CD: AAAA \/ AAA \/ AA \/ A \/ SC \/ C<\/p>\n<p>Geliefert mit :<\/p>\n<p>1 x X2-Ladeger\u00e4t<\/p>\n","protected":false},"excerpt":{"rendered":"<p>XTAR X2-Ladeger\u00e4t Das Xtar X2 ist ein neues intelligentes Hochstrom-Ladeger\u00e4t mit einfacher und praktischer Bedienung. Es bietet eine hervorragende Kompatibilit\u00e4t,<\/p>\n","protected":false},"featured_media":67164,"comment_status":"closed","ping_status":"closed","template":"","meta":{"_acf_changed":false},"product_brand":[],"product_cat":[696,695],"product_tag":[],"class_list":{"0":"post-121850","1":"product","2":"type-product","3":"status-publish","4":"has-post-thumbnail","6":"product_cat-ladegerate","7":"product_cat-zubehor","9":"first","10":"instock","11":"taxable","12":"shipping-taxable","13":"purchasable","14":"product-type-simple"},"bundled_by":["121880"],"bundle_stock_status":"instock","bundle_stock_quantity":21,"bundle_virtual":false,"bundle_layout":"","bundle_add_to_cart_form_location":"","bundle_editable_in_cart":false,"bundle_sold_individually_context":"","bundle_item_grouping":"","bundle_min_size":"","bundle_max_size":"","bundle_price":[],"bundled_items":[],"bundle_sell_ids":[],"acf":[],"_links":{"self":[{"href":"https:\/\/chezsmoke.ch\/de\/wp-json\/wp\/v2\/product\/121850","targetHints":{"allow":["GET"]}}],"collection":[{"href":"https:\/\/chezsmoke.ch\/de\/wp-json\/wp\/v2\/product"}],"about":[{"href":"https:\/\/chezsmoke.ch\/de\/wp-json\/wp\/v2\/types\/product"}],"replies":[{"embeddable":true,"href":"https:\/\/chezsmoke.ch\/de\/wp-json\/wp\/v2\/comments?post=121850"}],"wp:featuredmedia":[{"embeddable":true,"href":"https:\/\/chezsmoke.ch\/de\/wp-json\/wp\/v2\/media\/67164"}],"wp:attachment":[{"href":"https:\/\/chezsmoke.ch\/de\/wp-json\/wp\/v2\/media?parent=121850"}],"wp:term":[{"taxonomy":"product_brand","embeddable":true,"href":"https:\/\/chezsmoke.ch\/de\/wp-json\/wp\/v2\/product_brand?post=121850"},{"taxonomy":"product_cat","embeddable":true,"href":"https:\/\/chezsmoke.ch\/de\/wp-json\/wp\/v2\/product_cat?post=121850"},{"taxonomy":"product_tag","embeddable":true,"href":"https:\/\/chezsmoke.ch\/de\/wp-json\/wp\/v2\/product_tag?post=121850"}],"curies":[{"name":"wp","href":"https:\/\/api.w.org\/{rel}","templated":true}]}}