{"id":122101,"date":"2019-05-15T10:50:46","date_gmt":"2019-05-15T08:50:46","guid":{"rendered":"https:\/\/chezsmoke.ch\/produit\/mys-vaping-super-heroes-black-jackal-sweet-cola\/"},"modified":"2025-01-18T10:27:47","modified_gmt":"2025-01-18T09:27:47","slug":"flocon-50-ml-26","status":"publish","type":"product","link":"https:\/\/chezsmoke.ch\/de\/produit\/flocon-50-ml-26\/","title":{"rendered":"My&#8217;s Vaping Super Heroes Black Jackal Sweet Cola"},"content":{"rendered":"<p><strong>My&#8217;s Vaping<\/strong> ist ein franz\u00f6sisches Unternehmen, das malaysische e-Liquids importiert. Sie sind transparent und leicht r\u00fcckverfolgbar und bieten uns eine breite Palette an hochwertigen Produkten! Sie melden sich mit <strong>Black Jackal Sweet Cola<\/strong> zur\u00fcck, dem ber\u00fchmten amerikanischen Getr\u00e4nk, das wir alle lieben, mit einem Hauch von<strong> Zitrone<\/strong> und<strong> Vanille<\/strong>. Perfekt f\u00fcr <strong>Cola-Liebhaber<\/strong>!<\/p>\n<p>In einer <strong>100-ml-Flasche<\/strong> erhalten Sie <strong>60 ml<\/strong> Fl\u00fcssigkeit mit \u00fcberdosierten Aromen. F\u00fcgen Sie <a href=\"\">Nikotinbooster<\/a> hinzu, um die gew\u00fcnschte Dosis zu erhalten, und dann eine <a href=\"\">neutrale Basis ohne Nikotin<\/a> (nur f\u00fcr Werte unter 8 mg\/ml). Zum Beispiel: <strong>1 Booster f\u00fcr 2 mg\/ml<\/strong> und dann 30 ml neutrale Basis,<strong> 4 Booster f\u00fcr 8 mg\/ml<\/strong>, ohne neutrale Basis usw.).  <\/p>\n<p>30PG \/ 70VG<\/p>\n<p><a href=\"https:\/\/chezsmoke.ch\/wp-content\/uploads\/2024\/09\/Avertissement-liquides-sans-nicotine-300x197.png\"><img loading=\"lazy\" decoding=\"async\" class=\"alignnone size-medium wp-image-337012\" src=\"https:\/\/chezsmoke.ch\/wp-content\/uploads\/2024\/09\/Avertissement-liquides-sans-nicotine-300x197.png\" alt=\"\" width=\"300\" height=\"197\" srcset=\"https:\/\/chezsmoke.ch\/wp-content\/uploads\/2024\/09\/Avertissement-liquides-sans-nicotine-300x197.png 300w, https:\/\/chezsmoke.ch\/wp-content\/uploads\/2024\/09\/Avertissement-liquides-sans-nicotine-96x63.png 96w, https:\/\/chezsmoke.ch\/wp-content\/uploads\/2024\/09\/Avertissement-liquides-sans-nicotine-42x28.png 42w, https:\/\/chezsmoke.ch\/wp-content\/uploads\/2024\/09\/Avertissement-liquides-sans-nicotine-60x39.png 60w, https:\/\/chezsmoke.ch\/wp-content\/uploads\/2024\/09\/Avertissement-liquides-sans-nicotine-600x394.png 600w, https:\/\/chezsmoke.ch\/wp-content\/uploads\/2024\/09\/Avertissement-liquides-sans-nicotine-150x99.png 150w, https:\/\/chezsmoke.ch\/wp-content\/uploads\/2024\/09\/Avertissement-liquides-sans-nicotine.png 755w\" sizes=\"auto, (max-width: 300px) 100vw, 300px\" \/><\/a><\/p>\n","protected":false},"excerpt":{"rendered":"<p>Eine s\u00fc\u00dfe und zugleich scharfe Cola mit einem Hauch von Vanille.<\/p>\n","protected":false},"featured_media":79447,"comment_status":"open","ping_status":"closed","template":"","meta":{"_acf_changed":false},"product_brand":[],"product_cat":[681,1273,1272],"product_tag":[],"class_list":{"0":"post-122101","1":"product","2":"type-product","3":"status-publish","4":"has-post-thumbnail","6":"product_cat-e-liquids-de","7":"product_cat-fruites-frais-ice-de","8":"product_cat-longfill-0-16-mg-nikotin","10":"first","11":"instock","12":"taxable","13":"shipping-taxable","14":"purchasable","15":"product-type-simple"},"bundled_by":[],"bundle_stock_status":"instock","bundle_stock_quantity":9,"bundle_virtual":false,"bundle_layout":"","bundle_add_to_cart_form_location":"","bundle_editable_in_cart":false,"bundle_sold_individually_context":"","bundle_item_grouping":"","bundle_min_size":"","bundle_max_size":"","bundle_price":[],"bundled_items":[],"bundle_sell_ids":[],"acf":[],"_links":{"self":[{"href":"https:\/\/chezsmoke.ch\/de\/wp-json\/wp\/v2\/product\/122101","targetHints":{"allow":["GET"]}}],"collection":[{"href":"https:\/\/chezsmoke.ch\/de\/wp-json\/wp\/v2\/product"}],"about":[{"href":"https:\/\/chezsmoke.ch\/de\/wp-json\/wp\/v2\/types\/product"}],"replies":[{"embeddable":true,"href":"https:\/\/chezsmoke.ch\/de\/wp-json\/wp\/v2\/comments?post=122101"}],"wp:featuredmedia":[{"embeddable":true,"href":"https:\/\/chezsmoke.ch\/de\/wp-json\/wp\/v2\/media\/79447"}],"wp:attachment":[{"href":"https:\/\/chezsmoke.ch\/de\/wp-json\/wp\/v2\/media?parent=122101"}],"wp:term":[{"taxonomy":"product_brand","embeddable":true,"href":"https:\/\/chezsmoke.ch\/de\/wp-json\/wp\/v2\/product_brand?post=122101"},{"taxonomy":"product_cat","embeddable":true,"href":"https:\/\/chezsmoke.ch\/de\/wp-json\/wp\/v2\/product_cat?post=122101"},{"taxonomy":"product_tag","embeddable":true,"href":"https:\/\/chezsmoke.ch\/de\/wp-json\/wp\/v2\/product_tag?post=122101"}],"curies":[{"name":"wp","href":"https:\/\/api.w.org\/{rel}","templated":true}]}}