{"id":122152,"date":"2020-02-20T12:12:13","date_gmt":"2020-02-20T11:12:13","guid":{"rendered":"https:\/\/chezsmoke.ch\/produit\/geekvape-boost-coil-0-6\/"},"modified":"2025-11-21T15:24:00","modified_gmt":"2025-11-21T14:24:00","slug":"dffs-22","status":"publish","type":"product","link":"https:\/\/chezsmoke.ch\/de\/produit\/dffs-22\/","title":{"rendered":"Geekvape B Series Coils"},"content":{"rendered":"<h3 data-start=\"127\" data-end=\"198\">\ud83d\udd25 B Series Widerst\u00e4nde von Geekvape &#8211; Leistung &amp; Geschmack top!<\/h3>\n<p data-start=\"200\" data-end=\"358\">Ob du ein Fan von <strong data-start=\"219\" data-end=\"237\">gro\u00dfen Wolken \ud83d\udca8<\/strong> oder eher ein ruhiger Dampfer <strong data-start=\"270\" data-end=\"283\">in MTL \ud83d\ude0c<\/strong> bist, die <strong data-start=\"301\" data-end=\"313\">B Series<\/strong> Widerst\u00e4nde von <strong data-start=\"317\" data-end=\"329\">Geekvape<\/strong> werden dich zufriedenstellen!<\/p>\n<p data-start=\"200\" data-end=\"358\">\u26a1 <strong data-start=\"428\" data-end=\"440\">Reaktives<\/strong> Dampfen, <strong data-start=\"450\" data-end=\"462\">intensive<\/strong> Aromen und <strong data-start=\"466\" data-end=\"489\">lange Lebensdauer<\/strong><\/p>\n<p data-start=\"592\" data-end=\"612\">\ud83d\udce6 <strong data-start=\"595\" data-end=\"612\">Verkauft zu 5 St\u00fcck<\/strong><\/p>\n<h3 data-start=\"619\" data-end=\"668\">\ud83c\udf08 Ma\u00dfgeschneidertes Dampfen mit der B Series Mesh<\/h3>\n<p data-start=\"670\" data-end=\"739\">Die <strong data-start=\"674\" data-end=\"691\">B Series Mesh<\/strong>, das sind <strong data-start=\"714\" data-end=\"722\">Mesh-Coils<\/strong> \ud83d\udd04, die bieten:<\/p>\n<p data-start=\"741\" data-end=\"892\">\u2705 <strong data-start=\"747\" data-end=\"767\">Gleichm\u00e4\u00dfige Erw\u00e4rmung<\/strong><br data-start=\"767\" data-end=\"770\">\u2705 <strong data-start=\"776\" data-end=\"817\">Hervorragende Geschmackswiedergabe \ud83d\ude0b<\/strong><br data-start=\"817\" data-end=\"820\">\u2705 <strong data-start=\"826\" data-end=\"857\">Gro\u00dfz\u00fcgiges Dampfen \ud83d\udcad<\/strong>.<\/p>\n<h3 data-start=\"899\" data-end=\"940\">\ud83d\udd0d Zoom auf zwei beliebte Modelle:<\/h3>\n<ul data-start=\"942\" data-end=\"1253\">\n<li data-start=\"942\" data-end=\"1096\">\n<p data-start=\"944\" data-end=\"1096\">\ud83c\udf00 <strong data-start=\"944\" data-end=\"972\">B Series Mesh 0.4 Ohm<\/strong><br data-start=\"972\" data-end=\"975\">\ud83d\udc49 Zugkraft <strong data-start=\"985\" data-end=\"992\">RDL<\/strong><br data-start=\"992\" data-end=\"995\">\ud83d\udc49 Leistung: <strong data-start=\"1010\" data-end=\"1023\">25W bis 35W<\/strong><br data-start=\"1023\" data-end=\"1026\">\ud83d\udc49 PG\/VG-Verh\u00e4ltnis: <strong data-start=\"1043\" data-end=\"1060\">50\/50 bis 30\/70<\/strong><br data-start=\"1060\" data-end=\"1063\">\ud83d\udc49 Nikotin: bis zu <strong data-start=\"1085\" data-end=\"1096\">9 mg\/ml<\/strong><\/p>\n<\/li>\n<li data-start=\"1098\" data-end=\"1253\">\n<p data-start=\"1100\" data-end=\"1253\">\ud83c\udf00 <strong data-start=\"1100\" data-end=\"1128\">B Series Mesh 0.6 Ohm<\/strong><br data-start=\"1128\" data-end=\"1131\">\ud83d\udc49 Zugkraft <strong data-start=\"1141\" data-end=\"1148\">RDL<\/strong><br data-start=\"1148\" data-end=\"1151\">\ud83d\udc49 Leistung: <strong data-start=\"1166\" data-end=\"1179\">15W bis 25W<\/strong><br data-start=\"1179\" data-end=\"1182\">\ud83d\udc49 PG\/VG-Verh\u00e4ltnis: <strong data-start=\"1199\" data-end=\"1216\">50\/50 bis 40\/60<\/strong><br data-start=\"1216\" data-end=\"1219\">\ud83d\udc49 Nikotin: bis zu <strong data-start=\"1241\" data-end=\"1253\">12 mg\/ml<\/strong><\/p>\n<\/li>\n<\/ul>\n<h3 data-start=\"1260\" data-end=\"1312\">\ud83d\udd17 Kompatibel mit mehreren Geekvape-Modellen:<\/h3>\n<ul data-start=\"1314\" data-end=\"1419\">\n<li data-start=\"1314\" data-end=\"1335\">\n<p data-start=\"1316\" data-end=\"1335\">Aegis Hero H45 \u2699\ufe0f<\/p>\n<\/li>\n<li data-start=\"1336\" data-end=\"1354\">\n<p data-start=\"1338\" data-end=\"1354\">Aegis Boost \u2699\ufe0f<\/p>\n<\/li>\n<li data-start=\"1355\" data-end=\"1378\">\n<p data-start=\"1357\" data-end=\"1378\">Aegis Boost Plus \u2699\ufe0f<\/p>\n<\/li>\n<li data-start=\"1379\" data-end=\"1396\">\n<p data-start=\"1381\" data-end=\"1396\">Aegis Hero \u2699\ufe0f<\/p>\n<\/li>\n<li data-start=\"1397\" data-end=\"1419\">\n<p data-start=\"1399\" data-end=\"1419\">Z Nano \/ Z Nano 2 \u2699\ufe0f<\/p>\n<\/li>\n<\/ul>\n<h3 data-start=\"1426\" data-end=\"1457\"><a href=\"https:\/\/chezsmoke.ch\/wp-content\/uploads\/2020\/02\/Aegis-Boost-300x300.jpg\"><img loading=\"lazy\" decoding=\"async\" class=\"alignnone size-medium wp-image-424014\" src=\"https:\/\/chezsmoke.ch\/wp-content\/uploads\/2020\/02\/Aegis-Boost-300x300.jpg\" alt=\"\" width=\"300\" height=\"300\" srcset=\"https:\/\/chezsmoke.ch\/wp-content\/uploads\/2020\/02\/Aegis-Boost-300x300.jpg 300w, https:\/\/chezsmoke.ch\/wp-content\/uploads\/2020\/02\/Aegis-Boost-150x150.jpg 150w, https:\/\/chezsmoke.ch\/wp-content\/uploads\/2020\/02\/Aegis-Boost-60x60.jpg 60w, https:\/\/chezsmoke.ch\/wp-content\/uploads\/2020\/02\/Aegis-Boost-96x96.jpg 96w, https:\/\/chezsmoke.ch\/wp-content\/uploads\/2020\/02\/Aegis-Boost-42x42.jpg 42w, https:\/\/chezsmoke.ch\/wp-content\/uploads\/2020\/02\/Aegis-Boost.jpg 360w\" sizes=\"auto, (max-width: 300px) 100vw, 300px\" \/><\/a><a href=\"https:\/\/chezsmoke.ch\/wp-content\/uploads\/2020\/02\/Z-Nano-300x129.jpg\"><img loading=\"lazy\" decoding=\"async\" class=\"alignnone wp-image-424017\" src=\"https:\/\/chezsmoke.ch\/wp-content\/uploads\/2020\/02\/Z-Nano-300x129.jpg\" alt=\"\" width=\"414\" height=\"178\" srcset=\"https:\/\/chezsmoke.ch\/wp-content\/uploads\/2020\/02\/Z-Nano-300x129.jpg 300w, https:\/\/chezsmoke.ch\/wp-content\/uploads\/2020\/02\/Z-Nano-768x330.jpg 768w, https:\/\/chezsmoke.ch\/wp-content\/uploads\/2020\/02\/Z-Nano-60x26.jpg 60w, https:\/\/chezsmoke.ch\/wp-content\/uploads\/2020\/02\/Z-Nano-600x258.jpg 600w, https:\/\/chezsmoke.ch\/wp-content\/uploads\/2020\/02\/Z-Nano-150x65.jpg 150w, https:\/\/chezsmoke.ch\/wp-content\/uploads\/2020\/02\/Z-Nano-96x41.jpg 96w, https:\/\/chezsmoke.ch\/wp-content\/uploads\/2020\/02\/Z-Nano-42x18.jpg 42w, https:\/\/chezsmoke.ch\/wp-content\/uploads\/2020\/02\/Z-Nano.jpg 830w\" sizes=\"auto, (max-width: 414px) 100vw, 414px\" \/><\/a><\/h3>\n<h3 data-start=\"1426\" data-end=\"1457\">\u26a0\ufe0f Kleine, aber wichtige Erinnerung!<\/h3>\n<p data-start=\"1459\" data-end=\"1714\">\ud83d\udd52 Wenn Sie einen <strong data-start=\"1485\" data-end=\"1508\">neuen Widerstand<\/strong> einbauen, <strong data-start=\"1510\" data-end=\"1533\">lassen Sie ihn<\/strong> <strong data-start=\"1555\" data-end=\"1569\">10 Minuten<\/strong> lang E-Fl\u00fcssigkeit einziehen, bevor Sie daran ziehen.<br data-start=\"1592\" data-end=\"1595\">\ud83d\ude16 Wenn die <strong data-start=\"1605\" data-end=\"1625\">Aromen nachlassen<\/strong> oder Sie einen <strong data-start=\"1644\" data-end=\"1661\">verbrannten<\/strong> Geschmack schmecken, ist es Zeit, <strong data-start=\"1688\" data-end=\"1713\">Ihren Widerstand zu wechseln<\/strong>.<\/p>\n","protected":false},"excerpt":{"rendered":"<p data-start=\"127\" data-end=\"198\">\ud83d\udd25 B Series Widerst\u00e4nde von Geekvape &#8211; Leistung &amp; Geschmack top!<\/p>\n","protected":false},"featured_media":447753,"comment_status":"open","ping_status":"closed","template":"","meta":{"_acf_changed":false},"product_brand":[],"product_cat":[1283,680,732],"product_tag":[],"class_list":{"0":"post-122152","1":"product","2":"type-product","3":"status-publish","4":"has-post-thumbnail","6":"product_cat-ersatz-coils","7":"product_cat-widerstande","8":"product_cat-geek-dampfen-de","10":"first","11":"instock","12":"taxable","13":"shipping-taxable","14":"purchasable","15":"product-type-variable"},"bundled_by":[],"bundle_stock_status":"instock","bundle_stock_quantity":0,"bundle_virtual":false,"bundle_layout":"","bundle_add_to_cart_form_location":"","bundle_editable_in_cart":false,"bundle_sold_individually_context":"","bundle_item_grouping":"","bundle_min_size":"","bundle_max_size":"","bundle_price":[],"bundled_items":[],"bundle_sell_ids":[],"acf":[],"_links":{"self":[{"href":"https:\/\/chezsmoke.ch\/de\/wp-json\/wp\/v2\/product\/122152","targetHints":{"allow":["GET"]}}],"collection":[{"href":"https:\/\/chezsmoke.ch\/de\/wp-json\/wp\/v2\/product"}],"about":[{"href":"https:\/\/chezsmoke.ch\/de\/wp-json\/wp\/v2\/types\/product"}],"replies":[{"embeddable":true,"href":"https:\/\/chezsmoke.ch\/de\/wp-json\/wp\/v2\/comments?post=122152"}],"wp:featuredmedia":[{"embeddable":true,"href":"https:\/\/chezsmoke.ch\/de\/wp-json\/wp\/v2\/media\/447753"}],"wp:attachment":[{"href":"https:\/\/chezsmoke.ch\/de\/wp-json\/wp\/v2\/media?parent=122152"}],"wp:term":[{"taxonomy":"product_brand","embeddable":true,"href":"https:\/\/chezsmoke.ch\/de\/wp-json\/wp\/v2\/product_brand?post=122152"},{"taxonomy":"product_cat","embeddable":true,"href":"https:\/\/chezsmoke.ch\/de\/wp-json\/wp\/v2\/product_cat?post=122152"},{"taxonomy":"product_tag","embeddable":true,"href":"https:\/\/chezsmoke.ch\/de\/wp-json\/wp\/v2\/product_tag?post=122152"}],"curies":[{"name":"wp","href":"https:\/\/api.w.org\/{rel}","templated":true}]}}