{"id":122177,"date":"2018-11-22T18:07:06","date_gmt":"2018-11-22T17:07:06","guid":{"rendered":"https:\/\/chezsmoke.ch\/produit\/chez-smoke-blend-4\/"},"modified":"2026-02-19T14:51:56","modified_gmt":"2026-02-19T13:51:56","slug":"503-apaloosa-blend-4-64","status":"publish","type":"product","link":"https:\/\/chezsmoke.ch\/de\/produit\/503-apaloosa-blend-4-64\/","title":{"rendered":"Chez Smoke Blend 4"},"content":{"rendered":"<h1>Qualit\u00e4tskontrolle<\/h1>\n<p>Die Produktionsst\u00e4tte von Chez Smoke entspricht den pharmazeutischen Standards und verf\u00fcgt \u00fcber industrielle Ger\u00e4te f\u00fcr die Abf\u00fcllung der e-Liquids.<br \/>\nDer industrielle Prozess der Chez Smoke E-Liquids h\u00e4lt sich strikt an die Richtlinien, die von CEFIC (Conseil Europ\u00e9en des F\u00e9d\u00e9rations de l&#8217;Industrie Chimique) f\u00fcr den Umgang mit und die Verteilung von Chemikalien herausgegeben wurden.<br \/>\nIn jeder Phase des industriellen Prozesses wird eine Qualit\u00e4tskontrolle eingef\u00fchrt, um die urspr\u00fcngliche Qualit\u00e4t des Produkts nachzuvollziehen und zu bewahren, vom Lagerbeh\u00e4lter des Herstellers der Rohstoffe (Propylenglykol, pflanzliches Glyzerin, Nikotin) bis hin zum Verbraucher.<br \/>\nSie arbeitet nach Qualit\u00e4tsmanagementsystemen wie den Normen ISO 9001 ISO 22000, den Grunds\u00e4tzen der Guten Herstellungspraxis (GMP) f\u00fcr Hilfsstoffe und dem Programm f\u00fcr Lebensmittelbestandteile zur Gefahrenanalyse und \u00dcberwachung kritischer Kontrollpunkte (Hazard Analysis and Critical Control Points &#8211; HACCP).<br \/>\nSie integriert eine Kette von Vorg\u00e4ngen (Handhabung, Lagerung, Transport, Verpackung usw.), die beim Endverbraucher mit einer maximalen Qualit\u00e4tsgarantie endet.<br \/>\nDie Sicherheit unserer Sch\u00fclerinnen und Sch\u00fcler steht an erster Stelle.<br \/>\nAus diesem Grund haben wir uns bewusst daf\u00fcr entschieden, die h\u00f6chsten Normen und Standards f\u00fcr unsere Produkte anzuwenden.      <\/p>\n<h1>Rohstoffe<\/h1>\n<p>Alle Lieferanten der Rohstoffe, die in die Herstellung der Chez Smoke einflie\u00dfen, sind europ\u00e4isch und verf\u00fcgen \u00fcber Produktionsst\u00e4tten in der Europ\u00e4ischen Union. Das verwendete Propylenglykol, pflanzliche Glycerin sowie Nikotin sind hochreine Produkte, die alle geltenden Spezifikationen der US-amerikanischen (USP) und europ\u00e4ischen (EP) Pharmakop\u00f6en erf\u00fcllen. Chez Smoke verwendet nat\u00fcrliche Lebensmittelaromen von europ\u00e4ischen und amerikanischen Herstellern. Die Herstellung der Aromen und ihre Zusammenstellung im Labor unterliegt der Verantwortung eines multidisziplin\u00e4ren Teams, das von Spezialisten f\u00fcr Aromenextraktion, Professoren f\u00fcr chemische Formulierung und Spezialisten f\u00fcr Lebensmittelverarbeitung geleitet wird.<\/p>\n<p>In einer <strong>80 ml<\/strong> Flasche finden Sie <strong>50 ml<\/strong> Fl\u00fcssigkeit mit verst\u00e4rkten Aromen. Diese Fl\u00fcssigkeit kann mit <a href=\"https:\/\/chezsmoke.ch\/product-category\/boosters-nicotine\/\">Nikotinboostern<\/a> erg\u00e4nzt werden, um die gew\u00fcnschte Dosis zu erhalten, oder mit einer <a href=\"https:\/\/chezsmoke.ch\/product-category\/bases\/\">neutralen, nikotinfreien Basis<\/a>. <strong>1 Booster f\u00fcr 3,3 mg\/ml, 2 Booster f\u00fcr 5,7 mg\/ml und 3 Booster f\u00fcr 7,5 mg\/ml <\/strong>(f\u00fcr h\u00f6here Nikotindosierungen ist ein externer Beh\u00e4lter vorzusehen). <\/p>\n<p>35PG \/ 65VG<\/p>\n<p><a href=\"https:\/\/chezsmoke.ch\/wp-content\/uploads\/2024\/09\/Avertissement-liquides-sans-nicotine-300x197.png\"><img loading=\"lazy\" decoding=\"async\" class=\"alignnone size-medium wp-image-337012\" src=\"https:\/\/chezsmoke.ch\/wp-content\/uploads\/2024\/09\/Avertissement-liquides-sans-nicotine-300x197.png\" alt=\"\" width=\"300\" height=\"197\" srcset=\"https:\/\/chezsmoke.ch\/wp-content\/uploads\/2024\/09\/Avertissement-liquides-sans-nicotine-300x197.png 300w, https:\/\/chezsmoke.ch\/wp-content\/uploads\/2024\/09\/Avertissement-liquides-sans-nicotine-96x63.png 96w, https:\/\/chezsmoke.ch\/wp-content\/uploads\/2024\/09\/Avertissement-liquides-sans-nicotine-42x28.png 42w, https:\/\/chezsmoke.ch\/wp-content\/uploads\/2024\/09\/Avertissement-liquides-sans-nicotine-60x39.png 60w, https:\/\/chezsmoke.ch\/wp-content\/uploads\/2024\/09\/Avertissement-liquides-sans-nicotine-600x394.png 600w, https:\/\/chezsmoke.ch\/wp-content\/uploads\/2024\/09\/Avertissement-liquides-sans-nicotine-150x99.png 150w, https:\/\/chezsmoke.ch\/wp-content\/uploads\/2024\/09\/Avertissement-liquides-sans-nicotine.png 755w\" sizes=\"auto, (max-width: 300px) 100vw, 300px\" \/><\/a><\/p>\n","protected":false},"excerpt":{"rendered":"<p>Einfach, cremig und voller Aromen.<br \/>\nBlend 4 ist ein kr\u00e4ftiger Tabak mit Nuancen von Karamell und Mandeln.<br \/>\nVollgepackt mit Aromen, glauben wir, dass diese gewagte Variante von RY4 die beste sein wird, die Sie je ausprobiert haben.<br \/>\nChez Smoke hat die besten amerikanischen und kanadischen Mixologen mit \u00fcber 10 Jahren Erfahrung zusammengebracht, um eine un\u00fcbertroffene Neuenburger Premium-Tabaklinie zu kreieren und so m\u00f6glichst viele Dampfer, Experten und Anf\u00e4nger, zufrieden zu stellen.   <\/p>\n","protected":false},"featured_media":470021,"comment_status":"open","ping_status":"closed","template":"","meta":{"_acf_changed":false},"product_brand":[],"product_cat":[1276,681,716],"product_tag":[],"class_list":{"0":"post-122177","1":"product","2":"type-product","3":"status-publish","4":"has-post-thumbnail","6":"product_cat-shortfill-0-8-mg-nikotin","7":"product_cat-e-liquids-de","8":"product_cat-tabakwaren","10":"first","11":"instock","12":"taxable","13":"shipping-taxable","14":"purchasable","15":"product-type-simple"},"bundled_by":["121825","121811","336421","336424"],"bundle_stock_status":"instock","bundle_stock_quantity":725,"bundle_virtual":false,"bundle_layout":"","bundle_add_to_cart_form_location":"","bundle_editable_in_cart":false,"bundle_sold_individually_context":"","bundle_item_grouping":"","bundle_min_size":"","bundle_max_size":"","bundle_price":[],"bundled_items":[],"bundle_sell_ids":[],"acf":[],"_links":{"self":[{"href":"https:\/\/chezsmoke.ch\/de\/wp-json\/wp\/v2\/product\/122177","targetHints":{"allow":["GET"]}}],"collection":[{"href":"https:\/\/chezsmoke.ch\/de\/wp-json\/wp\/v2\/product"}],"about":[{"href":"https:\/\/chezsmoke.ch\/de\/wp-json\/wp\/v2\/types\/product"}],"replies":[{"embeddable":true,"href":"https:\/\/chezsmoke.ch\/de\/wp-json\/wp\/v2\/comments?post=122177"}],"wp:featuredmedia":[{"embeddable":true,"href":"https:\/\/chezsmoke.ch\/de\/wp-json\/wp\/v2\/media\/470021"}],"wp:attachment":[{"href":"https:\/\/chezsmoke.ch\/de\/wp-json\/wp\/v2\/media?parent=122177"}],"wp:term":[{"taxonomy":"product_brand","embeddable":true,"href":"https:\/\/chezsmoke.ch\/de\/wp-json\/wp\/v2\/product_brand?post=122177"},{"taxonomy":"product_cat","embeddable":true,"href":"https:\/\/chezsmoke.ch\/de\/wp-json\/wp\/v2\/product_cat?post=122177"},{"taxonomy":"product_tag","embeddable":true,"href":"https:\/\/chezsmoke.ch\/de\/wp-json\/wp\/v2\/product_tag?post=122177"}],"curies":[{"name":"wp","href":"https:\/\/api.w.org\/{rel}","templated":true}]}}