{"id":129233,"date":"2022-05-13T17:22:35","date_gmt":"2022-05-13T15:22:35","guid":{"rendered":"https:\/\/chezsmoke.ch\/produit\/xtar-vc4-ladegeraet\/"},"modified":"2026-01-26T18:52:14","modified_gmt":"2026-01-26T17:52:14","slug":"ladegerat-xtar-vc4","status":"publish","type":"product","link":"https:\/\/chezsmoke.ch\/de\/produit\/ladegerat-xtar-vc4\/","title":{"rendered":"Xtar X4 Ladeger\u00e4t"},"content":{"rendered":"<p>Mit dem neuen X4-Ladeger\u00e4t k\u00f6nnen Sie bis zu 4 Li-Ionen-Akkus \u00fcberwachen und laden.<\/p>\n<p>Dank des Displays k\u00f6nnen Sie den Ladestand Ihrer Akkus in Echtzeit ablesen.<\/p>\n<p>Ein Muss, um immer die volle Ladung zu haben!<\/p>\n","protected":false},"excerpt":{"rendered":"<p>Effektives Ladeger\u00e4t f\u00fcr 4 Akkus! Gute Sichtbarkeit des Bildschirms. <\/p>\n","protected":false},"featured_media":125312,"comment_status":"closed","ping_status":"closed","template":"","meta":{"_acf_changed":false},"product_brand":[],"product_cat":[695,696],"product_tag":[],"class_list":{"0":"post-129233","1":"product","2":"type-product","3":"status-publish","4":"has-post-thumbnail","6":"product_cat-zubehor","7":"product_cat-ladegerate","9":"first","10":"instock","11":"taxable","12":"shipping-taxable","13":"purchasable","14":"product-type-simple"},"bundled_by":[],"bundle_stock_status":"instock","bundle_stock_quantity":4,"bundle_virtual":false,"bundle_layout":"","bundle_add_to_cart_form_location":"","bundle_editable_in_cart":false,"bundle_sold_individually_context":"","bundle_item_grouping":"","bundle_min_size":"","bundle_max_size":"","bundle_price":[],"bundled_items":[],"bundle_sell_ids":[],"acf":[],"_links":{"self":[{"href":"https:\/\/chezsmoke.ch\/de\/wp-json\/wp\/v2\/product\/129233","targetHints":{"allow":["GET"]}}],"collection":[{"href":"https:\/\/chezsmoke.ch\/de\/wp-json\/wp\/v2\/product"}],"about":[{"href":"https:\/\/chezsmoke.ch\/de\/wp-json\/wp\/v2\/types\/product"}],"replies":[{"embeddable":true,"href":"https:\/\/chezsmoke.ch\/de\/wp-json\/wp\/v2\/comments?post=129233"}],"wp:featuredmedia":[{"embeddable":true,"href":"https:\/\/chezsmoke.ch\/de\/wp-json\/wp\/v2\/media\/125312"}],"wp:attachment":[{"href":"https:\/\/chezsmoke.ch\/de\/wp-json\/wp\/v2\/media?parent=129233"}],"wp:term":[{"taxonomy":"product_brand","embeddable":true,"href":"https:\/\/chezsmoke.ch\/de\/wp-json\/wp\/v2\/product_brand?post=129233"},{"taxonomy":"product_cat","embeddable":true,"href":"https:\/\/chezsmoke.ch\/de\/wp-json\/wp\/v2\/product_cat?post=129233"},{"taxonomy":"product_tag","embeddable":true,"href":"https:\/\/chezsmoke.ch\/de\/wp-json\/wp\/v2\/product_tag?post=129233"}],"curies":[{"name":"wp","href":"https:\/\/api.w.org\/{rel}","templated":true}]}}