{"id":151432,"date":"2022-08-27T15:16:15","date_gmt":"2022-08-27T13:16:15","guid":{"rendered":"https:\/\/chezsmoke.ch\/produit\/geekvape-a-series-coils\/"},"modified":"2026-01-13T11:47:17","modified_gmt":"2026-01-13T10:47:17","slug":"geekvape-a-series-coils-2","status":"publish","type":"product","link":"https:\/\/chezsmoke.ch\/de\/produit\/geekvape-a-series-coils-2\/","title":{"rendered":"Geekvape A Series Coils"},"content":{"rendered":"<h3 data-start=\"114\" data-end=\"169\">\ud83d\udd01 5 A-Widerst\u00e4nde f\u00fcr Ihren Lieblings-Clearomizer \ud83d\udca8.<\/h3>\n<p data-start=\"171\" data-end=\"364\">Dieses <strong data-start=\"182\" data-end=\"213\">5er<\/strong> Pack <strong data-start=\"182\" data-end=\"213\">A by GeekVape Widerst\u00e4nde<\/strong> ist perfekt f\u00fcr Ihren <strong data-start=\"235\" data-end=\"262\">Z MTL Tank Clearomizer<\/strong> \ud83d\udc99! Sie sind zu 100% kompatibel und erm\u00f6glichen es Ihnen, weiterhin mit Freude zu dampfen, Tag f\u00fcr Tag \ud83d\ude0d. <\/p>\n<h3 data-start=\"371\" data-end=\"421\">\ud83c\udf53 Top-Geschmack &amp; Dampf \u2601\ufe0f<\/h3>\n<p data-start=\"422\" data-end=\"620\">Hergestellt aus <strong data-start=\"436\" data-end=\"447\">Kanthal<\/strong>, bieten diese Widerst\u00e4nde eine <strong data-start=\"477\" data-end=\"515\">ausgezeichnete Wiedergabe der Aromen<\/strong> \ud83d\udc4c, ohne dabei die sch\u00f6nen <strong data-start=\"544\" data-end=\"564\">Dampfwolken<\/strong> zu vernachl\u00e4ssigen. So k\u00f6nnen Sie Ihre Lieblings-E-Liquids in vollen Z\u00fcgen genie\u00dfen! <\/p>\n<h3 data-start=\"627\" data-end=\"669\">\u2699\ufe0f Zwei Versionen je nach Ihrem Rauchverhalten:<\/h3>\n<ul data-start=\"670\" data-end=\"755\">\n<li data-start=\"670\" data-end=\"713\">\n<p data-start=\"672\" data-end=\"713\">\ud83d\udd39 <strong data-start=\"675\" data-end=\"686\">0,8 Ohm<\/strong> \u279c zwischen <strong data-start=\"695\" data-end=\"708\">12 und 16W<\/strong> \ud83d\udd0b.<\/p>\n<\/li>\n<li data-start=\"714\" data-end=\"755\">\n<p data-start=\"716\" data-end=\"755\">\ud83d\udd39 1 <strong data-start=\"719\" data-end=\"730\">,2 Ohm<\/strong> \u279c zwischen <strong data-start=\"739\" data-end=\"751\">8 und 12W<\/strong> \u26a1.<\/p>\n<\/li>\n<\/ul>\n<p data-start=\"757\" data-end=\"837\">Perfekt f\u00fcr <strong data-start=\"776\" data-end=\"800\">MTL (indirektes) Dampfen<\/strong>, das sich auf ein <strong data-start=\"817\" data-end=\"834\">Maximum an Geschmack<\/strong> konzentriert \ud83d\ude0b.<\/p>\n<h3 data-start=\"844\" data-end=\"894\">\ud83d\udd04 Bei ersten Anzeichen von Verschlei\u00df zu wechseln<\/h3>\n<p data-start=\"895\" data-end=\"982\">\ud83d\udc49 Schlechterer Geschmack? Weniger Dampf? Dann ist es Zeit, Ihr Heizelement auszutauschen \ud83d\udee0\ufe0f  <\/p>\n<p data-start=\"895\" data-end=\"982\">\n","protected":false},"excerpt":{"rendered":"<p data-start=\"114\" data-end=\"169\">\ud83d\udd01 5 A-Widerst\u00e4nde f\u00fcr Ihren Lieblings-Clearomizer \ud83d\udca8.<\/p>\n","protected":false},"featured_media":149572,"comment_status":"closed","ping_status":"closed","template":"","meta":{"_acf_changed":false},"product_brand":[],"product_cat":[732,744,1099],"product_tag":[],"class_list":{"0":"post-151432","1":"product","2":"type-product","3":"status-publish","4":"has-post-thumbnail","6":"product_cat-geek-dampfen-de","7":"product_cat-tipps","8":"product_cat-gute-tipps-hardware","10":"first","11":"instock","12":"sale","13":"taxable","14":"shipping-taxable","15":"purchasable","16":"product-type-variable"},"bundled_by":[],"bundle_stock_status":"instock","bundle_stock_quantity":null,"bundle_virtual":false,"bundle_layout":"","bundle_add_to_cart_form_location":"","bundle_editable_in_cart":false,"bundle_sold_individually_context":"","bundle_item_grouping":"","bundle_min_size":"","bundle_max_size":"","bundle_price":[],"bundled_items":[],"bundle_sell_ids":[],"acf":[],"_links":{"self":[{"href":"https:\/\/chezsmoke.ch\/de\/wp-json\/wp\/v2\/product\/151432","targetHints":{"allow":["GET"]}}],"collection":[{"href":"https:\/\/chezsmoke.ch\/de\/wp-json\/wp\/v2\/product"}],"about":[{"href":"https:\/\/chezsmoke.ch\/de\/wp-json\/wp\/v2\/types\/product"}],"replies":[{"embeddable":true,"href":"https:\/\/chezsmoke.ch\/de\/wp-json\/wp\/v2\/comments?post=151432"}],"wp:featuredmedia":[{"embeddable":true,"href":"https:\/\/chezsmoke.ch\/de\/wp-json\/wp\/v2\/media\/149572"}],"wp:attachment":[{"href":"https:\/\/chezsmoke.ch\/de\/wp-json\/wp\/v2\/media?parent=151432"}],"wp:term":[{"taxonomy":"product_brand","embeddable":true,"href":"https:\/\/chezsmoke.ch\/de\/wp-json\/wp\/v2\/product_brand?post=151432"},{"taxonomy":"product_cat","embeddable":true,"href":"https:\/\/chezsmoke.ch\/de\/wp-json\/wp\/v2\/product_cat?post=151432"},{"taxonomy":"product_tag","embeddable":true,"href":"https:\/\/chezsmoke.ch\/de\/wp-json\/wp\/v2\/product_tag?post=151432"}],"curies":[{"name":"wp","href":"https:\/\/api.w.org\/{rel}","templated":true}]}}