{"id":174844,"date":"2022-12-02T11:35:51","date_gmt":"2022-12-02T10:35:51","guid":{"rendered":"https:\/\/chezsmoke.ch\/produit\/drip-tip-810-pimp-my-vape\/"},"modified":"2024-12-07T09:12:42","modified_gmt":"2024-12-07T08:12:42","slug":"drip-tip-810-pimp-my-vape","status":"publish","type":"product","link":"https:\/\/chezsmoke.ch\/de\/produit\/drip-tip-810-pimp-my-vape\/","title":{"rendered":"Drip Tip 810 Pimp My Vape"},"content":{"rendered":"<p><strong>black<\/strong>: Dieses Drip Tip 810 von Pimp My Vape ist perfekt, um mit hoher Leistung zu dampfen.<br \/>\nDie Legierung aus Delrin und PEI bietet gleichzeitig eine sehr gute Widerstandsf\u00e4higkeit gegen St\u00f6\u00dfe, Kratzer und andere allt\u00e4gliche Probleme, w\u00e4hrend sie sich nur wenig erhitzt, was Sie vor Verbrennungen sch\u00fctzt.<br \/>\nDar\u00fcber hinaus werden die Farben ultem und black stripes Ihrem Dampfen einen h\u00f6llischen Look verleihen! der Name der Marke macht Sinn.<br \/>\n<strong>Pet <\/strong>(schwarz transparent) : Dieses PET Drip Tip 810 von Pimp My Vape ist ein Muss f\u00fcr jeden Dampfer, der gro\u00dfe Wolken machen m\u00f6chte.<br \/>\nPET ist ein Material, das sowohl beim Erhitzen als auch bei St\u00f6\u00dfen widerstandsf\u00e4hig ist, und die Breite des Mundst\u00fccks verspricht eine gute Verteilung des Dampfes und perfekte Aromen im Mund.<br \/>\nAu\u00dferdem sorgen die 2 O-Ringe daf\u00fcr, dass das Drip Tip perfekt auf dem Zerst\u00e4uber sitzt.<br \/>\nSchlie\u00dflich k\u00f6nnen Sie mit diesem Drip Tip und seinen Variationen Ihr Dampfen nach Belieben &#8222;tunen&#8220;, um <strong>den<\/strong> Dampf zu erhalten, der <strong>Ihnen<\/strong> am besten gef\u00e4llt.  <\/p>\n","protected":false},"excerpt":{"rendered":"<p><strong>Drip Tips<\/strong> Pimp My Vape<\/p>\n","protected":false},"featured_media":171465,"comment_status":"closed","ping_status":"closed","template":"","meta":{"_acf_changed":false},"product_brand":[],"product_cat":[740,695],"product_tag":[],"class_list":{"0":"post-174844","1":"product","2":"type-product","3":"status-publish","4":"has-post-thumbnail","6":"product_cat-drip-tips-de","7":"product_cat-zubehor","9":"first","10":"instock","11":"taxable","12":"shipping-taxable","13":"purchasable","14":"product-type-simple"},"bundled_by":[],"bundle_stock_status":"instock","bundle_stock_quantity":4,"bundle_virtual":false,"bundle_layout":"","bundle_add_to_cart_form_location":"","bundle_editable_in_cart":false,"bundle_sold_individually_context":"","bundle_item_grouping":"","bundle_min_size":"","bundle_max_size":"","bundle_price":[],"bundled_items":[],"bundle_sell_ids":[],"acf":[],"_links":{"self":[{"href":"https:\/\/chezsmoke.ch\/de\/wp-json\/wp\/v2\/product\/174844","targetHints":{"allow":["GET"]}}],"collection":[{"href":"https:\/\/chezsmoke.ch\/de\/wp-json\/wp\/v2\/product"}],"about":[{"href":"https:\/\/chezsmoke.ch\/de\/wp-json\/wp\/v2\/types\/product"}],"replies":[{"embeddable":true,"href":"https:\/\/chezsmoke.ch\/de\/wp-json\/wp\/v2\/comments?post=174844"}],"wp:featuredmedia":[{"embeddable":true,"href":"https:\/\/chezsmoke.ch\/de\/wp-json\/wp\/v2\/media\/171465"}],"wp:attachment":[{"href":"https:\/\/chezsmoke.ch\/de\/wp-json\/wp\/v2\/media?parent=174844"}],"wp:term":[{"taxonomy":"product_brand","embeddable":true,"href":"https:\/\/chezsmoke.ch\/de\/wp-json\/wp\/v2\/product_brand?post=174844"},{"taxonomy":"product_cat","embeddable":true,"href":"https:\/\/chezsmoke.ch\/de\/wp-json\/wp\/v2\/product_cat?post=174844"},{"taxonomy":"product_tag","embeddable":true,"href":"https:\/\/chezsmoke.ch\/de\/wp-json\/wp\/v2\/product_tag?post=174844"}],"curies":[{"name":"wp","href":"https:\/\/api.w.org\/{rel}","templated":true}]}}