{"id":216181,"date":"2023-04-18T12:04:19","date_gmt":"2023-04-18T10:04:19","guid":{"rendered":"https:\/\/chezsmoke.ch\/produit\/aspire-nautilus-3-s\/"},"modified":"2025-12-18T15:54:21","modified_gmt":"2025-12-18T14:54:21","slug":"aspire-nautilus-3-s","status":"publish","type":"product","link":"https:\/\/chezsmoke.ch\/de\/produit\/aspire-nautilus-3-s\/","title":{"rendered":"Aspire Nautilus 3 S"},"content":{"rendered":"<p data-start=\"62\" data-end=\"160\">Der <strong data-start=\"65\" data-end=\"81\">Nautilus 3 S<\/strong> von Aspire, der gro\u00dfe Bruder des ber\u00fchmten <strong data-start=\"115\" data-end=\"129\">Nautilus 3<\/strong>, kommt und \u00fcberrascht! \ud83d\ude0d<\/p>\n<p data-start=\"162\" data-end=\"319\">Mit einem Durchmesser von 24 mm kann er je nach gew\u00e4hltem Pyrex <strong data-start=\"208\" data-end=\"224\">3,75 ml bis 4 ml<\/strong> e-Fl\u00fcssigkeit enthalten. \ud83d\udca7 Einfach zu bef\u00fcllen dank des <strong data-start=\"293\" data-end=\"315\">verschiebbaren Top-Caps<\/strong>. \ud83d\udd04  <\/p>\n<p data-start=\"321\" data-end=\"536\">Die von unten <strong data-start=\"325\" data-end=\"345\">einstellbare Airflow<\/strong> bietet viele Optionen f\u00fcr das Dampfen mit <strong data-start=\"393\" data-end=\"400\">RDL<\/strong> (regulierbar) oder <strong data-start=\"415\" data-end=\"422\">MTL<\/strong> (enger Zug). \ud83c\udf2c\ufe0f Und er ist <strong data-start=\"453\" data-end=\"504\">mit allen Nautilus Widerst\u00e4nden<\/strong> f\u00fcr ein individuelles Dampfen <strong data-start=\"453\" data-end=\"504\">kompatibel<\/strong>. \ud83d\udd25 <\/p>\n<p data-start=\"538\" data-end=\"671\">Au\u00dferdem ist es mit seiner wabenf\u00f6rmigen <strong data-start=\"580\" data-end=\"599\">Metallr\u00fcstung<\/strong>, die das Pyrex gegen St\u00f6\u00dfe und St\u00fcrze sch\u00fctzt, sehr <strong data-start=\"560\" data-end=\"570\">robust<\/strong>! \ud83d\udee1\ufe0f<\/p>\n<h3 data-start=\"673\" data-end=\"695\"><a href=\"https:\/\/chezsmoke.ch\/wp-content\/uploads\/2023\/04\/Nautilus-compo-300x110.jpg\"><img loading=\"lazy\" decoding=\"async\" class=\"alignnone wp-image-423500\" src=\"https:\/\/chezsmoke.ch\/wp-content\/uploads\/2023\/04\/Nautilus-compo-300x110.jpg\" alt=\"\" width=\"483\" height=\"177\" srcset=\"https:\/\/chezsmoke.ch\/wp-content\/uploads\/2023\/04\/Nautilus-compo-300x110.jpg 300w, https:\/\/chezsmoke.ch\/wp-content\/uploads\/2023\/04\/Nautilus-compo-60x22.jpg 60w, https:\/\/chezsmoke.ch\/wp-content\/uploads\/2023\/04\/Nautilus-compo-600x220.jpg 600w, https:\/\/chezsmoke.ch\/wp-content\/uploads\/2023\/04\/Nautilus-compo-150x55.jpg 150w, https:\/\/chezsmoke.ch\/wp-content\/uploads\/2023\/04\/Nautilus-compo-96x35.jpg 96w, https:\/\/chezsmoke.ch\/wp-content\/uploads\/2023\/04\/Nautilus-compo-42x15.jpg 42w, https:\/\/chezsmoke.ch\/wp-content\/uploads\/2023\/04\/Nautilus-compo.jpg 750w\" sizes=\"auto, (max-width: 483px) 100vw, 483px\" \/><\/a><\/h3>\n<h3 data-start=\"673\" data-end=\"695\">Die St\u00e4rken :<\/h3>\n<ul data-start=\"696\" data-end=\"870\">\n<li data-start=\"696\" data-end=\"730\">\n<p data-start=\"698\" data-end=\"730\"><strong data-start=\"698\" data-end=\"716\">Robustes<\/strong> und elegantes <strong data-start=\"698\" data-end=\"716\">Design<\/strong> \ud83d\ude0e\ud83d\ude0e.<\/p>\n<\/li>\n<li data-start=\"731\" data-end=\"778\">\n<p data-start=\"733\" data-end=\"778\"><strong data-start=\"733\" data-end=\"763\">Einfache Top-Cap-F\u00fcllung<\/strong> ohne Auslaufen \ud83d\udca6.<\/p>\n<\/li>\n<li data-start=\"779\" data-end=\"829\">\n<p data-start=\"781\" data-end=\"829\"><strong data-start=\"781\" data-end=\"801\">Einstellbare Airflow<\/strong> f\u00fcr ein einstellbares Dampfen \ud83c\udf2c\ufe0f<\/p>\n<\/li>\n<li data-start=\"830\" data-end=\"870\">\n<p data-start=\"832\" data-end=\"870\"><strong data-start=\"832\" data-end=\"867\">Metallschutz Wabe<\/strong> \ud83d\udc1d.<\/p>\n<\/li>\n<\/ul>\n<h3 data-start=\"872\" data-end=\"901\"><a href=\"https:\/\/chezsmoke.ch\/wp-content\/uploads\/2023\/04\/Nautilus-Refill-300x290.webp\"><img loading=\"lazy\" decoding=\"async\" class=\"alignnone size-medium wp-image-423503\" src=\"https:\/\/chezsmoke.ch\/wp-content\/uploads\/2023\/04\/Nautilus-Refill-300x290.webp\" alt=\"\" width=\"300\" height=\"290\" srcset=\"https:\/\/chezsmoke.ch\/wp-content\/uploads\/2023\/04\/Nautilus-Refill-300x290.webp 300w, https:\/\/chezsmoke.ch\/wp-content\/uploads\/2023\/04\/Nautilus-Refill-60x58.webp 60w, https:\/\/chezsmoke.ch\/wp-content\/uploads\/2023\/04\/Nautilus-Refill-600x580.webp 600w, https:\/\/chezsmoke.ch\/wp-content\/uploads\/2023\/04\/Nautilus-Refill-150x145.webp 150w, https:\/\/chezsmoke.ch\/wp-content\/uploads\/2023\/04\/Nautilus-Refill-96x93.webp 96w, https:\/\/chezsmoke.ch\/wp-content\/uploads\/2023\/04\/Nautilus-Refill-42x42.webp 42w, https:\/\/chezsmoke.ch\/wp-content\/uploads\/2023\/04\/Nautilus-Refill.webp 749w\" sizes=\"auto, (max-width: 300px) 100vw, 300px\" \/><\/a><\/h3>\n<h3 data-start=\"872\" data-end=\"901\">Kompatible Widerst\u00e4nde :<\/h3>\n<ul data-start=\"902\" data-end=\"1146\">\n<li data-start=\"902\" data-end=\"970\">\n<p data-start=\"904\" data-end=\"970\"><strong data-start=\"904\" data-end=\"922\">0.3 Ohm (mesh)<\/strong>: <strong data-start=\"930\" data-end=\"936\">DL-Dampfen<\/strong> mit reichlich Dampf \ud83d\udca8 (23-28W)<\/p>\n<\/li>\n<li data-start=\"971\" data-end=\"1008\">\n<p data-start=\"973\" data-end=\"1008\"><strong data-start=\"973\" data-end=\"984\">0.7 Ohm<\/strong>: Vape <strong data-start=\"992\" data-end=\"999\">RDL<\/strong> (18-23W)<\/p>\n<\/li>\n<li data-start=\"1009\" data-end=\"1101\">\n<p data-start=\"1011\" data-end=\"1101\"><strong data-start=\"1011\" data-end=\"1033\">1.8 Ohm (Nic Salt)<\/strong>: Enges <strong data-start=\"1041\" data-end=\"1048\">MTL-Dampfen<\/strong>, ideal f\u00fcr Nikotinsalze \ud83d\udc4c (10-12W)<\/p>\n<\/li>\n<li data-start=\"1102\" data-end=\"1146\">\n<p data-start=\"1104\" data-end=\"1146\"><strong data-start=\"1104\" data-end=\"1122\">0,7 Ohm (mesh)<\/strong>: Vape <strong data-start=\"1130\" data-end=\"1137\">RDL<\/strong> (20-25W)<\/p>\n<\/li>\n<\/ul>\n<p data-start=\"1148\" data-end=\"1214\">Der <strong data-start=\"1151\" data-end=\"1167\">Nautilus 3 S<\/strong>: Einzigartiges Design und hochwertiges Dampfen! \ud83c\udf1f<\/p>\n","protected":false},"excerpt":{"rendered":"<p>Der Nautilus 3 S von Aspire kommt und \u00fcberrascht! \ud83d\ude0d<\/p>\n","protected":false},"featured_media":203145,"comment_status":"closed","ping_status":"closed","template":"","meta":{"_acf_changed":false},"product_brand":[],"product_cat":[687,710,744,1099],"product_tag":[],"class_list":{"0":"post-216181","1":"product","2":"type-product","3":"status-publish","4":"has-post-thumbnail","6":"product_cat-tanks-de","7":"product_cat-aspire-de","8":"product_cat-tipps","9":"product_cat-gute-tipps-hardware","10":"pa_couleur-black-de","11":"pa_couleur-stainless-steel-de-2","13":"first","14":"instock","15":"sale","16":"taxable","17":"shipping-taxable","18":"purchasable","19":"product-type-variable"},"bundled_by":[],"bundle_stock_status":"instock","bundle_stock_quantity":null,"bundle_virtual":false,"bundle_layout":"","bundle_add_to_cart_form_location":"","bundle_editable_in_cart":false,"bundle_sold_individually_context":"","bundle_item_grouping":"","bundle_min_size":"","bundle_max_size":"","bundle_price":[],"bundled_items":[],"bundle_sell_ids":[],"acf":[],"_links":{"self":[{"href":"https:\/\/chezsmoke.ch\/de\/wp-json\/wp\/v2\/product\/216181","targetHints":{"allow":["GET"]}}],"collection":[{"href":"https:\/\/chezsmoke.ch\/de\/wp-json\/wp\/v2\/product"}],"about":[{"href":"https:\/\/chezsmoke.ch\/de\/wp-json\/wp\/v2\/types\/product"}],"replies":[{"embeddable":true,"href":"https:\/\/chezsmoke.ch\/de\/wp-json\/wp\/v2\/comments?post=216181"}],"wp:featuredmedia":[{"embeddable":true,"href":"https:\/\/chezsmoke.ch\/de\/wp-json\/wp\/v2\/media\/203145"}],"wp:attachment":[{"href":"https:\/\/chezsmoke.ch\/de\/wp-json\/wp\/v2\/media?parent=216181"}],"wp:term":[{"taxonomy":"product_brand","embeddable":true,"href":"https:\/\/chezsmoke.ch\/de\/wp-json\/wp\/v2\/product_brand?post=216181"},{"taxonomy":"product_cat","embeddable":true,"href":"https:\/\/chezsmoke.ch\/de\/wp-json\/wp\/v2\/product_cat?post=216181"},{"taxonomy":"product_tag","embeddable":true,"href":"https:\/\/chezsmoke.ch\/de\/wp-json\/wp\/v2\/product_tag?post=216181"}],"curies":[{"name":"wp","href":"https:\/\/api.w.org\/{rel}","templated":true}]}}