{"id":216221,"date":"2023-02-14T15:06:21","date_gmt":"2023-02-14T14:06:21","guid":{"rendered":"https:\/\/chezsmoke.ch\/produit\/punk-funk-hero-wassermelone-melone-konzentriert\/"},"modified":"2026-02-19T15:20:25","modified_gmt":"2026-02-19T14:20:25","slug":"punk-funk-hero-pasteque-melon","status":"publish","type":"product","link":"https:\/\/chezsmoke.ch\/de\/produit\/punk-funk-hero-pasteque-melon\/","title":{"rendered":"Punk Funk Hero Wassermelone Melone &#8211; Konzentriert"},"content":{"rendered":"<h4>Eine s\u00fc\u00dfe Wassermelone mit einer Scheibe Melone.<\/h4>\n<h2>Datenblatt :<\/h2>\n<ul>\n<li>Marke: Punk Funk Hero<\/li>\n<li>Packung: 30 ml<\/li>\n<li>PET-Flasche mit Sicherheitsverschluss<\/li>\n<li>Integrierte Pipette<\/li>\n<li>Geschmack: Wassermelone, Melone<\/li>\n<li>Zusammensetzung: Propylenglykol, Aromastoffe<\/li>\n<li>Ohne Farbstoffe<\/li>\n<li>Nat\u00fcrliche und k\u00fcnstliche Aromen<\/li>\n<li>Hergestellt in Frankreich<\/li>\n<li>Reifezeit: 15 Tage<\/li>\n<li>Empfohlener Konzentrationsgrad: 15%.<\/li>\n<\/ul>\n<p>Konzentrate k\u00f6nnen nicht direkt gedampft werden, sie sind daf\u00fcr gedacht, mit Base verd\u00fcnnt zu werden.<\/p>\n<p><a href=\"https:\/\/chezsmoke.ch\/wp-content\/uploads\/2024\/09\/Avertissement-liquides-sans-nicotine-300x197.png\"><img loading=\"lazy\" decoding=\"async\" class=\"alignnone size-medium wp-image-337012\" src=\"https:\/\/chezsmoke.ch\/wp-content\/uploads\/2024\/09\/Avertissement-liquides-sans-nicotine-300x197.png\" alt=\"\" width=\"300\" height=\"197\" srcset=\"https:\/\/chezsmoke.ch\/wp-content\/uploads\/2024\/09\/Avertissement-liquides-sans-nicotine-300x197.png 300w, https:\/\/chezsmoke.ch\/wp-content\/uploads\/2024\/09\/Avertissement-liquides-sans-nicotine-96x63.png 96w, https:\/\/chezsmoke.ch\/wp-content\/uploads\/2024\/09\/Avertissement-liquides-sans-nicotine-42x28.png 42w, https:\/\/chezsmoke.ch\/wp-content\/uploads\/2024\/09\/Avertissement-liquides-sans-nicotine-60x39.png 60w, https:\/\/chezsmoke.ch\/wp-content\/uploads\/2024\/09\/Avertissement-liquides-sans-nicotine-600x394.png 600w, https:\/\/chezsmoke.ch\/wp-content\/uploads\/2024\/09\/Avertissement-liquides-sans-nicotine-150x99.png 150w, https:\/\/chezsmoke.ch\/wp-content\/uploads\/2024\/09\/Avertissement-liquides-sans-nicotine.png 755w\" sizes=\"auto, (max-width: 300px) 100vw, 300px\" \/><\/a><\/p>\n","protected":false},"excerpt":{"rendered":"<p>Eine s\u00fc\u00dfe Wassermelone mit einer Scheibe Melone. Datenblatt : Marke: Punk Funk Hero Packung: 30 ml PET-Flasche mit Sicherheitsverschluss Integrierte<\/p>\n","protected":false},"featured_media":470006,"comment_status":"closed","ping_status":"closed","template":"","meta":{"_acf_changed":false},"product_brand":[],"product_cat":[742,743],"product_tag":[],"class_list":{"0":"post-216221","1":"product","2":"type-product","3":"status-publish","4":"has-post-thumbnail","6":"product_cat-diy-de","7":"product_cat-konzentrate","9":"first","10":"instock","11":"taxable","12":"shipping-taxable","13":"purchasable","14":"product-type-simple"},"bundled_by":[],"bundle_stock_status":"instock","bundle_stock_quantity":11,"bundle_virtual":false,"bundle_layout":"","bundle_add_to_cart_form_location":"","bundle_editable_in_cart":false,"bundle_sold_individually_context":"","bundle_item_grouping":"","bundle_min_size":"","bundle_max_size":"","bundle_price":[],"bundled_items":[],"bundle_sell_ids":[],"acf":[],"_links":{"self":[{"href":"https:\/\/chezsmoke.ch\/de\/wp-json\/wp\/v2\/product\/216221","targetHints":{"allow":["GET"]}}],"collection":[{"href":"https:\/\/chezsmoke.ch\/de\/wp-json\/wp\/v2\/product"}],"about":[{"href":"https:\/\/chezsmoke.ch\/de\/wp-json\/wp\/v2\/types\/product"}],"replies":[{"embeddable":true,"href":"https:\/\/chezsmoke.ch\/de\/wp-json\/wp\/v2\/comments?post=216221"}],"wp:featuredmedia":[{"embeddable":true,"href":"https:\/\/chezsmoke.ch\/de\/wp-json\/wp\/v2\/media\/470006"}],"wp:attachment":[{"href":"https:\/\/chezsmoke.ch\/de\/wp-json\/wp\/v2\/media?parent=216221"}],"wp:term":[{"taxonomy":"product_brand","embeddable":true,"href":"https:\/\/chezsmoke.ch\/de\/wp-json\/wp\/v2\/product_brand?post=216221"},{"taxonomy":"product_cat","embeddable":true,"href":"https:\/\/chezsmoke.ch\/de\/wp-json\/wp\/v2\/product_cat?post=216221"},{"taxonomy":"product_tag","embeddable":true,"href":"https:\/\/chezsmoke.ch\/de\/wp-json\/wp\/v2\/product_tag?post=216221"}],"curies":[{"name":"wp","href":"https:\/\/api.w.org\/{rel}","templated":true}]}}