{"id":221833,"date":"2023-06-23T14:34:19","date_gmt":"2023-06-23T12:34:19","guid":{"rendered":"https:\/\/chezsmoke.ch\/produit\/geekvape-aegis-boost-pro-2-b100-kit\/"},"modified":"2025-08-14T15:11:34","modified_gmt":"2025-08-14T13:11:34","slug":"geekvape-aegis-boost-pro-2-kit","status":"publish","type":"product","link":"https:\/\/chezsmoke.ch\/de\/produit\/geekvape-aegis-boost-pro-2-kit\/","title":{"rendered":"Geekvape Aegis Boost Pro 2 B100 Kit"},"content":{"rendered":"<h3 data-start=\"121\" data-end=\"189\">\ud83d\ude80 <strong data-start=\"128\" data-end=\"189\">Geekvape B100 (Aegis Boost Pro 2) : Der Allround-Pod!<\/strong><\/h3>\n<p data-start=\"191\" data-end=\"364\">Geekvape meldet sich zur\u00fcck \ud83d\udcaa mit einer neuen Version seines Aegis Boost Pods: der <strong data-start=\"274\" data-end=\"282\">B100<\/strong>, auch bekannt als <strong data-start=\"297\" data-end=\"318\">Aegis Boost Pro 2.<\/strong> Ein robuster, stilvoller und superstarker Pod! \ud83d\udd0b<\/p>\n<h3 data-start=\"371\" data-end=\"414\">\ud83d\udee1\ufe0f <strong data-start=\"379\" data-end=\"414\">\u00c4u\u00dferst widerstandsf\u00e4hig (IP68-zertifiziert)<\/strong><\/h3>\n<ul data-start=\"415\" data-end=\"545\">\n<li data-start=\"415\" data-end=\"488\">\n<p data-start=\"417\" data-end=\"488\"><strong data-start=\"427\" data-end=\"439\">Wasserfest \ud83d\udca6,<\/strong> <strong data-start=\"441\" data-end=\"461\">staubfest \ud83c\udf2c\ufe0f,<\/strong> und sogar <strong data-start=\"475\" data-end=\"488\">sturzfest \ud83e\udd15<\/strong>.<\/p>\n<\/li>\n<li data-start=\"489\" data-end=\"545\">\n<p data-start=\"491\" data-end=\"545\">Perfekt f\u00fcr Abenteurer \ud83e\udded (oder Ungeschickte \ud83d\ude05)<\/p>\n<\/li>\n<\/ul>\n<h3 data-start=\"552\" data-end=\"583\"><a href=\"https:\/\/chezsmoke.ch\/wp-content\/uploads\/2023\/06\/Aegis-Boost-IP68-1-300x131.jpg\"><img loading=\"lazy\" decoding=\"async\" class=\"alignnone size-medium wp-image-423590\" src=\"https:\/\/chezsmoke.ch\/wp-content\/uploads\/2023\/06\/Aegis-Boost-IP68-1-300x131.jpg\" alt=\"\" width=\"300\" height=\"131\" srcset=\"https:\/\/chezsmoke.ch\/wp-content\/uploads\/2023\/06\/Aegis-Boost-IP68-1-300x131.jpg 300w, https:\/\/chezsmoke.ch\/wp-content\/uploads\/2023\/06\/Aegis-Boost-IP68-1-60x26.jpg 60w, https:\/\/chezsmoke.ch\/wp-content\/uploads\/2023\/06\/Aegis-Boost-IP68-1-150x65.jpg 150w, https:\/\/chezsmoke.ch\/wp-content\/uploads\/2023\/06\/Aegis-Boost-IP68-1-96x42.jpg 96w, https:\/\/chezsmoke.ch\/wp-content\/uploads\/2023\/06\/Aegis-Boost-IP68-1-42x18.jpg 42w, https:\/\/chezsmoke.ch\/wp-content\/uploads\/2023\/06\/Aegis-Boost-IP68-1.jpg 340w\" sizes=\"auto, (max-width: 300px) 100vw, 300px\" \/><\/a><\/h3>\n<h3 data-start=\"552\" data-end=\"583\">\ud83d\udd25 <strong data-start=\"559\" data-end=\"583\">Kompakt, aber stark<\/strong><\/h3>\n<ul data-start=\"584\" data-end=\"815\">\n<li data-start=\"584\" data-end=\"631\">\n<p data-start=\"586\" data-end=\"631\">Kompaktes Design \ud83d\udd32, aber <strong data-start=\"623\" data-end=\"631\">100W<\/strong> Leistung<\/p>\n<\/li>\n<li data-start=\"632\" data-end=\"682\">\n<p data-start=\"634\" data-end=\"682\">Funktioniert mit <strong data-start=\"650\" data-end=\"666\">1 x 18650 Akku<\/strong> (inbegriffen\ud83d\udd0b)<\/p>\n<\/li>\n<li data-start=\"683\" data-end=\"815\">\n<p data-start=\"685\" data-end=\"721\">Zwei Widerst\u00e4nde der P-Serie im Lieferumfang enthalten:<\/p>\n<ul data-start=\"724\" data-end=\"815\">\n<li data-start=\"724\" data-end=\"768\">\n<p data-start=\"726\" data-end=\"768\"><strong data-start=\"726\" data-end=\"738\">0,15 Ohm<\/strong> \u27a1\ufe0f f\u00fcr <strong data-start=\"750\" data-end=\"768\">gro\u00dfe Wolken \u2601\ufe0f<\/strong><\/p>\n<\/li>\n<li data-start=\"771\" data-end=\"815\">\n<p data-start=\"773\" data-end=\"815\"><strong data-start=\"773\" data-end=\"784\">0.4 Ohm<\/strong> \u27a1\ufe0f f\u00fcr <strong data-start=\"793\" data-end=\"815\">mehr Geschmack \ud83c\udf53<\/strong>.<\/p>\n<\/li>\n<\/ul>\n<\/li>\n<\/ul>\n<h3 data-start=\"822\" data-end=\"859\">\ud83e\udde0 <strong data-start=\"829\" data-end=\"859\">Chipsatz AS 3.0 intelligent<\/strong><\/h3>\n<ul data-start=\"860\" data-end=\"1136\">\n<li data-start=\"860\" data-end=\"887\">\n<p data-start=\"862\" data-end=\"887\">Reagiert ultraschnell \u26a1.<\/p>\n<\/li>\n<li data-start=\"888\" data-end=\"1136\">\n<p data-start=\"890\" data-end=\"911\">4 Modi verf\u00fcgbar:<\/p>\n<ul data-start=\"914\" data-end=\"1136\">\n<li data-start=\"914\" data-end=\"957\">\n<p data-start=\"916\" data-end=\"957\"><strong data-start=\"916\" data-end=\"928\">POWER \ud83d\udd27<\/strong>: Manuelle Einstellung von 5 bis 100W<\/p>\n<\/li>\n<li data-start=\"960\" data-end=\"1032\">\n<p data-start=\"962\" data-end=\"1032\"><strong data-start=\"962\" data-end=\"974\">SMART \ud83e\udd16<\/strong>: passt die Leistung automatisch an den Widerstand an<\/p>\n<\/li>\n<li data-start=\"1035\" data-end=\"1084\">\n<p data-start=\"1037\" data-end=\"1084\"><strong data-start=\"1037\" data-end=\"1052\">BOOSTING \ud83d\ude80<\/strong>: max. Dampf automatisch<\/p>\n<\/li>\n<li data-start=\"1087\" data-end=\"1136\">\n<p data-start=\"1089\" data-end=\"1136\"><strong data-start=\"1089\" data-end=\"1100\">VPC \ud83c\udf9b\ufe0f<\/strong>: Personalisieren Sie Ihre Heizkurve<\/p>\n<\/li>\n<\/ul>\n<\/li>\n<\/ul>\n<h3 data-start=\"1410\" data-end=\"1452\">\ud83d\udca8 <strong data-start=\"1417\" data-end=\"1452\">Leistungsstarke 4.5 ml Kartusche<\/strong><\/h3>\n<ul data-start=\"1453\" data-end=\"1597\">\n<li data-start=\"1453\" data-end=\"1501\">\n<p data-start=\"1455\" data-end=\"1501\">Bef\u00fcllung <strong data-start=\"1467\" data-end=\"1482\">von oben<\/strong> \u2795 einfach und sauber<\/p>\n<\/li>\n<li data-start=\"1502\" data-end=\"1547\">\n<p data-start=\"1504\" data-end=\"1547\"><strong data-start=\"1504\" data-end=\"1528\">Einstellbare Top-Airflow<\/strong> \u27a1\ufe0f kein Auslaufen \ud83d\udca7.<\/p>\n<\/li>\n<li data-start=\"1548\" data-end=\"1597\">\n<p data-start=\"1550\" data-end=\"1597\">Kompatibel mit den Widerst\u00e4nden der <strong data-start=\"1582\" data-end=\"1594\">P Series<\/strong> \ud83d\udd01.<\/p>\n<\/li>\n<\/ul>\n<h3 data-start=\"1604\" data-end=\"1629\"><a href=\"https:\/\/chezsmoke.ch\/wp-content\/uploads\/2023\/06\/Aegis-Boost-resistance.jpg\"><img loading=\"lazy\" decoding=\"async\" class=\"alignnone size-full wp-image-423587\" src=\"https:\/\/chezsmoke.ch\/wp-content\/uploads\/2023\/06\/Aegis-Boost-resistance.jpg\" alt=\"\" width=\"188\" height=\"138\" srcset=\"https:\/\/chezsmoke.ch\/wp-content\/uploads\/2023\/06\/Aegis-Boost-resistance.jpg 188w, https:\/\/chezsmoke.ch\/wp-content\/uploads\/2023\/06\/Aegis-Boost-resistance-60x44.jpg 60w, https:\/\/chezsmoke.ch\/wp-content\/uploads\/2023\/06\/Aegis-Boost-resistance-150x110.jpg 150w, https:\/\/chezsmoke.ch\/wp-content\/uploads\/2023\/06\/Aegis-Boost-resistance-96x70.jpg 96w, https:\/\/chezsmoke.ch\/wp-content\/uploads\/2023\/06\/Aegis-Boost-resistance-42x31.jpg 42w\" sizes=\"auto, (max-width: 188px) 100vw, 188px\" \/><\/a><a href=\"https:\/\/chezsmoke.ch\/wp-content\/uploads\/2023\/06\/Aegis-Boost-Refill.jpg\"><img loading=\"lazy\" decoding=\"async\" class=\"alignnone size-full wp-image-423584\" src=\"https:\/\/chezsmoke.ch\/wp-content\/uploads\/2023\/06\/Aegis-Boost-Refill.jpg\" alt=\"\" width=\"186\" height=\"138\" srcset=\"https:\/\/chezsmoke.ch\/wp-content\/uploads\/2023\/06\/Aegis-Boost-Refill.jpg 186w, https:\/\/chezsmoke.ch\/wp-content\/uploads\/2023\/06\/Aegis-Boost-Refill-60x45.jpg 60w, https:\/\/chezsmoke.ch\/wp-content\/uploads\/2023\/06\/Aegis-Boost-Refill-150x111.jpg 150w, https:\/\/chezsmoke.ch\/wp-content\/uploads\/2023\/06\/Aegis-Boost-Refill-96x71.jpg 96w, https:\/\/chezsmoke.ch\/wp-content\/uploads\/2023\/06\/Aegis-Boost-Refill-42x31.jpg 42w\" sizes=\"auto, (max-width: 186px) 100vw, 186px\" \/><\/a><\/h3>\n<h3 data-start=\"1604\" data-end=\"1629\">\ud83d\udce6 <strong data-start=\"1611\" data-end=\"1629\">Inhalt des Pakets<\/strong><\/h3>\n<p data-start=\"1630\" data-end=\"1830\">\u2705 1 Pod Aegis Boost Pro 2 (B100)<br data-start=\"1662\" data-end=\"1665\">\u2705 1 Patrone B100<br data-start=\"1683\" data-end=\"1686\">\u2705 1 Widerstand 0.15 Ohm<br data-start=\"1709\" data-end=\"1712\">\u2705 1 Widerstand 0.40 Ohm<br data-start=\"1735\" data-end=\"1738\">\u2705 1 Werkzeug zum Entfernen der Widerst\u00e4nde \ud83d\udd27<br data-start=\"1779\" data-end=\"1782\">\u2705 1 USB-C Kabel \ud83d\udd0c<br data-start=\"1800\" data-end=\"1803\">\u2705 1 Benutzerhandbuch \ud83d\udcd8.<\/p>\n","protected":false},"excerpt":{"rendered":"<p data-start=\"121\" data-end=\"189\">\ud83d\ude80 Geekvape B100: Der gel\u00e4ndeg\u00e4ngige Pod!<\/p>\n","protected":false},"featured_media":337180,"comment_status":"closed","ping_status":"closed","template":"","meta":{"_acf_changed":false},"product_brand":[],"product_cat":[692,736],"product_tag":[],"class_list":{"0":"post-221833","1":"product","2":"type-product","3":"status-publish","4":"has-post-thumbnail","6":"product_cat-elektronische-zigaretten","7":"product_cat-set-fuer-intensives-dampfen","8":"pa_couleur-black-de","9":"pa_couleur-blau-rot","10":"pa_couleur-bottle-green-de","11":"pa_couleur-mint-blue-de","12":"pa_couleur-pink-purple-de","13":"pa_couleur-rainbow-de","14":"pa_couleur-silver-de","16":"first","17":"outofstock","18":"taxable","19":"shipping-taxable","20":"purchasable","21":"product-type-variable"},"bundled_by":[],"bundle_stock_status":"outofstock","bundle_stock_quantity":null,"bundle_virtual":false,"bundle_layout":"","bundle_add_to_cart_form_location":"","bundle_editable_in_cart":false,"bundle_sold_individually_context":"","bundle_item_grouping":"","bundle_min_size":"","bundle_max_size":"","bundle_price":[],"bundled_items":[],"bundle_sell_ids":[],"acf":[],"_links":{"self":[{"href":"https:\/\/chezsmoke.ch\/de\/wp-json\/wp\/v2\/product\/221833","targetHints":{"allow":["GET"]}}],"collection":[{"href":"https:\/\/chezsmoke.ch\/de\/wp-json\/wp\/v2\/product"}],"about":[{"href":"https:\/\/chezsmoke.ch\/de\/wp-json\/wp\/v2\/types\/product"}],"replies":[{"embeddable":true,"href":"https:\/\/chezsmoke.ch\/de\/wp-json\/wp\/v2\/comments?post=221833"}],"wp:featuredmedia":[{"embeddable":true,"href":"https:\/\/chezsmoke.ch\/de\/wp-json\/wp\/v2\/media\/337180"}],"wp:attachment":[{"href":"https:\/\/chezsmoke.ch\/de\/wp-json\/wp\/v2\/media?parent=221833"}],"wp:term":[{"taxonomy":"product_brand","embeddable":true,"href":"https:\/\/chezsmoke.ch\/de\/wp-json\/wp\/v2\/product_brand?post=221833"},{"taxonomy":"product_cat","embeddable":true,"href":"https:\/\/chezsmoke.ch\/de\/wp-json\/wp\/v2\/product_cat?post=221833"},{"taxonomy":"product_tag","embeddable":true,"href":"https:\/\/chezsmoke.ch\/de\/wp-json\/wp\/v2\/product_tag?post=221833"}],"curies":[{"name":"wp","href":"https:\/\/api.w.org\/{rel}","templated":true}]}}