{"id":221862,"date":"2023-06-16T12:53:20","date_gmt":"2023-06-16T10:53:20","guid":{"rendered":"https:\/\/chezsmoke.ch\/produit\/ojlab-reservat-heritage-no-1\/"},"modified":"2026-02-17T14:45:43","modified_gmt":"2026-02-17T13:45:43","slug":"ojlab-reserve-heritage-no-1","status":"publish","type":"product","link":"https:\/\/chezsmoke.ch\/de\/produit\/ojlab-reserve-heritage-no-1\/","title":{"rendered":"Heritage Reserve No. 1"},"content":{"rendered":"<p><span class=\"sw\">Whisky-Liebhaber<\/span>? L<span class=\"sw\">e<\/span> <span class=\"sw\">e-Liquid<\/span> <span class=\"sw\"><strong>O&#8217;Jlab<\/strong><\/span> <strong><span class=\"sw\">Reserve<\/span> <span class=\"sw\">Heritage<\/span> No. <span class=\"sw\">1<\/span><\/strong> <span class=\"sw\">ist<\/span> <span class=\"sw\">ist<\/span> <span class=\"sw\">f\u00fcr<\/span> <span class=\"sw\">f\u00fcr Sie geeignet!<\/span> <span class=\"sw\">Die E-Fl\u00fcssigkeit<\/span> <strong><span class=\"sw\">Reserve<\/span> <span class=\"sw\">Heritage<\/span> No. 1<\/strong> <span class=\"sw\">ist<\/span> <span class=\"sw\">eine<\/span> <span class=\"sw\">k\u00f6stlich<\/span> <span class=\"sw\">Rezept<\/span> <span class=\"sw\">Gourmet<\/span> <span class=\"sw\">basierend<\/span> <span class=\"sw\">auf<\/span> <span class=\"sw\">von<\/span> <span class=\"sw\">Noten<\/span> <span class=\"sw\">von<\/span> <span class=\"sw\"><strong>Whisky<\/strong>,<\/span> <span class=\"sw\">von<\/span> <strong><span class=\"sw\">Haseln\u00fcsse<\/span> <\/strong><span class=\"sw\"><strong>ger\u00f6stet<\/strong>,<\/span> <span class=\"sw\">von<\/span> <span class=\"sw\"><strong>Karamell<\/strong>,<\/span> <span class=\"sw\">von<\/span> <span class=\"sw\"><strong>Kekse,<\/strong><\/span> <span class=\"sw\">von<\/span> <strong><span class=\"sw\">Getreide<\/span><\/strong> <span class=\"sw\">und<\/span> <span class=\"sw\">von<\/span> <span class=\"sw\"><strong>bourbon<\/strong><\/span> <span class=\"sw\"><strong>holzig.<\/strong><\/span> <span class=\"sw\">Saft<\/span> <span class=\"sw\">von<\/span> <span class=\"sw\">erste<\/span> <span class=\"sw\">Qualit\u00e4t<\/span> <span class=\"sw\">f\u00fcr<\/span> <span class=\"sw\">die<\/span> <span class=\"sw\">Dampfer<\/span> <span class=\"sw\">die<\/span> <span class=\"sw\">mehr<\/span> <span class=\"sw\">anspruchsvoll.<\/span><\/p>\n<p>In einer <strong>70 ml<\/strong> Flasche finden Sie <strong>50 ml<\/strong> Fl\u00fcssigkeit mit verst\u00e4rkten Aromen. Diese Fl\u00fcssigkeit kann mit <a href=\"https:\/\/chezsmoke.ch\/product-category\/boosters-nicotine\/\">Nikotinboostern<\/a> erg\u00e4nzt werden, um die gew\u00fcnschte Dosis zu erhalten, oder mit einer <a href=\"https:\/\/chezsmoke.ch\/product-category\/bases\/\">neutralen, nikotinfreien Basis<\/a>. <strong>1 Booster f\u00fcr 3 mg\/ml und 2 Booster f\u00fcr 6 mg\/ml<\/strong> (f\u00fcr h\u00f6here Nikotindosierungen ist ein externer Beh\u00e4lter vorzusehen). <\/p>\n<p>30PG \/ 70VG<\/p>\n<p>&nbsp;<\/p>\n<p><a href=\"https:\/\/chezsmoke.ch\/wp-content\/uploads\/2024\/09\/Avertissement-liquides-sans-nicotine-300x197.png\"><img loading=\"lazy\" decoding=\"async\" class=\"alignnone size-medium wp-image-337012\" src=\"https:\/\/chezsmoke.ch\/wp-content\/uploads\/2024\/09\/Avertissement-liquides-sans-nicotine-300x197.png\" alt=\"\" width=\"300\" height=\"197\" srcset=\"https:\/\/chezsmoke.ch\/wp-content\/uploads\/2024\/09\/Avertissement-liquides-sans-nicotine-300x197.png 300w, https:\/\/chezsmoke.ch\/wp-content\/uploads\/2024\/09\/Avertissement-liquides-sans-nicotine-96x63.png 96w, https:\/\/chezsmoke.ch\/wp-content\/uploads\/2024\/09\/Avertissement-liquides-sans-nicotine-42x28.png 42w, https:\/\/chezsmoke.ch\/wp-content\/uploads\/2024\/09\/Avertissement-liquides-sans-nicotine-60x39.png 60w, https:\/\/chezsmoke.ch\/wp-content\/uploads\/2024\/09\/Avertissement-liquides-sans-nicotine-600x394.png 600w, https:\/\/chezsmoke.ch\/wp-content\/uploads\/2024\/09\/Avertissement-liquides-sans-nicotine-150x99.png 150w, https:\/\/chezsmoke.ch\/wp-content\/uploads\/2024\/09\/Avertissement-liquides-sans-nicotine.png 755w\" sizes=\"auto, (max-width: 300px) 100vw, 300px\" \/><\/a><\/p>\n","protected":false},"excerpt":{"rendered":"<p>F\u00fcr einen ausgezeichneten Sonntagabend vor dem Kamin!<\/p>\n","protected":false},"featured_media":469351,"comment_status":"closed","ping_status":"closed","template":"","meta":{"_acf_changed":false},"product_brand":[],"product_cat":[681,1153,708],"product_tag":[],"class_list":{"0":"post-221862","1":"product","2":"type-product","3":"status-publish","4":"has-post-thumbnail","6":"product_cat-e-liquids-de","7":"product_cat-getranke","8":"product_cat-gourmands-de","10":"first","11":"instock","12":"taxable","13":"shipping-taxable","14":"purchasable","15":"product-type-simple"},"bundled_by":[],"bundle_stock_status":"instock","bundle_stock_quantity":6,"bundle_virtual":false,"bundle_layout":"","bundle_add_to_cart_form_location":"","bundle_editable_in_cart":false,"bundle_sold_individually_context":"","bundle_item_grouping":"","bundle_min_size":"","bundle_max_size":"","bundle_price":[],"bundled_items":[],"bundle_sell_ids":[],"acf":[],"_links":{"self":[{"href":"https:\/\/chezsmoke.ch\/de\/wp-json\/wp\/v2\/product\/221862","targetHints":{"allow":["GET"]}}],"collection":[{"href":"https:\/\/chezsmoke.ch\/de\/wp-json\/wp\/v2\/product"}],"about":[{"href":"https:\/\/chezsmoke.ch\/de\/wp-json\/wp\/v2\/types\/product"}],"replies":[{"embeddable":true,"href":"https:\/\/chezsmoke.ch\/de\/wp-json\/wp\/v2\/comments?post=221862"}],"wp:featuredmedia":[{"embeddable":true,"href":"https:\/\/chezsmoke.ch\/de\/wp-json\/wp\/v2\/media\/469351"}],"wp:attachment":[{"href":"https:\/\/chezsmoke.ch\/de\/wp-json\/wp\/v2\/media?parent=221862"}],"wp:term":[{"taxonomy":"product_brand","embeddable":true,"href":"https:\/\/chezsmoke.ch\/de\/wp-json\/wp\/v2\/product_brand?post=221862"},{"taxonomy":"product_cat","embeddable":true,"href":"https:\/\/chezsmoke.ch\/de\/wp-json\/wp\/v2\/product_cat?post=221862"},{"taxonomy":"product_tag","embeddable":true,"href":"https:\/\/chezsmoke.ch\/de\/wp-json\/wp\/v2\/product_tag?post=221862"}],"curies":[{"name":"wp","href":"https:\/\/api.w.org\/{rel}","templated":true}]}}