{"id":242287,"date":"2023-09-13T13:22:57","date_gmt":"2023-09-13T11:22:57","guid":{"rendered":"https:\/\/chezsmoke.ch\/produit\/geekvape-aegis-max-2\/"},"modified":"2025-07-24T17:04:59","modified_gmt":"2025-07-24T15:04:59","slug":"geekvape-aegis-max-2","status":"publish","type":"product","link":"https:\/\/chezsmoke.ch\/de\/produit\/geekvape-aegis-max-2\/","title":{"rendered":"Geekvape Aegis Max 2"},"content":{"rendered":"<h3 data-start=\"299\" data-end=\"370\">\ud83d\udee1\ufe0f Aegis Max 2 von Geekvape &#8211; Die Allround-Box kommt besser zur\u00fcck<\/h3>\n<p data-start=\"372\" data-end=\"709\">Leichter, ergonomischer, leistungsst\u00e4rker: Die <strong data-start=\"425\" data-end=\"444\">Aegis Max 2 Box<\/strong> ist die R\u00fcckkehr einer Ikone des robusten Dampfen. Geekvape verfeinert seine Formel mit einer \u00fcberarbeiteten Version, die immer noch unverw\u00fcstlich ist, aber jetzt komfortabler und moderner. Perfekt f\u00fcr mobile Dampfer oder diejenigen, die eine zuverl\u00e4ssige Box f\u00fcr den t\u00e4glichen Gebrauch suchen.  <\/p>\n<h3 data-start=\"711\" data-end=\"748\">\ud83e\uddf1 Robustheit IP68, Komfort in der Hand<\/h3>\n<p data-start=\"750\" data-end=\"1126\">Geekvape geht bei der Robustheit keine Kompromisse ein. Der <strong data-start=\"805\" data-end=\"819\">IP68-Standard<\/strong> garantiert eine vollst\u00e4ndige Resistenz gegen Wasser, Staub und St\u00f6\u00dfe. Der Mod besteht aus einer <strong data-start=\"912\" data-end=\"931\">Zinklegierung<\/strong>, einer Silikonh\u00fclle und einem <strong data-start=\"966\" data-end=\"991\">Leder\u00fcberzug<\/strong>, der angenehm in der Hand liegt und stilvoll ist. Seine ergonomische Form schmiegt sich nat\u00fcrlich an die Hand an und sorgt f\u00fcr optimalen Komfort bei jedem Gebrauch.   <\/p>\n<h3 data-start=\"1128\" data-end=\"1171\"><a href=\"https:\/\/chezsmoke.ch\/wp-content\/uploads\/2023\/09\/aegis-max-300x162.jpg\"><img loading=\"lazy\" decoding=\"async\" class=\"alignnone wp-image-418179\" src=\"https:\/\/chezsmoke.ch\/wp-content\/uploads\/2023\/09\/aegis-max-300x162.jpg\" alt=\"\" width=\"441\" height=\"238\" srcset=\"https:\/\/chezsmoke.ch\/wp-content\/uploads\/2023\/09\/aegis-max-300x162.jpg 300w, https:\/\/chezsmoke.ch\/wp-content\/uploads\/2023\/09\/aegis-max-60x32.jpg 60w, https:\/\/chezsmoke.ch\/wp-content\/uploads\/2023\/09\/aegis-max-600x324.jpg 600w, https:\/\/chezsmoke.ch\/wp-content\/uploads\/2023\/09\/aegis-max-150x81.jpg 150w, https:\/\/chezsmoke.ch\/wp-content\/uploads\/2023\/09\/aegis-max-96x52.jpg 96w, https:\/\/chezsmoke.ch\/wp-content\/uploads\/2023\/09\/aegis-max-42x23.jpg 42w, https:\/\/chezsmoke.ch\/wp-content\/uploads\/2023\/09\/aegis-max.jpg 750w\" sizes=\"auto, (max-width: 441px) 100vw, 441px\" \/><\/a><\/h3>\n<h3 data-start=\"1128\" data-end=\"1171\">\ud83d\udd0b Modulierbare Autonomie: 18650 oder 21700<\/h3>\n<p data-start=\"1173\" data-end=\"1567\">Der Aegis Max 2 arbeitet mit einem <strong data-start=\"1206\" data-end=\"1229\">18650- oder 21700-Akku<\/strong> (einschlie\u00dflich 21700) f\u00fcr eine <strong data-start=\"1253\" data-end=\"1276\">gro\u00dfz\u00fcgige Laufzeit<\/strong>, die f\u00fcr alle Arten des Dampfens geeignet ist. Das Aufladen erfolgt schnell \u00fcber USB-C (5V\/2A), aber um die Lebensdauer Ihrer Akkus zu erhalten, wird die Verwendung eines externen Ladeger\u00e4ts empfohlen. F\u00fcr Liebhaber hoher Wattleistungen sollten Sie einen geeigneten Akku mit ausreichendem Entladestrom verwenden.  <\/p>\n<h3 data-start=\"1569\" data-end=\"1608\">\ud83c\udf9b\ufe0f Bis zu 100 W und 5 Dampfmodi<\/h3>\n<p data-start=\"1610\" data-end=\"1754\">Dank ihres <strong data-start=\"1622\" data-end=\"1645\">intelligenten Chipsatzes<\/strong> bietet die Box eine Leistung <strong data-start=\"1683\" data-end=\"1699\">von 5 bis 100 W<\/strong> und mehrere Dampfmodi, die an Ihre Vorlieben angepasst sind:<\/p>\n<ul data-start=\"1756\" data-end=\"2065\">\n<li data-start=\"1756\" data-end=\"1805\">\n<p data-start=\"1758\" data-end=\"1805\"><strong data-start=\"1758\" data-end=\"1767\">Power<\/strong>: klassische Leistungseinstellung<\/p>\n<\/li>\n<li data-start=\"1806\" data-end=\"1856\">\n<p data-start=\"1808\" data-end=\"1856\"><strong data-start=\"1808\" data-end=\"1816\">Volt<\/strong>: Spannungsgesteuert (3,2 bis 4,25 V)<\/p>\n<\/li>\n<li data-start=\"1857\" data-end=\"1921\">\n<p data-start=\"1859\" data-end=\"1921\"><strong data-start=\"1859\" data-end=\"1869\">Bypass<\/strong>: direktes Dampfen je nach Akkuladung<\/p>\n<\/li>\n<li data-start=\"1922\" data-end=\"1990\">\n<p data-start=\"1924\" data-end=\"1990\"><strong data-start=\"1924\" data-end=\"1951\">Temperaturkontrolle<\/strong>: f\u00fcr Ni, Ti, SS-Dr\u00e4hte (100 bis 315\u00b0C)<\/p>\n<\/li>\n<li data-start=\"1991\" data-end=\"2065\">\n<p data-start=\"1993\" data-end=\"2065\"><strong data-start=\"1993\" data-end=\"2008\">VPC (Curve)<\/strong>: Passen Sie die Leistungskurve an Ihre Bed\u00fcrfnisse an.<\/p>\n<\/li>\n<\/ul>\n<p data-start=\"2067\" data-end=\"2278\">Alles wird auf einem hellen und klaren <strong data-start=\"2094\" data-end=\"2123\">1,1&#8243; TFT-Farbbildschirm<\/strong> angezeigt. Um ein versehentliches Ausl\u00f6sen zu verhindern, gibt es einen <strong data-start=\"2193\" data-end=\"2221\">A-Lock-Schiebeknopf<\/strong> an der Seite, mit dem die Box sofort gesperrt werden kann. <\/p>\n<h3 data-start=\"2280\" data-end=\"2319\"><a href=\"https:\/\/chezsmoke.ch\/wp-content\/uploads\/2023\/09\/display-aegis-max-300x154.webp\"><img loading=\"lazy\" decoding=\"async\" class=\"alignnone wp-image-418182\" src=\"https:\/\/chezsmoke.ch\/wp-content\/uploads\/2023\/09\/display-aegis-max-300x154.webp\" alt=\"\" width=\"454\" height=\"233\" srcset=\"https:\/\/chezsmoke.ch\/wp-content\/uploads\/2023\/09\/display-aegis-max-300x154.webp 300w, https:\/\/chezsmoke.ch\/wp-content\/uploads\/2023\/09\/display-aegis-max-60x31.webp 60w, https:\/\/chezsmoke.ch\/wp-content\/uploads\/2023\/09\/display-aegis-max-600x308.webp 600w, https:\/\/chezsmoke.ch\/wp-content\/uploads\/2023\/09\/display-aegis-max-150x77.webp 150w, https:\/\/chezsmoke.ch\/wp-content\/uploads\/2023\/09\/display-aegis-max-96x49.webp 96w, https:\/\/chezsmoke.ch\/wp-content\/uploads\/2023\/09\/display-aegis-max-42x22.webp 42w, https:\/\/chezsmoke.ch\/wp-content\/uploads\/2023\/09\/display-aegis-max.webp 750w\" sizes=\"auto, (max-width: 454px) 100vw, 454px\" \/><\/a><\/h3>\n<h3 data-start=\"2280\" data-end=\"2319\">\ud83e\udde9 Breite Kompatibilit\u00e4t mit Clearomizer<\/h3>\n<p data-start=\"2321\" data-end=\"2627\">Mit ihrem <strong data-start=\"2330\" data-end=\"2348\">510er Gewinde<\/strong> und einem maximalen Durchmesser von <strong data-start=\"2376\" data-end=\"2385\">26 mm<\/strong> l\u00e4sst sich die Aegis Max 2 Box perfekt mit vielen Clearomizern und Zerst\u00e4ubern kombinieren. F\u00fcr ein optimales Setup ist sie ideal mit Modellen wie dem <strong data-start=\"2537\" data-end=\"2552\">Zeus Subohm<\/strong> oder dem <strong data-start=\"2559\" data-end=\"2579\">Zeus Z Max Subohm <\/strong>, f\u00fcr einen starken, fl\u00fcssigen und schmackhaften Dampf. <\/p>\n<h3 data-start=\"2629\" data-end=\"2655\">\ud83d\udce6 Inhalt der Schachtel<\/h3>\n<ul data-start=\"2657\" data-end=\"2754\">\n<li data-start=\"2657\" data-end=\"2678\">\n<p data-start=\"2659\" data-end=\"2678\">1 Aegis Max 2 Box<\/p>\n<\/li>\n<li data-start=\"2679\" data-end=\"2711\">\n<p data-start=\"2681\" data-end=\"2711\">1 Adapter f\u00fcr 18650-Akku<\/p>\n<\/li>\n<li data-start=\"2712\" data-end=\"2729\">\n<p data-start=\"2714\" data-end=\"2729\">1 USB-C-Kabel<\/p>\n<\/li>\n<li data-start=\"2730\" data-end=\"2754\">\n<p data-start=\"2732\" data-end=\"2754\">1 Gebrauchsanweisung<\/p>\n<\/li>\n<\/ul>\n<h3 data-start=\"2756\" data-end=\"2790\">\ud83d\udccf Technische Daten<\/h3>\n<ul data-start=\"2792\" data-end=\"3091\">\n<li data-start=\"2792\" data-end=\"2830\">\n<p data-start=\"2794\" data-end=\"2830\">Abmessungen: 88 \u00d7 42,06 \u00d7 31,50 mm<\/p>\n<\/li>\n<li data-start=\"2831\" data-end=\"2856\">\n<p data-start=\"2833\" data-end=\"2856\">Leistung: 5 bis 100 W<\/p>\n<\/li>\n<li data-start=\"2857\" data-end=\"2914\">\n<p data-start=\"2859\" data-end=\"2914\">Kompatibilit\u00e4t mit Akkus: 1 x 18650 oder 21700 (einschlie\u00dflich 21700)<\/p>\n<\/li>\n<li data-start=\"2915\" data-end=\"2941\">\n<p data-start=\"2917\" data-end=\"2941\">1,1&#8243; TFT-Farbbildschirm<\/p>\n<\/li>\n<li data-start=\"2942\" data-end=\"2982\">\n<p data-start=\"2944\" data-end=\"2982\">Modi: Power, Volt, Bypass, TC, VPC<\/p>\n<\/li>\n<li data-start=\"2983\" data-end=\"3030\">\n<p data-start=\"2985\" data-end=\"3030\">Anschluss: 510 &#8211; bis zu 26 mm Durchmesser<\/p>\n<\/li>\n<li data-start=\"3031\" data-end=\"3091\">\n<p data-start=\"3033\" data-end=\"3091\">Zertifizierung: IP68 (wasserdicht, staubdicht, sto\u00dffest)<\/p>\n<\/li>\n<\/ul>\n<h3 data-start=\"3093\" data-end=\"3132\">\u2705 Was wir von Aegis Max 2 halten<\/h3>\n<p data-start=\"3134\" data-end=\"3371\">\u2714\ufe0f Ein ultra-robuster Mod, bereit f\u00fcr alle Situationen<br data-start=\"3190\" data-end=\"3193\">\u2714\ufe0f Ein leichteres und ergonomisches Format<br data-start=\"3231\" data-end=\"3234\">\u2714\ufe0f Kompatibilit\u00e4t mit 18650 oder 21700 Akkus<br data-start=\"3275\" data-end=\"3278\">\u2714\ufe0f Zuverl\u00e4ssige Leistung bis zu 100 W<br data-start=\"3319\" data-end=\"3322\">\u2714\ufe0f Modernes Design mit echtem Komfort in der Hand<\/p>\n<p data-start=\"3373\" data-end=\"3562\"><strong data-start=\"3373\" data-end=\"3388\">Aegis Max 2<\/strong> ist die Box f\u00fcr Dampfer, die mehr erwarten: mehr Stabilit\u00e4t, mehr Vielseitigkeit, mehr Kontrolle. Sie ist immer noch sehr robust, aber noch angenehmer zu verwenden. <\/p>\n<p>&nbsp;<\/p>\n","protected":false},"excerpt":{"rendered":"<p>\ud83d\udee1\ufe0f Aegis Max 2 von Geekvape &#8211; Die Allround-Box kommt besser zur\u00fcck Leichter, ergonomischer, leistungsst\u00e4rker: Die Aegis Max 2 Box<\/p>\n","protected":false},"featured_media":239344,"comment_status":"closed","ping_status":"closed","template":"","meta":{"_acf_changed":false},"product_brand":[],"product_cat":[705,692],"product_tag":[],"class_list":{"0":"post-242287","1":"product","2":"type-product","3":"status-publish","4":"has-post-thumbnail","6":"product_cat-box-de","7":"product_cat-elektronische-zigaretten","8":"pa_couleur-black-de","9":"pa_couleur-blue-de","10":"pa_couleur-rainbow-de","11":"pa_couleur-silver-de","13":"first","14":"instock","15":"taxable","16":"shipping-taxable","17":"purchasable","18":"product-type-variable"},"bundled_by":[],"bundle_stock_status":"instock","bundle_stock_quantity":null,"bundle_virtual":false,"bundle_layout":"","bundle_add_to_cart_form_location":"","bundle_editable_in_cart":false,"bundle_sold_individually_context":"","bundle_item_grouping":"","bundle_min_size":"","bundle_max_size":"","bundle_price":[],"bundled_items":[],"bundle_sell_ids":[],"acf":[],"_links":{"self":[{"href":"https:\/\/chezsmoke.ch\/de\/wp-json\/wp\/v2\/product\/242287","targetHints":{"allow":["GET"]}}],"collection":[{"href":"https:\/\/chezsmoke.ch\/de\/wp-json\/wp\/v2\/product"}],"about":[{"href":"https:\/\/chezsmoke.ch\/de\/wp-json\/wp\/v2\/types\/product"}],"replies":[{"embeddable":true,"href":"https:\/\/chezsmoke.ch\/de\/wp-json\/wp\/v2\/comments?post=242287"}],"wp:featuredmedia":[{"embeddable":true,"href":"https:\/\/chezsmoke.ch\/de\/wp-json\/wp\/v2\/media\/239344"}],"wp:attachment":[{"href":"https:\/\/chezsmoke.ch\/de\/wp-json\/wp\/v2\/media?parent=242287"}],"wp:term":[{"taxonomy":"product_brand","embeddable":true,"href":"https:\/\/chezsmoke.ch\/de\/wp-json\/wp\/v2\/product_brand?post=242287"},{"taxonomy":"product_cat","embeddable":true,"href":"https:\/\/chezsmoke.ch\/de\/wp-json\/wp\/v2\/product_cat?post=242287"},{"taxonomy":"product_tag","embeddable":true,"href":"https:\/\/chezsmoke.ch\/de\/wp-json\/wp\/v2\/product_tag?post=242287"}],"curies":[{"name":"wp","href":"https:\/\/api.w.org\/{rel}","templated":true}]}}