{"id":252344,"date":"2023-11-07T13:05:07","date_gmt":"2023-11-07T12:05:07","guid":{"rendered":"https:\/\/chezsmoke.ch\/produit\/kiwi-2-pod-kit\/"},"modified":"2025-11-13T10:50:43","modified_gmt":"2025-11-13T09:50:43","slug":"kiwi-2-pod-kit","status":"publish","type":"product","link":"https:\/\/chezsmoke.ch\/de\/produit\/kiwi-2-pod-kit\/","title":{"rendered":"Kiwi 2 Pod Kit"},"content":{"rendered":"<p data-start=\"92\" data-end=\"267\">Nach dem Erfolg des ersten <strong data-start=\"119\" data-end=\"127\">Kiwi<\/strong> kommt nun der <strong data-start=\"138\" data-end=\"148\">Kiwi 2<\/strong> von <strong data-start=\"152\" data-end=\"165\">KiwiVapor<\/strong>! \ud83c\udf89 Ein noch <strong data-start=\"190\" data-end=\"201\">hochwertigerer<\/strong> Pod mit seiner <strong data-start=\"211\" data-end=\"238\">Aluminiumverkleidung<\/strong> und einem <strong data-start=\"245\" data-end=\"263\">eleganten Design<\/strong>. \ud83d\ude0d <\/p>\n<h3 data-start=\"269\" data-end=\"297\"><a href=\"https:\/\/chezsmoke.ch\/wp-content\/uploads\/2023\/11\/Kiwi-2-300x160.png\"><img loading=\"lazy\" decoding=\"async\" class=\"alignnone size-medium wp-image-423570\" src=\"https:\/\/chezsmoke.ch\/wp-content\/uploads\/2023\/11\/Kiwi-2-300x160.png\" alt=\"\" width=\"300\" height=\"160\" srcset=\"https:\/\/chezsmoke.ch\/wp-content\/uploads\/2023\/11\/Kiwi-2-300x160.png 300w, https:\/\/chezsmoke.ch\/wp-content\/uploads\/2023\/11\/Kiwi-2-60x32.png 60w, https:\/\/chezsmoke.ch\/wp-content\/uploads\/2023\/11\/Kiwi-2-600x320.png 600w, https:\/\/chezsmoke.ch\/wp-content\/uploads\/2023\/11\/Kiwi-2-150x80.png 150w, https:\/\/chezsmoke.ch\/wp-content\/uploads\/2023\/11\/Kiwi-2-96x51.png 96w, https:\/\/chezsmoke.ch\/wp-content\/uploads\/2023\/11\/Kiwi-2-42x22.png 42w, https:\/\/chezsmoke.ch\/wp-content\/uploads\/2023\/11\/Kiwi-2.png 750w\" sizes=\"auto, (max-width: 300px) 100vw, 300px\" \/><\/a><\/h3>\n<h3 data-start=\"269\" data-end=\"297\">St\u00e4rken des Kiwi 2 :<\/h3>\n<ul data-start=\"298\" data-end=\"613\">\n<li data-start=\"298\" data-end=\"364\">\n<p data-start=\"300\" data-end=\"364\"><strong data-start=\"300\" data-end=\"320\">Enger MTL-Zug<\/strong> zur Nachahmung der traditionellen Zigarette \ud83d\udeac.<\/p>\n<\/li>\n<li data-start=\"451\" data-end=\"507\">\n<p data-start=\"453\" data-end=\"507\"><strong data-start=\"453\" data-end=\"481\">Filter-Drip-Tip aus Baumwolle<\/strong> f\u00fcr mehr Realismus \ud83c\udfaf.<\/p>\n<\/li>\n<li data-start=\"508\" data-end=\"613\">\n<p data-start=\"510\" data-end=\"613\"><strong data-start=\"510\" data-end=\"533\">Verbesserte Autonomie<\/strong> mit <strong data-start=\"539\" data-end=\"561\">Powerbank 1800 mAh<\/strong> + <strong data-start=\"564\" data-end=\"575\">400 mAh<\/strong> aus dem Pen f\u00fcr insgesamt <strong data-start=\"588\" data-end=\"600\">2200 mAh<\/strong> \ud83d\udd0b.<\/p>\n<\/li>\n<li><strong data-start=\"367\" data-end=\"387\">Leichte Vibrationen<\/strong> bei jeder Inhalation f\u00fcr einen realistischen Effekt \ud83c\udf2c\ufe0f (abschaltbar).<\/li>\n<\/ul>\n<h3 data-start=\"615\" data-end=\"639\"><a href=\"https:\/\/chezsmoke.ch\/wp-content\/uploads\/2023\/11\/Kiwi-2-Vibration-300x160.png\"><img loading=\"lazy\" decoding=\"async\" class=\"alignnone size-medium wp-image-423567\" src=\"https:\/\/chezsmoke.ch\/wp-content\/uploads\/2023\/11\/Kiwi-2-Vibration-300x160.png\" alt=\"\" width=\"300\" height=\"160\" srcset=\"https:\/\/chezsmoke.ch\/wp-content\/uploads\/2023\/11\/Kiwi-2-Vibration-300x160.png 300w, https:\/\/chezsmoke.ch\/wp-content\/uploads\/2023\/11\/Kiwi-2-Vibration-60x32.png 60w, https:\/\/chezsmoke.ch\/wp-content\/uploads\/2023\/11\/Kiwi-2-Vibration-600x320.png 600w, https:\/\/chezsmoke.ch\/wp-content\/uploads\/2023\/11\/Kiwi-2-Vibration-150x80.png 150w, https:\/\/chezsmoke.ch\/wp-content\/uploads\/2023\/11\/Kiwi-2-Vibration-96x51.png 96w, https:\/\/chezsmoke.ch\/wp-content\/uploads\/2023\/11\/Kiwi-2-Vibration-42x22.png 42w, https:\/\/chezsmoke.ch\/wp-content\/uploads\/2023\/11\/Kiwi-2-Vibration.png 750w\" sizes=\"auto, (max-width: 300px) 100vw, 300px\" \/><\/a><\/h3>\n<h3 data-start=\"615\" data-end=\"639\">Neue Powerbank :<\/h3>\n<ul data-start=\"640\" data-end=\"828\">\n<li data-start=\"640\" data-end=\"690\">\n<p data-start=\"642\" data-end=\"690\">Laden Sie Ihren <strong data-start=\"657\" data-end=\"667\">Kiwi 2<\/strong> bis zu <strong data-start=\"676\" data-end=\"686\">4 Mal<\/strong> auf \ud83d\udd04.<\/p>\n<\/li>\n<li data-start=\"691\" data-end=\"763\">\n<p data-start=\"693\" data-end=\"763\"><strong data-start=\"693\" data-end=\"707\">USB-C-Anschluss<\/strong> zum Aufladen und sogar zum Aufladen anderer Ger\u00e4te \ud83d\udcf1.<\/p>\n<\/li>\n<li data-start=\"764\" data-end=\"828\">\n<p data-start=\"766\" data-end=\"828\"><strong data-start=\"766\" data-end=\"783\">Schnellladung<\/strong> und <strong data-start=\"787\" data-end=\"813\">Batterieanzeige<\/strong> mit 4 LEDs. \ud83d\udca1<\/p>\n<\/li>\n<\/ul>\n<h3 data-start=\"830\" data-end=\"857\">Innovative Patronen :<\/h3>\n<ul data-start=\"858\" data-end=\"1115\">\n<li data-start=\"858\" data-end=\"943\">\n<p data-start=\"860\" data-end=\"943\"><strong data-start=\"860\" data-end=\"882\">1,8 ml Kapazit\u00e4t<\/strong>, <strong data-start=\"896\" data-end=\"912\">0,8 Ohm Mesh-Widerst\u00e4nde<\/strong> f\u00fcr ein angenehmes MTL-Dampfen \ud83d\udca8.<\/p>\n<\/li>\n<li data-start=\"1043\" data-end=\"1115\">\n<p data-start=\"1045\" data-end=\"1115\">Kompatibel mit <strong data-start=\"1061\" data-end=\"1081\">Nikotinsalzen<\/strong> und Liquids mit hohem Nikotingehalt. \u26a1<\/p>\n<\/li>\n<li><strong data-start=\"946\" data-end=\"976\">Kindersicherungssystem<\/strong> und <strong data-start=\"980\" data-end=\"1003\">Low Liquid Reminder<\/strong>, um schlechte Z\u00fcge zu vermeiden \ud83e\udd22.<\/li>\n<\/ul>\n<h3 data-start=\"1117\" data-end=\"1145\"><a href=\"https:\/\/chezsmoke.ch\/wp-content\/uploads\/2023\/11\/Kiwi-2-Liquid-300x160.png\"><img loading=\"lazy\" decoding=\"async\" class=\"alignnone size-medium wp-image-423558\" src=\"https:\/\/chezsmoke.ch\/wp-content\/uploads\/2023\/11\/Kiwi-2-Liquid-300x160.png\" alt=\"\" width=\"300\" height=\"160\" srcset=\"https:\/\/chezsmoke.ch\/wp-content\/uploads\/2023\/11\/Kiwi-2-Liquid-300x160.png 300w, https:\/\/chezsmoke.ch\/wp-content\/uploads\/2023\/11\/Kiwi-2-Liquid-60x32.png 60w, https:\/\/chezsmoke.ch\/wp-content\/uploads\/2023\/11\/Kiwi-2-Liquid-600x320.png 600w, https:\/\/chezsmoke.ch\/wp-content\/uploads\/2023\/11\/Kiwi-2-Liquid-150x80.png 150w, https:\/\/chezsmoke.ch\/wp-content\/uploads\/2023\/11\/Kiwi-2-Liquid-96x51.png 96w, https:\/\/chezsmoke.ch\/wp-content\/uploads\/2023\/11\/Kiwi-2-Liquid-42x22.png 42w, https:\/\/chezsmoke.ch\/wp-content\/uploads\/2023\/11\/Kiwi-2-Liquid.png 750w\" sizes=\"auto, (max-width: 300px) 100vw, 300px\" \/><\/a><\/h3>\n<h3 data-start=\"1117\" data-end=\"1145\">Einfachheit der Nutzung :<\/h3>\n<ul data-start=\"1146\" data-end=\"1295\">\n<li data-start=\"1146\" data-end=\"1220\">\n<p data-start=\"1148\" data-end=\"1220\"><strong data-start=\"1148\" data-end=\"1172\">Kein Kopfzerbrechen<\/strong>: Patrone einstecken, ziehen und dampfen \ud83d\udca8.<\/p>\n<\/li>\n<li data-start=\"1221\" data-end=\"1295\">\n<p data-start=\"1223\" data-end=\"1295\"><strong data-start=\"1223\" data-end=\"1245\">Einfaches F\u00fcllen<\/strong>: \u00d6ffnen Sie die Lasche, f\u00fcllen Sie und verschlie\u00dfen Sie sie. \ud83d\udd04<\/p>\n<\/li>\n<\/ul>\n<h3 data-start=\"1297\" data-end=\"1318\"><a href=\"https:\/\/chezsmoke.ch\/wp-content\/uploads\/2023\/11\/Kiwi-2-Refill-300x300.webp\"><img loading=\"lazy\" decoding=\"async\" class=\"alignnone size-medium wp-image-423561\" src=\"https:\/\/chezsmoke.ch\/wp-content\/uploads\/2023\/11\/Kiwi-2-Refill-300x300.webp\" alt=\"\" width=\"300\" height=\"300\" srcset=\"https:\/\/chezsmoke.ch\/wp-content\/uploads\/2023\/11\/Kiwi-2-Refill-300x300.webp 300w, https:\/\/chezsmoke.ch\/wp-content\/uploads\/2023\/11\/Kiwi-2-Refill-150x150.webp 150w, https:\/\/chezsmoke.ch\/wp-content\/uploads\/2023\/11\/Kiwi-2-Refill-768x768.webp 768w, https:\/\/chezsmoke.ch\/wp-content\/uploads\/2023\/11\/Kiwi-2-Refill-60x60.webp 60w, https:\/\/chezsmoke.ch\/wp-content\/uploads\/2023\/11\/Kiwi-2-Refill-600x600.webp 600w, https:\/\/chezsmoke.ch\/wp-content\/uploads\/2023\/11\/Kiwi-2-Refill-96x96.webp 96w, https:\/\/chezsmoke.ch\/wp-content\/uploads\/2023\/11\/Kiwi-2-Refill-42x42.webp 42w, https:\/\/chezsmoke.ch\/wp-content\/uploads\/2023\/11\/Kiwi-2-Refill.webp 800w\" sizes=\"auto, (max-width: 300px) 100vw, 300px\" \/><\/a><\/h3>\n<h3 data-start=\"1297\" data-end=\"1318\">Das Kit enth\u00e4lt :<\/h3>\n<ul data-start=\"1319\" data-end=\"1540\">\n<li data-start=\"1319\" data-end=\"1346\">\n<p data-start=\"1321\" data-end=\"1346\">1x <strong data-start=\"1324\" data-end=\"1343\">Vape Pen Kiwi 2<\/strong> \ud83d\udd0b.<\/p>\n<\/li>\n<li data-start=\"1347\" data-end=\"1375\">\n<p data-start=\"1349\" data-end=\"1375\">1x <strong data-start=\"1352\" data-end=\"1372\">Powerbank Kiwi 2<\/strong> \ud83d\udd0c.<\/p>\n<\/li>\n<li data-start=\"1376\" data-end=\"1412\">\n<p data-start=\"1378\" data-end=\"1412\">1x <strong data-start=\"1381\" data-end=\"1409\">Kartusche Kiwi 2 0.8 Ohm<\/strong> \ud83d\udca7.<\/p>\n<\/li>\n<li data-start=\"1413\" data-end=\"1449\">\n<p data-start=\"1415\" data-end=\"1449\">1x <strong data-start=\"1418\" data-end=\"1446\">Drip Tip Filter aus Baumwolle<\/strong> \ud83e\uddf4.<\/p>\n<\/li>\n<li data-start=\"1450\" data-end=\"1484\">\n<p data-start=\"1452\" data-end=\"1484\">1x <strong data-start=\"1455\" data-end=\"1481\">Drip Tip Polycarbonat<\/strong> \ud83d\udd04.<\/p>\n<\/li>\n<li data-start=\"1485\" data-end=\"1507\">\n<p data-start=\"1487\" data-end=\"1507\">1x <strong data-start=\"1490\" data-end=\"1505\">USB-C-Kabel<\/strong> \u26a1\u26a1.<\/p>\n<\/li>\n<li data-start=\"1508\" data-end=\"1540\">\n<p data-start=\"1510\" data-end=\"1540\">1x <strong data-start=\"1513\" data-end=\"1537\">Benutzerhandbuch<\/strong> \ud83d\udcd6.<\/p>\n<\/li>\n<\/ul>\n<p data-start=\"1542\" data-end=\"1645\">Die <strong data-start=\"1545\" data-end=\"1555\">Kiwi 2<\/strong>: Ein <strong data-start=\"1565\" data-end=\"1577\">praktischer<\/strong>, <strong data-start=\"1579\" data-end=\"1591\">realistischer<\/strong> und <strong data-start=\"1595\" data-end=\"1607\">effektiver<\/strong> Pod, um sanft mit dem Rauchen aufzuh\u00f6ren! \ud83d\udcaa<\/p>\n<p>\u26a0\ufe0f Die Patronen des Kiwi 1 sind nicht mit dem Kiwi 2 kompatibel! \u26a0\ufe0f <\/p>\n","protected":false},"excerpt":{"rendered":"<p>Die Kiwi 2: Ein praktischer, realistischer und effektiver Pod, um sanft mit dem Rauchen aufzuh\u00f6ren! \ud83d\udcaa<\/p>\n","protected":false},"featured_media":252329,"comment_status":"closed","ping_status":"closed","template":"","meta":{"_acf_changed":false},"product_brand":[],"product_cat":[692,693],"product_tag":[],"class_list":{"0":"post-252344","1":"product","2":"type-product","3":"status-publish","4":"has-post-thumbnail","6":"product_cat-elektronische-zigaretten","7":"product_cat-set-leichtes-rauchen","8":"pa_couleur-iron-gate-de","9":"pa_couleur-midnight-blue-de","10":"pa_couleur-nimbus-cloud-de","11":"pa_couleur-pink-bloom-limited-ed-de","12":"pa_couleur-rose-gold-de","13":"pa_couleur-sky-bloom-limited-ed-de","15":"first","16":"instock","17":"taxable","18":"shipping-taxable","19":"purchasable","20":"product-type-variable"},"bundled_by":[],"bundle_stock_status":"instock","bundle_stock_quantity":null,"bundle_virtual":false,"bundle_layout":"","bundle_add_to_cart_form_location":"","bundle_editable_in_cart":false,"bundle_sold_individually_context":"","bundle_item_grouping":"","bundle_min_size":"","bundle_max_size":"","bundle_price":[],"bundled_items":[],"bundle_sell_ids":[],"acf":[],"_links":{"self":[{"href":"https:\/\/chezsmoke.ch\/de\/wp-json\/wp\/v2\/product\/252344","targetHints":{"allow":["GET"]}}],"collection":[{"href":"https:\/\/chezsmoke.ch\/de\/wp-json\/wp\/v2\/product"}],"about":[{"href":"https:\/\/chezsmoke.ch\/de\/wp-json\/wp\/v2\/types\/product"}],"replies":[{"embeddable":true,"href":"https:\/\/chezsmoke.ch\/de\/wp-json\/wp\/v2\/comments?post=252344"}],"wp:featuredmedia":[{"embeddable":true,"href":"https:\/\/chezsmoke.ch\/de\/wp-json\/wp\/v2\/media\/252329"}],"wp:attachment":[{"href":"https:\/\/chezsmoke.ch\/de\/wp-json\/wp\/v2\/media?parent=252344"}],"wp:term":[{"taxonomy":"product_brand","embeddable":true,"href":"https:\/\/chezsmoke.ch\/de\/wp-json\/wp\/v2\/product_brand?post=252344"},{"taxonomy":"product_cat","embeddable":true,"href":"https:\/\/chezsmoke.ch\/de\/wp-json\/wp\/v2\/product_cat?post=252344"},{"taxonomy":"product_tag","embeddable":true,"href":"https:\/\/chezsmoke.ch\/de\/wp-json\/wp\/v2\/product_tag?post=252344"}],"curies":[{"name":"wp","href":"https:\/\/api.w.org\/{rel}","templated":true}]}}