{"id":252362,"date":"2023-11-07T11:35:34","date_gmt":"2023-11-07T10:35:34","guid":{"rendered":"https:\/\/chezsmoke.ch\/produit\/maison-fuel-poppys-hippie-pop\/"},"modified":"2026-01-29T13:01:44","modified_gmt":"2026-01-29T12:01:44","slug":"haus-fuel-poppys-hippie-pop","status":"publish","type":"product","link":"https:\/\/chezsmoke.ch\/de\/produit\/haus-fuel-poppys-hippie-pop\/","title":{"rendered":"Poppy&#8217;s Hippie Pop"},"content":{"rendered":"<p>Das <strong>Maison Fuel<\/strong> stellt uns seine Produktreihe<strong> Poppy&#8217;s<\/strong> vor, diesmal ist es der <strong>Hippie Pop<\/strong>, der im Mittelpunkt steht!<br \/>\n<strong>Apfel<\/strong>, <strong>schwarze Johannisbeere<\/strong> und <strong>Brombeere<\/strong> tanzen auf einer s\u00fc\u00dfen Wolke aus <strong>Zuckerwatte<\/strong> und der passenden Prise <strong>Frische<\/strong>. <\/p>\n<p>In einer <strong>60 ml<\/strong> Flasche finden Sie <strong>50 ml<\/strong> Fl\u00fcssigkeit mit verst\u00e4rkten Aromen. Diese Fl\u00fcssigkeit kann mit <a href=\"https:\/\/chezsmoke.ch\/product-category\/boosters-nicotine\/\">Nikotinboostern<\/a> erg\u00e4nzt werden, um die gew\u00fcnschte Dosis zu erhalten, oder mit einer <a href=\"https:\/\/chezsmoke.ch\/product-category\/bases\/\">neutralen, nikotinfreien Basis<\/a>. <strong>1 Booster f\u00fcr 3 mg\/ml<\/strong> (f\u00fcr h\u00f6here Nikotindosierungen ist ein externer Beh\u00e4lter vorzusehen). <\/p>\n<p>30PG \/ 70VG<\/p>\n<p><a href=\"https:\/\/chezsmoke.ch\/wp-content\/uploads\/2024\/09\/Avertissement-liquides-sans-nicotine-300x197.png\"><img loading=\"lazy\" decoding=\"async\" class=\"alignnone size-medium wp-image-337012\" src=\"https:\/\/chezsmoke.ch\/wp-content\/uploads\/2024\/09\/Avertissement-liquides-sans-nicotine-300x197.png\" alt=\"\" width=\"300\" height=\"197\" srcset=\"https:\/\/chezsmoke.ch\/wp-content\/uploads\/2024\/09\/Avertissement-liquides-sans-nicotine-300x197.png 300w, https:\/\/chezsmoke.ch\/wp-content\/uploads\/2024\/09\/Avertissement-liquides-sans-nicotine-96x63.png 96w, https:\/\/chezsmoke.ch\/wp-content\/uploads\/2024\/09\/Avertissement-liquides-sans-nicotine-42x28.png 42w, https:\/\/chezsmoke.ch\/wp-content\/uploads\/2024\/09\/Avertissement-liquides-sans-nicotine-60x39.png 60w, https:\/\/chezsmoke.ch\/wp-content\/uploads\/2024\/09\/Avertissement-liquides-sans-nicotine-600x394.png 600w, https:\/\/chezsmoke.ch\/wp-content\/uploads\/2024\/09\/Avertissement-liquides-sans-nicotine-150x99.png 150w, https:\/\/chezsmoke.ch\/wp-content\/uploads\/2024\/09\/Avertissement-liquides-sans-nicotine.png 755w\" sizes=\"auto, (max-width: 300px) 100vw, 300px\" \/><\/a><\/p>\n","protected":false},"excerpt":{"rendered":"<p>Die Produktreihe Poppy&#8217;s aus dem Hause Fuel, frische Fruchtigkeit, die man einfach haben muss!<\/p>\n","protected":false},"featured_media":252233,"comment_status":"closed","ping_status":"closed","template":"","meta":{"_acf_changed":false},"product_brand":[],"product_cat":[681,683,699,698,744],"product_tag":[],"class_list":{"0":"post-252362","1":"product","2":"type-product","3":"status-publish","4":"has-post-thumbnail","6":"product_cat-e-liquids-de","7":"product_cat-fruchtig","8":"product_cat-fruchtig-frisch","9":"product_cat-gute-angebote-eliquide","10":"product_cat-tipps","12":"first","13":"instock","14":"sale","15":"taxable","16":"shipping-taxable","17":"purchasable","18":"product-type-simple"},"bundled_by":[],"bundle_stock_status":"instock","bundle_stock_quantity":6,"bundle_virtual":false,"bundle_layout":"","bundle_add_to_cart_form_location":"","bundle_editable_in_cart":false,"bundle_sold_individually_context":"","bundle_item_grouping":"","bundle_min_size":"","bundle_max_size":"","bundle_price":[],"bundled_items":[],"bundle_sell_ids":[],"acf":[],"_links":{"self":[{"href":"https:\/\/chezsmoke.ch\/de\/wp-json\/wp\/v2\/product\/252362","targetHints":{"allow":["GET"]}}],"collection":[{"href":"https:\/\/chezsmoke.ch\/de\/wp-json\/wp\/v2\/product"}],"about":[{"href":"https:\/\/chezsmoke.ch\/de\/wp-json\/wp\/v2\/types\/product"}],"replies":[{"embeddable":true,"href":"https:\/\/chezsmoke.ch\/de\/wp-json\/wp\/v2\/comments?post=252362"}],"wp:featuredmedia":[{"embeddable":true,"href":"https:\/\/chezsmoke.ch\/de\/wp-json\/wp\/v2\/media\/252233"}],"wp:attachment":[{"href":"https:\/\/chezsmoke.ch\/de\/wp-json\/wp\/v2\/media?parent=252362"}],"wp:term":[{"taxonomy":"product_brand","embeddable":true,"href":"https:\/\/chezsmoke.ch\/de\/wp-json\/wp\/v2\/product_brand?post=252362"},{"taxonomy":"product_cat","embeddable":true,"href":"https:\/\/chezsmoke.ch\/de\/wp-json\/wp\/v2\/product_cat?post=252362"},{"taxonomy":"product_tag","embeddable":true,"href":"https:\/\/chezsmoke.ch\/de\/wp-json\/wp\/v2\/product_tag?post=252362"}],"curies":[{"name":"wp","href":"https:\/\/api.w.org\/{rel}","templated":true}]}}