{"id":262844,"date":"2023-12-20T12:23:21","date_gmt":"2023-12-20T11:23:21","guid":{"rendered":"https:\/\/chezsmoke.ch\/produit\/geekvape-mini-tool-kit-v2\/"},"modified":"2025-06-22T08:32:44","modified_gmt":"2025-06-22T06:32:44","slug":"geekvape-mini-tool-kit-v2","status":"publish","type":"product","link":"https:\/\/chezsmoke.ch\/de\/produit\/geekvape-mini-tool-kit-v2\/","title":{"rendered":"Geekvape Mini Tool Kit V2"},"content":{"rendered":"<p>Der Hersteller <strong>Geekvape<\/strong> bietet uns dieses <strong>Mini Tool Kit V2<\/strong>, ein Werkzeugset, mit dem erfahrene Dampfer ihre eigenen Coils f\u00fcr ein individuelles Dampferlebnis mit Rekonstruktionsger\u00e4ten herstellen k\u00f6nnen.<\/p>\n<p>Dieses Set enth\u00e4lt:<\/p>\n<ul>\n<li>1 x Klappbare Schere<\/li>\n<li>1 x Kreuzschlitzschraubendreher<\/li>\n<li>1 x Schlitzschraubendreher<\/li>\n<li>1 x Zange mit Keramikkopf<\/li>\n<li>1 x Seitenschneider<\/li>\n<li>1 x Spannzange<\/li>\n<li>1 x Coiling-Kit 2.0 mm, 2.5 mm, 3.0 mm und 3.5 mm<\/li>\n<\/ul>\n","protected":false},"excerpt":{"rendered":"<p>Der Hersteller Geekvape bietet uns dieses Mini Tool Kit V2, ein Werkzeugset, mit dem erfahrene Dampfer ihre eigenen Coils f\u00fcr<\/p>\n","protected":false},"featured_media":262331,"comment_status":"closed","ping_status":"closed","template":"","meta":{"_acf_changed":false},"product_brand":[],"product_cat":[695,733,744,1099],"product_tag":[],"class_list":{"0":"post-262844","1":"product","2":"type-product","3":"status-publish","4":"has-post-thumbnail","6":"product_cat-zubehor","7":"product_cat-tools-de","8":"product_cat-tipps","9":"product_cat-gute-tipps-hardware","11":"first","12":"instock","13":"sale","14":"taxable","15":"shipping-taxable","16":"purchasable","17":"product-type-simple"},"bundled_by":[],"bundle_stock_status":"instock","bundle_stock_quantity":1,"bundle_virtual":false,"bundle_layout":"","bundle_add_to_cart_form_location":"","bundle_editable_in_cart":false,"bundle_sold_individually_context":"","bundle_item_grouping":"","bundle_min_size":"","bundle_max_size":"","bundle_price":[],"bundled_items":[],"bundle_sell_ids":[],"acf":[],"_links":{"self":[{"href":"https:\/\/chezsmoke.ch\/de\/wp-json\/wp\/v2\/product\/262844","targetHints":{"allow":["GET"]}}],"collection":[{"href":"https:\/\/chezsmoke.ch\/de\/wp-json\/wp\/v2\/product"}],"about":[{"href":"https:\/\/chezsmoke.ch\/de\/wp-json\/wp\/v2\/types\/product"}],"replies":[{"embeddable":true,"href":"https:\/\/chezsmoke.ch\/de\/wp-json\/wp\/v2\/comments?post=262844"}],"wp:featuredmedia":[{"embeddable":true,"href":"https:\/\/chezsmoke.ch\/de\/wp-json\/wp\/v2\/media\/262331"}],"wp:attachment":[{"href":"https:\/\/chezsmoke.ch\/de\/wp-json\/wp\/v2\/media?parent=262844"}],"wp:term":[{"taxonomy":"product_brand","embeddable":true,"href":"https:\/\/chezsmoke.ch\/de\/wp-json\/wp\/v2\/product_brand?post=262844"},{"taxonomy":"product_cat","embeddable":true,"href":"https:\/\/chezsmoke.ch\/de\/wp-json\/wp\/v2\/product_cat?post=262844"},{"taxonomy":"product_tag","embeddable":true,"href":"https:\/\/chezsmoke.ch\/de\/wp-json\/wp\/v2\/product_tag?post=262844"}],"curies":[{"name":"wp","href":"https:\/\/api.w.org\/{rel}","templated":true}]}}