{"id":262855,"date":"2023-11-13T17:36:50","date_gmt":"2023-11-13T16:36:50","guid":{"rendered":"https:\/\/chezsmoke.ch\/produit\/drip-tip-810-pimp-my-vape-zufaellige-farben\/"},"modified":"2023-11-13T17:36:50","modified_gmt":"2023-11-13T16:36:50","slug":"drip-tip-810-pimp-my-vape-zufallige-farben","status":"publish","type":"product","link":"https:\/\/chezsmoke.ch\/de\/produit\/drip-tip-810-pimp-my-vape-zufallige-farben\/","title":{"rendered":"Drip Tip 810 Pimp My Vape Zuf\u00e4llige Farben"},"content":{"rendered":"<p><b>Drip Tip Zuf\u00e4llige Farben<\/b>: Dieses Drip Tip 810 von Pimp My Vape ist perfekt, um mit hoher Leistung zu dampfen. Die Legierung aus Delrin und PEI bietet gleichzeitig eine sehr gute Widerstandsf\u00e4higkeit gegen St\u00f6\u00dfe, Kratzer und andere allt\u00e4gliche Probleme, w\u00e4hrend sie sich nur wenig erhitzt, was Sie vor Verbrennungen sch\u00fctzt. Dar\u00fcber hinaus werden die Farben ultem und black stripes Ihrem Dampfen einen h\u00f6llischen Look verleihen! der Name der Marke macht Sinn.<\/p>\n<p><strong>Pet <\/strong>(Zuf\u00e4llige Farben) : Dieses Drip Tip 810 aus PET von der Marke Pimp My Vape ist ein Muss f\u00fcr jeden Dampfer, der gro\u00dfe Wolken machen m\u00f6chte. PET ist ein Material, das sowohl beim Erhitzen als auch bei St\u00f6\u00dfen widerstandsf\u00e4hig ist, und die Breite des Mundst\u00fccks verspricht eine gute Verteilung des Dampfes und perfekte Aromen im Mund. Au\u00dferdem sorgen die 2 O-Ringe daf\u00fcr, dass das Drip Tip perfekt auf dem Zerst\u00e4uber sitzt. Schlie\u00dflich k\u00f6nnen Sie mit diesem Drip Tip und seinen Variationen Ihr Dampfen nach Belieben &#8222;tunen&#8220;, um <strong>den<\/strong> Dampf zu erhalten, der <strong>Ihnen<\/strong> am besten gef\u00e4llt.<\/p>\n","protected":false},"excerpt":{"rendered":"<p>Drip Tip Zuf\u00e4llige Farben: Dieses Drip Tip 810 von Pimp My Vape ist perfekt, um mit hoher Leistung zu dampfen.<\/p>\n","protected":false},"featured_media":253816,"comment_status":"closed","ping_status":"closed","template":"","meta":{"_acf_changed":false},"product_brand":[],"product_cat":[740,695],"product_tag":[],"class_list":{"0":"post-262855","1":"product","2":"type-product","3":"status-publish","4":"has-post-thumbnail","6":"product_cat-drip-tips-de","7":"product_cat-zubehor","9":"first","10":"instock","11":"taxable","12":"shipping-taxable","13":"purchasable","14":"product-type-simple"},"bundled_by":[],"bundle_stock_status":"instock","bundle_stock_quantity":42,"bundle_virtual":false,"bundle_layout":"","bundle_add_to_cart_form_location":"","bundle_editable_in_cart":false,"bundle_sold_individually_context":"","bundle_item_grouping":"","bundle_min_size":"","bundle_max_size":"","bundle_price":[],"bundled_items":[],"bundle_sell_ids":[],"acf":[],"_links":{"self":[{"href":"https:\/\/chezsmoke.ch\/de\/wp-json\/wp\/v2\/product\/262855","targetHints":{"allow":["GET"]}}],"collection":[{"href":"https:\/\/chezsmoke.ch\/de\/wp-json\/wp\/v2\/product"}],"about":[{"href":"https:\/\/chezsmoke.ch\/de\/wp-json\/wp\/v2\/types\/product"}],"replies":[{"embeddable":true,"href":"https:\/\/chezsmoke.ch\/de\/wp-json\/wp\/v2\/comments?post=262855"}],"wp:featuredmedia":[{"embeddable":true,"href":"https:\/\/chezsmoke.ch\/de\/wp-json\/wp\/v2\/media\/253816"}],"wp:attachment":[{"href":"https:\/\/chezsmoke.ch\/de\/wp-json\/wp\/v2\/media?parent=262855"}],"wp:term":[{"taxonomy":"product_brand","embeddable":true,"href":"https:\/\/chezsmoke.ch\/de\/wp-json\/wp\/v2\/product_brand?post=262855"},{"taxonomy":"product_cat","embeddable":true,"href":"https:\/\/chezsmoke.ch\/de\/wp-json\/wp\/v2\/product_cat?post=262855"},{"taxonomy":"product_tag","embeddable":true,"href":"https:\/\/chezsmoke.ch\/de\/wp-json\/wp\/v2\/product_tag?post=262855"}],"curies":[{"name":"wp","href":"https:\/\/api.w.org\/{rel}","templated":true}]}}