{"id":292623,"date":"2024-04-18T15:06:35","date_gmt":"2024-04-18T13:06:35","guid":{"rendered":"https:\/\/chezsmoke.ch\/produit\/aspire-huracan-ex\/"},"modified":"2025-08-14T11:41:33","modified_gmt":"2025-08-14T09:41:33","slug":"aspire-huracan-ex","status":"publish","type":"product","link":"https:\/\/chezsmoke.ch\/de\/produit\/aspire-huracan-ex\/","title":{"rendered":"Aspire Huracan EX"},"content":{"rendered":"<h3 data-start=\"295\" data-end=\"373\"><strong data-start=\"299\" data-end=\"373\">Box Huracan EX by Aspire &#8211; Kraft und Eleganz im Dienste des DTL \ud83d\udca8.<\/strong><\/h3>\n<p data-start=\"375\" data-end=\"771\">Aspire kehrt mit einer Box f\u00fcr <strong data-start=\"457\" data-end=\"479\">anspruchsvolle DTL-Dampfer<\/strong> auf die B\u00fchne zur\u00fcck. Die <strong data-start=\"484\" data-end=\"498\">Huracan EX<\/strong> kombiniert <strong data-start=\"507\" data-end=\"520\">Leistung<\/strong>, <strong data-start=\"522\" data-end=\"537\">Vielseitigkeit<\/strong> und <strong data-start=\"541\" data-end=\"558\">ein gepflegtes Design<\/strong> in einem <strong data-start=\"583\" data-end=\"605\">kompakten und robusten<\/strong> Format. Mit einer Leistung von bis zu <strong data-start=\"635\" data-end=\"643\">100W<\/strong> ist sie dank ihres <strong data-start=\"733\" data-end=\"752\">kompletten<\/strong> und extrem sicheren <strong data-start=\"733\" data-end=\"752\">Chipsatzes<\/strong> f\u00fcr alle Profile geeignet, vom Anf\u00e4nger bis zum erfahrenen Dampfer.  <\/p>\n<h3 data-start=\"778\" data-end=\"828\">\ud83d\udd25 1 <strong data-start=\"785\" data-end=\"828\">00W Leistung in einem mobilen Format<\/strong><\/h3>\n<p data-start=\"830\" data-end=\"1075\">Lassen Sie sich nicht von seiner Gr\u00f6\u00dfe t\u00e4uschen! Mit seinen <strong data-start=\"870\" data-end=\"891\">86,5 \u00d7 34 \u00d7 28 mm<\/strong> ist der Huracan EX ein echter Hingucker. Er verf\u00fcgt \u00fcber einen <strong data-start=\"944\" data-end=\"971\">18650 Akku (nicht im Lieferumfang enthalten)<\/strong> mit einer <strong data-start=\"995\" data-end=\"1016\">Leistung<\/strong> von bis zu <strong data-start=\"995\" data-end=\"1016\">100 W<\/strong>. Ideal f\u00fcr gro\u00dfe Wolken und ein starkes Gef\u00fchl.  <\/p>\n<p data-start=\"1077\" data-end=\"1304\">Diese Box ist <strong data-start=\"1091\" data-end=\"1171\">vollst\u00e4ndig kompatibel mit allen Clearomizern mit einem Durchmesser von bis zu 28 mm,<\/strong> f\u00fcr ein sauberes Setup ohne \u00dcberlaufen. Das <strong data-start=\"1229\" data-end=\"1247\">moderne Design<\/strong> und die makellose Verarbeitung sind ein echter Hingucker. <\/p>\n<h3 data-start=\"1311\" data-end=\"1365\"><a href=\"https:\/\/chezsmoke.ch\/wp-content\/uploads\/2024\/05\/Aspire-Huracan-EX-Slide-300x156.jpg\"><img loading=\"lazy\" decoding=\"async\" class=\"alignnone wp-image-297360\" src=\"https:\/\/chezsmoke.ch\/wp-content\/uploads\/2024\/05\/Aspire-Huracan-EX-Slide-300x156.jpg\" alt=\"Aspire-Huracan-EX\" width=\"556\" height=\"289\" srcset=\"https:\/\/chezsmoke.ch\/wp-content\/uploads\/2024\/05\/Aspire-Huracan-EX-Slide-300x156.jpg 300w, https:\/\/chezsmoke.ch\/wp-content\/uploads\/2024\/05\/Aspire-Huracan-EX-Slide-768x400.jpg 768w, https:\/\/chezsmoke.ch\/wp-content\/uploads\/2024\/05\/Aspire-Huracan-EX-Slide-96x50.jpg 96w, https:\/\/chezsmoke.ch\/wp-content\/uploads\/2024\/05\/Aspire-Huracan-EX-Slide-42x22.jpg 42w, https:\/\/chezsmoke.ch\/wp-content\/uploads\/2024\/05\/Aspire-Huracan-EX-Slide-60x31.jpg 60w, https:\/\/chezsmoke.ch\/wp-content\/uploads\/2024\/05\/Aspire-Huracan-EX-Slide-600x313.jpg 600w, https:\/\/chezsmoke.ch\/wp-content\/uploads\/2024\/05\/Aspire-Huracan-EX-Slide-150x78.jpg 150w, https:\/\/chezsmoke.ch\/wp-content\/uploads\/2024\/05\/Aspire-Huracan-EX-Slide.jpg 978w\" sizes=\"auto, (max-width: 556px) 100vw, 556px\" \/><\/a><\/h3>\n<h3 data-start=\"1311\" data-end=\"1365\">\ud83e\udde0 E <strong data-start=\"1318\" data-end=\"1365\">in kompletter Chipsatz f\u00fcr ein ma\u00dfgeschneidertes Dampfen<\/strong><\/h3>\n<p data-start=\"1367\" data-end=\"1477\">Der <strong data-start=\"1370\" data-end=\"1389\">integrierte Chipsatz<\/strong> bietet <strong data-start=\"1396\" data-end=\"1425\">5 Betriebsmodi<\/strong> f\u00fcr eine vollst\u00e4ndig anpassbare Erfahrung:<\/p>\n<ul data-start=\"1479\" data-end=\"1827\">\n<li data-start=\"1479\" data-end=\"1530\">\n<p data-start=\"1481\" data-end=\"1530\"><strong data-start=\"1481\" data-end=\"1494\">Watt-Modus<\/strong>: Stellen Sie die Leistung von 5 bis 100 W ein.<\/p>\n<\/li>\n<li data-start=\"1531\" data-end=\"1597\">\n<p data-start=\"1533\" data-end=\"1597\"><strong data-start=\"1533\" data-end=\"1549\">Voltage-Modus<\/strong>: Stellen Sie die Spannung manuell von 0,5 bis 9 V ein.<\/p>\n<\/li>\n<li data-start=\"1598\" data-end=\"1680\">\n<p data-start=\"1600\" data-end=\"1680\"><strong data-start=\"1600\" data-end=\"1615\">Bypass-Modus<\/strong>: f\u00fcr ein Dampfen im Stil eines Maschinenbauers ohne Kompromisse bei der Sicherheit<\/p>\n<\/li>\n<li data-start=\"1681\" data-end=\"1758\">\n<p data-start=\"1683\" data-end=\"1758\"><strong data-start=\"1683\" data-end=\"1695\">CPS-Modus<\/strong>: Erstellen Sie Ihre eigene Leistungskurve f\u00fcr jeden Zug<\/p>\n<\/li>\n<li data-start=\"1759\" data-end=\"1827\">\n<p data-start=\"1761\" data-end=\"1827\"><strong data-start=\"1761\" data-end=\"1772\">TC-Modus<\/strong>: Steuern Sie die Temperatur f\u00fcr die Widerst\u00e4nde Ni, Ti, SS<\/p>\n<\/li>\n<\/ul>\n<p data-start=\"1829\" data-end=\"1988\">\ud83d\udca1 Au\u00dferdem hat er <strong data-start=\"1853\" data-end=\"1891\">alle notwendigen Schutzvorrichtungen<\/strong> an Bord: Kurzschluss, \u00dcberhitzung, \u00dcberladung, zu langer Zug&#8230; So k\u00f6nnen Sie beruhigt dampfen.<\/p>\n<h3 data-start=\"1995\" data-end=\"2042\">\ud83d\udd0b 1 <strong data-start=\"2002\" data-end=\"2042\">8650-Akku und schneller USB-C-Anschluss<\/strong><\/h3>\n<p data-start=\"2044\" data-end=\"2345\">Der <strong data-start=\"2047\" data-end=\"2091\">Huracan EX wird mit einem 18650 Akku betrieben<\/strong> (nicht im Lieferumfang enthalten), so dass Sie die Laufzeit je nach Gebrauch anpassen k\u00f6nnen. Er verf\u00fcgt auch \u00fcber einen <strong data-start=\"2182\" data-end=\"2196\">USB-C-Anschluss<\/strong> f\u00fcr schnelles und bequemes Aufladen (Kabel im Lieferumfang enthalten). Um die Akkus zu schonen, empfiehlt Aspire jedoch die Verwendung eines <strong data-start=\"2318\" data-end=\"2344\">externen Ladeger\u00e4ts<\/strong>.  <\/p>\n<h3 data-start=\"2493\" data-end=\"2543\"><a href=\"https:\/\/chezsmoke.ch\/wp-content\/uploads\/2024\/04\/batteire-huracan-EX-300x160.webp\"><img loading=\"lazy\" decoding=\"async\" class=\"alignnone wp-image-418657\" src=\"https:\/\/chezsmoke.ch\/wp-content\/uploads\/2024\/04\/batteire-huracan-EX-300x160.webp\" alt=\"\" width=\"578\" height=\"308\" srcset=\"https:\/\/chezsmoke.ch\/wp-content\/uploads\/2024\/04\/batteire-huracan-EX-300x160.webp 300w, https:\/\/chezsmoke.ch\/wp-content\/uploads\/2024\/04\/batteire-huracan-EX-60x32.webp 60w, https:\/\/chezsmoke.ch\/wp-content\/uploads\/2024\/04\/batteire-huracan-EX-600x320.webp 600w, https:\/\/chezsmoke.ch\/wp-content\/uploads\/2024\/04\/batteire-huracan-EX-150x80.webp 150w, https:\/\/chezsmoke.ch\/wp-content\/uploads\/2024\/04\/batteire-huracan-EX-96x51.webp 96w, https:\/\/chezsmoke.ch\/wp-content\/uploads\/2024\/04\/batteire-huracan-EX-42x22.webp 42w, https:\/\/chezsmoke.ch\/wp-content\/uploads\/2024\/04\/batteire-huracan-EX.webp 750w\" sizes=\"auto, (max-width: 578px) 100vw, 578px\" \/><\/a><\/h3>\n<h3 data-start=\"2493\" data-end=\"2543\">\u2728 <strong data-start=\"2499\" data-end=\"2543\">Ausgearbeitetes Design, perfekte Handhabung<\/strong><\/h3>\n<p data-start=\"2545\" data-end=\"2814\">Mit seiner <strong data-start=\"2554\" data-end=\"2591\">strukturierten Oberfl\u00e4che in Schuppenoptik<\/strong>, den <strong data-start=\"2597\" data-end=\"2619\">Metallic-Akzenten<\/strong> und dem <strong data-start=\"2627\" data-end=\"2642\">abgerundeten R\u00fccken<\/strong> ist der Huracan EX auf den ersten Blick attraktiv. Er <strong data-start=\"2699\" data-end=\"2728\">liegt bequem in der Hand<\/strong>, ist gut ausbalanciert und sieht in verschiedenen <strong data-start=\"2793\" data-end=\"2813\">eleganten Farben<\/strong> sehr hochwertig aus. <\/p>\n<p data-start=\"2816\" data-end=\"3063\">Das<strong data-start=\"2818\" data-end=\"2848\">0,96&#8243; TFT-Farbdisplay<\/strong> zeigt alle wichtigen Informationen an: aktiver Modus, Leistung, Widerstand, Reichweite, Puff-Z\u00e4hler&#8230; Das Ganze wird von einem <strong data-start=\"2978\" data-end=\"3003\">physischen Schalter<\/strong> begleitet, mit dem Sie den Mod mit einer einfachen Bewegung sperren k\u00f6nnen. Praktisch und sicher! <\/p>\n<h3 data-start=\"3070\" data-end=\"3112\">\u2705 <strong data-start=\"3076\" data-end=\"3112\">Warum sollten Sie sich f\u00fcr den Huracan EX entscheiden?<\/strong><\/h3>\n<ul data-start=\"3114\" data-end=\"3556\">\n<li data-start=\"3114\" data-end=\"3183\">\n<p data-start=\"3116\" data-end=\"3183\">F\u00fcr <strong data-start=\"3124\" data-end=\"3145\">100 W Leistung<\/strong> in einem <strong data-start=\"3161\" data-end=\"3181\">kompakten und stilvollen<\/strong> Format.<\/p>\n<\/li>\n<li data-start=\"3184\" data-end=\"3263\">\n<p data-start=\"3186\" data-end=\"3263\">F\u00fcr seinen <strong data-start=\"3195\" data-end=\"3220\">ultrakompletten Chipsatz<\/strong> mit 5 Modi f\u00fcr jedes Niveau<\/p>\n<\/li>\n<li data-start=\"3264\" data-end=\"3327\">\n<p data-start=\"3266\" data-end=\"3327\">F\u00fcr die <strong data-start=\"3274\" data-end=\"3325\">Kompatibilit\u00e4t mit Zerst\u00e4ubern bis zu 28 mm.<\/strong><\/p>\n<\/li>\n<li data-start=\"3328\" data-end=\"3394\">\n<p data-start=\"3330\" data-end=\"3394\">F\u00fcr seine <strong data-start=\"3338\" data-end=\"3392\">tadellose Verarbeitungsqualit\u00e4t mit der Unterschrift von Aspire<\/strong><\/p>\n<\/li>\n<li data-start=\"3395\" data-end=\"3465\">\n<p data-start=\"3397\" data-end=\"3465\">F\u00fcr seine <strong data-start=\"3405\" data-end=\"3431\">angenehme Handhabung<\/strong> und sein <strong data-start=\"3439\" data-end=\"3463\">hochwertiges Design<\/strong><\/p>\n<\/li>\n<li data-start=\"3466\" data-end=\"3556\">\n<p data-start=\"3468\" data-end=\"3556\">Und weil sie ein leistungsstarkes, stabiles und vollst\u00e4ndig anpassbares DTL-Dampfen bietet \ud83d\udd25.<\/p>\n<\/li>\n<\/ul>\n<h3 data-start=\"3563\" data-end=\"3595\">\ud83d\udce6 <strong data-start=\"3570\" data-end=\"3593\">Inhalt der Schachtel<\/strong><\/h3>\n<ul data-start=\"3596\" data-end=\"3664\">\n<li data-start=\"3596\" data-end=\"3617\">\n<p data-start=\"3598\" data-end=\"3617\">1x Box Huracan EX<\/p>\n<\/li>\n<li data-start=\"3618\" data-end=\"3636\">\n<p data-start=\"3620\" data-end=\"3636\">1x USB-C-Kabel<\/p>\n<\/li>\n<li data-start=\"3637\" data-end=\"3664\">\n<p data-start=\"3639\" data-end=\"3664\">1x Benutzerhandbuch<\/p>\n<\/li>\n<\/ul>\n<p data-start=\"3666\" data-end=\"3716\">\ud83d\udd0b 1 <em data-start=\"3669\" data-end=\"3716\">8650-Akku nicht im Lieferumfang enthalten &#8211; bitte separat bestellen.<\/em><\/p>\n<h3 data-start=\"3723\" data-end=\"3763\">\ud83d\udccf <strong data-start=\"3730\" data-end=\"3761\">Technische Daten<\/strong><\/h3>\n<ul data-start=\"3764\" data-end=\"4106\">\n<li data-start=\"3764\" data-end=\"3802\">\n<p data-start=\"3766\" data-end=\"3802\"><strong data-start=\"3766\" data-end=\"3780\">Abmessungen<\/strong>: 86,5 \u00d7 34 \u00d7 28 mm<\/p>\n<\/li>\n<li data-start=\"3803\" data-end=\"3831\">\n<p data-start=\"3805\" data-end=\"3831\"><strong data-start=\"3805\" data-end=\"3818\">Leistung<\/strong>: 5 bis 100 W<\/p>\n<\/li>\n<li data-start=\"3832\" data-end=\"3876\">\n<p data-start=\"3834\" data-end=\"3876\"><strong data-start=\"3834\" data-end=\"3846\">Batterie<\/strong>: 1 x 18650 Akku (nicht im Lieferumfang enthalten)<\/p>\n<\/li>\n<li data-start=\"3877\" data-end=\"3910\">\n<p data-start=\"3879\" data-end=\"3910\"><strong data-start=\"3879\" data-end=\"3888\">Bildschirm<\/strong>: 0,96&#8243; <strong data-start=\"3879\" data-end=\"3888\">TFT-Farbbildschirm<\/strong> <\/p>\n<\/li>\n<li data-start=\"3911\" data-end=\"3957\">\n<p data-start=\"3913\" data-end=\"3957\"><strong data-start=\"3913\" data-end=\"3922\">Modi<\/strong>: Watt, Voltage, Bypass, CPS, TC<\/p>\n<\/li>\n<li data-start=\"3958\" data-end=\"4005\">\n<p data-start=\"3960\" data-end=\"4005\"><strong data-start=\"3960\" data-end=\"3987\">Kompatibilit\u00e4t mit Zerst\u00e4ubern<\/strong>: bis zu 28 mm<\/p>\n<\/li>\n<li data-start=\"4006\" data-end=\"4036\">\n<p data-start=\"4008\" data-end=\"4036\"><strong data-start=\"4008\" data-end=\"4026\">Ladeanschluss<\/strong>: USB-C<\/p>\n<\/li>\n<li data-start=\"4037\" data-end=\"4106\">\n<p data-start=\"4039\" data-end=\"4106\"><strong data-start=\"4039\" data-end=\"4064\">Eingebaute Schutzvorrichtungen<\/strong>: ja (\u00dcberhitzung, Kurzschluss, etc.).<\/p>\n<\/li>\n<\/ul>\n<p data-start=\"4113\" data-end=\"4266\" data-is-last-node=\"\" data-is-only-node=\"\">\ud83c\udfaf  <strong data-start=\"4116\" data-end=\"4266\" data-is-last-node=\"\">Der Huracan EX ist ein kompakter, leistungsstarker und intelligenter Mod, der das DTL-Dampfen in Ihre Reichweite bringt. Lassen Sie Ihr Setup mit Stil und Pr\u00e4zision r\u00f6hren. <\/strong><\/p>\n","protected":false},"excerpt":{"rendered":"<p data-start=\"295\" data-end=\"373\">Box Huracan EX by Aspire &#8211; Kraft und Eleganz im Dienste des <strong data-start=\"299\" data-end=\"373\">DTL\ud83d\udca8<\/strong>.<\/p>\n","protected":false},"featured_media":291700,"comment_status":"closed","ping_status":"closed","template":"","meta":{"_acf_changed":false},"product_brand":[],"product_cat":[705,692],"product_tag":[],"class_list":{"0":"post-292623","1":"product","2":"type-product","3":"status-publish","4":"has-post-thumbnail","6":"product_cat-box-de","7":"product_cat-elektronische-zigaretten","8":"pa_couleur-black-de","9":"pa_couleur-grey-de","10":"pa_couleur-purple-de","11":"pa_couleur-red-de","13":"first","14":"instock","15":"taxable","16":"shipping-taxable","17":"purchasable","18":"product-type-variable"},"bundled_by":[],"bundle_stock_status":"instock","bundle_stock_quantity":null,"bundle_virtual":false,"bundle_layout":"","bundle_add_to_cart_form_location":"","bundle_editable_in_cart":false,"bundle_sold_individually_context":"","bundle_item_grouping":"","bundle_min_size":"","bundle_max_size":"","bundle_price":[],"bundled_items":[],"bundle_sell_ids":[],"acf":[],"_links":{"self":[{"href":"https:\/\/chezsmoke.ch\/de\/wp-json\/wp\/v2\/product\/292623","targetHints":{"allow":["GET"]}}],"collection":[{"href":"https:\/\/chezsmoke.ch\/de\/wp-json\/wp\/v2\/product"}],"about":[{"href":"https:\/\/chezsmoke.ch\/de\/wp-json\/wp\/v2\/types\/product"}],"replies":[{"embeddable":true,"href":"https:\/\/chezsmoke.ch\/de\/wp-json\/wp\/v2\/comments?post=292623"}],"wp:featuredmedia":[{"embeddable":true,"href":"https:\/\/chezsmoke.ch\/de\/wp-json\/wp\/v2\/media\/291700"}],"wp:attachment":[{"href":"https:\/\/chezsmoke.ch\/de\/wp-json\/wp\/v2\/media?parent=292623"}],"wp:term":[{"taxonomy":"product_brand","embeddable":true,"href":"https:\/\/chezsmoke.ch\/de\/wp-json\/wp\/v2\/product_brand?post=292623"},{"taxonomy":"product_cat","embeddable":true,"href":"https:\/\/chezsmoke.ch\/de\/wp-json\/wp\/v2\/product_cat?post=292623"},{"taxonomy":"product_tag","embeddable":true,"href":"https:\/\/chezsmoke.ch\/de\/wp-json\/wp\/v2\/product_tag?post=292623"}],"curies":[{"name":"wp","href":"https:\/\/api.w.org\/{rel}","templated":true}]}}