{"id":292652,"date":"2024-04-03T12:17:19","date_gmt":"2024-04-03T10:17:19","guid":{"rendered":"https:\/\/chezsmoke.ch\/produit\/petit-nuage-sironade-dragon\/"},"modified":"2026-02-17T11:21:24","modified_gmt":"2026-02-17T10:21:24","slug":"klein-wolke-sironade-dragon","status":"publish","type":"product","link":"https:\/\/chezsmoke.ch\/de\/produit\/klein-wolke-sironade-dragon\/","title":{"rendered":"Petit Nuage Sironade Dragon"},"content":{"rendered":"<p>Die franz\u00f6sischen Designer <strong>Petit Nuage<\/strong> verw\u00f6hnen uns mit dem <strong>Sironade Dragon<\/strong>.<\/p>\n<p><span class=\"sw\">Tauchen Sie ein unter<\/span> <span class=\"sw\">in<\/span> <span class=\"sw\">eine<\/span> <span class=\"sw\">Insel<\/span> <span class=\"sw\">Paradies<\/span> <span class=\"sw\">mit<\/span> <span class=\"sw\">diese<\/span> <span class=\"sw\">Mischung<\/span> <span class=\"sw\">exotisch<\/span> <span class=\"sw\">von<\/span> <strong><span class=\"sw\">Frucht<\/span> <span class=\"sw\">von<\/span><\/strong> <span class=\"sw\"><br \/>\n  <b>Drachen<\/b><br \/>\n<\/span> <span class=\"sw\">mit einem Hauch von <strong>Frische<\/strong><\/span> <span class=\"sw\">f\u00fcr<\/span> <span class=\"sw\">eine<\/span> <span class=\"sw\">Erfahrung<\/span> <span class=\"sw\">schmackhafte<\/span> <span class=\"sw\">ultimativ.<\/span> <\/p>\n<p>&nbsp;<\/p>\n<p>&#8211;<em>Wie auf einer kleinen Wolke<\/em>!<\/p>\n<p>In einer <strong>70 ml<\/strong> Flasche finden Sie <strong>50 ml<\/strong> Fl\u00fcssigkeit mit verst\u00e4rkten Aromen. Diese Fl\u00fcssigkeit kann mit <a href=\"https:\/\/chezsmoke.ch\/product-category\/boosters-nicotine\/\">Nikotinboostern<\/a> erg\u00e4nzt werden, um die gew\u00fcnschte Dosis zu erhalten, oder mit einer <a href=\"https:\/\/chezsmoke.ch\/product-category\/bases\/\">neutralen, nikotinfreien Basis<\/a>. <strong>1 Booster f\u00fcr 3 mg\/ml und 2 Booster f\u00fcr 6 mg\/ml<\/strong> (f\u00fcr h\u00f6here Nikotindosierungen ist ein externer Beh\u00e4lter vorzusehen). <\/p>\n<p>50PG \/ 50VG<\/p>\n<p><a href=\"https:\/\/chezsmoke.ch\/wp-content\/uploads\/2024\/09\/Avertissement-liquides-sans-nicotine-300x197.png\"><img loading=\"lazy\" decoding=\"async\" class=\"alignnone size-medium wp-image-337012\" src=\"https:\/\/chezsmoke.ch\/wp-content\/uploads\/2024\/09\/Avertissement-liquides-sans-nicotine-300x197.png\" alt=\"\" width=\"300\" height=\"197\" srcset=\"https:\/\/chezsmoke.ch\/wp-content\/uploads\/2024\/09\/Avertissement-liquides-sans-nicotine-300x197.png 300w, https:\/\/chezsmoke.ch\/wp-content\/uploads\/2024\/09\/Avertissement-liquides-sans-nicotine-96x63.png 96w, https:\/\/chezsmoke.ch\/wp-content\/uploads\/2024\/09\/Avertissement-liquides-sans-nicotine-42x28.png 42w, https:\/\/chezsmoke.ch\/wp-content\/uploads\/2024\/09\/Avertissement-liquides-sans-nicotine-60x39.png 60w, https:\/\/chezsmoke.ch\/wp-content\/uploads\/2024\/09\/Avertissement-liquides-sans-nicotine-600x394.png 600w, https:\/\/chezsmoke.ch\/wp-content\/uploads\/2024\/09\/Avertissement-liquides-sans-nicotine-150x99.png 150w, https:\/\/chezsmoke.ch\/wp-content\/uploads\/2024\/09\/Avertissement-liquides-sans-nicotine.png 755w\" sizes=\"auto, (max-width: 300px) 100vw, 300px\" \/><\/a><\/p>\n","protected":false},"excerpt":{"rendered":"<p>Die franz\u00f6sischen Designer Petit Nuage verw\u00f6hnen uns mit dem Sironade Dragon. Tauchen Sie ein unter in eine Insel Paradies mit<\/p>\n","protected":false},"featured_media":469220,"comment_status":"closed","ping_status":"closed","template":"","meta":{"_acf_changed":false},"product_brand":[],"product_cat":[681,683,699,698,744],"product_tag":[],"class_list":{"0":"post-292652","1":"product","2":"type-product","3":"status-publish","4":"has-post-thumbnail","6":"product_cat-e-liquids-de","7":"product_cat-fruchtig","8":"product_cat-fruchtig-frisch","9":"product_cat-gute-angebote-eliquide","10":"product_cat-tipps","12":"first","13":"instock","14":"sale","15":"taxable","16":"shipping-taxable","17":"purchasable","18":"product-type-simple"},"bundled_by":[],"bundle_stock_status":"instock","bundle_stock_quantity":1,"bundle_virtual":false,"bundle_layout":"","bundle_add_to_cart_form_location":"","bundle_editable_in_cart":false,"bundle_sold_individually_context":"","bundle_item_grouping":"","bundle_min_size":"","bundle_max_size":"","bundle_price":[],"bundled_items":[],"bundle_sell_ids":[],"acf":[],"_links":{"self":[{"href":"https:\/\/chezsmoke.ch\/de\/wp-json\/wp\/v2\/product\/292652","targetHints":{"allow":["GET"]}}],"collection":[{"href":"https:\/\/chezsmoke.ch\/de\/wp-json\/wp\/v2\/product"}],"about":[{"href":"https:\/\/chezsmoke.ch\/de\/wp-json\/wp\/v2\/types\/product"}],"replies":[{"embeddable":true,"href":"https:\/\/chezsmoke.ch\/de\/wp-json\/wp\/v2\/comments?post=292652"}],"wp:featuredmedia":[{"embeddable":true,"href":"https:\/\/chezsmoke.ch\/de\/wp-json\/wp\/v2\/media\/469220"}],"wp:attachment":[{"href":"https:\/\/chezsmoke.ch\/de\/wp-json\/wp\/v2\/media?parent=292652"}],"wp:term":[{"taxonomy":"product_brand","embeddable":true,"href":"https:\/\/chezsmoke.ch\/de\/wp-json\/wp\/v2\/product_brand?post=292652"},{"taxonomy":"product_cat","embeddable":true,"href":"https:\/\/chezsmoke.ch\/de\/wp-json\/wp\/v2\/product_cat?post=292652"},{"taxonomy":"product_tag","embeddable":true,"href":"https:\/\/chezsmoke.ch\/de\/wp-json\/wp\/v2\/product_tag?post=292652"}],"curies":[{"name":"wp","href":"https:\/\/api.w.org\/{rel}","templated":true}]}}