{"id":292653,"date":"2024-04-03T12:01:19","date_gmt":"2024-04-03T10:01:19","guid":{"rendered":"https:\/\/chezsmoke.ch\/produit\/petit-nuage-vanille-toscane\/"},"modified":"2026-02-17T11:41:59","modified_gmt":"2026-02-17T10:41:59","slug":"kleine-ubernachtung-vanille-toskana","status":"publish","type":"product","link":"https:\/\/chezsmoke.ch\/de\/produit\/kleine-ubernachtung-vanille-toskana\/","title":{"rendered":"Kleine Wolke Toskanische Vanille"},"content":{"rendered":"<p>Die franz\u00f6sischen Designer <strong>Petit Nuage<\/strong> verw\u00f6hnen uns mit <strong>Vanille Toscane<\/strong>.<\/p>\n<p>Reisen Sie durch die Toskana mit dieser herrlichen Mischung aus <strong>Vanille<\/strong>, <strong>Karamell<\/strong>, <strong>Haselnuss<\/strong> und einem Hauch des <strong>klassischen RY4<\/strong> f\u00fcr eine perfekt ausgewogene Harmonie.<\/p>\n<p>&nbsp;<\/p>\n<p>&#8211;<em>Wie auf einer kleinen Wolke<\/em>!<\/p>\n<p>In einer <strong>60 ml<\/strong> Flasche finden Sie <strong>60 ml<\/strong> Fl\u00fcssigkeit mit verst\u00e4rkten Aromen. Diese Fl\u00fcssigkeit kann mit <a href=\"https:\/\/chezsmoke.ch\/product-category\/boosters-nicotine\/\">Nikotinboostern<\/a> erg\u00e4nzt werden, um die gew\u00fcnschte Dosis zu erhalten, oder mit einer <a href=\"https:\/\/chezsmoke.ch\/product-category\/bases\/\">neutralen, nikotinfreien Basis<\/a>. <strong>1 Booster f\u00fcr 3 mg\/ml<\/strong> (Eine 30 ml Flasche wird mitgeliefert). <\/p>\n<p>40PG \/ 60VG<\/p>\n<p><a href=\"https:\/\/chezsmoke.ch\/wp-content\/uploads\/2024\/09\/Avertissement-liquides-sans-nicotine-300x197.png\"><img loading=\"lazy\" decoding=\"async\" class=\"alignnone size-medium wp-image-337012\" src=\"https:\/\/chezsmoke.ch\/wp-content\/uploads\/2024\/09\/Avertissement-liquides-sans-nicotine-300x197.png\" alt=\"\" width=\"300\" height=\"197\" srcset=\"https:\/\/chezsmoke.ch\/wp-content\/uploads\/2024\/09\/Avertissement-liquides-sans-nicotine-300x197.png 300w, https:\/\/chezsmoke.ch\/wp-content\/uploads\/2024\/09\/Avertissement-liquides-sans-nicotine-96x63.png 96w, https:\/\/chezsmoke.ch\/wp-content\/uploads\/2024\/09\/Avertissement-liquides-sans-nicotine-42x28.png 42w, https:\/\/chezsmoke.ch\/wp-content\/uploads\/2024\/09\/Avertissement-liquides-sans-nicotine-60x39.png 60w, https:\/\/chezsmoke.ch\/wp-content\/uploads\/2024\/09\/Avertissement-liquides-sans-nicotine-600x394.png 600w, https:\/\/chezsmoke.ch\/wp-content\/uploads\/2024\/09\/Avertissement-liquides-sans-nicotine-150x99.png 150w, https:\/\/chezsmoke.ch\/wp-content\/uploads\/2024\/09\/Avertissement-liquides-sans-nicotine.png 755w\" sizes=\"auto, (max-width: 300px) 100vw, 300px\" \/><\/a><\/p>\n","protected":false},"excerpt":{"rendered":"<p>Die franz\u00f6sischen Designer Petit Nuage verw\u00f6hnen uns mit Vanille Toscane. Reisen Sie durch die Toskana mit dieser herrlichen Mischung aus<\/p>\n","protected":false},"featured_media":469236,"comment_status":"closed","ping_status":"closed","template":"","meta":{"_acf_changed":false},"product_brand":[],"product_cat":[716,681,708,698,744],"product_tag":[],"class_list":{"0":"post-292653","1":"product","2":"type-product","3":"status-publish","4":"has-post-thumbnail","6":"product_cat-tabakwaren","7":"product_cat-e-liquids-de","8":"product_cat-gourmands-de","9":"product_cat-gute-angebote-eliquide","10":"product_cat-tipps","12":"first","13":"instock","14":"sale","15":"taxable","16":"shipping-taxable","17":"purchasable","18":"product-type-simple"},"bundled_by":[],"bundle_stock_status":"instock","bundle_stock_quantity":3,"bundle_virtual":false,"bundle_layout":"","bundle_add_to_cart_form_location":"","bundle_editable_in_cart":false,"bundle_sold_individually_context":"","bundle_item_grouping":"","bundle_min_size":"","bundle_max_size":"","bundle_price":[],"bundled_items":[],"bundle_sell_ids":[],"acf":[],"_links":{"self":[{"href":"https:\/\/chezsmoke.ch\/de\/wp-json\/wp\/v2\/product\/292653","targetHints":{"allow":["GET"]}}],"collection":[{"href":"https:\/\/chezsmoke.ch\/de\/wp-json\/wp\/v2\/product"}],"about":[{"href":"https:\/\/chezsmoke.ch\/de\/wp-json\/wp\/v2\/types\/product"}],"replies":[{"embeddable":true,"href":"https:\/\/chezsmoke.ch\/de\/wp-json\/wp\/v2\/comments?post=292653"}],"wp:featuredmedia":[{"embeddable":true,"href":"https:\/\/chezsmoke.ch\/de\/wp-json\/wp\/v2\/media\/469236"}],"wp:attachment":[{"href":"https:\/\/chezsmoke.ch\/de\/wp-json\/wp\/v2\/media?parent=292653"}],"wp:term":[{"taxonomy":"product_brand","embeddable":true,"href":"https:\/\/chezsmoke.ch\/de\/wp-json\/wp\/v2\/product_brand?post=292653"},{"taxonomy":"product_cat","embeddable":true,"href":"https:\/\/chezsmoke.ch\/de\/wp-json\/wp\/v2\/product_cat?post=292653"},{"taxonomy":"product_tag","embeddable":true,"href":"https:\/\/chezsmoke.ch\/de\/wp-json\/wp\/v2\/product_tag?post=292653"}],"curies":[{"name":"wp","href":"https:\/\/api.w.org\/{rel}","templated":true}]}}