{"id":292654,"date":"2024-04-02T17:01:53","date_gmt":"2024-04-02T15:01:53","guid":{"rendered":"https:\/\/chezsmoke.ch\/produit\/peche-gourmand-myrtills-coco\/"},"modified":"2026-02-17T14:26:03","modified_gmt":"2026-02-17T13:26:03","slug":"pfirsich-gourmand-heidelbeer-kokosnuss","status":"publish","type":"product","link":"https:\/\/chezsmoke.ch\/de\/produit\/pfirsich-gourmand-heidelbeer-kokosnuss\/","title":{"rendered":"P\u00e9ch\u00e9 Gourmand Myrtills Coco"},"content":{"rendered":"<div>Die herrliche Produktreihe<strong> P\u00e9ch\u00e9 Gourmand<\/strong> der Belgier von <strong>LiquidLab<\/strong> (O&#8217;Jlab) ist ein wahrer Genuss, ja sogar ein Muss f\u00fcr Liebhaber von Feinschmeckeraromen.<\/div>\n<div><\/div>\n<div class=\"wrapped-line\">E-Liquid <b>Heidelbeere Kokos<\/b> <span class=\"sw\">pr\u00e4sentiert<\/span> <span class=\"sw\">eine<\/span> <span class=\"sw\">k\u00f6stliche Mischung aus <strong>Heidelbeeren<\/strong><\/span> mit <strong>Kokoschips.<\/strong><\/div>\n<p><span class=\"sw\">Versuchen Sie es mit<\/span> <span class=\"sw\">diese<\/span> <span class=\"sw\">Erfolg<\/span> <span class=\"sw\">mit<\/span> <span class=\"sw\">der<\/span> <span class=\"sw\">Geschmacksrichtungen<\/span> <span class=\"sw\">unglaubliche<\/span> <span class=\"sw\">die<\/span> <span class=\"sw\">werden  ersetzen.<\/span> <span class=\"sw\">Ihre<\/span> <span class=\"sw\">Pause<\/span> <span class=\"sw\">Snacks<\/span> <span class=\"sw\">in<\/span> <span class=\"sw\">eine<\/span> <span class=\"sw\">nichts<\/span> <span class=\"sw\">von<\/span> <span class=\"sw\">Zeit.<\/span><\/p>\n<p>In einer <strong>70 ml<\/strong> Flasche finden Sie <strong>50 ml<\/strong> Fl\u00fcssigkeit mit verst\u00e4rkten Aromen. Diese Fl\u00fcssigkeit kann mit <a href=\"https:\/\/chezsmoke.ch\/product-category\/boosters-nicotine\/\">Nikotinboostern<\/a> erg\u00e4nzt werden, um die gew\u00fcnschte Dosis zu erhalten, oder mit einer <a href=\"https:\/\/chezsmoke.ch\/product-category\/bases\/\">neutralen, nikotinfreien Basis<\/a>. <strong>1 Booster f\u00fcr 3 mg\/ml und 2 Booster f\u00fcr 6 mg\/ml<\/strong> (f\u00fcr h\u00f6here Nikotindosierungen ist ein externer Beh\u00e4lter vorzusehen). <\/p>\n<p>30PG \/ 70VG<\/p>\n<p><a href=\"https:\/\/chezsmoke.ch\/wp-content\/uploads\/2024\/09\/Avertissement-liquides-sans-nicotine-300x197.png\"><img loading=\"lazy\" decoding=\"async\" class=\"alignnone size-medium wp-image-337012\" src=\"https:\/\/chezsmoke.ch\/wp-content\/uploads\/2024\/09\/Avertissement-liquides-sans-nicotine-300x197.png\" alt=\"\" width=\"300\" height=\"197\" srcset=\"https:\/\/chezsmoke.ch\/wp-content\/uploads\/2024\/09\/Avertissement-liquides-sans-nicotine-300x197.png 300w, https:\/\/chezsmoke.ch\/wp-content\/uploads\/2024\/09\/Avertissement-liquides-sans-nicotine-96x63.png 96w, https:\/\/chezsmoke.ch\/wp-content\/uploads\/2024\/09\/Avertissement-liquides-sans-nicotine-42x28.png 42w, https:\/\/chezsmoke.ch\/wp-content\/uploads\/2024\/09\/Avertissement-liquides-sans-nicotine-60x39.png 60w, https:\/\/chezsmoke.ch\/wp-content\/uploads\/2024\/09\/Avertissement-liquides-sans-nicotine-600x394.png 600w, https:\/\/chezsmoke.ch\/wp-content\/uploads\/2024\/09\/Avertissement-liquides-sans-nicotine-150x99.png 150w, https:\/\/chezsmoke.ch\/wp-content\/uploads\/2024\/09\/Avertissement-liquides-sans-nicotine.png 755w\" sizes=\"auto, (max-width: 300px) 100vw, 300px\" \/><\/a><\/p>\n","protected":false},"excerpt":{"rendered":"<p>Die herrliche Produktreihe P\u00e9ch\u00e9 Gourmand der Belgier von LiquidLab (O&#8217;Jlab) ist ein wahrer Genuss, ja sogar ein Muss f\u00fcr Liebhaber<\/p>\n","protected":false},"featured_media":469312,"comment_status":"closed","ping_status":"closed","template":"","meta":{"_acf_changed":false},"product_brand":[],"product_cat":[681,708],"product_tag":[],"class_list":{"0":"post-292654","1":"product","2":"type-product","3":"status-publish","4":"has-post-thumbnail","6":"product_cat-e-liquids-de","7":"product_cat-gourmands-de","9":"first","10":"instock","11":"taxable","12":"shipping-taxable","13":"purchasable","14":"product-type-simple"},"bundled_by":[],"bundle_stock_status":"instock","bundle_stock_quantity":4,"bundle_virtual":false,"bundle_layout":"","bundle_add_to_cart_form_location":"","bundle_editable_in_cart":false,"bundle_sold_individually_context":"","bundle_item_grouping":"","bundle_min_size":"","bundle_max_size":"","bundle_price":[],"bundled_items":[],"bundle_sell_ids":[],"acf":[],"_links":{"self":[{"href":"https:\/\/chezsmoke.ch\/de\/wp-json\/wp\/v2\/product\/292654","targetHints":{"allow":["GET"]}}],"collection":[{"href":"https:\/\/chezsmoke.ch\/de\/wp-json\/wp\/v2\/product"}],"about":[{"href":"https:\/\/chezsmoke.ch\/de\/wp-json\/wp\/v2\/types\/product"}],"replies":[{"embeddable":true,"href":"https:\/\/chezsmoke.ch\/de\/wp-json\/wp\/v2\/comments?post=292654"}],"wp:featuredmedia":[{"embeddable":true,"href":"https:\/\/chezsmoke.ch\/de\/wp-json\/wp\/v2\/media\/469312"}],"wp:attachment":[{"href":"https:\/\/chezsmoke.ch\/de\/wp-json\/wp\/v2\/media?parent=292654"}],"wp:term":[{"taxonomy":"product_brand","embeddable":true,"href":"https:\/\/chezsmoke.ch\/de\/wp-json\/wp\/v2\/product_brand?post=292654"},{"taxonomy":"product_cat","embeddable":true,"href":"https:\/\/chezsmoke.ch\/de\/wp-json\/wp\/v2\/product_cat?post=292654"},{"taxonomy":"product_tag","embeddable":true,"href":"https:\/\/chezsmoke.ch\/de\/wp-json\/wp\/v2\/product_tag?post=292654"}],"curies":[{"name":"wp","href":"https:\/\/api.w.org\/{rel}","templated":true}]}}