{"id":300144,"date":"2024-05-14T11:58:59","date_gmt":"2024-05-14T09:58:59","guid":{"rendered":"https:\/\/chezsmoke.ch\/produit\/aspire-vilter-2-pod-kit\/"},"modified":"2025-07-24T17:41:35","modified_gmt":"2025-07-24T15:41:35","slug":"aspire-vilter-2-pod-kit","status":"publish","type":"product","link":"https:\/\/chezsmoke.ch\/de\/produit\/aspire-vilter-2-pod-kit\/","title":{"rendered":"Aspire Vilter 2 Pod Kit"},"content":{"rendered":"<h3 data-start=\"214\" data-end=\"284\">\ud83c\udf2c\ufe0f Vilter 2 &#8211; Minimalistische Eleganz, um mit dem Rauchen aufzuh\u00f6ren<\/h3>\n<p data-start=\"286\" data-end=\"600\">Mit dem <strong data-start=\"294\" data-end=\"306\">Vilter 2<\/strong> perfektioniert Aspire seine ikonische Serie. Immer noch einfach, aber leistungsst\u00e4rker, ist dieser Pod ma\u00dfgeschneidert <strong data-start=\"407\" data-end=\"445\">f\u00fcr Raucher<\/strong>, die sanft auf das Dampfen umsteigen wollen &#8211; ohne auf das vertraute Gef\u00fchl zu verzichten. Und das alles in einem eleganten <strong data-start=\"545\" data-end=\"563\">Premium-Design<\/strong> ohne \u00fcberfl\u00fcssige Einstellungen.  <\/p>\n<h3 data-start=\"602\" data-end=\"636\"><a href=\"https:\/\/chezsmoke.ch\/wp-content\/uploads\/2024\/05\/vilter-2-pod-300x160.webp\"><img loading=\"lazy\" decoding=\"async\" class=\"alignnone wp-image-418215\" src=\"https:\/\/chezsmoke.ch\/wp-content\/uploads\/2024\/05\/vilter-2-pod-300x160.webp\" alt=\"\" width=\"579\" height=\"309\" srcset=\"https:\/\/chezsmoke.ch\/wp-content\/uploads\/2024\/05\/vilter-2-pod-300x160.webp 300w, https:\/\/chezsmoke.ch\/wp-content\/uploads\/2024\/05\/vilter-2-pod-60x32.webp 60w, https:\/\/chezsmoke.ch\/wp-content\/uploads\/2024\/05\/vilter-2-pod-600x320.webp 600w, https:\/\/chezsmoke.ch\/wp-content\/uploads\/2024\/05\/vilter-2-pod-150x80.webp 150w, https:\/\/chezsmoke.ch\/wp-content\/uploads\/2024\/05\/vilter-2-pod-96x51.webp 96w, https:\/\/chezsmoke.ch\/wp-content\/uploads\/2024\/05\/vilter-2-pod-42x22.webp 42w, https:\/\/chezsmoke.ch\/wp-content\/uploads\/2024\/05\/vilter-2-pod.webp 750w\" sizes=\"auto, (max-width: 579px) 100vw, 579px\" \/><\/a><\/h3>\n<h3 data-start=\"602\" data-end=\"636\">\ud83e\uddf2 Ein schlichtes und intuitives Design<\/h3>\n<p data-start=\"638\" data-end=\"906\">Der Vilter 2 ist mit einem <strong data-start=\"650\" data-end=\"677\">eleganten Metallgeh\u00e4use<\/strong> versehen und hat einen schlichten Stil ohne Display oder Kn\u00f6pfe: alles ist darauf ausgelegt, <strong data-start=\"757\" data-end=\"790\">das Dampfen so einfach wie m\u00f6glich<\/strong> zu machen. Er ist d\u00fcnn, leicht, liegt gut in der Hand und ist in <strong data-start=\"843\" data-end=\"873\">mehreren edlen Farben<\/strong> erh\u00e4ltlich, die zu jedem Stil passen. <\/p>\n<h3 data-start=\"908\" data-end=\"948\">\ud83d\udd0b Mehr Autonomie, weniger \u00c4rger<\/h3>\n<p data-start=\"950\" data-end=\"1284\">Schluss mit der Powerbank! Der Vilter 2 verf\u00fcgt jetzt \u00fcber einen <strong data-start=\"1006\" data-end=\"1029\">900 mAh Akku<\/strong>, <strong data-start=\"1036\" data-end=\"1054\">doppelt so viel<\/strong> wie die Vorg\u00e4ngermodelle. Ein ganzer Tag Dampfen ohne Aufladen ist jetzt m\u00f6glich. Ein <strong data-start=\"1160\" data-end=\"1169\">USB-C-Anschluss<\/strong> sorgt f\u00fcr ein schnelles und einfaches Aufladen und eine <strong data-start=\"1215\" data-end=\"1231\">diskrete LED<\/strong> zeigt Ihnen bei jedem Zug den Akkustand an.   <\/p>\n<h3 data-start=\"1286\" data-end=\"1324\"><a href=\"https:\/\/chezsmoke.ch\/wp-content\/uploads\/2024\/05\/vilter-2-battery-300x160.webp\"><img loading=\"lazy\" decoding=\"async\" class=\"alignnone wp-image-418212\" src=\"https:\/\/chezsmoke.ch\/wp-content\/uploads\/2024\/05\/vilter-2-battery-300x160.webp\" alt=\"\" width=\"561\" height=\"299\" srcset=\"https:\/\/chezsmoke.ch\/wp-content\/uploads\/2024\/05\/vilter-2-battery-300x160.webp 300w, https:\/\/chezsmoke.ch\/wp-content\/uploads\/2024\/05\/vilter-2-battery-60x32.webp 60w, https:\/\/chezsmoke.ch\/wp-content\/uploads\/2024\/05\/vilter-2-battery-600x320.webp 600w, https:\/\/chezsmoke.ch\/wp-content\/uploads\/2024\/05\/vilter-2-battery-150x80.webp 150w, https:\/\/chezsmoke.ch\/wp-content\/uploads\/2024\/05\/vilter-2-battery-96x51.webp 96w, https:\/\/chezsmoke.ch\/wp-content\/uploads\/2024\/05\/vilter-2-battery-42x22.webp 42w, https:\/\/chezsmoke.ch\/wp-content\/uploads\/2024\/05\/vilter-2-battery.webp 750w\" sizes=\"auto, (max-width: 561px) 100vw, 561px\" \/><\/a><\/h3>\n<h3 data-start=\"1286\" data-end=\"1324\">\ud83d\udc44 Der Signaturfilter der Reihe<\/h3>\n<p data-start=\"1326\" data-end=\"1603\">Aspire beh\u00e4lt das bei, wof\u00fcr der Vilter bekannt ist: das <strong data-start=\"1386\" data-end=\"1430\">Drip Tip in Form eines Zigarettenfilters<\/strong> f\u00fcr ein tabak\u00e4hnliches Gef\u00fchl. Perfekt f\u00fcr neue Dampfer! Und wenn Sie ein klassisches Mundst\u00fcck bevorzugen, ist auch ein <strong data-start=\"1550\" data-end=\"1569\">Delrin Drip Tip<\/strong> im Kit enthalten.  <\/p>\n<h3 data-start=\"1605\" data-end=\"1650\">\ud83e\uddea Dampfen ohne Einstellung, Genuss ohne Anstrengung<\/h3>\n<p data-start=\"1652\" data-end=\"1903\">Der Vilter 2 ist <strong data-start=\"1672\" data-end=\"1693\">100 % automatisch<\/strong>: keine Kn\u00f6pfe, kein Men\u00fc. Es gen\u00fcgt, einen Zug zu machen (Autodraw-System), um ein <strong data-start=\"1794\" data-end=\"1833\">fl\u00fcssiges, intuitives und sicheres Dampfen<\/strong> zu genie\u00dfen. Anf\u00e4nger oder Kenner auf der Suche nach Einfachheit, Sie werden es lieben.  <\/p>\n<h3 data-start=\"1905\" data-end=\"1959\">\ud83d\udca8 Neue 0,8-Ohm-Kartusche: Geschmack und Weichheit<\/h3>\n<p data-start=\"1961\" data-end=\"2261\">Das Kit enth\u00e4lt eine <strong data-start=\"1979\" data-end=\"2007\">0,8 Ohm Vilter-Kartusche<\/strong> f\u00fcr ein etwas luftigeres MTL-Dampfen. Ideal f\u00fcr Liquids mit <strong data-start=\"2098\" data-end=\"2118\">Nikotinsalzen<\/strong> bis zu 20 mg\/ml. Dank des <strong data-start=\"2148\" data-end=\"2176\">eingebauten Mesh-Widerstands<\/strong> sorgt sie f\u00fcr eine <strong data-start=\"2194\" data-end=\"2232\">hervorragende Geschmackswiedergabe<\/strong> und verhindert ein Auslaufen.  <\/p>\n<p data-start=\"2263\" data-end=\"2476\">\ud83d\udca1 Kompatibel mit \u00e4lteren <strong data-start=\"2296\" data-end=\"2323\">Vilter 1 Ohm Patronen<\/strong> (separat erh\u00e4ltlich).<br data-start=\"2345\" data-end=\"2348\">\ud83d\udea8.  <span style=\"color: #ff0000;\">Nachf\u00fcllbare Patrone (2 ml) an der Unterseite. Delrin Drip Tip nicht im Lieferumfang der einzelnen Patronen enthalten: Bewahren Sie den Drip Tip aus dem Kit auf. <\/span><\/p>\n<h3 data-start=\"2478\" data-end=\"2518\">\ud83d\udce6 Das Aspire Vilter 2 Set beinhaltet:<\/h3>\n<ul data-start=\"2519\" data-end=\"2671\">\n<li data-start=\"2519\" data-end=\"2547\">\n<p data-start=\"2521\" data-end=\"2547\">1 Vilter 2 Pod (900 mAh)<\/p>\n<\/li>\n<li data-start=\"2548\" data-end=\"2578\">\n<p data-start=\"2550\" data-end=\"2578\">1 Vilter 0,8 Ohm Patrone<\/p>\n<\/li>\n<li data-start=\"2579\" data-end=\"2600\">\n<p data-start=\"2581\" data-end=\"2600\">1 Drip Tip Filter<\/p>\n<\/li>\n<li data-start=\"2601\" data-end=\"2628\">\n<p data-start=\"2603\" data-end=\"2628\">1 Drip Tip Delrin (POM)<\/p>\n<\/li>\n<li data-start=\"2629\" data-end=\"2646\">\n<p data-start=\"2631\" data-end=\"2646\">1 USB-C-Kabel<\/p>\n<\/li>\n<li data-start=\"2647\" data-end=\"2671\">\n<p data-start=\"2649\" data-end=\"2671\">1 Bedienungsanleitung<\/p>\n<\/li>\n<\/ul>\n<h3 data-start=\"2673\" data-end=\"2709\">\u2705 Warum sollten Sie sich f\u00fcr den Vilter 2 entscheiden?<\/h3>\n<p data-start=\"2711\" data-end=\"2958\">\u2714\ufe0f<br data-start=\"2746\" data-end=\"2749\">\u2714\ufe0f Schlichtes Design, sorgf\u00e4ltige Verarbeitung \u2714\ufe0f Verdoppelte Autonomie mit 900 mAh<br data-start=\"2782\" data-end=\"2785\">\u2714\ufe0f Zigaretten\u00e4hnliches Erlebnis dank Filter<br data-start=\"2837\" data-end=\"2840\">\u2714\ufe0f Automatisches Dampfen, ohne Einstellungen<br data-start=\"2874\" data-end=\"2877\">\u2714\ufe0f Mesh-Resistenzen f\u00fcr originalgetreue Aromen<br data-start=\"2921\" data-end=\"2924\">\u2714\ufe0f Ideal f\u00fcr die Raucherentw\u00f6hnung<\/p>\n<p data-start=\"2960\" data-end=\"3156\">Der <strong data-start=\"2960\" data-end=\"2979\">Aspire Vilter 2<\/strong> ist die perfekte Kombination aus <strong data-start=\"3013\" data-end=\"3063\">Einfachheit, Autonomie und vertrauten Gef\u00fchlen<\/strong>. Ein zug\u00e4nglicher und beruhigender Pod, der entwickelt wurde, um das Dampfen zu einer echten Alternative zum Rauchen zu machen. <\/p>\n","protected":false},"excerpt":{"rendered":"<p>\ud83c\udf2c\ufe0f Vilter 2 &#8211; Minimalistische Eleganz, um mit dem Rauchen aufzuh\u00f6ren Mit dem Vilter 2 perfektioniert Aspire seine ikonische Serie.<\/p>\n","protected":false},"featured_media":298425,"comment_status":"closed","ping_status":"closed","template":"","meta":{"_acf_changed":false},"product_brand":[],"product_cat":[692,693],"product_tag":[],"class_list":{"0":"post-300144","1":"product","2":"type-product","3":"status-publish","4":"has-post-thumbnail","6":"product_cat-elektronische-zigaretten","7":"product_cat-set-leichtes-rauchen","8":"pa_couleur-black-de","9":"pa_couleur-cyan-fade-de","10":"pa_couleur-pinkpurple-fade-de","12":"first","13":"instock","14":"taxable","15":"shipping-taxable","16":"purchasable","17":"product-type-variable"},"bundled_by":[],"bundle_stock_status":"instock","bundle_stock_quantity":null,"bundle_virtual":false,"bundle_layout":"","bundle_add_to_cart_form_location":"","bundle_editable_in_cart":false,"bundle_sold_individually_context":"","bundle_item_grouping":"","bundle_min_size":"","bundle_max_size":"","bundle_price":[],"bundled_items":[],"bundle_sell_ids":[],"acf":[],"_links":{"self":[{"href":"https:\/\/chezsmoke.ch\/de\/wp-json\/wp\/v2\/product\/300144","targetHints":{"allow":["GET"]}}],"collection":[{"href":"https:\/\/chezsmoke.ch\/de\/wp-json\/wp\/v2\/product"}],"about":[{"href":"https:\/\/chezsmoke.ch\/de\/wp-json\/wp\/v2\/types\/product"}],"replies":[{"embeddable":true,"href":"https:\/\/chezsmoke.ch\/de\/wp-json\/wp\/v2\/comments?post=300144"}],"wp:featuredmedia":[{"embeddable":true,"href":"https:\/\/chezsmoke.ch\/de\/wp-json\/wp\/v2\/media\/298425"}],"wp:attachment":[{"href":"https:\/\/chezsmoke.ch\/de\/wp-json\/wp\/v2\/media?parent=300144"}],"wp:term":[{"taxonomy":"product_brand","embeddable":true,"href":"https:\/\/chezsmoke.ch\/de\/wp-json\/wp\/v2\/product_brand?post=300144"},{"taxonomy":"product_cat","embeddable":true,"href":"https:\/\/chezsmoke.ch\/de\/wp-json\/wp\/v2\/product_cat?post=300144"},{"taxonomy":"product_tag","embeddable":true,"href":"https:\/\/chezsmoke.ch\/de\/wp-json\/wp\/v2\/product_tag?post=300144"}],"curies":[{"name":"wp","href":"https:\/\/api.w.org\/{rel}","templated":true}]}}