{"id":300227,"date":"2024-01-05T15:36:30","date_gmt":"2024-01-05T14:36:30","guid":{"rendered":"https:\/\/chezsmoke.ch\/produit\/phix-gold-blend-18-mg-1-5ml\/"},"modified":"2025-09-27T07:18:18","modified_gmt":"2025-09-27T05:18:18","slug":"phix-gold-blend-1-5ml","status":"publish","type":"product","link":"https:\/\/chezsmoke.ch\/de\/produit\/phix-gold-blend-1-5ml\/","title":{"rendered":"Phix Gold Blend 18 mg 1.5ml"},"content":{"rendered":"<h4>Packung mit 2 Kapseln zu 18 mg Nikotinsalzen.<\/h4>\n<h4>Geschmack Blonder Tabak<\/h4>\n<h4>Erh\u00e4ltlich in 1,5 ml!<\/h4>\n<p>Diese vorgef\u00fcllten und versiegelten Phix-Kapseln mit einer F\u00fcllmenge von 1,5 ml sind besonders auslaufsicher.<\/p>\n<p>Ihr Keramikwiderstand verbreitet ein unverf\u00e4lschtes Aroma und erm\u00f6glicht einen Zug, der dem einer Zigarette sehr nahe kommt.<\/p>\n<p>Die langj\u00e4hrige Erfahrung von Phix in der Entwicklung von E-Liquids (seinem urspr\u00fcnglichen Beruf) spiegelt sich in der Qualit\u00e4t der angebotenen Liquids wider. Die Aromen sind authentisch und das verwendete Nikotinsalz reproduziert die Empfindungen, die man mit dem nat\u00fcrlichen Nikotin aus Tabakbl\u00e4ttern wahrnimmt.<\/p>\n<p><a href=\"https:\/\/chezsmoke.ch\/wp-content\/uploads\/2024\/09\/Avertissement-liquides-nicotines-300x186.png\"><img loading=\"lazy\" decoding=\"async\" class=\"alignnone size-medium wp-image-337014\" src=\"https:\/\/chezsmoke.ch\/wp-content\/uploads\/2024\/09\/Avertissement-liquides-nicotines-300x186.png\" alt=\"\" width=\"300\" height=\"186\" srcset=\"https:\/\/chezsmoke.ch\/wp-content\/uploads\/2024\/09\/Avertissement-liquides-nicotines-300x186.png 300w, https:\/\/chezsmoke.ch\/wp-content\/uploads\/2024\/09\/Avertissement-liquides-nicotines-96x59.png 96w, https:\/\/chezsmoke.ch\/wp-content\/uploads\/2024\/09\/Avertissement-liquides-nicotines-42x26.png 42w, https:\/\/chezsmoke.ch\/wp-content\/uploads\/2024\/09\/Avertissement-liquides-nicotines-60x37.png 60w, https:\/\/chezsmoke.ch\/wp-content\/uploads\/2024\/09\/Avertissement-liquides-nicotines-600x371.png 600w, https:\/\/chezsmoke.ch\/wp-content\/uploads\/2024\/09\/Avertissement-liquides-nicotines-150x93.png 150w, https:\/\/chezsmoke.ch\/wp-content\/uploads\/2024\/09\/Avertissement-liquides-nicotines.png 755w\" sizes=\"auto, (max-width: 300px) 100vw, 300px\" \/><\/a><\/p>\n<p>&nbsp;<\/p>\n","protected":false},"excerpt":{"rendered":"<p>Packung mit 2 Kapseln zu 18 mg Nikotinsalzen. Geschmack Blonder Tabak Erh\u00e4ltlich in 1,5 ml! Diese vorgef\u00fcllten und versiegelten Phix-Kapseln<\/p>\n","protected":false},"featured_media":266245,"comment_status":"closed","ping_status":"closed","template":"","meta":{"_acf_changed":false},"product_brand":[],"product_cat":[737,720,718],"product_tag":[],"class_list":{"0":"post-300227","1":"product","2":"type-product","3":"status-publish","4":"has-post-thumbnail","6":"product_cat-kapseln-de","7":"product_cat-mini-pods-de","8":"product_cat-phix-de","10":"first","11":"instock","12":"taxable","13":"shipping-taxable","14":"purchasable","15":"product-type-simple"},"bundled_by":[],"bundle_stock_status":"instock","bundle_stock_quantity":202,"bundle_virtual":false,"bundle_layout":"","bundle_add_to_cart_form_location":"","bundle_editable_in_cart":false,"bundle_sold_individually_context":"","bundle_item_grouping":"","bundle_min_size":"","bundle_max_size":"","bundle_price":[],"bundled_items":[],"bundle_sell_ids":[],"acf":[],"_links":{"self":[{"href":"https:\/\/chezsmoke.ch\/de\/wp-json\/wp\/v2\/product\/300227","targetHints":{"allow":["GET"]}}],"collection":[{"href":"https:\/\/chezsmoke.ch\/de\/wp-json\/wp\/v2\/product"}],"about":[{"href":"https:\/\/chezsmoke.ch\/de\/wp-json\/wp\/v2\/types\/product"}],"replies":[{"embeddable":true,"href":"https:\/\/chezsmoke.ch\/de\/wp-json\/wp\/v2\/comments?post=300227"}],"wp:featuredmedia":[{"embeddable":true,"href":"https:\/\/chezsmoke.ch\/de\/wp-json\/wp\/v2\/media\/266245"}],"wp:attachment":[{"href":"https:\/\/chezsmoke.ch\/de\/wp-json\/wp\/v2\/media?parent=300227"}],"wp:term":[{"taxonomy":"product_brand","embeddable":true,"href":"https:\/\/chezsmoke.ch\/de\/wp-json\/wp\/v2\/product_brand?post=300227"},{"taxonomy":"product_cat","embeddable":true,"href":"https:\/\/chezsmoke.ch\/de\/wp-json\/wp\/v2\/product_cat?post=300227"},{"taxonomy":"product_tag","embeddable":true,"href":"https:\/\/chezsmoke.ch\/de\/wp-json\/wp\/v2\/product_tag?post=300227"}],"curies":[{"name":"wp","href":"https:\/\/api.w.org\/{rel}","templated":true}]}}