{"id":308788,"date":"2024-06-14T12:28:13","date_gmt":"2024-06-14T10:28:13","guid":{"rendered":"https:\/\/chezsmoke.ch\/produit\/gopher-gang-by-juicy-shake\/"},"modified":"2026-01-29T14:11:40","modified_gmt":"2026-01-29T13:11:40","slug":"gopher-gang-by-juicy-shake","status":"publish","type":"product","link":"https:\/\/chezsmoke.ch\/de\/produit\/gopher-gang-by-juicy-shake\/","title":{"rendered":"Gopher Gang BY Juicy Shake"},"content":{"rendered":"<p>Ein k\u00f6stlicher Fruchtsaft, der die Sinne anregt, indem er die saftige Saftigkeit des <strong>Pfirsichs<\/strong> mit den erfrischenden und s\u00fc\u00dfen Noten <strong>der wei\u00dfen und gr\u00fcnen Trauben<\/strong> harmonisch verbindet.<\/p>\n<p>Diese Mischung wird von einem cremigen Coulis aus <strong>roten Fr\u00fcchten<\/strong> verfeinert, das jedem Schluck einen Hauch von Komplexit\u00e4t und F\u00fclle verleiht. Jedes Element dieses Fruchtcocktails bietet ein vollst\u00e4ndiges und befriedigendes Geschmackserlebnis, ideal f\u00fcr einen Moment der Erfrischung und des fruchtigen Genusses. <\/p>\n<p>&nbsp;<\/p>\n<p>In einer <strong>120 ml-Flasche<\/strong> finden Sie <strong>100 ml<\/strong> Fl\u00fcssigkeit mit verst\u00e4rkten Aromen. Diese Fl\u00fcssigkeit kann mit <a href=\"https:\/\/chezsmoke.ch\/product-category\/boosters-nicotine\/\">Nikotinboostern<\/a> erg\u00e4nzt werden, um die gew\u00fcnschte Dosis zu erhalten, oder mit einer <a href=\"https:\/\/chezsmoke.ch\/product-category\/bases\/\">neutralen Basis ohne Nikotin<\/a>. <strong>2 Booster f\u00fcr 3 mg\/ml<\/strong> (f\u00fcr h\u00f6here Nikotindosierungen einen externen Beh\u00e4lter vorsehen). <\/p>\n<p>50PG\/50VG<\/p>\n<p>&nbsp;<\/p>\n<p><a href=\"https:\/\/chezsmoke.ch\/wp-content\/uploads\/2024\/09\/Warning-Symbols.png\"><img loading=\"lazy\" decoding=\"async\" class=\"alignnone size-medium wp-image-336827\" src=\"https:\/\/chezsmoke.ch\/wp-content\/uploads\/2024\/09\/Avertissement-liquides-sans-nicotine.png\" alt=\"\" width=\"300\" height=\"222\"><\/a><\/p>\n","protected":false},"excerpt":{"rendered":"<div class=\"primary_block row\">\n<div class=\"pb-right-column col-xs-12 col-sm-12 col-md-5 mt-5\">\n<div class=\"box-column sticky-product\">\n<div id=\"short_description_block\" class=\"mt-4\">\n<div id=\"short_description_content\" class=\"rte align_justify\">\n<p>Ein aufregender Fruchtsaft mit einem k\u00f6stlichen Pfirsich, gemischt mit wei\u00dfen und gr\u00fcnen Trauben auf einem Coulis aus roten Fr\u00fcchten.<\/p>\n<\/div>\n<\/div>\n<\/div>\n<\/div>\n<\/div>\n<section class=\"page-accessories-box screen-w mb-5 mt-4 carrousel ApProductCarousel product_list\">\n<div class=\"container\"><\/div>\n<\/section>\n","protected":false},"featured_media":307032,"comment_status":"closed","ping_status":"closed","template":"","meta":{"_acf_changed":false},"product_brand":[],"product_cat":[681,685,683,698,744],"product_tag":[],"class_list":{"0":"post-308788","1":"product","2":"type-product","3":"status-publish","4":"has-post-thumbnail","6":"product_cat-e-liquids-de","7":"product_cat-fruchtig-de","8":"product_cat-fruchtig","9":"product_cat-gute-angebote-eliquide","10":"product_cat-tipps","12":"first","13":"instock","14":"sale","15":"taxable","16":"shipping-taxable","17":"purchasable","18":"product-type-simple"},"bundled_by":[],"bundle_stock_status":"instock","bundle_stock_quantity":10,"bundle_virtual":false,"bundle_layout":"","bundle_add_to_cart_form_location":"","bundle_editable_in_cart":false,"bundle_sold_individually_context":"","bundle_item_grouping":"","bundle_min_size":"","bundle_max_size":"","bundle_price":[],"bundled_items":[],"bundle_sell_ids":[],"acf":[],"_links":{"self":[{"href":"https:\/\/chezsmoke.ch\/de\/wp-json\/wp\/v2\/product\/308788","targetHints":{"allow":["GET"]}}],"collection":[{"href":"https:\/\/chezsmoke.ch\/de\/wp-json\/wp\/v2\/product"}],"about":[{"href":"https:\/\/chezsmoke.ch\/de\/wp-json\/wp\/v2\/types\/product"}],"replies":[{"embeddable":true,"href":"https:\/\/chezsmoke.ch\/de\/wp-json\/wp\/v2\/comments?post=308788"}],"wp:featuredmedia":[{"embeddable":true,"href":"https:\/\/chezsmoke.ch\/de\/wp-json\/wp\/v2\/media\/307032"}],"wp:attachment":[{"href":"https:\/\/chezsmoke.ch\/de\/wp-json\/wp\/v2\/media?parent=308788"}],"wp:term":[{"taxonomy":"product_brand","embeddable":true,"href":"https:\/\/chezsmoke.ch\/de\/wp-json\/wp\/v2\/product_brand?post=308788"},{"taxonomy":"product_cat","embeddable":true,"href":"https:\/\/chezsmoke.ch\/de\/wp-json\/wp\/v2\/product_cat?post=308788"},{"taxonomy":"product_tag","embeddable":true,"href":"https:\/\/chezsmoke.ch\/de\/wp-json\/wp\/v2\/product_tag?post=308788"}],"curies":[{"name":"wp","href":"https:\/\/api.w.org\/{rel}","templated":true}]}}