{"id":308791,"date":"2024-06-14T11:58:21","date_gmt":"2024-06-14T09:58:21","guid":{"rendered":"https:\/\/chezsmoke.ch\/produit\/sugar-baff-by-bakery-shake\/"},"modified":"2025-04-10T17:43:04","modified_gmt":"2025-04-10T15:43:04","slug":"zucker-baff-by-bakery-shake","status":"publish","type":"product","link":"https:\/\/chezsmoke.ch\/de\/produit\/zucker-baff-by-bakery-shake\/","title":{"rendered":"Sugar Baff BY Bakery Shake"},"content":{"rendered":"<p>Eine T\u00fcte k\u00f6stlich <strong>karamellisiertes<\/strong><strong> Popcorn<\/strong> mit einer unglaublich cremigen <strong>Vanille-Custard<\/strong> bietet Ihnen ein unwiderstehliches Geschmackserlebnis.<\/p>\n<p>Jeder Bissen umh\u00fcllt Sie mit einer Fusion aus s\u00fc\u00dfen und reichhaltigen Aromen, wo das knusprige Popcorn auf die samtige S\u00fc\u00dfe des Kustards trifft und so ein perfektes Gleichgewicht von Texturen und s\u00fc\u00dfen K\u00f6stlichkeiten schafft.<\/p>\n<p>&nbsp;<\/p>\n<p>In einer <strong>120 ml-Flasche<\/strong> finden Sie <strong>100 ml<\/strong> Fl\u00fcssigkeit mit verst\u00e4rkten Aromen. Diese Fl\u00fcssigkeit kann mit <a href=\"https:\/\/chezsmoke.ch\/product-category\/boosters-nicotine\/\">Nikotinboostern<\/a> erg\u00e4nzt werden, um die gew\u00fcnschte Dosis zu erhalten, oder mit einer <a href=\"https:\/\/chezsmoke.ch\/product-category\/bases\/\">neutralen Basis ohne Nikotin<\/a>. <strong>2 Booster f\u00fcr 3 mg\/ml<\/strong> (f\u00fcr h\u00f6here Nikotindosierungen einen externen Beh\u00e4lter vorsehen). <\/p>\n<p>50PG\/50VG<\/p>\n<p>&nbsp;<\/p>\n<p><a href=\"https:\/\/chezsmoke.ch\/wp-content\/uploads\/2024\/09\/Warning-Symbols.png\"><img loading=\"lazy\" decoding=\"async\" class=\"alignnone size-medium wp-image-336827\" src=\"https:\/\/chezsmoke.ch\/wp-content\/uploads\/2024\/09\/Avertissement-liquides-sans-nicotine.png\" alt=\"\" width=\"300\" height=\"222\"><\/a><\/p>\n","protected":false},"excerpt":{"rendered":"<p>Eine k\u00f6stliche T\u00fcte mit karamellisiertem Popcorn, angereichert mit einer cremigen Vanille-Custard.<\/p>\n","protected":false},"featured_media":307010,"comment_status":"closed","ping_status":"closed","template":"","meta":{"_acf_changed":false},"product_brand":[],"product_cat":[681,708,698,744],"product_tag":[],"class_list":{"0":"post-308791","1":"product","2":"type-product","3":"status-publish","4":"has-post-thumbnail","6":"product_cat-e-liquids-de","7":"product_cat-gourmands-de","8":"product_cat-gute-angebote-eliquide","9":"product_cat-tipps","11":"first","12":"instock","13":"taxable","14":"shipping-taxable","15":"purchasable","16":"product-type-simple"},"bundled_by":[],"bundle_stock_status":"instock","bundle_stock_quantity":2,"bundle_virtual":false,"bundle_layout":"","bundle_add_to_cart_form_location":"","bundle_editable_in_cart":false,"bundle_sold_individually_context":"","bundle_item_grouping":"","bundle_min_size":"","bundle_max_size":"","bundle_price":[],"bundled_items":[],"bundle_sell_ids":[],"acf":[],"_links":{"self":[{"href":"https:\/\/chezsmoke.ch\/de\/wp-json\/wp\/v2\/product\/308791","targetHints":{"allow":["GET"]}}],"collection":[{"href":"https:\/\/chezsmoke.ch\/de\/wp-json\/wp\/v2\/product"}],"about":[{"href":"https:\/\/chezsmoke.ch\/de\/wp-json\/wp\/v2\/types\/product"}],"replies":[{"embeddable":true,"href":"https:\/\/chezsmoke.ch\/de\/wp-json\/wp\/v2\/comments?post=308791"}],"wp:featuredmedia":[{"embeddable":true,"href":"https:\/\/chezsmoke.ch\/de\/wp-json\/wp\/v2\/media\/307010"}],"wp:attachment":[{"href":"https:\/\/chezsmoke.ch\/de\/wp-json\/wp\/v2\/media?parent=308791"}],"wp:term":[{"taxonomy":"product_brand","embeddable":true,"href":"https:\/\/chezsmoke.ch\/de\/wp-json\/wp\/v2\/product_brand?post=308791"},{"taxonomy":"product_cat","embeddable":true,"href":"https:\/\/chezsmoke.ch\/de\/wp-json\/wp\/v2\/product_cat?post=308791"},{"taxonomy":"product_tag","embeddable":true,"href":"https:\/\/chezsmoke.ch\/de\/wp-json\/wp\/v2\/product_tag?post=308791"}],"curies":[{"name":"wp","href":"https:\/\/api.w.org\/{rel}","templated":true}]}}