{"id":313647,"date":"2024-07-09T09:58:33","date_gmt":"2024-07-09T07:58:33","guid":{"rendered":"https:\/\/chezsmoke.ch\/?post_type=product&#038;p=313647"},"modified":"2024-12-03T16:23:10","modified_gmt":"2024-12-03T15:23:10","slug":"schutz-fuer-xros-4-mini","status":"publish","type":"product","link":"https:\/\/chezsmoke.ch\/de\/produit\/schutz-fuer-xros-4-mini\/","title":{"rendered":"Schutz f\u00fcr XROS 4 Mini"},"content":{"rendered":"<p>Schutzkappe f\u00fcr XROS 4 Mini.<\/p>\n<p>3D-Druck aus PET, wiederverwertbar, ultraleicht und sehr widerstandsf\u00e4hig. Sch\u00fctzt vor Staub.<\/p>\n<p>Kompatibel mit allen 2ml- und 3ml-Kartuschen, die von oben bef\u00fcllt werden.<\/p>\n","protected":false},"excerpt":{"rendered":"<p>Schutzkappe f\u00fcr XROS 4 Mini. 3D-Druck aus PET, wiederverwertbar, ultraleicht und sehr widerstandsf\u00e4hig. Sch\u00fctzt vor Staub. Kompatibel mit allen 2ml-<\/p>\n","protected":false},"featured_media":313717,"comment_status":"closed","ping_status":"closed","template":"","meta":{"_acf_changed":false},"product_brand":[],"product_cat":[740,695],"product_tag":[],"class_list":{"0":"post-313647","1":"product","2":"type-product","3":"status-publish","4":"has-post-thumbnail","6":"product_cat-drip-tips-de","7":"product_cat-zubehor","9":"first","10":"instock","11":"taxable","12":"shipping-taxable","13":"purchasable","14":"product-type-simple"},"bundled_by":[],"bundle_stock_status":"instock","bundle_stock_quantity":14,"bundle_virtual":false,"bundle_layout":"","bundle_add_to_cart_form_location":"","bundle_editable_in_cart":false,"bundle_sold_individually_context":"","bundle_item_grouping":"","bundle_min_size":"","bundle_max_size":"","bundle_price":[],"bundled_items":[],"bundle_sell_ids":[],"acf":[],"_links":{"self":[{"href":"https:\/\/chezsmoke.ch\/de\/wp-json\/wp\/v2\/product\/313647","targetHints":{"allow":["GET"]}}],"collection":[{"href":"https:\/\/chezsmoke.ch\/de\/wp-json\/wp\/v2\/product"}],"about":[{"href":"https:\/\/chezsmoke.ch\/de\/wp-json\/wp\/v2\/types\/product"}],"replies":[{"embeddable":true,"href":"https:\/\/chezsmoke.ch\/de\/wp-json\/wp\/v2\/comments?post=313647"}],"wp:featuredmedia":[{"embeddable":true,"href":"https:\/\/chezsmoke.ch\/de\/wp-json\/wp\/v2\/media\/313717"}],"wp:attachment":[{"href":"https:\/\/chezsmoke.ch\/de\/wp-json\/wp\/v2\/media?parent=313647"}],"wp:term":[{"taxonomy":"product_brand","embeddable":true,"href":"https:\/\/chezsmoke.ch\/de\/wp-json\/wp\/v2\/product_brand?post=313647"},{"taxonomy":"product_cat","embeddable":true,"href":"https:\/\/chezsmoke.ch\/de\/wp-json\/wp\/v2\/product_cat?post=313647"},{"taxonomy":"product_tag","embeddable":true,"href":"https:\/\/chezsmoke.ch\/de\/wp-json\/wp\/v2\/product_tag?post=313647"}],"curies":[{"name":"wp","href":"https:\/\/api.w.org\/{rel}","templated":true}]}}