{"id":320957,"date":"2024-07-19T12:46:46","date_gmt":"2024-07-19T10:46:46","guid":{"rendered":"https:\/\/chezsmoke.ch\/produit\/aspire-af-tank\/"},"modified":"2025-07-25T15:08:15","modified_gmt":"2025-07-25T13:08:15","slug":"aspire-af-tank","status":"publish","type":"product","link":"https:\/\/chezsmoke.ch\/de\/produit\/aspire-af-tank\/","title":{"rendered":"Aspire AF Tank"},"content":{"rendered":"<h3 data-start=\"185\" data-end=\"248\">\ud83d\udd25 Aspire AF Tank &#8211; Kleines Juwel der Pr\u00e4zision und des Geschmacks<\/h3>\n<p data-start=\"249\" data-end=\"597\">Der <strong data-start=\"252\" data-end=\"276\">AF Tank Clearomizer<\/strong> von Aspire ist da, um die ber\u00fchmten <strong data-start=\"327\" data-end=\"345\">AF Widerst\u00e4nde<\/strong> auf jeder Box gl\u00e4nzen zu lassen! Ob Sie nun ein Fan von <strong data-start=\"398\" data-end=\"411\">engem MTL<\/strong> oder <strong data-start=\"418\" data-end=\"437\">luftigerem RDL<\/strong> sind, dieser Tank wird Sie begeistern \ud83d\udca8<br data-start=\"465\" data-end=\"468\">Ein elegantes Design, eine intuitive Handhabung und Top-Geschmacksrichtungen: alles ist da f\u00fcr ein ultra-kontrolliertes Dampferlebnis \ud83d\ude0d. <\/p>\n<h3 data-start=\"599\" data-end=\"633\"><a href=\"https:\/\/chezsmoke.ch\/wp-content\/uploads\/2022\/02\/Aspire-AF-Tank-All-300x300.jpg\"><img loading=\"lazy\" decoding=\"async\" class=\"alignnone wp-image-316576\" src=\"https:\/\/chezsmoke.ch\/wp-content\/uploads\/2022\/02\/Aspire-AF-Tank-All-300x300.jpg\" alt=\"Aspire AF Tank - All\" width=\"246\" height=\"246\" srcset=\"https:\/\/chezsmoke.ch\/wp-content\/uploads\/2022\/02\/Aspire-AF-Tank-All-300x300.jpg 300w, https:\/\/chezsmoke.ch\/wp-content\/uploads\/2022\/02\/Aspire-AF-Tank-All-150x150.jpg 150w, https:\/\/chezsmoke.ch\/wp-content\/uploads\/2022\/02\/Aspire-AF-Tank-All-96x96.jpg 96w, https:\/\/chezsmoke.ch\/wp-content\/uploads\/2022\/02\/Aspire-AF-Tank-All-42x42.jpg 42w, https:\/\/chezsmoke.ch\/wp-content\/uploads\/2022\/02\/Aspire-AF-Tank-All-60x60.jpg 60w, https:\/\/chezsmoke.ch\/wp-content\/uploads\/2022\/02\/Aspire-AF-Tank-All.jpg 428w\" sizes=\"auto, (max-width: 246px) 100vw, 246px\" \/><\/a><\/h3>\n<h3 data-start=\"599\" data-end=\"633\">\ud83d\udee0\ufe0f Kompaktes und ordentliches Design<\/h3>\n<p data-start=\"634\" data-end=\"1120\">Mit einem <strong data-start=\"643\" data-end=\"664\">Durchmesser von 23 mm<\/strong> (bis zu 28 mm mit Pyrex-Bulb) besticht der AF Tank durch seine <strong data-start=\"726\" data-end=\"747\">schlichte Eleganz<\/strong>. Er ist aus rostfreiem Stahl gefertigt und passt problemlos zu Ihren Lieblingsboxen<br data-start=\"821\" data-end=\"824\">Das <strong data-start=\"827\" data-end=\"843\">510er Drip Tip<\/strong> ist austauschbar f\u00fcr diejenigen, die ihr Setup individuell gestalten m\u00f6chten<br data-start=\"909\" data-end=\"912\">Der <strong data-start=\"929\" data-end=\"937\">4 ml<\/strong> Tank bietet eine lange Laufzeit und das Bef\u00fcllen ist dank des <strong data-start=\"973\" data-end=\"995\">verschiebbaren Top Caps<\/strong> einfach und effizient. Kein Auslaufen mehr dank der <strong data-start=\"1066\" data-end=\"1090\">einstellbaren Top-Airflow<\/strong> &#8211; ein echtes Plus f\u00fcr den Alltag \u2705.  <\/p>\n<h3 data-start=\"1122\" data-end=\"1177\"><a href=\"https:\/\/chezsmoke.ch\/wp-content\/uploads\/2024\/07\/AF-Tank-remplissage-et-vapeur-300x160.jpg\"><img loading=\"lazy\" decoding=\"async\" class=\"alignnone wp-image-418506\" src=\"https:\/\/chezsmoke.ch\/wp-content\/uploads\/2024\/07\/AF-Tank-remplissage-et-vapeur-300x160.jpg\" alt=\"\" width=\"422\" height=\"225\" srcset=\"https:\/\/chezsmoke.ch\/wp-content\/uploads\/2024\/07\/AF-Tank-remplissage-et-vapeur-300x160.jpg 300w, https:\/\/chezsmoke.ch\/wp-content\/uploads\/2024\/07\/AF-Tank-remplissage-et-vapeur-60x32.jpg 60w, https:\/\/chezsmoke.ch\/wp-content\/uploads\/2024\/07\/AF-Tank-remplissage-et-vapeur-600x320.jpg 600w, https:\/\/chezsmoke.ch\/wp-content\/uploads\/2024\/07\/AF-Tank-remplissage-et-vapeur-150x80.jpg 150w, https:\/\/chezsmoke.ch\/wp-content\/uploads\/2024\/07\/AF-Tank-remplissage-et-vapeur-96x51.jpg 96w, https:\/\/chezsmoke.ch\/wp-content\/uploads\/2024\/07\/AF-Tank-remplissage-et-vapeur-42x22.jpg 42w, https:\/\/chezsmoke.ch\/wp-content\/uploads\/2024\/07\/AF-Tank-remplissage-et-vapeur.jpg 750w\" sizes=\"auto, (max-width: 422px) 100vw, 422px\" \/><\/a><\/h3>\n<h3 data-start=\"1122\" data-end=\"1177\">\ud83d\udc8e AF-Widerst\u00e4nde, die Ihre E-Liquids enth\u00fcllen<\/h3>\n<p data-start=\"1178\" data-end=\"1414\">Die St\u00e4rke dieses Clearos? Seine Kompatibilit\u00e4t mit den <strong data-start=\"1233\" data-end=\"1252\">AF Aspire Coils<\/strong>, die f\u00fcr ihr <strong data-start=\"1272\" data-end=\"1288\">reaktives Mesh<\/strong> und ihre <strong data-start=\"1297\" data-end=\"1310\">Bio-Baumwolle<\/strong> bekannt sind<br data-start=\"1310\" data-end=\"1313\">Zwei Widerst\u00e4nde werden mit dem Tank geliefert, die perfekt sind, um das Dampfen mit <strong data-start=\"1393\" data-end=\"1411\">schmackhaften RDL<\/strong> zu erkunden \ud83d\udc47. <\/p>\n<ul data-start=\"1416\" data-end=\"1666\">\n<li data-start=\"1416\" data-end=\"1536\">\n<p data-start=\"1418\" data-end=\"1536\"><strong data-start=\"1418\" data-end=\"1443\">0,4 Ohm AF-Widerstand<\/strong>: RDL-Ziehung &#8211; Leistung von 20 bis 28W<\/p>\n<\/li>\n<li data-start=\"1416\" data-end=\"1536\">\n<p data-start=\"1418\" data-end=\"1536\"><strong data-start=\"1539\" data-end=\"1564\">0,6 Ohm AF-Widerstand<\/strong>: weicherer RDL-Zug &#8211; Leistung von 15 bis 18W<\/p>\n<\/li>\n<\/ul>\n<p data-start=\"1668\" data-end=\"1863\">F\u00fcr die Liebhaber von engerem MTL k\u00f6nnen Sie die <strong data-start=\"1737\" data-end=\"1763\">AF 1.0 Ohm Widerst\u00e4nde<\/strong> (separat erh\u00e4ltlich) installieren und so Ihren AF Tank in einen Clearo mit ultrapr\u00e4zisem Zug verwandeln \ud83c\udf2c\ufe0f<\/p>\n<h3 data-start=\"1865\" data-end=\"1904\"><a href=\"https:\/\/chezsmoke.ch\/wp-content\/uploads\/2024\/07\/AF-Tank-Resistance-300x160.jpg\"><img loading=\"lazy\" decoding=\"async\" class=\"alignnone wp-image-418509\" src=\"https:\/\/chezsmoke.ch\/wp-content\/uploads\/2024\/07\/AF-Tank-Resistance-300x160.jpg\" alt=\"\" width=\"401\" height=\"214\" srcset=\"https:\/\/chezsmoke.ch\/wp-content\/uploads\/2024\/07\/AF-Tank-Resistance-300x160.jpg 300w, https:\/\/chezsmoke.ch\/wp-content\/uploads\/2024\/07\/AF-Tank-Resistance-60x32.jpg 60w, https:\/\/chezsmoke.ch\/wp-content\/uploads\/2024\/07\/AF-Tank-Resistance-600x320.jpg 600w, https:\/\/chezsmoke.ch\/wp-content\/uploads\/2024\/07\/AF-Tank-Resistance-150x80.jpg 150w, https:\/\/chezsmoke.ch\/wp-content\/uploads\/2024\/07\/AF-Tank-Resistance-96x51.jpg 96w, https:\/\/chezsmoke.ch\/wp-content\/uploads\/2024\/07\/AF-Tank-Resistance-42x22.jpg 42w, https:\/\/chezsmoke.ch\/wp-content\/uploads\/2024\/07\/AF-Tank-Resistance.jpg 750w\" sizes=\"auto, (max-width: 401px) 100vw, 401px\" \/><\/a><\/h3>\n<h3 data-start=\"1865\" data-end=\"1904\">\ud83d\udce6 Inhalt des Pakets AF Tank Aspire<\/h3>\n<p data-start=\"1905\" data-end=\"2067\">1 AF Tank Aspire &#8211; 4 ml<br data-start=\"1928\" data-end=\"1931\">1 AF 0.4 Ohm Widerstand (vorinstalliert)<br data-start=\"1969\" data-end=\"1972\">1 AF 0.6 Ohm Widerstand<br data-start=\"1995\" data-end=\"1998\">1 Ersatzpyrex<br data-start=\"2021\" data-end=\"2024\">1 Dichtungsset<br data-start=\"2039\" data-end=\"2042\">1 Bedienungsanleitung \ud83d\udcd6.<\/p>\n<h3 data-start=\"2069\" data-end=\"2105\">\ud83e\uddfe Technische Daten<\/h3>\n<p data-start=\"2106\" data-end=\"2405\">Durchmesser: 23 mm (bis zu 28 mm am Tank)<br data-start=\"2161\" data-end=\"2164\">Inhalt: 4 ml<br data-start=\"2181\" data-end=\"2184\">Drip Tip: 510 austauschbar<br data-start=\"2210\" data-end=\"2213\">Airflow: verstellbare Top Airflow<br data-start=\"2243\" data-end=\"2246\">Bef\u00fcllung: verschiebbare Top-Fill<br data-start=\"2279\" data-end=\"2282\">Kompatibel mit AF Aspire Widerst\u00e4nden<br data-start=\"2314\" data-end=\"2317\">Anschluss: Pin 510<br data-start=\"2338\" data-end=\"2341\">Material: Edelstahl \/ Pyrex<br data-start=\"2377\" data-end=\"2380\">Hergestellt von: <strong data-start=\"2395\" data-end=\"2405\">Aspire<\/strong><\/p>\n<h3 data-start=\"2407\" data-end=\"2425\">\ud83d\ude80 Zusammenfassung<\/h3>\n<p data-start=\"2426\" data-end=\"2791\">Der <strong data-start=\"2429\" data-end=\"2453\">AF Tank Clearomizer<\/strong> kombiniert die <strong data-start=\"2465\" data-end=\"2487\">Zuverl\u00e4ssigkeit von Aspire<\/strong>, eine <strong data-start=\"2493\" data-end=\"2531\">hervorragende Geschmackswiedergabe<\/strong> und eine <strong data-start=\"2540\" data-end=\"2577\">beispielhafte Benutzerfreundlichkeit<\/strong>. Er ist unauff\u00e4llig, aber furchteinfl\u00f6\u00dfend und der perfekte Verb\u00fcndete, um Ihre Lieblings-E-Liquids in vollen Z\u00fcgen zu genie\u00dfen &#8211; egal ob RDL oder MTL. Ein absolutes Muss, wenn Sie einen <strong data-start=\"2751\" data-end=\"2788\">vielseitigen, eleganten und leistungsstarken<\/strong> Tank suchen \ud83d\udcaf.  <\/p>\n","protected":false},"excerpt":{"rendered":"<p data-start=\"185\" data-end=\"248\">\ud83d\udd25 Aspire AF Tank &#8211; Kleines Juwel der Pr\u00e4zision und des Geschmacks<\/p>\n","protected":false},"featured_media":316577,"comment_status":"closed","ping_status":"closed","template":"","meta":{"_acf_changed":false},"product_brand":[],"product_cat":[710,687],"product_tag":[],"class_list":{"0":"post-320957","1":"product","2":"type-product","3":"status-publish","4":"has-post-thumbnail","6":"product_cat-aspire-de","7":"product_cat-tanks-de","8":"pa_couleur-black-de","9":"pa_couleur-silver-de","11":"first","12":"instock","13":"taxable","14":"shipping-taxable","15":"purchasable","16":"product-type-variable"},"bundled_by":["356822"],"bundle_stock_status":"instock","bundle_stock_quantity":null,"bundle_virtual":false,"bundle_layout":"","bundle_add_to_cart_form_location":"","bundle_editable_in_cart":false,"bundle_sold_individually_context":"","bundle_item_grouping":"","bundle_min_size":"","bundle_max_size":"","bundle_price":[],"bundled_items":[],"bundle_sell_ids":[],"acf":[],"_links":{"self":[{"href":"https:\/\/chezsmoke.ch\/de\/wp-json\/wp\/v2\/product\/320957","targetHints":{"allow":["GET"]}}],"collection":[{"href":"https:\/\/chezsmoke.ch\/de\/wp-json\/wp\/v2\/product"}],"about":[{"href":"https:\/\/chezsmoke.ch\/de\/wp-json\/wp\/v2\/types\/product"}],"replies":[{"embeddable":true,"href":"https:\/\/chezsmoke.ch\/de\/wp-json\/wp\/v2\/comments?post=320957"}],"wp:featuredmedia":[{"embeddable":true,"href":"https:\/\/chezsmoke.ch\/de\/wp-json\/wp\/v2\/media\/316577"}],"wp:attachment":[{"href":"https:\/\/chezsmoke.ch\/de\/wp-json\/wp\/v2\/media?parent=320957"}],"wp:term":[{"taxonomy":"product_brand","embeddable":true,"href":"https:\/\/chezsmoke.ch\/de\/wp-json\/wp\/v2\/product_brand?post=320957"},{"taxonomy":"product_cat","embeddable":true,"href":"https:\/\/chezsmoke.ch\/de\/wp-json\/wp\/v2\/product_cat?post=320957"},{"taxonomy":"product_tag","embeddable":true,"href":"https:\/\/chezsmoke.ch\/de\/wp-json\/wp\/v2\/product_tag?post=320957"}],"curies":[{"name":"wp","href":"https:\/\/api.w.org\/{rel}","templated":true}]}}