{"id":325019,"date":"2024-08-21T14:30:18","date_gmt":"2024-08-21T12:30:18","guid":{"rendered":"https:\/\/chezsmoke.ch\/produit\/geekvape-aegis-legend-3-l200\/"},"modified":"2025-11-21T07:05:23","modified_gmt":"2025-11-21T06:05:23","slug":"geekvape-aegis-legend-3-l200","status":"publish","type":"product","link":"https:\/\/chezsmoke.ch\/de\/produit\/geekvape-aegis-legend-3-l200\/","title":{"rendered":"Geekvape Aegis Legend 3 L200"},"content":{"rendered":"<p data-start=\"115\" data-end=\"182\"><strong data-start=\"115\" data-end=\"182\">\ud83d\udd25 Schwingen Sie die Legende mit der Aegis Legend 3 L200 Box von Geekvape! \ud83d\udd25<\/strong><\/p>\n<p data-start=\"184\" data-end=\"477\">Die kultigste Subohm-Box der Welt des Dampfens ist zur\u00fcck, noch eleganter und leistungsf\u00e4higer als je zuvor. Geekvape schl\u00e4gt mit der dritten Generation der Aegis Legend zu, einer Box, die Robustheit, Leistung und Innovation vereint, um die anspruchsvollsten Dampfer zufrieden zu stellen. <\/p>\n<h3 data-start=\"479\" data-end=\"514\">\ud83d\udcaa Robustheit auf ganzer Linie<\/h3>\n<p data-start=\"515\" data-end=\"904\">Die Aegis Legend 3 wurde f\u00fcr Abenteurer entworfen und ist <strong data-start=\"575\" data-end=\"583\">nach IP68<\/strong> zertifiziert, d.h. sie ist wasser-, staub- und sto\u00dffest. Egal, wohin Sie Ihre Reise f\u00fchrt, diese Box ist bereit, Schl\u00e4ge, Spritzer und sogar St\u00fcrze zu verkraften. Das Geh\u00e4use aus Zinklegierung ist mit Silikoneinlagen verst\u00e4rkt und garantiert eine hohe Festigkeit, w\u00e4hrend es gleichzeitig leicht und ergonomisch ist.  <\/p>\n<h3 data-start=\"906\" data-end=\"958\">\u2699\ufe0f Umfassende Technologie und Dampfmodi<\/h3>\n<p data-start=\"959\" data-end=\"1189\">Im Inneren treibt der <strong data-start=\"982\" data-end=\"997\">AS Chip 4.0<\/strong> die Box mit beeindruckender Stabilit\u00e4t auf bis zu <strong data-start=\"1022\" data-end=\"1031\">200 W<\/strong> Leistung, selbst wenn die Batterie schw\u00e4cher wird. Die Box bietet nicht weniger als <strong data-start=\"1139\" data-end=\"1158\">6 Dampfmodi<\/strong>, die f\u00fcr alle Profile geeignet sind: <\/p>\n<ul data-start=\"1190\" data-end=\"1674\">\n<li data-start=\"1190\" data-end=\"1262\">\n<p data-start=\"1192\" data-end=\"1262\"><strong data-start=\"1192\" data-end=\"1201\">Smart<\/strong>: Passt die Leistung automatisch an den Widerstand an.<\/p>\n<\/li>\n<li data-start=\"1263\" data-end=\"1324\">\n<p data-start=\"1265\" data-end=\"1324\"><strong data-start=\"1265\" data-end=\"1290\">VW (Variable Wattage)<\/strong>: manuelle Steuerung von 5 bis 200 W.<\/p>\n<\/li>\n<li data-start=\"1325\" data-end=\"1388\">\n<p data-start=\"1327\" data-end=\"1388\"><strong data-start=\"1327\" data-end=\"1334\">Eco<\/strong>: F\u00fcr eine l\u00e4ngere Laufzeit ohne Qualit\u00e4tsverlust.<\/p>\n<\/li>\n<li data-start=\"1389\" data-end=\"1438\">\n<p data-start=\"1391\" data-end=\"1438\"><strong data-start=\"1391\" data-end=\"1403\">Boosting<\/strong>: f\u00fcr einen intensiveren Atemzug.<\/p>\n<\/li>\n<li data-start=\"1439\" data-end=\"1545\">\n<p data-start=\"1441\" data-end=\"1545\"><strong data-start=\"1441\" data-end=\"1451\">Memory<\/strong>: Eine exklusive Neuheit, die bis zu f\u00fcnf bevorzugte Einstellungen speichert, um einen schnellen Zugriff zu erm\u00f6glichen.<\/p>\n<\/li>\n<li data-start=\"1546\" data-end=\"1674\">\n<p data-start=\"1548\" data-end=\"1674\"><strong data-start=\"1548\" data-end=\"1555\">TCR<\/strong>: F\u00fcr Liebhaber des rekonstruierbaren Dampfens, mit pr\u00e4ziser Temperaturkontrolle je nach Drahttyp (Ni, Ti, SS).<\/p>\n<\/li>\n<\/ul>\n<p>&nbsp;<\/p>\n<h3 data-start=\"1676\" data-end=\"1718\"><a href=\"https:\/\/chezsmoke.ch\/wp-content\/uploads\/2024\/08\/chipset-geekvape-300x130.png\"><img loading=\"lazy\" decoding=\"async\" class=\"alignnone wp-image-418161\" src=\"https:\/\/chezsmoke.ch\/wp-content\/uploads\/2024\/08\/chipset-geekvape-300x130.png\" alt=\"\" width=\"452\" height=\"196\" srcset=\"https:\/\/chezsmoke.ch\/wp-content\/uploads\/2024\/08\/chipset-geekvape-300x130.png 300w, https:\/\/chezsmoke.ch\/wp-content\/uploads\/2024\/08\/chipset-geekvape-1024x444.png 1024w, https:\/\/chezsmoke.ch\/wp-content\/uploads\/2024\/08\/chipset-geekvape-768x333.png 768w, https:\/\/chezsmoke.ch\/wp-content\/uploads\/2024\/08\/chipset-geekvape-60x26.png 60w, https:\/\/chezsmoke.ch\/wp-content\/uploads\/2024\/08\/chipset-geekvape-1536x666.png 1536w, https:\/\/chezsmoke.ch\/wp-content\/uploads\/2024\/08\/chipset-geekvape-2048x888.png 2048w, https:\/\/chezsmoke.ch\/wp-content\/uploads\/2024\/08\/chipset-geekvape-600x260.png 600w, https:\/\/chezsmoke.ch\/wp-content\/uploads\/2024\/08\/chipset-geekvape-150x65.png 150w, https:\/\/chezsmoke.ch\/wp-content\/uploads\/2024\/08\/chipset-geekvape-96x42.png 96w, https:\/\/chezsmoke.ch\/wp-content\/uploads\/2024\/08\/chipset-geekvape-42x18.png 42w\" sizes=\"auto, (max-width: 452px) 100vw, 452px\" \/><\/a><\/h3>\n<h3 data-start=\"1676\" data-end=\"1718\">\ud83d\udd12 Futuristisches Touch Lock<\/h3>\n<p data-start=\"1719\" data-end=\"2049\">Die Box erkennt Ihre Hand und entsperrt sich automatisch, wenn Sie sie halten, und verriegelt sich, sobald Sie sie loslassen. Eine Exklusivit\u00e4t von Geekvape, die Sicherheit und Komfort im Alltag garantiert. F\u00fcr diejenigen, die es lieber klassisch m\u00f6gen, stehen mehrere andere Sperrmodi zur Verf\u00fcgung.  <\/p>\n<h3 data-start=\"2051\" data-end=\"2100\"><a href=\"https:\/\/chezsmoke.ch\/wp-content\/uploads\/2024\/08\/Touch-Lock-geekvape-300x133.png\"><img loading=\"lazy\" decoding=\"async\" class=\"alignnone wp-image-418155\" src=\"https:\/\/chezsmoke.ch\/wp-content\/uploads\/2024\/08\/Touch-Lock-geekvape-300x133.png\" alt=\"\" width=\"462\" height=\"205\" srcset=\"https:\/\/chezsmoke.ch\/wp-content\/uploads\/2024\/08\/Touch-Lock-geekvape-300x133.png 300w, https:\/\/chezsmoke.ch\/wp-content\/uploads\/2024\/08\/Touch-Lock-geekvape-1024x454.png 1024w, https:\/\/chezsmoke.ch\/wp-content\/uploads\/2024\/08\/Touch-Lock-geekvape-768x340.png 768w, https:\/\/chezsmoke.ch\/wp-content\/uploads\/2024\/08\/Touch-Lock-geekvape-60x27.png 60w, https:\/\/chezsmoke.ch\/wp-content\/uploads\/2024\/08\/Touch-Lock-geekvape-1536x680.png 1536w, https:\/\/chezsmoke.ch\/wp-content\/uploads\/2024\/08\/Touch-Lock-geekvape-2048x907.png 2048w, https:\/\/chezsmoke.ch\/wp-content\/uploads\/2024\/08\/Touch-Lock-geekvape-600x266.png 600w, https:\/\/chezsmoke.ch\/wp-content\/uploads\/2024\/08\/Touch-Lock-geekvape-150x66.png 150w, https:\/\/chezsmoke.ch\/wp-content\/uploads\/2024\/08\/Touch-Lock-geekvape-96x43.png 96w, https:\/\/chezsmoke.ch\/wp-content\/uploads\/2024\/08\/Touch-Lock-geekvape-42x19.png 42w\" sizes=\"auto, (max-width: 462px) 100vw, 462px\" \/><\/a><\/h3>\n<h3 data-start=\"2051\" data-end=\"2100\">\ud83c\udfa8 Verbesserte Anzeige und Benutzeroberfl\u00e4che<\/h3>\n<p data-start=\"2101\" data-end=\"2364\">Das wundersch\u00f6ne <strong data-start=\"2118\" data-end=\"2144\">0,96 Zoll TFT-Farbdisplay<\/strong> zeigt alle wichtigen Informationen (Batteriestatus, Leistung, Modus, Widerstandswert, Volt, Puff-Z\u00e4hler) \u00fcbersichtlich und individuell anpassbar an. W\u00e4hlen Sie Ihre Lieblingsfarben f\u00fcr ein Display, das Ihren Vorstellungen entspricht! <\/p>\n<h3 data-start=\"2366\" data-end=\"2403\"><a href=\"https:\/\/chezsmoke.ch\/wp-content\/uploads\/2024\/08\/interface-aegis-3-300x141.png\"><img loading=\"lazy\" decoding=\"async\" class=\"alignnone wp-image-418158\" src=\"https:\/\/chezsmoke.ch\/wp-content\/uploads\/2024\/08\/interface-aegis-3-300x141.png\" alt=\"\" width=\"464\" height=\"218\" srcset=\"https:\/\/chezsmoke.ch\/wp-content\/uploads\/2024\/08\/interface-aegis-3-300x141.png 300w, https:\/\/chezsmoke.ch\/wp-content\/uploads\/2024\/08\/interface-aegis-3-1024x480.png 1024w, https:\/\/chezsmoke.ch\/wp-content\/uploads\/2024\/08\/interface-aegis-3-768x360.png 768w, https:\/\/chezsmoke.ch\/wp-content\/uploads\/2024\/08\/interface-aegis-3-60x28.png 60w, https:\/\/chezsmoke.ch\/wp-content\/uploads\/2024\/08\/interface-aegis-3-1536x720.png 1536w, https:\/\/chezsmoke.ch\/wp-content\/uploads\/2024\/08\/interface-aegis-3-2048x960.png 2048w, https:\/\/chezsmoke.ch\/wp-content\/uploads\/2024\/08\/interface-aegis-3-600x281.png 600w, https:\/\/chezsmoke.ch\/wp-content\/uploads\/2024\/08\/interface-aegis-3-150x70.png 150w, https:\/\/chezsmoke.ch\/wp-content\/uploads\/2024\/08\/interface-aegis-3-96x45.png 96w, https:\/\/chezsmoke.ch\/wp-content\/uploads\/2024\/08\/interface-aegis-3-42x20.png 42w\" sizes=\"auto, (max-width: 464px) 100vw, 464px\" \/><\/a><\/h3>\n<h3 data-start=\"2366\" data-end=\"2403\">\u270b Ergonomisches und kompaktes Design<\/h3>\n<p data-start=\"2404\" data-end=\"2660\">Mit seinen optimierten Abmessungen (89 \u00d7 55,36 \u00d7 26 mm) und seinem komfortablen Griff passt sich der Aegis Legend 3 perfekt Ihrer Hand an. Die Verarbeitung aus Zinklegierung und Silikon verleiht ihm einen Premium-Look, ist aber gleichzeitig robust und angenehm zu handhaben. <\/p>\n<h3 data-start=\"2662\" data-end=\"2716\">\ud83d\udd0b Doppelter 18650-Akku f\u00fcr maximale Laufzeit<\/h3>\n<p data-start=\"2717\" data-end=\"2909\">Diese Box wird mit zwei 18650er Akkus (im Lieferumfang enthalten) betrieben und kann schnell \u00fcber USB-C aufgeladen werden (bis zu 3A). Um Ihre Batterien zu schonen, empfehlen wir die Verwendung eines externen Ladeger\u00e4ts. <\/p>\n<h3 data-start=\"2911\" data-end=\"2963\">\ud83d\udca8 Kompatibel mit Clearomizern bis 25 mm<\/h3>\n<p data-start=\"2964\" data-end=\"3179\">Die breite 25 mm Platte erm\u00f6glicht die Installation von leistungsstarken Clearos wie dem Itank T, der ideal f\u00fcr intensives Subohm-Dampfen ist. Sie k\u00f6nnen auch einen Clearomizer nach Ihrem Stil w\u00e4hlen: MTL, RDL oder DTL. <\/p>\n<hr data-start=\"3181\" data-end=\"3184\">\n<h3 data-start=\"3186\" data-end=\"3209\">Inhalt des Pakets :<\/h3>\n<p data-start=\"3210\" data-end=\"3279\">  1 Aegis Legend 3 Box<br data-start=\"3232\" data-end=\"3235\"> 1 USB-C Kabel<br data-start=\"3250\" data-end=\"3253\"> 1 Bedienungsanleitung<\/p>\n","protected":false},"excerpt":{"rendered":"<p>DIE Referenz f\u00fcr doppelte Akkus!<\/p>\n","protected":false},"featured_media":337062,"comment_status":"closed","ping_status":"closed","template":"","meta":{"_acf_changed":false},"product_brand":[],"product_cat":[705,692,1099,744],"product_tag":[],"class_list":{"0":"post-325019","1":"product","2":"type-product","3":"status-publish","4":"has-post-thumbnail","6":"product_cat-box-de","7":"product_cat-elektronische-zigaretten","8":"product_cat-gute-tipps-hardware","9":"product_cat-tipps","10":"pa_couleur-black-de","11":"pa_couleur-dark-grey-de","12":"pa_couleur-golden-blue-de","13":"pa_couleur-grun","14":"pa_couleur-purple-de","15":"pa_couleur-rainbow-de","16":"pa_couleur-silver-de","17":"pa_couleur-titanium-grey-de","19":"first","20":"instock","21":"sale","22":"taxable","23":"shipping-taxable","24":"purchasable","25":"product-type-variable"},"bundled_by":["419630"],"bundle_stock_status":"instock","bundle_stock_quantity":null,"bundle_virtual":false,"bundle_layout":"","bundle_add_to_cart_form_location":"","bundle_editable_in_cart":false,"bundle_sold_individually_context":"","bundle_item_grouping":"","bundle_min_size":"","bundle_max_size":"","bundle_price":[],"bundled_items":[],"bundle_sell_ids":[],"acf":[],"_links":{"self":[{"href":"https:\/\/chezsmoke.ch\/de\/wp-json\/wp\/v2\/product\/325019","targetHints":{"allow":["GET"]}}],"collection":[{"href":"https:\/\/chezsmoke.ch\/de\/wp-json\/wp\/v2\/product"}],"about":[{"href":"https:\/\/chezsmoke.ch\/de\/wp-json\/wp\/v2\/types\/product"}],"replies":[{"embeddable":true,"href":"https:\/\/chezsmoke.ch\/de\/wp-json\/wp\/v2\/comments?post=325019"}],"wp:featuredmedia":[{"embeddable":true,"href":"https:\/\/chezsmoke.ch\/de\/wp-json\/wp\/v2\/media\/337062"}],"wp:attachment":[{"href":"https:\/\/chezsmoke.ch\/de\/wp-json\/wp\/v2\/media?parent=325019"}],"wp:term":[{"taxonomy":"product_brand","embeddable":true,"href":"https:\/\/chezsmoke.ch\/de\/wp-json\/wp\/v2\/product_brand?post=325019"},{"taxonomy":"product_cat","embeddable":true,"href":"https:\/\/chezsmoke.ch\/de\/wp-json\/wp\/v2\/product_cat?post=325019"},{"taxonomy":"product_tag","embeddable":true,"href":"https:\/\/chezsmoke.ch\/de\/wp-json\/wp\/v2\/product_tag?post=325019"}],"curies":[{"name":"wp","href":"https:\/\/api.w.org\/{rel}","templated":true}]}}