{"id":325028,"date":"2024-08-21T14:45:51","date_gmt":"2024-08-21T12:45:51","guid":{"rendered":"https:\/\/chezsmoke.ch\/produit\/vaporesso-itank-t\/"},"modified":"2025-12-18T15:54:55","modified_gmt":"2025-12-18T14:54:55","slug":"vaporesso-itank-t","status":"publish","type":"product","link":"https:\/\/chezsmoke.ch\/de\/produit\/vaporesso-itank-t\/","title":{"rendered":"Vaporesso iTank T"},"content":{"rendered":"<h3 data-start=\"208\" data-end=\"278\">\ud83d\udca8 Vaporesso iTank T &#8211; Die Wolkenmaschine, die es in sich hat!<\/h3>\n<p data-start=\"279\" data-end=\"594\">Lust auf einen <strong data-start=\"291\" data-end=\"350\">starken, schmackhaften und unkomplizierten Subohm-Dampf<\/strong>? Der <strong data-start=\"356\" data-end=\"367\">iTank T<\/strong> von Vaporesso wird alle Fans von <strong data-start=\"426\" data-end=\"444\">dichtem DTL<\/strong> zufriedenstellen!<br data-start=\"446\" data-end=\"449\">Mit seinem <strong data-start=\"459\" data-end=\"475\">810er Drip Tip<\/strong>, seiner <strong data-start=\"481\" data-end=\"507\">auslaufsicheren Top Airflow<\/strong> und seinem <strong data-start=\"515\" data-end=\"549\">riesigen 6 ml Bulb<\/strong> <strong data-start=\"356\" data-end=\"367\">Tank<\/strong> ist dieser Clearo ein echtes Dampfkraftwerk \u26a1\u26a1. <\/p>\n<h3 data-start=\"596\" data-end=\"638\"><a href=\"https:\/\/chezsmoke.ch\/wp-content\/uploads\/2024\/10\/Vaporesso-iTank-300x156.png\"><img loading=\"lazy\" decoding=\"async\" class=\"alignnone wp-image-342100\" src=\"https:\/\/chezsmoke.ch\/wp-content\/uploads\/2024\/10\/Vaporesso-iTank-300x156.png\" alt=\"\" width=\"454\" height=\"236\" srcset=\"https:\/\/chezsmoke.ch\/wp-content\/uploads\/2024\/10\/Vaporesso-iTank-300x156.png 300w, https:\/\/chezsmoke.ch\/wp-content\/uploads\/2024\/10\/Vaporesso-iTank-768x400.png 768w, https:\/\/chezsmoke.ch\/wp-content\/uploads\/2024\/10\/Vaporesso-iTank-96x50.png 96w, https:\/\/chezsmoke.ch\/wp-content\/uploads\/2024\/10\/Vaporesso-iTank-42x22.png 42w, https:\/\/chezsmoke.ch\/wp-content\/uploads\/2024\/10\/Vaporesso-iTank-60x31.png 60w, https:\/\/chezsmoke.ch\/wp-content\/uploads\/2024\/10\/Vaporesso-iTank-600x313.png 600w, https:\/\/chezsmoke.ch\/wp-content\/uploads\/2024\/10\/Vaporesso-iTank-150x78.png 150w, https:\/\/chezsmoke.ch\/wp-content\/uploads\/2024\/10\/Vaporesso-iTank.png 978w\" sizes=\"auto, (max-width: 454px) 100vw, 454px\" \/><\/a><\/h3>\n<h3 data-start=\"596\" data-end=\"638\">\ud83d\udd27 Schlichtes Design, extreme Leistung<\/h3>\n<p data-start=\"639\" data-end=\"1087\">Der iTank T ist aus rostfreiem <strong data-start=\"649\" data-end=\"669\">Stahl<\/strong> gefertigt und in mehreren eleganten Farben erh\u00e4ltlich, er ist ebenso robust wie \u00e4sthetisch. Er passt mit seinem <strong data-start=\"806\" data-end=\"829\">Durchmesser von 24,5 mm<\/strong> in die meisten Boxen und verspricht mit seiner <strong data-start=\"884\" data-end=\"918\">einfachen Top-F\u00fcllung<\/strong> eine reibungslose und angenehme Erfahrung<br data-start=\"918\" data-end=\"921\">Die <strong data-start=\"924\" data-end=\"948\">einstellbare Top-Airflow<\/strong> sorgt nicht nur f\u00fcr einen ma\u00dfgeschneiderten Zug, sondern begrenzt auch die Gefahr des Auslaufens auf ein Minimum &#8211; ideal f\u00fcr Cloud-Chasing-Fans \ud83d\udca8. <\/p>\n<p data-start=\"1089\" data-end=\"1130\">Vaporesso hat ein gro\u00dfes Fassungsverm\u00f6gen:<\/p>\n<ul data-start=\"1131\" data-end=\"1286\">\n<li data-start=\"1131\" data-end=\"1187\">\n<p data-start=\"1133\" data-end=\"1187\"><strong data-start=\"1143\" data-end=\"1159\">6-ml-Bulb-Tank<\/strong> f\u00fcr lange Sitzungen<\/p>\n<\/li>\n<li data-start=\"1188\" data-end=\"1286\">\n<p data-start=\"1190\" data-end=\"1286\">Inklusive <strong data-start=\"1209\" data-end=\"1217\">3 ml<\/strong> gerader Tank f\u00fcr mehr Kompaktheit<br data-start=\"1247\" data-end=\"1250\">W\u00e4hlen Sie nach Lust und Laune!<\/p>\n<\/li>\n<\/ul>\n<h3 data-start=\"1288\" data-end=\"1349\"><a href=\"https:\/\/chezsmoke.ch\/wp-content\/uploads\/2024\/08\/itank-t-ouverture--300x186.png\"><img loading=\"lazy\" decoding=\"async\" class=\"alignnone wp-image-418524\" src=\"https:\/\/chezsmoke.ch\/wp-content\/uploads\/2024\/08\/itank-t-ouverture--300x186.png\" alt=\"\" width=\"461\" height=\"286\" srcset=\"https:\/\/chezsmoke.ch\/wp-content\/uploads\/2024\/08\/itank-t-ouverture--300x186.png 300w, https:\/\/chezsmoke.ch\/wp-content\/uploads\/2024\/08\/itank-t-ouverture--768x477.png 768w, https:\/\/chezsmoke.ch\/wp-content\/uploads\/2024\/08\/itank-t-ouverture--60x37.png 60w, https:\/\/chezsmoke.ch\/wp-content\/uploads\/2024\/08\/itank-t-ouverture--600x373.png 600w, https:\/\/chezsmoke.ch\/wp-content\/uploads\/2024\/08\/itank-t-ouverture--150x93.png 150w, https:\/\/chezsmoke.ch\/wp-content\/uploads\/2024\/08\/itank-t-ouverture--96x60.png 96w, https:\/\/chezsmoke.ch\/wp-content\/uploads\/2024\/08\/itank-t-ouverture--42x26.png 42w, https:\/\/chezsmoke.ch\/wp-content\/uploads\/2024\/08\/itank-t-ouverture-.png 974w\" sizes=\"auto, (max-width: 461px) 100vw, 461px\" \/><\/a><\/h3>\n<h3 data-start=\"1288\" data-end=\"1349\">\ud83d\udd25 GTi coils: ein starkes Duo f\u00fcr ein muskul\u00f6ses DTL-Dampfen<\/h3>\n<p data-start=\"1350\" data-end=\"1583\">Der iTank T ist mit den ber\u00fchmten <strong data-start=\"1379\" data-end=\"1406\">GTi Mesh-Widerst\u00e4nden<\/strong> kompatibel und garantiert Ihnen eine <strong data-start=\"1435\" data-end=\"1472\">kr\u00e4ftige Geschmackswiedergabe<\/strong> und eine <strong data-start=\"1480\" data-end=\"1520\">beeindruckende Dampfproduktion<\/strong><br data-start=\"1520\" data-end=\"1523\">Sie finden in diesem Paket zwei furchterregende Widerst\u00e4nde:<\/p>\n<ul data-start=\"1585\" data-end=\"1898\">\n<li data-start=\"1585\" data-end=\"1774\">\n<p data-start=\"1587\" data-end=\"1774\"><strong data-start=\"1587\" data-end=\"1602\">GTi 0,2 Ohm<\/strong>: Sehr luftiger DTL-Zug &#8211; zu verwenden zwischen <strong data-start=\"1647\" data-end=\"1661\">60W und 75W<\/strong><\/p>\n<\/li>\n<li data-start=\"1775\" data-end=\"1898\">\n<p data-start=\"1777\" data-end=\"1898\"><strong data-start=\"1777\" data-end=\"1792\">GTi 0,4 Ohm<\/strong>: restriktivere DTL-Ziehung &#8211; zu verwenden zwischen <strong data-start=\"1841\" data-end=\"1855\">50W und 60W<\/strong><\/p>\n<\/li>\n<li data-start=\"1775\" data-end=\"1898\"><strong>GTi 0.5 ohm<\/strong>: TirageRDL &#8211; DTL mittelm\u00e4\u00dfig restriktiv &#8211; zu verwenden zwischen <strong>30W und 40W<\/strong><\/li>\n<\/ul>\n<p data-start=\"1900\" data-end=\"2053\">\ud83d\udca1 Um das Beste aus diesen Widerst\u00e4nden herauszuholen, planen Sie eine <strong data-start=\"1959\" data-end=\"1998\">Box, die mindestens 80W erreichen kann<\/strong>. Der iTank T ist nicht einfach nur da, um eine gute Figur zu machen! <\/p>\n<h3 data-start=\"2055\" data-end=\"2096\"><a href=\"https:\/\/chezsmoke.ch\/wp-content\/uploads\/2024\/08\/gti-itank-300x140.png\"><img loading=\"lazy\" decoding=\"async\" class=\"alignnone wp-image-418521\" src=\"https:\/\/chezsmoke.ch\/wp-content\/uploads\/2024\/08\/gti-itank-300x140.png\" alt=\"\" width=\"450\" height=\"210\" srcset=\"https:\/\/chezsmoke.ch\/wp-content\/uploads\/2024\/08\/gti-itank-300x140.png 300w, https:\/\/chezsmoke.ch\/wp-content\/uploads\/2024\/08\/gti-itank-1024x477.png 1024w, https:\/\/chezsmoke.ch\/wp-content\/uploads\/2024\/08\/gti-itank-768x358.png 768w, https:\/\/chezsmoke.ch\/wp-content\/uploads\/2024\/08\/gti-itank-60x28.png 60w, https:\/\/chezsmoke.ch\/wp-content\/uploads\/2024\/08\/gti-itank-600x280.png 600w, https:\/\/chezsmoke.ch\/wp-content\/uploads\/2024\/08\/gti-itank-150x70.png 150w, https:\/\/chezsmoke.ch\/wp-content\/uploads\/2024\/08\/gti-itank-96x45.png 96w, https:\/\/chezsmoke.ch\/wp-content\/uploads\/2024\/08\/gti-itank-42x20.png 42w, https:\/\/chezsmoke.ch\/wp-content\/uploads\/2024\/08\/gti-itank.png 1084w\" sizes=\"auto, (max-width: 450px) 100vw, 450px\" \/><\/a><\/h3>\n<h3 data-start=\"2055\" data-end=\"2096\">\ud83d\udce6 Inhalt des iTank T Vaporesso Kits<\/h3>\n<ul data-start=\"2097\" data-end=\"2271\">\n<li data-start=\"2097\" data-end=\"2130\">\n<p data-start=\"2099\" data-end=\"2130\">1 iTank T Clearomizer (6 ml)<\/p>\n<\/li>\n<li data-start=\"2131\" data-end=\"2174\">\n<p data-start=\"2133\" data-end=\"2174\">1 GTi 0.2 Ohm Widerstand (vorinstalliert)<\/p>\n<\/li>\n<li data-start=\"2175\" data-end=\"2203\">\n<p data-start=\"2177\" data-end=\"2203\">1 GTi-Widerstand 0.4 Ohm<\/p>\n<\/li>\n<li data-start=\"2204\" data-end=\"2226\">\n<p data-start=\"2206\" data-end=\"2226\">1 gerader Pyrex 3 ml<\/p>\n<\/li>\n<li data-start=\"2227\" data-end=\"2246\">\n<p data-start=\"2229\" data-end=\"2246\">1 Satz Dichtungen<\/p>\n<\/li>\n<li data-start=\"2247\" data-end=\"2271\">\n<p data-start=\"2249\" data-end=\"2271\">1 Gebrauchsanweisung<\/p>\n<\/li>\n<\/ul>\n<h3 data-start=\"2273\" data-end=\"2297\">\ud83e\uddfe Technisches Datenblatt<\/h3>\n<p data-start=\"2298\" data-end=\"2571\">Durchmesser: 24,5 mm<br data-start=\"2316\" data-end=\"2319\">Inhalt: 6 ml (Bulb) \/ 3 ml (gerade)<br data-start=\"2358\" data-end=\"2361\">Drip Tip: 810<br data-start=\"2375\" data-end=\"2378\">Airflow: einstellbar &#8211; Top Airflow<br data-start=\"2410\" data-end=\"2413\">F\u00fcllung: Top-Fill<br data-start=\"2435\" data-end=\"2438\">Kompatibilit\u00e4t: Vaporesso GTi Widerst\u00e4nde<br data-start=\"2479\" data-end=\"2482\">Anschluss: Pin 510<br data-start=\"2501\" data-end=\"2504\">Material: Edelstahl \/ Pyrex<br data-start=\"2540\" data-end=\"2543\">Hergestellt von: <strong data-start=\"2558\" data-end=\"2571\">Vaporesso<\/strong><\/p>\n<h3 data-start=\"2573\" data-end=\"2590\">\u2705 Zusammenfassung<\/h3>\n<p data-start=\"2591\" data-end=\"2932\">Der <strong data-start=\"2594\" data-end=\"2605\">iTank T<\/strong> von Vaporesso ist ein <strong data-start=\"2626\" data-end=\"2639\">Must-Have<\/strong> f\u00fcr Dampfer, die auf gro\u00dfe Wolken und explosive Aromen stehen. Robust, stilvoll und ultra-leistungsstark, bildet er eine unschlagbare Kombi mit den GTi Widerst\u00e4nden \ud83d\udd25 Ob Sie XXL-Dampf oder einen kontrollierteren Zug suchen, dieser Clearomizer erf\u00fcllt alle Voraussetzungen f\u00fcr ein erfolgreiches DTL-Dampfen. <\/p>\n","protected":false},"excerpt":{"rendered":"<p data-start=\"208\" data-end=\"278\">\ud83d\udca8 Vaporesso iTank T &#8211; Die Wolkenmaschine, die es in sich hat!<\/p>\n","protected":false},"featured_media":324674,"comment_status":"closed","ping_status":"closed","template":"","meta":{"_acf_changed":false},"product_brand":[],"product_cat":[687,747],"product_tag":[],"class_list":{"0":"post-325028","1":"product","2":"type-product","3":"status-publish","4":"has-post-thumbnail","6":"product_cat-tanks-de","7":"product_cat-vaporesso-de-2","8":"pa_couleur-black-de","9":"pa_couleur-blue-de","10":"pa_couleur-braun","11":"pa_couleur-grey-de","12":"pa_couleur-rainbow-de","13":"pa_couleur-silver-de","15":"first","16":"instock","17":"taxable","18":"shipping-taxable","19":"purchasable","20":"product-type-variable"},"bundled_by":["413128"],"bundle_stock_status":"instock","bundle_stock_quantity":null,"bundle_virtual":false,"bundle_layout":"","bundle_add_to_cart_form_location":"","bundle_editable_in_cart":false,"bundle_sold_individually_context":"","bundle_item_grouping":"","bundle_min_size":"","bundle_max_size":"","bundle_price":[],"bundled_items":[],"bundle_sell_ids":[],"acf":[],"_links":{"self":[{"href":"https:\/\/chezsmoke.ch\/de\/wp-json\/wp\/v2\/product\/325028","targetHints":{"allow":["GET"]}}],"collection":[{"href":"https:\/\/chezsmoke.ch\/de\/wp-json\/wp\/v2\/product"}],"about":[{"href":"https:\/\/chezsmoke.ch\/de\/wp-json\/wp\/v2\/types\/product"}],"replies":[{"embeddable":true,"href":"https:\/\/chezsmoke.ch\/de\/wp-json\/wp\/v2\/comments?post=325028"}],"wp:featuredmedia":[{"embeddable":true,"href":"https:\/\/chezsmoke.ch\/de\/wp-json\/wp\/v2\/media\/324674"}],"wp:attachment":[{"href":"https:\/\/chezsmoke.ch\/de\/wp-json\/wp\/v2\/media?parent=325028"}],"wp:term":[{"taxonomy":"product_brand","embeddable":true,"href":"https:\/\/chezsmoke.ch\/de\/wp-json\/wp\/v2\/product_brand?post=325028"},{"taxonomy":"product_cat","embeddable":true,"href":"https:\/\/chezsmoke.ch\/de\/wp-json\/wp\/v2\/product_cat?post=325028"},{"taxonomy":"product_tag","embeddable":true,"href":"https:\/\/chezsmoke.ch\/de\/wp-json\/wp\/v2\/product_tag?post=325028"}],"curies":[{"name":"wp","href":"https:\/\/api.w.org\/{rel}","templated":true}]}}