{"id":325039,"date":"2024-08-22T12:49:00","date_gmt":"2024-08-22T10:49:00","guid":{"rendered":"https:\/\/chezsmoke.ch\/produit\/geekvape-aegis-solo-3-s100\/"},"modified":"2025-08-14T11:40:20","modified_gmt":"2025-08-14T09:40:20","slug":"geekvape-aegis-solo-3-s100","status":"publish","type":"product","link":"https:\/\/chezsmoke.ch\/de\/produit\/geekvape-aegis-solo-3-s100\/","title":{"rendered":"Geekvape Aegis Solo 3 S100"},"content":{"rendered":"<p><strong>\ud83d\udd25 Der Aegis Solo 3 &#8211; Wenn das Dampfen wieder in Schwung kommt<\/strong><\/p>\n<p>Angesichts der Welle von Pods und Einweg-Puffs kehrt <strong>Geekvape<\/strong> zu den Grundlagen zur\u00fcck: <strong>zuverl\u00e4ssiges, leistungsstarkes und nachhaltiges<\/strong> Dampfen. Die <strong>Aegis Solo 3 Box<\/strong> verk\u00f6rpert diese neue Vision. Sie ist robust, kompakt und extrem leistungsstark und eignet sich f\u00fcr alle, die unter allen Umst\u00e4nden die Kontrolle behalten wollen.  <\/p>\n<p>&nbsp;<\/p>\n<p><strong>\ud83d\udcbc Ein professioneller Look, ein Format, das Sie \u00fcberallhin begleiten kann<\/strong><\/p>\n<p>Mit seinem <strong>Geh\u00e4use aus Zinklegierung<\/strong>, der <strong>sorgf\u00e4ltigen Verarbeitung<\/strong> und dem <strong>gepolsterten Griff<\/strong> steht das Solo 3 den Spitzenmodellen in nichts nach. Mit seinem diskreten Format (86,9 \u00d7 39,7 \u00d7 27,7 mm) passt er in jede Tasche, ohne an Leistung einzub\u00fc\u00dfen. <\/p>\n<p>Er ist in verschiedenen Farben erh\u00e4ltlich und spricht sowohl Liebhaber schlichter Designs als auch diejenigen an, die auff\u00e4llige Modelle bevorzugen.<\/p>\n<p>&nbsp;<\/p>\n<p><strong>\ud83c\udf2a\ufe0f Auf alle Situationen vorbereitet<\/strong><\/p>\n<p>Die Aegis Solo 3 Box ist nach <strong>IP68<\/strong> zertifiziert und wurde entwickelt, um den Elementen zu widerstehen: Wasser, Staub, St\u00f6\u00dfe&#8230; nichts kann ihr etwas anhaben. Ob Sie nun ein Heimwerker, ein Abenteurer oder ein wenig ungeschickt sind, diese Box ist bereit, alles zu ertragen. Und vor allem, um weiterhin einen stabilen und schmackhaften Dampf zu liefern, egal in welcher Umgebung.  <\/p>\n<p>&nbsp;<\/p>\n<p><strong>\ud83c\udf9b\ufe0f Eine Schnittstelle, die auf das Wesentliche ausgerichtet ist<\/strong><\/p>\n<p>Das <strong>0,96&#8243; TFT-Farbdisplay<\/strong> ist perfekt ablesbar und zeigt alle wichtigen Informationen klar und deutlich an: Reichweite, Leistung, Widerstandswert, verwendeter Modus, Puff-Z\u00e4hler&#8230;<br \/>\nEin weiteres Plus: Sie k\u00f6nnen <strong>die Farben der Benutzeroberfl\u00e4che \u00e4ndern<\/strong>, um sie an Ihren Stil anzupassen.<\/p>\n<p><a href=\"https:\/\/chezsmoke.ch\/wp-content\/uploads\/2024\/08\/interface-solo-300x160.webp\"><img loading=\"lazy\" decoding=\"async\" class=\"alignnone size-medium wp-image-418166\" src=\"https:\/\/chezsmoke.ch\/wp-content\/uploads\/2024\/08\/interface-solo-300x160.webp\" alt=\"\" width=\"300\" height=\"160\" srcset=\"https:\/\/chezsmoke.ch\/wp-content\/uploads\/2024\/08\/interface-solo-300x160.webp 300w, https:\/\/chezsmoke.ch\/wp-content\/uploads\/2024\/08\/interface-solo-60x32.webp 60w, https:\/\/chezsmoke.ch\/wp-content\/uploads\/2024\/08\/interface-solo-600x320.webp 600w, https:\/\/chezsmoke.ch\/wp-content\/uploads\/2024\/08\/interface-solo-150x80.webp 150w, https:\/\/chezsmoke.ch\/wp-content\/uploads\/2024\/08\/interface-solo-96x51.webp 96w, https:\/\/chezsmoke.ch\/wp-content\/uploads\/2024\/08\/interface-solo-42x22.webp 42w, https:\/\/chezsmoke.ch\/wp-content\/uploads\/2024\/08\/interface-solo.webp 750w\" sizes=\"auto, (max-width: 300px) 100vw, 300px\" \/><\/a><\/p>\n<p><strong>\ud83d\ude80 Kraft, aber vor allem Kontrolle<\/strong><\/p>\n<p>Unter der Haube befindet sich der <strong>AS Chip 4.0<\/strong>, einer der reaktionsschnellsten und stabilsten Chips\u00e4tze auf dem Markt. Er liefert <strong>bis zu 100 W<\/strong> und verf\u00fcgt \u00fcber sechs Dampfmodi, um das Dampferlebnis Ihren W\u00fcnschen anzupassen: <\/p>\n<ul>\n<li><strong>Smart<\/strong>: Die Box erkennt den Widerstand und passt die Leistung automatisch an.<\/li>\n<li><strong>VW<\/strong>: Manuelle Steuerung von 5 bis 100 W<\/li>\n<li><strong>Eco<\/strong>: zur Maximierung der Autonomie<\/li>\n<li><strong>Boosting<\/strong>: f\u00fcr einen kr\u00e4ftigeren Zug<\/li>\n<li><strong>Memory<\/strong>: speichert bis zu 5 benutzerdefinierte Dampfprofile<\/li>\n<li><strong>TCR<\/strong>: f\u00fcr eine genaue Temperaturkontrolle je nach verwendetem Draht (Ni, Ti, SS)<\/li>\n<\/ul>\n<p>&nbsp;<\/p>\n<p><a href=\"https:\/\/chezsmoke.ch\/wp-content\/uploads\/2024\/08\/chipset-solo-3-300x160.webp\"><img loading=\"lazy\" decoding=\"async\" class=\"alignnone size-medium wp-image-418170\" src=\"https:\/\/chezsmoke.ch\/wp-content\/uploads\/2024\/08\/chipset-solo-3-300x160.webp\" alt=\"\" width=\"300\" height=\"160\" srcset=\"https:\/\/chezsmoke.ch\/wp-content\/uploads\/2024\/08\/chipset-solo-3-300x160.webp 300w, https:\/\/chezsmoke.ch\/wp-content\/uploads\/2024\/08\/chipset-solo-3-60x32.webp 60w, https:\/\/chezsmoke.ch\/wp-content\/uploads\/2024\/08\/chipset-solo-3-600x320.webp 600w, https:\/\/chezsmoke.ch\/wp-content\/uploads\/2024\/08\/chipset-solo-3-150x80.webp 150w, https:\/\/chezsmoke.ch\/wp-content\/uploads\/2024\/08\/chipset-solo-3-96x51.webp 96w, https:\/\/chezsmoke.ch\/wp-content\/uploads\/2024\/08\/chipset-solo-3-42x22.webp 42w, https:\/\/chezsmoke.ch\/wp-content\/uploads\/2024\/08\/chipset-solo-3.webp 750w\" sizes=\"auto, (max-width: 300px) 100vw, 300px\" \/><\/a><\/p>\n<p><strong>\ud83d\udd12 Ein High-Tech-Schloss&#8230; oder klassisch, Sie haben die Wahl<\/strong><\/p>\n<p>Eine der St\u00e4rken des Solo 3 ist sein <strong>Touch Lock<\/strong> System:<br \/>\nEr wird <strong>entsperrt, sobald Sie ihn in die Hand nehmen<\/strong>, und <strong>automatisch gesperrt<\/strong>, wenn Sie ihn ablegen. Reibungslos, praktisch, sicher.<br \/>\nAber wenn Sie eine klassischere Bedienung bevorzugen, k\u00f6nnen Sie auch <strong>Button Lock<\/strong> aktivieren oder die Sicherheitsfunktionen mit dem<strong>Unlock Mode<\/strong> deaktivieren. <\/p>\n<p>&nbsp;<\/p>\n<p><strong>\ud83d\udd0b Intelligente Autonomie und schnelles Aufladen<\/strong><\/p>\n<p>Die Box wird mit <strong>einem 18650-Akku<\/strong> betrieben (im Lieferumfang enthalten), der leicht austauschbar ist, um die Sitzungen stressfrei zu gestalten. Eine <strong>Schnellladung \u00fcber USB-C (5V\/2A)<\/strong> ist vorgesehen, aber um die Lebensdauer der Akkus zu verl\u00e4ngern, wird ein <strong>externes Ladeger\u00e4t<\/strong> empfohlen. <\/p>\n<p>&nbsp;<\/p>\n<p><strong>\ud83d\udd27 Eine vielseitige Box f\u00fcr alle Arten des Dampfens<\/strong><\/p>\n<p>Dank des <strong>510er Anschlusses<\/strong> und der <strong>23 mm Platte<\/strong> ist der Solo 3 mit den meisten Clearomizern kompatibel, egal ob Sie <strong>MTL<\/strong>, <strong>RDL<\/strong> oder <strong>DTL<\/strong> dampfen.<br \/>\nUnd wenn Sie eine schl\u00fcsselfertige Konfiguration w\u00fcnschen, finden Sie das <strong>Aegis Solo 3 + Itank T Kit<\/strong>.<\/p>\n<p>&nbsp;<\/p>\n<p><strong>\ud83d\udce6 Was Sie in der Box finden werden<\/strong><\/p>\n<ul>\n<li>1 Box Aegis Solo 3<\/li>\n<li>1 USB-C-Kabel<\/li>\n<li>1 Bedienungsanleitung<\/li>\n<\/ul>\n<p>&nbsp;<\/p>\n<p><strong>\u2705 Warum sollten Sie sich f\u00fcr die Aegis Solo 3 Box entscheiden?<\/strong><\/p>\n<ul>\n<li>\ud83d\udcaa Kompaktes Format, Leistung bis zu 100 W<\/li>\n<li>\ud83c\udf0a Extremer Widerstand: IP68<\/li>\n<li>\u2699\ufe0f 6 Dampfmodi f\u00fcr alle Profile<\/li>\n<li>\ud83d\udd10 Intelligente Verriegelung Touch Lock<\/li>\n<li>\u26a1 Schnelles Aufladen \u00fcber USB-C<\/li>\n<li>\ud83c\udfaf \u00dcbersichtliche, anpassbare und intuitive Schnittstelle<\/li>\n<\/ul>\n<p>&nbsp;<\/p>\n","protected":false},"excerpt":{"rendered":"<p>Eine wasserdichte Box, die sto\u00dffest und staubdicht ist!<\/p>\n","protected":false},"featured_media":324971,"comment_status":"closed","ping_status":"closed","template":"","meta":{"_acf_changed":false},"product_brand":[],"product_cat":[705,692],"product_tag":[],"class_list":{"0":"post-325039","1":"product","2":"type-product","3":"status-publish","4":"has-post-thumbnail","6":"product_cat-box-de","7":"product_cat-elektronische-zigaretten","8":"pa_couleur-black-de","9":"pa_couleur-dark-grey-de","10":"pa_couleur-golden-blue-de","11":"pa_couleur-grun","12":"pa_couleur-purple-de","13":"pa_couleur-rainbow-de","14":"pa_couleur-silver-de","15":"pa_couleur-titanium-grey-de","17":"first","18":"instock","19":"taxable","20":"shipping-taxable","21":"purchasable","22":"product-type-variable"},"bundled_by":[],"bundle_stock_status":"instock","bundle_stock_quantity":null,"bundle_virtual":false,"bundle_layout":"","bundle_add_to_cart_form_location":"","bundle_editable_in_cart":false,"bundle_sold_individually_context":"","bundle_item_grouping":"","bundle_min_size":"","bundle_max_size":"","bundle_price":[],"bundled_items":[],"bundle_sell_ids":[],"acf":[],"_links":{"self":[{"href":"https:\/\/chezsmoke.ch\/de\/wp-json\/wp\/v2\/product\/325039","targetHints":{"allow":["GET"]}}],"collection":[{"href":"https:\/\/chezsmoke.ch\/de\/wp-json\/wp\/v2\/product"}],"about":[{"href":"https:\/\/chezsmoke.ch\/de\/wp-json\/wp\/v2\/types\/product"}],"replies":[{"embeddable":true,"href":"https:\/\/chezsmoke.ch\/de\/wp-json\/wp\/v2\/comments?post=325039"}],"wp:featuredmedia":[{"embeddable":true,"href":"https:\/\/chezsmoke.ch\/de\/wp-json\/wp\/v2\/media\/324971"}],"wp:attachment":[{"href":"https:\/\/chezsmoke.ch\/de\/wp-json\/wp\/v2\/media?parent=325039"}],"wp:term":[{"taxonomy":"product_brand","embeddable":true,"href":"https:\/\/chezsmoke.ch\/de\/wp-json\/wp\/v2\/product_brand?post=325039"},{"taxonomy":"product_cat","embeddable":true,"href":"https:\/\/chezsmoke.ch\/de\/wp-json\/wp\/v2\/product_cat?post=325039"},{"taxonomy":"product_tag","embeddable":true,"href":"https:\/\/chezsmoke.ch\/de\/wp-json\/wp\/v2\/product_tag?post=325039"}],"curies":[{"name":"wp","href":"https:\/\/api.w.org\/{rel}","templated":true}]}}