{"id":336381,"date":"2024-09-18T14:49:28","date_gmt":"2024-09-18T12:49:28","guid":{"rendered":"https:\/\/chezsmoke.ch\/produit\/fighter-fuel-mawashi-70-ml\/"},"modified":"2026-02-11T18:45:02","modified_gmt":"2026-02-11T17:45:02","slug":"fighter-fuel-mawashi-70-ml","status":"publish","type":"product","link":"https:\/\/chezsmoke.ch\/de\/produit\/fighter-fuel-mawashi-70-ml\/","title":{"rendered":"Fighter Fuel Mawashi 50 ml"},"content":{"rendered":"<p><strong>Mawashi<\/strong> Liquid ist eine exquisite Mischung aus <strong>Drachenfrucht <\/strong>und <strong>Erdbeere<\/strong> mit einer <strong>frischen<\/strong> Note.<\/p>\n<p>Ideal f\u00fcr Liebhaber fruchtig-frischer Vapes.<\/p>\n<p>In einer <strong>70 ml<\/strong> Flasche finden Sie <strong>50 ml<\/strong> Fl\u00fcssigkeit mit verst\u00e4rkten Aromen. Diese Fl\u00fcssigkeit kann mit <a href=\"https:\/\/chezsmoke.ch\/product-category\/boosters-nicotine\/\">Nikotinboostern<\/a> erg\u00e4nzt werden, um die gew\u00fcnschte Dosis zu erhalten, oder mit einer <a href=\"https:\/\/chezsmoke.ch\/product-category\/bases\/\">neutralen, nikotinfreien Basis<\/a>. <strong>1 Booster f\u00fcr 3 mg\/ml und 2 Booster f\u00fcr 6 mg\/ml<\/strong> (f\u00fcr h\u00f6here Nikotindosierungen ist ein externer Beh\u00e4lter vorzusehen). <\/p>\n<p>40PG \/ 60VG<\/p>\n<p>&nbsp;<\/p>\n<p><a href=\"https:\/\/chezsmoke.ch\/wp-content\/uploads\/2024\/09\/Warning-Symbols.png\"><img loading=\"lazy\" decoding=\"async\" class=\"alignnone size-medium wp-image-336827\" src=\"https:\/\/chezsmoke.ch\/wp-content\/uploads\/2024\/09\/Avertissement-liquides-sans-nicotine.png\" alt=\"\" width=\"300\" height=\"222\"><\/a><\/p>\n","protected":false},"excerpt":{"rendered":"<p>Mawashi Liquid ist eine exquisite Mischung aus Drachenfrucht und Erdbeere mit einer frischen Note. Ideal f\u00fcr Liebhaber fruchtig-frischer Vapes. In<\/p>\n","protected":false},"featured_media":467528,"comment_status":"closed","ping_status":"closed","template":"","meta":{"_acf_changed":false},"product_brand":[],"product_cat":[681,683,699,1276],"product_tag":[],"class_list":{"0":"post-336381","1":"product","2":"type-product","3":"status-publish","4":"has-post-thumbnail","6":"product_cat-e-liquids-de","7":"product_cat-fruchtig","8":"product_cat-fruchtig-frisch","9":"product_cat-shortfill-0-8-mg-nikotin","11":"first","12":"instock","13":"taxable","14":"shipping-taxable","15":"purchasable","16":"product-type-simple"},"bundled_by":[],"bundle_stock_status":"instock","bundle_stock_quantity":12,"bundle_virtual":false,"bundle_layout":"","bundle_add_to_cart_form_location":"","bundle_editable_in_cart":false,"bundle_sold_individually_context":"","bundle_item_grouping":"","bundle_min_size":"","bundle_max_size":"","bundle_price":[],"bundled_items":[],"bundle_sell_ids":[],"acf":[],"_links":{"self":[{"href":"https:\/\/chezsmoke.ch\/de\/wp-json\/wp\/v2\/product\/336381","targetHints":{"allow":["GET"]}}],"collection":[{"href":"https:\/\/chezsmoke.ch\/de\/wp-json\/wp\/v2\/product"}],"about":[{"href":"https:\/\/chezsmoke.ch\/de\/wp-json\/wp\/v2\/types\/product"}],"replies":[{"embeddable":true,"href":"https:\/\/chezsmoke.ch\/de\/wp-json\/wp\/v2\/comments?post=336381"}],"wp:featuredmedia":[{"embeddable":true,"href":"https:\/\/chezsmoke.ch\/de\/wp-json\/wp\/v2\/media\/467528"}],"wp:attachment":[{"href":"https:\/\/chezsmoke.ch\/de\/wp-json\/wp\/v2\/media?parent=336381"}],"wp:term":[{"taxonomy":"product_brand","embeddable":true,"href":"https:\/\/chezsmoke.ch\/de\/wp-json\/wp\/v2\/product_brand?post=336381"},{"taxonomy":"product_cat","embeddable":true,"href":"https:\/\/chezsmoke.ch\/de\/wp-json\/wp\/v2\/product_cat?post=336381"},{"taxonomy":"product_tag","embeddable":true,"href":"https:\/\/chezsmoke.ch\/de\/wp-json\/wp\/v2\/product_tag?post=336381"}],"curies":[{"name":"wp","href":"https:\/\/api.w.org\/{rel}","templated":true}]}}