{"id":336459,"date":"2024-09-17T15:38:16","date_gmt":"2024-09-17T13:38:16","guid":{"rendered":"https:\/\/chezsmoke.ch\/produit\/iceberg-zitronen-orange\/"},"modified":"2025-12-12T14:17:37","modified_gmt":"2025-12-12T13:17:37","slug":"eisberg-zitrone-orange-2","status":"publish","type":"product","link":"https:\/\/chezsmoke.ch\/de\/produit\/eisberg-zitrone-orange-2\/","title":{"rendered":"Iceberg Zitrone Orange 10ml"},"content":{"rendered":"<p>die <strong>Frische<\/strong>, die S\u00e4ure und die leichte S\u00fc\u00dfe von <strong>Zitronen<\/strong> und<strong>Orangen<\/strong>.<\/p>\n<p>&nbsp;<\/p>\n<p><a href=\"https:\/\/chezsmoke.ch\/wp-content\/uploads\/2024\/09\/Warning-Symbols.png\"><img loading=\"lazy\" decoding=\"async\" class=\"alignnone size-medium wp-image-336827\" src=\"https:\/\/chezsmoke.ch\/wp-content\/uploads\/2024\/09\/Avertissement-liquides-nicotines.png\" alt=\"\" width=\"300\" height=\"222\"><\/a><\/p>\n<p>&nbsp;<\/p>\n","protected":false},"excerpt":{"rendered":"<p>die Frische, die S\u00e4ure und die leichte S\u00fc\u00dfe von Zitronen undOrangen. &nbsp; &nbsp;<\/p>\n","protected":false},"featured_media":332356,"comment_status":"closed","ping_status":"closed","template":"","meta":{"_acf_changed":false},"product_brand":[],"product_cat":[1264],"product_tag":[],"class_list":{"0":"post-336459","1":"product","2":"type-product","3":"status-publish","4":"has-post-thumbnail","6":"product_cat-10ml-9-20-mg-nikotin","7":"pa_nicotine-10-mg-ml-nikotinsalz","8":"pa_nicotine-20-mg-ml-nikotinsalz","10":"first","11":"instock","12":"taxable","13":"shipping-taxable","14":"purchasable","15":"product-type-variable"},"bundled_by":[],"bundle_stock_status":"instock","bundle_stock_quantity":0,"bundle_virtual":false,"bundle_layout":"","bundle_add_to_cart_form_location":"","bundle_editable_in_cart":false,"bundle_sold_individually_context":"","bundle_item_grouping":"","bundle_min_size":"","bundle_max_size":"","bundle_price":[],"bundled_items":[],"bundle_sell_ids":[],"acf":[],"_links":{"self":[{"href":"https:\/\/chezsmoke.ch\/de\/wp-json\/wp\/v2\/product\/336459","targetHints":{"allow":["GET"]}}],"collection":[{"href":"https:\/\/chezsmoke.ch\/de\/wp-json\/wp\/v2\/product"}],"about":[{"href":"https:\/\/chezsmoke.ch\/de\/wp-json\/wp\/v2\/types\/product"}],"replies":[{"embeddable":true,"href":"https:\/\/chezsmoke.ch\/de\/wp-json\/wp\/v2\/comments?post=336459"}],"wp:featuredmedia":[{"embeddable":true,"href":"https:\/\/chezsmoke.ch\/de\/wp-json\/wp\/v2\/media\/332356"}],"wp:attachment":[{"href":"https:\/\/chezsmoke.ch\/de\/wp-json\/wp\/v2\/media?parent=336459"}],"wp:term":[{"taxonomy":"product_brand","embeddable":true,"href":"https:\/\/chezsmoke.ch\/de\/wp-json\/wp\/v2\/product_brand?post=336459"},{"taxonomy":"product_cat","embeddable":true,"href":"https:\/\/chezsmoke.ch\/de\/wp-json\/wp\/v2\/product_cat?post=336459"},{"taxonomy":"product_tag","embeddable":true,"href":"https:\/\/chezsmoke.ch\/de\/wp-json\/wp\/v2\/product_tag?post=336459"}],"curies":[{"name":"wp","href":"https:\/\/api.w.org\/{rel}","templated":true}]}}