{"id":356792,"date":"2024-11-21T14:36:50","date_gmt":"2024-11-21T13:36:50","guid":{"rendered":"https:\/\/chezsmoke.ch\/produit\/high-pics-labs-kaffi-120ml\/"},"modified":"2026-02-19T15:04:52","modified_gmt":"2026-02-19T14:04:52","slug":"high-pics-labs-kaffi-120ml","status":"publish","type":"product","link":"https:\/\/chezsmoke.ch\/de\/produit\/high-pics-labs-kaffi-120ml\/","title":{"rendered":"High Pics Labs &#8211; Kaffi 120ml"},"content":{"rendered":"<p>Entdecken Sie die Eleganz der Schweizer Aromen mit der Tabac-Reihe von <strong>High Pics Labs<\/strong>. Diese Liquids wurden mit Pr\u00e4zision und Leidenschaft entwickelt und fangen die Authentizit\u00e4t und den Reichtum der besten Tabaksorten ein. <\/p>\n<p><strong> Kaffi<\/strong> ist eine perfekte Mischung aus den tiefen Aromen von <strong>Kaffee<\/strong> und dem Reichtum eines feinen <strong>Tabaks<\/strong>. Seine intensiven und leicht ger\u00f6steten Noten schaffen eine geschmackvolle Harmonie, ideal f\u00fcr Liebhaber von kr\u00e4ftigen und authentischen Empfindungen. <\/p>\n<p>&nbsp;<\/p>\n<p>In einem <strong>120 ml<\/strong> Flakon finden Sie <strong>30 ml<\/strong> konzentrierte Aromen. F\u00fcgen Sie <a href=\"https:\/\/chezsmoke.ch\/product-category\/boosters-nicotine\/\">Nikotinbooster<\/a> hinzu, um die gew\u00fcnschte Dosis zu erhalten und dann mit <a href=\"https:\/\/chezsmoke.ch\/product-category\/bases\/\">neutraler Basis ohne Nikotin<\/a> (nur f\u00fcr Werte unter 15 mg\/ml). Zum Beispiel: <strong>2 Booster f\u00fcr 3 mg\/ml<\/strong> und dann 70 ml neutrale Basis, <strong>9 Booster f\u00fcr 15mg\/ml<\/strong>, ohne neutrale Basis usw.).  <\/p>\n<p>&nbsp;<\/p>\n<p><strong><em>Nur mit Base und\/oder Booster zu vaporisieren, nicht pur konsumieren!<\/em><\/strong><\/p>\n<p><strong><em>Sofort verzehrbar, aber f\u00fcr einen optimalen Geschmack wird eine Reifezeit von 1 Woche empfohlen.<\/em><\/strong><\/p>\n<p>&nbsp;<\/p>\n<p><a href=\"https:\/\/chezsmoke.ch\/wp-content\/uploads\/2024\/09\/Warning-Symbols.png\"><img loading=\"lazy\" decoding=\"async\" class=\"alignnone size-medium wp-image-336827\" src=\"https:\/\/chezsmoke.ch\/wp-content\/uploads\/2024\/09\/Avertissement-liquides-sans-nicotine.png\" alt=\"\" width=\"300\" height=\"222\"><\/a><\/p>\n","protected":false},"excerpt":{"rendered":"<p>Entdecken Sie die Eleganz der Schweizer Aromen mit der Tabac-Reihe von High Pics Labs. Diese Liquids wurden mit Pr\u00e4zision und<\/p>\n","protected":false},"featured_media":469940,"comment_status":"closed","ping_status":"closed","template":"","meta":{"_acf_changed":false},"product_brand":[],"product_cat":[681,1272,1275,1282],"product_tag":[],"class_list":{"0":"post-356792","1":"product","2":"type-product","3":"status-publish","4":"has-post-thumbnail","6":"product_cat-e-liquids-de","7":"product_cat-longfill-0-16-mg-nikotin","8":"product_cat-tabak","9":"product_cat-tabak-de","11":"first","12":"instock","13":"taxable","14":"shipping-taxable","15":"purchasable","16":"product-type-simple"},"bundled_by":[],"bundle_stock_status":"instock","bundle_stock_quantity":73,"bundle_virtual":false,"bundle_layout":"","bundle_add_to_cart_form_location":"","bundle_editable_in_cart":false,"bundle_sold_individually_context":"","bundle_item_grouping":"","bundle_min_size":"","bundle_max_size":"","bundle_price":[],"bundled_items":[],"bundle_sell_ids":[],"acf":[],"_links":{"self":[{"href":"https:\/\/chezsmoke.ch\/de\/wp-json\/wp\/v2\/product\/356792","targetHints":{"allow":["GET"]}}],"collection":[{"href":"https:\/\/chezsmoke.ch\/de\/wp-json\/wp\/v2\/product"}],"about":[{"href":"https:\/\/chezsmoke.ch\/de\/wp-json\/wp\/v2\/types\/product"}],"replies":[{"embeddable":true,"href":"https:\/\/chezsmoke.ch\/de\/wp-json\/wp\/v2\/comments?post=356792"}],"wp:featuredmedia":[{"embeddable":true,"href":"https:\/\/chezsmoke.ch\/de\/wp-json\/wp\/v2\/media\/469940"}],"wp:attachment":[{"href":"https:\/\/chezsmoke.ch\/de\/wp-json\/wp\/v2\/media?parent=356792"}],"wp:term":[{"taxonomy":"product_brand","embeddable":true,"href":"https:\/\/chezsmoke.ch\/de\/wp-json\/wp\/v2\/product_brand?post=356792"},{"taxonomy":"product_cat","embeddable":true,"href":"https:\/\/chezsmoke.ch\/de\/wp-json\/wp\/v2\/product_cat?post=356792"},{"taxonomy":"product_tag","embeddable":true,"href":"https:\/\/chezsmoke.ch\/de\/wp-json\/wp\/v2\/product_tag?post=356792"}],"curies":[{"name":"wp","href":"https:\/\/api.w.org\/{rel}","templated":true}]}}