{"id":365432,"date":"2024-12-31T11:45:57","date_gmt":"2024-12-31T10:45:57","guid":{"rendered":"https:\/\/chezsmoke.ch\/produit\/dotmod-dotpod-max-tank\/"},"modified":"2025-12-18T15:55:38","modified_gmt":"2025-12-18T14:55:38","slug":"dotmod-dotpod-max-tank","status":"publish","type":"product","link":"https:\/\/chezsmoke.ch\/de\/produit\/dotmod-dotpod-max-tank\/","title":{"rendered":"Dotmod DotPod Max Tank"},"content":{"rendered":"<p data-start=\"97\" data-end=\"225\">Schenken Sie Ihrem DotPod Max ein neues Leben mit dieser speziell entwickelten Patrone, die Praktikabilit\u00e4t und Leistung vereint! \ud83d\udca8<\/p>\n<p data-start=\"227\" data-end=\"579\"><strong data-start=\"227\" data-end=\"271\">Gro\u00dfz\u00fcgige Kapazit\u00e4t und einfache Bef\u00fcllung<\/strong><br data-start=\"271\" data-end=\"274\">Mit seinen 5 ml erm\u00f6glicht Ihnen dieser Cartridge l\u00e4nger zu dampfen, ohne st\u00e4ndig nachf\u00fcllen zu m\u00fcssen. Das geniale F\u00fcllsystem mit einer Schublade an der Oberseite macht den Vorgang schnell und einfach. Die Airflow-Einstellung an der Unterseite der Kartusche garantiert Ihnen ein Erlebnis, das Ihren W\u00fcnschen entspricht. \ud83c\udf2c\ufe0f   <\/p>\n<p data-start=\"581\" data-end=\"834\"><strong data-start=\"581\" data-end=\"633\">Auswechselbare Widerst\u00e4nde f\u00fcr eine l\u00e4ngere Lebensdauer<\/strong><br data-start=\"633\" data-end=\"636\">Keine Verschwendung mehr! Diese Patrone verwendet austauschbare DotCoil-Widerst\u00e4nde, eine wirtschaftliche und umweltfreundliche Wahl, die es Ihnen erm\u00f6glicht, nur den Widerstand und nicht die ganze Patrone auszutauschen. <\/p>\n<p data-start=\"836\" data-end=\"991\"><strong data-start=\"836\" data-end=\"884\">Widerst\u00e4nde f\u00fcr alle Arten des Dampfens<\/strong><br data-start=\"884\" data-end=\"887\">Die separat erh\u00e4ltlichen DotCoil-Widerst\u00e4nde erm\u00f6glichen ein individuelles Dampfen mit verschiedenen Optionen:<\/p>\n<ul data-start=\"992\" data-end=\"1251\">\n<li data-start=\"992\" data-end=\"1081\">\n<p data-start=\"994\" data-end=\"1081\">0,3 Ohm f\u00fcr einen starken RDL-Zug (25-40W), perfekt f\u00fcr Wolkenliebhaber \ud83c\udf25\ufe0f<\/p>\n<\/li>\n<li data-start=\"1082\" data-end=\"1170\">\n<p data-start=\"1084\" data-end=\"1170\">0,7 Ohm f\u00fcr einen komfortablen MTL-Zug (14-20W), ideal f\u00fcr einen dezenteren Dampf.<\/p>\n<\/li>\n<\/ul>\n<p data-start=\"1253\" data-end=\"1406\"><strong data-start=\"1253\" data-end=\"1264\">Hinweis<\/strong><br data-start=\"1264\" data-end=\"1267\">Diese Patrone wird ohne Drip Tip verkauft. Denken Sie also daran, das Drip Tip aus Ihrem DotPod Max Kit zu verwenden oder ein kompatibles 510 Drip Tip zu benutzen.<\/p>\n<hr data-start=\"1408\" data-end=\"1411\">\n<p data-start=\"1413\" data-end=\"1542\" data-is-last-node=\"\" data-is-only-node=\"\">Sind Sie bereit, Ihre DotPod Max Erfahrung zu steigern? Diese Kartusche vereint Zweckm\u00e4\u00dfigkeit, Sparsamkeit und Leistung f\u00fcr ein Top-Dampfen! \ud83d\udd25<\/p>\n","protected":false},"excerpt":{"rendered":"<p>Schenken Sie Ihrem DotPod Max ein neues Leben mit dieser speziell entwickelten Patrone, die Praktikabilit\u00e4t und Leistung vereint! \ud83d\udca8 Gro\u00dfz\u00fcgige<\/p>\n","protected":false},"featured_media":365423,"comment_status":"closed","ping_status":"closed","template":"","meta":{"_acf_changed":false},"product_brand":[],"product_cat":[688,687,695],"product_tag":[],"class_list":{"0":"post-365432","1":"product","2":"type-product","3":"status-publish","4":"has-post-thumbnail","6":"product_cat-reservoirs-pods","7":"product_cat-tanks-de","8":"product_cat-zubehor","9":"pa_type-de-verre-kunststofftank","11":"first","12":"instock","13":"taxable","14":"shipping-taxable","15":"purchasable","16":"product-type-simple"},"bundled_by":[],"bundle_stock_status":"instock","bundle_stock_quantity":6,"bundle_virtual":false,"bundle_layout":"","bundle_add_to_cart_form_location":"","bundle_editable_in_cart":false,"bundle_sold_individually_context":"","bundle_item_grouping":"","bundle_min_size":"","bundle_max_size":"","bundle_price":[],"bundled_items":[],"bundle_sell_ids":[],"acf":[],"_links":{"self":[{"href":"https:\/\/chezsmoke.ch\/de\/wp-json\/wp\/v2\/product\/365432","targetHints":{"allow":["GET"]}}],"collection":[{"href":"https:\/\/chezsmoke.ch\/de\/wp-json\/wp\/v2\/product"}],"about":[{"href":"https:\/\/chezsmoke.ch\/de\/wp-json\/wp\/v2\/types\/product"}],"replies":[{"embeddable":true,"href":"https:\/\/chezsmoke.ch\/de\/wp-json\/wp\/v2\/comments?post=365432"}],"wp:featuredmedia":[{"embeddable":true,"href":"https:\/\/chezsmoke.ch\/de\/wp-json\/wp\/v2\/media\/365423"}],"wp:attachment":[{"href":"https:\/\/chezsmoke.ch\/de\/wp-json\/wp\/v2\/media?parent=365432"}],"wp:term":[{"taxonomy":"product_brand","embeddable":true,"href":"https:\/\/chezsmoke.ch\/de\/wp-json\/wp\/v2\/product_brand?post=365432"},{"taxonomy":"product_cat","embeddable":true,"href":"https:\/\/chezsmoke.ch\/de\/wp-json\/wp\/v2\/product_cat?post=365432"},{"taxonomy":"product_tag","embeddable":true,"href":"https:\/\/chezsmoke.ch\/de\/wp-json\/wp\/v2\/product_tag?post=365432"}],"curies":[{"name":"wp","href":"https:\/\/api.w.org\/{rel}","templated":true}]}}