{"id":365855,"date":"2024-12-31T17:01:07","date_gmt":"2024-12-31T16:01:07","guid":{"rendered":"https:\/\/chezsmoke.ch\/produit\/503-apaloosa\/"},"modified":"2026-01-21T18:57:26","modified_gmt":"2026-01-21T17:57:26","slug":"503-apaloosa","status":"publish","type":"product","link":"https:\/\/chezsmoke.ch\/de\/produit\/503-apaloosa\/","title":{"rendered":"Apaloosa 503"},"content":{"rendered":"<p>Entdecken Sie die Apaloosa e-Liquids von 503, eine perfekte Fusion aus Tabak, Karamell und Vanille, die Ihren Gaumen verw\u00f6hnen wird. Dieses Liquid wird in einer 50 ml Flasche mit einem Verh\u00e4ltnis von 65PG\/35VG angeboten und bietet ein ausgewogenes Dampferlebnis, das reiche Aromen mit einer moderaten Dampfproduktion verbindet. Apaloosa ist ideal f\u00fcr Liebhaber des traditionellen Dampfen mit Gaumenfreuden und verspricht ein k\u00f6stliches und beruhigendes Dampferlebnis bei jeder Inhalation. <\/p>\n<p>&nbsp;<\/p>\n<p>In einer <strong>80 ml<\/strong> Flasche finden Sie <strong>50 ml<\/strong> Fl\u00fcssigkeit mit verst\u00e4rkten Aromen. Diese Fl\u00fcssigkeit kann mit <a href=\"https:\/\/chezsmoke.ch\/product-category\/boosters-nicotine\/\">Nikotinboostern<\/a> erg\u00e4nzt werden, um die gew\u00fcnschte Dosis zu erhalten, oder mit einer <a href=\"https:\/\/chezsmoke.ch\/product-category\/bases\/\">neutralen, nikotinfreien Basis<\/a>. <strong>1 Booster f\u00fcr 3,3 mg\/ml, 2 Booster f\u00fcr 5,7 mg\/ml und 3 Booster f\u00fcr 7,5 mg\/ml <\/strong>(f\u00fcr h\u00f6here Nikotindosierungen ist ein externer Beh\u00e4lter vorzusehen). <\/p>\n<p><a href=\"https:\/\/chezsmoke.ch\/wp-content\/uploads\/2024\/09\/Avertissement-liquides-sans-nicotine-300x197.png\"><img loading=\"lazy\" decoding=\"async\" class=\"alignnone size-medium wp-image-337012\" src=\"https:\/\/chezsmoke.ch\/wp-content\/uploads\/2024\/09\/Avertissement-liquides-sans-nicotine-300x197.png\" alt=\"\" width=\"300\" height=\"197\" srcset=\"https:\/\/chezsmoke.ch\/wp-content\/uploads\/2024\/09\/Avertissement-liquides-sans-nicotine-300x197.png 300w, https:\/\/chezsmoke.ch\/wp-content\/uploads\/2024\/09\/Avertissement-liquides-sans-nicotine-96x63.png 96w, https:\/\/chezsmoke.ch\/wp-content\/uploads\/2024\/09\/Avertissement-liquides-sans-nicotine-42x28.png 42w, https:\/\/chezsmoke.ch\/wp-content\/uploads\/2024\/09\/Avertissement-liquides-sans-nicotine-60x39.png 60w, https:\/\/chezsmoke.ch\/wp-content\/uploads\/2024\/09\/Avertissement-liquides-sans-nicotine-600x394.png 600w, https:\/\/chezsmoke.ch\/wp-content\/uploads\/2024\/09\/Avertissement-liquides-sans-nicotine-150x99.png 150w, https:\/\/chezsmoke.ch\/wp-content\/uploads\/2024\/09\/Avertissement-liquides-sans-nicotine.png 755w\" sizes=\"auto, (max-width: 300px) 100vw, 300px\" \/><\/a><\/p>\n","protected":false},"excerpt":{"rendered":"<p>Entdecken Sie die Apaloosa e-Liquids von 503, eine perfekte Fusion aus Tabak, Karamell und Vanille, die Ihren Gaumen verw\u00f6hnen wird.<\/p>\n","protected":false},"featured_media":467002,"comment_status":"closed","ping_status":"closed","template":"","meta":{"_acf_changed":false},"product_brand":[],"product_cat":[716,681,698,1276,1282],"product_tag":[],"class_list":{"0":"post-365855","1":"product","2":"type-product","3":"status-publish","4":"has-post-thumbnail","6":"product_cat-tabakwaren","7":"product_cat-e-liquids-de","8":"product_cat-gute-angebote-eliquide","9":"product_cat-shortfill-0-8-mg-nikotin","10":"product_cat-tabak-de","12":"first","13":"instock","14":"taxable","15":"shipping-taxable","16":"purchasable","17":"product-type-simple"},"bundled_by":[],"bundle_stock_status":"instock","bundle_stock_quantity":21,"bundle_virtual":false,"bundle_layout":"","bundle_add_to_cart_form_location":"","bundle_editable_in_cart":false,"bundle_sold_individually_context":"","bundle_item_grouping":"","bundle_min_size":"","bundle_max_size":"","bundle_price":[],"bundled_items":[],"bundle_sell_ids":[],"acf":[],"_links":{"self":[{"href":"https:\/\/chezsmoke.ch\/de\/wp-json\/wp\/v2\/product\/365855","targetHints":{"allow":["GET"]}}],"collection":[{"href":"https:\/\/chezsmoke.ch\/de\/wp-json\/wp\/v2\/product"}],"about":[{"href":"https:\/\/chezsmoke.ch\/de\/wp-json\/wp\/v2\/types\/product"}],"replies":[{"embeddable":true,"href":"https:\/\/chezsmoke.ch\/de\/wp-json\/wp\/v2\/comments?post=365855"}],"wp:featuredmedia":[{"embeddable":true,"href":"https:\/\/chezsmoke.ch\/de\/wp-json\/wp\/v2\/media\/467002"}],"wp:attachment":[{"href":"https:\/\/chezsmoke.ch\/de\/wp-json\/wp\/v2\/media?parent=365855"}],"wp:term":[{"taxonomy":"product_brand","embeddable":true,"href":"https:\/\/chezsmoke.ch\/de\/wp-json\/wp\/v2\/product_brand?post=365855"},{"taxonomy":"product_cat","embeddable":true,"href":"https:\/\/chezsmoke.ch\/de\/wp-json\/wp\/v2\/product_cat?post=365855"},{"taxonomy":"product_tag","embeddable":true,"href":"https:\/\/chezsmoke.ch\/de\/wp-json\/wp\/v2\/product_tag?post=365855"}],"curies":[{"name":"wp","href":"https:\/\/api.w.org\/{rel}","templated":true}]}}