{"id":394561,"date":"2025-04-23T10:13:14","date_gmt":"2025-04-23T08:13:14","guid":{"rendered":"https:\/\/chezsmoke.ch\/produit\/e-tasty-la-cueillette-de-louise-rubin-damour\/"},"modified":"2025-07-29T14:30:00","modified_gmt":"2025-07-29T12:30:00","slug":"e-tasty-la-cueillette-de-louise-rubin-damour","status":"publish","type":"product","link":"https:\/\/chezsmoke.ch\/de\/produit\/e-tasty-la-cueillette-de-louise-rubin-damour\/","title":{"rendered":"E-Tasty La Cueillette de Louise Rubin d&#8217;Amour"},"content":{"rendered":"<p>Als Louise durch die duftenden Alleen ihres Gartens zur\u00fcckkehrt, entdeckt sie zwei leuchtend rote <strong>Erdbeeren<\/strong>, die unter einem Teppich aus zarten Bl\u00e4ttern verborgen sind. Sorgf\u00e4ltig gepfl\u00fcckt, werden sie zu einer hausgemachten <strong>Sommerkonfit\u00fcre<\/strong> verarbeitet, die s\u00fc\u00df und sonnig ist. <strong>Rubis d&#8217;Amour<\/strong> f\u00e4ngt diesen Moment zwischen einfachen Leckereien und Kindheitserinnerungen in einem zarten und gro\u00dfz\u00fcgigen Rezept ein. <\/p>\n<p>In einer<strong>70 ml<\/strong> Flasche finden Sie<strong>50 ml<\/strong> Fl\u00fcssigkeit mit verst\u00e4rkten Aromen. Diese Fl\u00fcssigkeit kann mit <a href=\"https:\/\/chezsmoke.ch\/product-category\/boosters-nicotine\/\">Nikotinboostern<\/a> erg\u00e4nzt werden, um die gew\u00fcnschte Dosis zu erhalten, oder mit einer <a href=\"https:\/\/chezsmoke.ch\/product-category\/bases\/\">neutralen, nikotinfreien Basis<\/a>. 1<strong> Booster f\u00fcr 3 mg\/ml,<\/strong> <strong>2 Booster f\u00fcr 6 mg\/ml<\/strong> (f\u00fcr h\u00f6here Nikotindosierungen ist ein externer Beh\u00e4lter vorzusehen).  <\/p>\n<p>50PG \/ 50VG<\/p>\n<p><a href=\"https:\/\/chezsmoke.ch\/wp-content\/uploads\/2024\/09\/Avertissement-liquides-sans-nicotine-300x197.png\"><img loading=\"lazy\" decoding=\"async\" class=\"alignnone size-medium wp-image-337012\" src=\"https:\/\/chezsmoke.ch\/wp-content\/uploads\/2024\/09\/Avertissement-liquides-sans-nicotine-300x197.png\" alt=\"\" width=\"300\" height=\"197\" srcset=\"https:\/\/chezsmoke.ch\/wp-content\/uploads\/2024\/09\/Avertissement-liquides-sans-nicotine-300x197.png 300w, https:\/\/chezsmoke.ch\/wp-content\/uploads\/2024\/09\/Avertissement-liquides-sans-nicotine-96x63.png 96w, https:\/\/chezsmoke.ch\/wp-content\/uploads\/2024\/09\/Avertissement-liquides-sans-nicotine-42x28.png 42w, https:\/\/chezsmoke.ch\/wp-content\/uploads\/2024\/09\/Avertissement-liquides-sans-nicotine-60x39.png 60w, https:\/\/chezsmoke.ch\/wp-content\/uploads\/2024\/09\/Avertissement-liquides-sans-nicotine-600x394.png 600w, https:\/\/chezsmoke.ch\/wp-content\/uploads\/2024\/09\/Avertissement-liquides-sans-nicotine-150x99.png 150w, https:\/\/chezsmoke.ch\/wp-content\/uploads\/2024\/09\/Avertissement-liquides-sans-nicotine.png 755w\" sizes=\"auto, (max-width: 300px) 100vw, 300px\" \/><\/a><\/p>\n","protected":false},"excerpt":{"rendered":"<p>Eine konzentrierte Natur, die wie ein gut geh\u00fctetes Geheimnis zu genie\u00dfen ist.<\/p>\n","protected":false},"featured_media":394462,"comment_status":"closed","ping_status":"closed","template":"","meta":{"_acf_changed":false},"product_brand":[],"product_cat":[681,683,685,1276],"product_tag":[],"class_list":{"0":"post-394561","1":"product","2":"type-product","3":"status-publish","4":"has-post-thumbnail","6":"product_cat-e-liquids-de","7":"product_cat-fruchtig","8":"product_cat-fruchtig-de","9":"product_cat-shortfill-0-8-mg-nikotin","11":"first","12":"instock","13":"taxable","14":"shipping-taxable","15":"purchasable","16":"product-type-simple"},"bundled_by":[],"bundle_stock_status":"instock","bundle_stock_quantity":6,"bundle_virtual":false,"bundle_layout":"","bundle_add_to_cart_form_location":"","bundle_editable_in_cart":false,"bundle_sold_individually_context":"","bundle_item_grouping":"","bundle_min_size":"","bundle_max_size":"","bundle_price":[],"bundled_items":[],"bundle_sell_ids":[],"acf":[],"_links":{"self":[{"href":"https:\/\/chezsmoke.ch\/de\/wp-json\/wp\/v2\/product\/394561","targetHints":{"allow":["GET"]}}],"collection":[{"href":"https:\/\/chezsmoke.ch\/de\/wp-json\/wp\/v2\/product"}],"about":[{"href":"https:\/\/chezsmoke.ch\/de\/wp-json\/wp\/v2\/types\/product"}],"replies":[{"embeddable":true,"href":"https:\/\/chezsmoke.ch\/de\/wp-json\/wp\/v2\/comments?post=394561"}],"wp:featuredmedia":[{"embeddable":true,"href":"https:\/\/chezsmoke.ch\/de\/wp-json\/wp\/v2\/media\/394462"}],"wp:attachment":[{"href":"https:\/\/chezsmoke.ch\/de\/wp-json\/wp\/v2\/media?parent=394561"}],"wp:term":[{"taxonomy":"product_brand","embeddable":true,"href":"https:\/\/chezsmoke.ch\/de\/wp-json\/wp\/v2\/product_brand?post=394561"},{"taxonomy":"product_cat","embeddable":true,"href":"https:\/\/chezsmoke.ch\/de\/wp-json\/wp\/v2\/product_cat?post=394561"},{"taxonomy":"product_tag","embeddable":true,"href":"https:\/\/chezsmoke.ch\/de\/wp-json\/wp\/v2\/product_tag?post=394561"}],"curies":[{"name":"wp","href":"https:\/\/api.w.org\/{rel}","templated":true}]}}