{"id":405820,"date":"2025-06-05T10:39:56","date_gmt":"2025-06-05T08:39:56","guid":{"rendered":"https:\/\/chezsmoke.ch\/produit\/sx-mini-mq-class\/"},"modified":"2025-12-18T15:33:49","modified_gmt":"2025-12-18T14:33:49","slug":"sx-mini-mq-class","status":"publish","type":"product","link":"https:\/\/chezsmoke.ch\/de\/produit\/sx-mini-mq-class\/","title":{"rendered":"SX Mini MQ Class"},"content":{"rendered":"<h2 data-start=\"229\" data-end=\"253\">MQ Class von SXmini<\/h2>\n<p data-start=\"254\" data-end=\"309\"><strong data-start=\"254\" data-end=\"309\">Die kompakte Eleganz. Kompromisslose Leistung. <\/strong><\/p>\n<p data-start=\"457\" data-end=\"717\"><a href=\"https:\/\/chezsmoke.ch\/wp-content\/uploads\/2025\/07\/box-mq-class-sxmini-1-300x300.webp\"><img loading=\"lazy\" decoding=\"async\" class=\"alignnone size-medium wp-image-417993\" src=\"https:\/\/chezsmoke.ch\/wp-content\/uploads\/2025\/07\/box-mq-class-sxmini-1-300x300.webp\" alt=\"\" width=\"300\" height=\"300\" srcset=\"https:\/\/chezsmoke.ch\/wp-content\/uploads\/2025\/07\/box-mq-class-sxmini-1-300x300.webp 300w, https:\/\/chezsmoke.ch\/wp-content\/uploads\/2025\/07\/box-mq-class-sxmini-1-150x150.webp 150w, https:\/\/chezsmoke.ch\/wp-content\/uploads\/2025\/07\/box-mq-class-sxmini-1-60x60.webp 60w, https:\/\/chezsmoke.ch\/wp-content\/uploads\/2025\/07\/box-mq-class-sxmini-1-96x96.webp 96w, https:\/\/chezsmoke.ch\/wp-content\/uploads\/2025\/07\/box-mq-class-sxmini-1-42x42.webp 42w, https:\/\/chezsmoke.ch\/wp-content\/uploads\/2025\/07\/box-mq-class-sxmini-1.webp 600w\" sizes=\"auto, (max-width: 300px) 100vw, 300px\" \/><\/a><\/p>\n<p data-start=\"457\" data-end=\"717\">Entdecken Sie den <strong data-start=\"470\" data-end=\"482\">MQ Class<\/strong> von <strong data-start=\"486\" data-end=\"496\">SXmini<\/strong>, einen Mod der neuen Generation, der alle Standards \u00fcbertrifft. Hinter seinen klaren Linien und seinem ultrakompakten Format verbirgt sich ein Konzentrat an Technologie, das entwickelt wurde, um ein kraftvolles, fl\u00fcssiges und perfekt kontrolliertes Dampfen zu erm\u00f6glichen. <\/p>\n<p data-start=\"719\" data-end=\"858\">Er wurde f\u00fcr anspruchsvolle Dampfer entworfen und kombiniert <strong data-start=\"766\" data-end=\"784\">modernes Design<\/strong>, einen <strong data-start=\"786\" data-end=\"813\">hochpr\u00e4zisen Chipsatz<\/strong> und <strong data-start=\"817\" data-end=\"857\">fortschrittliche Sicherheitsfunktionen<\/strong>.<\/p>\n<h3 data-start=\"860\" data-end=\"901\">Kompakt, aber \u00e4u\u00dferst effektiv<\/h3>\n<p data-start=\"903\" data-end=\"1165\">Lassen Sie sich nicht von seiner Gr\u00f6\u00dfe t\u00e4uschen. Mit einer <strong data-start=\"948\" data-end=\"968\">H\u00f6he von<\/strong> nur <strong data-start=\"948\" data-end=\"968\">76 mm<\/strong> passt der MQ Class in Ihre Handfl\u00e4che und liefert dennoch <strong data-start=\"1034\" data-end=\"1068\">eine einstellbare Leistung<\/strong> von bis zu <strong data-start=\"1034\" data-end=\"1068\">60 Watt<\/strong>. Sein klares und intuitives OLED-Display zeigt alle wichtigen Informationen auf einen Blick.  <\/p>\n<p data-start=\"1167\" data-end=\"1253\">Und dank des <strong data-start=\"1182\" data-end=\"1205\">YiHi SX416J Chipsatzes<\/strong> ist jeder Zug kontrolliert, stabil und pr\u00e4zise.<\/p>\n<h3 data-start=\"1255\" data-end=\"1292\">Schnelles Aufladen, zuverl\u00e4ssige Betriebsdauer<\/h3>\n<p data-start=\"1294\" data-end=\"1546\">Der MQ Class ist mit einem <strong data-start=\"1318\" data-end=\"1327\">18650-Akku<\/strong> kompatibel und kann schnell \u00fcber <strong data-start=\"1381\" data-end=\"1390\">USB-C<\/strong> (2A) aufgeladen werden. Das <strong data-start=\"1401\" data-end=\"1423\">Buck-Boost-System<\/strong> garantiert eine konstante Spannung, auch wenn der Akku schw\u00e4cher wird. Das Ergebnis ist ein gleichm\u00e4\u00dfiges Dampfen vom ersten bis zum letzten Zug.  <\/p>\n<h3 data-start=\"1548\" data-end=\"1569\">Keine Dry Hits mehr<\/h3>\n<p data-start=\"1571\" data-end=\"1816\">Die exklusive <strong data-start=\"1586\" data-end=\"1599\">PURE NENV-Technologie<\/strong> von SXmini erkennt, wenn keine Fl\u00fcssigkeit vorhanden ist und schaltet die Heizung automatisch aus. Sie brauchen nicht mehr zu raten: Wenn Ihre Baumwolle trocken ist, sch\u00fctzt Sie der Mod. Ein echtes Plus f\u00fcr die Erhaltung Ihres Widerstandes und Ihres Komforts.  <\/p>\n<h3 data-start=\"1818\" data-end=\"1855\">Ein Format, das f\u00fcr den Alltag gedacht ist<\/h3>\n<p data-start=\"2001\" data-end=\"2206\"><a href=\"https:\/\/chezsmoke.ch\/wp-content\/uploads\/2025\/07\/box-mq-class-sxmini-300x300.webp\"><img loading=\"lazy\" decoding=\"async\" class=\"alignnone size-medium wp-image-417997\" src=\"https:\/\/chezsmoke.ch\/wp-content\/uploads\/2025\/07\/box-mq-class-sxmini-300x300.webp\" alt=\"\" width=\"300\" height=\"300\" srcset=\"https:\/\/chezsmoke.ch\/wp-content\/uploads\/2025\/07\/box-mq-class-sxmini-300x300.webp 300w, https:\/\/chezsmoke.ch\/wp-content\/uploads\/2025\/07\/box-mq-class-sxmini-150x150.webp 150w, https:\/\/chezsmoke.ch\/wp-content\/uploads\/2025\/07\/box-mq-class-sxmini-60x60.webp 60w, https:\/\/chezsmoke.ch\/wp-content\/uploads\/2025\/07\/box-mq-class-sxmini-96x96.webp 96w, https:\/\/chezsmoke.ch\/wp-content\/uploads\/2025\/07\/box-mq-class-sxmini-42x42.webp 42w, https:\/\/chezsmoke.ch\/wp-content\/uploads\/2025\/07\/box-mq-class-sxmini.webp 600w\" sizes=\"auto, (max-width: 300px) 100vw, 300px\" \/><\/a><\/p>\n<p data-start=\"2001\" data-end=\"2206\">Der MQ Class ist minimalistisch und raffiniert und passt problemlos in eine Tasche, einen Beutel oder in die Hand. Er kann Zerst\u00e4uber mit einem Durchmesser von bis zu <strong data-start=\"2127\" data-end=\"2136\">24 mm<\/strong> ohne \u00dcberlauf aufnehmen und sorgt so f\u00fcr eine perfekte Flush-\u00c4sthetik. <\/p>\n<h3 data-start=\"2208\" data-end=\"2231\">Inhalt der Schachtel<\/h3>\n<ul data-start=\"2233\" data-end=\"2312\">\n<li data-start=\"2233\" data-end=\"2249\">\n<p data-start=\"2235\" data-end=\"2249\">Mod MQ Class<\/p>\n<\/li>\n<li data-start=\"2250\" data-end=\"2265\">\n<p data-start=\"2252\" data-end=\"2265\">USB-C-Kabel<\/p>\n<\/li>\n<li data-start=\"2266\" data-end=\"2290\">\n<p data-start=\"2268\" data-end=\"2290\">Benutzerhandbuch<\/p>\n<\/li>\n<li data-start=\"2291\" data-end=\"2312\">\n<p data-start=\"2293\" data-end=\"2312\">Garantiekarte<\/p>\n<\/li>\n<\/ul>\n<hr data-start=\"2314\" data-end=\"2317\">\n<h2 data-start=\"2319\" data-end=\"2373\">MQ Class. Der diskrete Mod, der nicht auff\u00e4llt. <\/h2>\n<p data-start=\"2375\" data-end=\"2579\">Der MQ Class ist mehr als nur ein Mod: Er ist ein Konzentrat an Innovation in einem Format, das Sie \u00fcberall hin begleitet.<\/p>\n<p data-start=\"2581\" data-end=\"2683\">Eine klare Wahl f\u00fcr diejenigen, die sich nicht zwischen <strong data-start=\"2638\" data-end=\"2648\">Design<\/strong>, <strong data-start=\"2650\" data-end=\"2665\">Leistung<\/strong> und <strong data-start=\"2669\" data-end=\"2682\">Zuverl\u00e4ssigkeit<\/strong> entscheiden wollen.<\/p>\n<p>&nbsp;<\/p>\n<h3 data-start=\"599\" data-end=\"651\">\u2699\ufe0f <strong data-start=\"606\" data-end=\"651\">Hochwertige technische Merkmale<\/strong><\/h3>\n<ul data-start=\"652\" data-end=\"1124\">\n<li data-start=\"652\" data-end=\"703\">\n<p data-start=\"654\" data-end=\"703\">\ud83d\udd0b F <strong data-start=\"657\" data-end=\"690\">unktioniert mit einem 18650-Akku<\/strong> (enthalten)<\/p>\n<\/li>\n<li data-start=\"704\" data-end=\"741\">\n<p data-start=\"706\" data-end=\"741\">\u26a1 S <strong data-start=\"708\" data-end=\"736\">chnelles Aufladen in USB-C<\/strong> (2A)<\/p>\n<\/li>\n<li data-start=\"742\" data-end=\"780\">\n<p data-start=\"744\" data-end=\"780\">\ud83d\udcc8 <strong data-start=\"747\" data-end=\"780\">Einstellbare Leistung von 1 bis 60W<\/strong><\/p>\n<\/li>\n<li data-start=\"781\" data-end=\"834\">\n<p data-start=\"783\" data-end=\"834\">\ud83e\udde0 <strong data-start=\"786\" data-end=\"820\">Wasserfester Chipsatz YiHi SX416J<\/strong>, ultra zuverl\u00e4ssig<\/p>\n<\/li>\n<li data-start=\"835\" data-end=\"926\">\n<p data-start=\"837\" data-end=\"926\">\ud83d\udd12 <strong data-start=\"840\" data-end=\"875\">Exklusive PURE NENV<\/strong> (No E-Liquid No Vape) <strong data-start=\"840\" data-end=\"875\">Technologie<\/strong> zur <strong data-start=\"903\" data-end=\"926\">Vermeidung von Dry Hits<\/strong><\/p>\n<\/li>\n<li data-start=\"927\" data-end=\"989\">\n<p data-start=\"929\" data-end=\"989\">\ud83d\udd04 <strong data-start=\"932\" data-end=\"954\">Buck-Boost-System<\/strong>: konstante Spannung, stabiler Dampf<\/p>\n<\/li>\n<li data-start=\"990\" data-end=\"1039\">\n<p data-start=\"992\" data-end=\"1039\">\ud83d\udcfa <strong data-start=\"995\" data-end=\"1018\">0.69&#8243; OLED-Bildschirm<\/strong>, klar und informativ<\/p>\n<\/li>\n<li data-start=\"1040\" data-end=\"1124\">\n<p data-start=\"1042\" data-end=\"1124\">\ud83d\udd04 <strong data-start=\"1045\" data-end=\"1093\">Kompatibel mit Zerst\u00e4ubern bis zu 24 mm<\/strong>, f\u00fcr eine perfekte &#8222;Flush&#8220;-Wiedergabe<\/p>\n<\/li>\n<\/ul>\n","protected":false},"excerpt":{"rendered":"<p>Kompakte Eleganz mit modernster Technologie.<\/p>\n","protected":false},"featured_media":405762,"comment_status":"closed","ping_status":"closed","template":"","meta":{"_acf_changed":false},"product_brand":[],"product_cat":[705,692],"product_tag":[],"class_list":{"0":"post-405820","1":"product","2":"type-product","3":"status-publish","4":"has-post-thumbnail","6":"product_cat-box-de","7":"product_cat-elektronische-zigaretten","9":"first","10":"instock","11":"taxable","12":"shipping-taxable","13":"purchasable","14":"product-type-variable"},"bundled_by":[],"bundle_stock_status":"instock","bundle_stock_quantity":null,"bundle_virtual":false,"bundle_layout":"","bundle_add_to_cart_form_location":"","bundle_editable_in_cart":false,"bundle_sold_individually_context":"","bundle_item_grouping":"","bundle_min_size":"","bundle_max_size":"","bundle_price":[],"bundled_items":[],"bundle_sell_ids":[],"acf":[],"_links":{"self":[{"href":"https:\/\/chezsmoke.ch\/de\/wp-json\/wp\/v2\/product\/405820","targetHints":{"allow":["GET"]}}],"collection":[{"href":"https:\/\/chezsmoke.ch\/de\/wp-json\/wp\/v2\/product"}],"about":[{"href":"https:\/\/chezsmoke.ch\/de\/wp-json\/wp\/v2\/types\/product"}],"replies":[{"embeddable":true,"href":"https:\/\/chezsmoke.ch\/de\/wp-json\/wp\/v2\/comments?post=405820"}],"wp:featuredmedia":[{"embeddable":true,"href":"https:\/\/chezsmoke.ch\/de\/wp-json\/wp\/v2\/media\/405762"}],"wp:attachment":[{"href":"https:\/\/chezsmoke.ch\/de\/wp-json\/wp\/v2\/media?parent=405820"}],"wp:term":[{"taxonomy":"product_brand","embeddable":true,"href":"https:\/\/chezsmoke.ch\/de\/wp-json\/wp\/v2\/product_brand?post=405820"},{"taxonomy":"product_cat","embeddable":true,"href":"https:\/\/chezsmoke.ch\/de\/wp-json\/wp\/v2\/product_cat?post=405820"},{"taxonomy":"product_tag","embeddable":true,"href":"https:\/\/chezsmoke.ch\/de\/wp-json\/wp\/v2\/product_tag?post=405820"}],"curies":[{"name":"wp","href":"https:\/\/api.w.org\/{rel}","templated":true}]}}