{"id":416665,"date":"2025-07-18T13:09:54","date_gmt":"2025-07-18T11:09:54","guid":{"rendered":"https:\/\/chezsmoke.ch\/produit\/aspire-nautilus-3sr\/"},"modified":"2025-10-21T17:31:39","modified_gmt":"2025-10-21T15:31:39","slug":"aspire-nautilus-3sr","status":"publish","type":"product","link":"https:\/\/chezsmoke.ch\/de\/produit\/aspire-nautilus-3sr\/","title":{"rendered":"Aspire Nautilus 3SR"},"content":{"rendered":"<h3 data-start=\"180\" data-end=\"237\">Clearomizer Nautilus 3SR: Die Legende neu interpretiert \ud83d\udd25.<\/h3>\n<p data-start=\"239\" data-end=\"557\">Aspire bringt die Uhr mit einer neuen Version eines Klassikers zur\u00fcck: dem <strong data-start=\"327\" data-end=\"343\">Nautilus 3SR<\/strong>. Er ist mehr als nur ein Clearomizer, er ist ein Konzentrat aus Eleganz, Robustheit und Leistung. Sowohl MTL- als auch RDL-Dampfer werden hier ihr Gl\u00fcck finden, in einem \u00fcberarbeiteten Design, das nicht unbemerkt bleibt. \u2728<\/p>\n<h3 data-start=\"559\" data-end=\"613\"><a href=\"https:\/\/chezsmoke.ch\/wp-content\/uploads\/2025\/07\/Aspire-Nautilus-3SR-All-300x300.jpg\"><img loading=\"lazy\" decoding=\"async\" class=\"alignnone size-medium wp-image-416646\" src=\"https:\/\/chezsmoke.ch\/wp-content\/uploads\/2025\/07\/Aspire-Nautilus-3SR-All-300x300.jpg\" alt=\"Aspire Nautilus 3SR\" width=\"300\" height=\"300\" srcset=\"https:\/\/chezsmoke.ch\/wp-content\/uploads\/2025\/07\/Aspire-Nautilus-3SR-All-300x300.jpg 300w, https:\/\/chezsmoke.ch\/wp-content\/uploads\/2025\/07\/Aspire-Nautilus-3SR-All-150x150.jpg 150w, https:\/\/chezsmoke.ch\/wp-content\/uploads\/2025\/07\/Aspire-Nautilus-3SR-All-60x60.jpg 60w, https:\/\/chezsmoke.ch\/wp-content\/uploads\/2025\/07\/Aspire-Nautilus-3SR-All-96x96.jpg 96w, https:\/\/chezsmoke.ch\/wp-content\/uploads\/2025\/07\/Aspire-Nautilus-3SR-All-42x42.jpg 42w, https:\/\/chezsmoke.ch\/wp-content\/uploads\/2025\/07\/Aspire-Nautilus-3SR-All.jpg 428w\" sizes=\"auto, (max-width: 300px) 100vw, 300px\" \/><\/a><\/h3>\n<h3 data-start=\"559\" data-end=\"613\">Raffiniertes Design zwischen Stil und Schutz \ud83d\udee1\ufe0f<\/h3>\n<p data-start=\"614\" data-end=\"1095\">Der Nautilus 3SR zeichnet sich durch seine <strong data-start=\"650\" data-end=\"683\">Edelstahlstruktur<\/strong> und den <strong data-start=\"690\" data-end=\"734\">elegant gearbeiteten Schutzk\u00e4fig<\/strong> aus, der in drei schlichten Farben mit einzigartigen Mustern erh\u00e4ltlich ist. Er ist kompakt und robust und passt perfekt in Boxen mit einer 24,5 mm breiten Platte, so dass eine nahtlose und sorgf\u00e4ltige Integration m\u00f6glich ist. Mit einer <strong data-start=\"921\" data-end=\"943\">H\u00f6he von 49,5 mm<\/strong> und <strong data-start=\"947\" data-end=\"970\">76 g auf der Waage<\/strong> ist er schlank und robust. Mit dem <strong data-start=\"1008\" data-end=\"1040\">austauschbaren Drip Tip 510<\/strong> k\u00f6nnen Sie sogar Ihre pers\u00f6nliche Note hinzuf\u00fcgen.   <\/p>\n<h3 data-start=\"1097\" data-end=\"1139\">Schnelles und problemloses F\u00fcllen \ud83d\ude80.<\/h3>\n<p data-start=\"1140\" data-end=\"1401\">Schluss mit der komplizierten Handhabung! Dank des <strong data-start=\"1195\" data-end=\"1211\">Push-to-Open-Systems<\/strong> l\u00e4sst sich der Nautilus 3SR im Handumdrehen von oben bef\u00fcllen. Der <strong data-start=\"1287\" data-end=\"1295\">4 ml<\/strong> Tank bietet eine lange Laufzeit, ideal f\u00fcr lange Dampfsessions ohne st\u00e4ndiges Nachf\u00fcllen.  <\/p>\n<h3 data-start=\"1403\" data-end=\"1445\"><a href=\"https:\/\/chezsmoke.ch\/wp-content\/uploads\/2025\/07\/remplissage-3RS-300x180.webp\"><img loading=\"lazy\" decoding=\"async\" class=\"alignnone wp-image-418544\" src=\"https:\/\/chezsmoke.ch\/wp-content\/uploads\/2025\/07\/remplissage-3RS-300x180.webp\" alt=\"\" width=\"443\" height=\"266\" srcset=\"https:\/\/chezsmoke.ch\/wp-content\/uploads\/2025\/07\/remplissage-3RS-300x180.webp 300w, https:\/\/chezsmoke.ch\/wp-content\/uploads\/2025\/07\/remplissage-3RS-60x36.webp 60w, https:\/\/chezsmoke.ch\/wp-content\/uploads\/2025\/07\/remplissage-3RS-600x360.webp 600w, https:\/\/chezsmoke.ch\/wp-content\/uploads\/2025\/07\/remplissage-3RS-150x90.webp 150w, https:\/\/chezsmoke.ch\/wp-content\/uploads\/2025\/07\/remplissage-3RS-96x58.webp 96w, https:\/\/chezsmoke.ch\/wp-content\/uploads\/2025\/07\/remplissage-3RS-42x25.webp 42w, https:\/\/chezsmoke.ch\/wp-content\/uploads\/2025\/07\/remplissage-3RS.webp 750w\" sizes=\"auto, (max-width: 443px) 100vw, 443px\" \/><\/a><\/h3>\n<h3 data-start=\"1403\" data-end=\"1445\">Eine ultrapr\u00e4zise einstellbare Airflow \ud83c\udf2c\ufe0f<\/h3>\n<p data-start=\"1446\" data-end=\"1717\">Ob Sie ein Liebhaber von <strong data-start=\"1472\" data-end=\"1492\">engen MTL-Z\u00fcgen<\/strong> oder <strong data-start=\"1499\" data-end=\"1525\">luftigeren RDL-Dampfen<\/strong> sind, der Nautilus 3SR passt sich dank seines <strong data-start=\"1582\" data-end=\"1611\">modulierbaren Airflow-Rings<\/strong> an Ihre Vorlieben an. Mit jeder Einstellung finden Sie leicht Ihre Komfortzone f\u00fcr ein perfekt kalibriertes Dampfen. <\/p>\n<h3 data-start=\"1719\" data-end=\"1775\"><a href=\"https:\/\/chezsmoke.ch\/wp-content\/uploads\/2025\/07\/3RS-Airflow-300x180.webp\"><img loading=\"lazy\" decoding=\"async\" class=\"alignnone wp-image-418538\" src=\"https:\/\/chezsmoke.ch\/wp-content\/uploads\/2025\/07\/3RS-Airflow-300x180.webp\" alt=\"\" width=\"365\" height=\"219\" srcset=\"https:\/\/chezsmoke.ch\/wp-content\/uploads\/2025\/07\/3RS-Airflow-300x180.webp 300w, https:\/\/chezsmoke.ch\/wp-content\/uploads\/2025\/07\/3RS-Airflow-60x36.webp 60w, https:\/\/chezsmoke.ch\/wp-content\/uploads\/2025\/07\/3RS-Airflow-600x360.webp 600w, https:\/\/chezsmoke.ch\/wp-content\/uploads\/2025\/07\/3RS-Airflow-150x90.webp 150w, https:\/\/chezsmoke.ch\/wp-content\/uploads\/2025\/07\/3RS-Airflow-96x58.webp 96w, https:\/\/chezsmoke.ch\/wp-content\/uploads\/2025\/07\/3RS-Airflow-42x25.webp 42w, https:\/\/chezsmoke.ch\/wp-content\/uploads\/2025\/07\/3RS-Airflow.webp 750w\" sizes=\"auto, (max-width: 365px) 100vw, 365px\" \/><\/a><\/h3>\n<h3 data-start=\"1719\" data-end=\"1775\">Kompatibilit\u00e4t mit Nautilus BVC-Widerst\u00e4nden \ud83e\udde9\ud83e\udde9.<\/h3>\n<p data-start=\"1776\" data-end=\"2011\">Der Nautilus 3SR gl\u00e4nzt auch durch seine <strong data-start=\"1812\" data-end=\"1876\">breite Kompatibilit\u00e4t mit allen Nautilus BVC Widerst\u00e4nden<\/strong>, die f\u00fcr ihre hervorragende Geschmackswiedergabe bekannt sind. So haben Sie eine gro\u00dfe Auswahl, um Ihr Geschmackserlebnis nach Ihren W\u00fcnschen zu gestalten. <\/p>\n<p data-start=\"2013\" data-end=\"2037\">In der Box enthalten :<\/p>\n<ul data-start=\"2038\" data-end=\"2309\">\n<li data-start=\"2038\" data-end=\"2174\">\n<p data-start=\"2040\" data-end=\"2174\"><strong data-start=\"2040\" data-end=\"2067\">Mesh-Widerstand 0,3 Ohm<\/strong>: f\u00fcr RDL (23W-28W)<\/p>\n<\/li>\n<li data-start=\"2038\" data-end=\"2174\">\n<p data-start=\"2040\" data-end=\"2174\"><strong data-start=\"2177\" data-end=\"2203\">BVC 1.8 Ohm Widerstand<\/strong>: f\u00fcr MTL (10W-14W) Zug<\/p>\n<\/li>\n<\/ul>\n<h3 data-start=\"2316\" data-end=\"2353\"><a href=\"https:\/\/chezsmoke.ch\/wp-content\/uploads\/2025\/07\/Nautilus-3SR-Coil-300x180.webp\"><img loading=\"lazy\" decoding=\"async\" class=\"alignnone wp-image-418541\" src=\"https:\/\/chezsmoke.ch\/wp-content\/uploads\/2025\/07\/Nautilus-3SR-Coil-300x180.webp\" alt=\"\" width=\"588\" height=\"353\" srcset=\"https:\/\/chezsmoke.ch\/wp-content\/uploads\/2025\/07\/Nautilus-3SR-Coil-300x180.webp 300w, https:\/\/chezsmoke.ch\/wp-content\/uploads\/2025\/07\/Nautilus-3SR-Coil-60x36.webp 60w, https:\/\/chezsmoke.ch\/wp-content\/uploads\/2025\/07\/Nautilus-3SR-Coil-600x360.webp 600w, https:\/\/chezsmoke.ch\/wp-content\/uploads\/2025\/07\/Nautilus-3SR-Coil-150x90.webp 150w, https:\/\/chezsmoke.ch\/wp-content\/uploads\/2025\/07\/Nautilus-3SR-Coil-96x58.webp 96w, https:\/\/chezsmoke.ch\/wp-content\/uploads\/2025\/07\/Nautilus-3SR-Coil-42x25.webp 42w, https:\/\/chezsmoke.ch\/wp-content\/uploads\/2025\/07\/Nautilus-3SR-Coil.webp 750w\" sizes=\"auto, (max-width: 588px) 100vw, 588px\" \/><\/a><\/h3>\n<h3 data-start=\"2316\" data-end=\"2353\">\u2705 Technische Daten :<\/h3>\n<ul data-start=\"2354\" data-end=\"2591\">\n<li data-start=\"2354\" data-end=\"2379\">\n<p data-start=\"2356\" data-end=\"2379\"><strong data-start=\"2356\" data-end=\"2370\">Inhalt<\/strong>: 4 ml<\/p>\n<\/li>\n<li data-start=\"2380\" data-end=\"2414\">\n<p data-start=\"2382\" data-end=\"2414\"><strong data-start=\"2382\" data-end=\"2397\">Format-Typ<\/strong>: Drip Tip 510<\/p>\n<\/li>\n<li data-start=\"2415\" data-end=\"2465\">\n<p data-start=\"2417\" data-end=\"2465\"><strong data-start=\"2417\" data-end=\"2438\">Art der Inhalation<\/strong>: Mehrzweck (MTL &amp; RDL)<\/p>\n<\/li>\n<li data-start=\"2466\" data-end=\"2492\">\n<p data-start=\"2468\" data-end=\"2492\"><strong data-start=\"2468\" data-end=\"2480\">Durchmesser<\/strong>: 24,5 mm<\/p>\n<\/li>\n<li data-start=\"2493\" data-end=\"2535\">\n<p data-start=\"2495\" data-end=\"2535\"><strong data-start=\"2495\" data-end=\"2506\">Airflow<\/strong>: Bottom Airflow, einstellbar<\/p>\n<\/li>\n<li data-start=\"2536\" data-end=\"2591\">\n<p data-start=\"2538\" data-end=\"2591\"><strong data-start=\"2538\" data-end=\"2561\">Art der Bef\u00fcllung<\/strong>: Von oben &#8211; Top Filling<\/p>\n<\/li>\n<\/ul>\n<p>&nbsp;<\/p>\n<p data-start=\"2598\" data-end=\"2796\" data-is-last-node=\"\" data-is-only-node=\"\">\ud83d\udc8e <strong data-start=\"2601\" data-end=\"2620\">Die Nautilus 3SR<\/strong> ist das Beste aus zwei Welten: ein Premium-Look und ein ma\u00dfgeschneiderter Dampf in der gro\u00dfen Tradition von Aspire. Lassen Sie sich von einer neuen, unumg\u00e4nglichen Referenz verf\u00fchren. <\/p>\n","protected":false},"excerpt":{"rendered":"<p data-start=\"180\" data-end=\"237\">\ud83d\udd25Clearomizer Nautilus 3SR: Die Legende neu interpretiert<\/p>\n","protected":false},"featured_media":416648,"comment_status":"closed","ping_status":"closed","template":"","meta":{"_acf_changed":false},"product_brand":[],"product_cat":[710,692,688,687],"product_tag":[],"class_list":{"0":"post-416665","1":"product","2":"type-product","3":"status-publish","4":"has-post-thumbnail","6":"product_cat-aspire-de","7":"product_cat-elektronische-zigaretten","8":"product_cat-reservoirs-pods","9":"product_cat-tanks-de","11":"first","12":"instock","13":"taxable","14":"shipping-taxable","15":"purchasable","16":"product-type-variable"},"bundled_by":[],"bundle_stock_status":"instock","bundle_stock_quantity":null,"bundle_virtual":false,"bundle_layout":"","bundle_add_to_cart_form_location":"","bundle_editable_in_cart":false,"bundle_sold_individually_context":"","bundle_item_grouping":"","bundle_min_size":"","bundle_max_size":"","bundle_price":[],"bundled_items":[],"bundle_sell_ids":[],"acf":[],"_links":{"self":[{"href":"https:\/\/chezsmoke.ch\/de\/wp-json\/wp\/v2\/product\/416665","targetHints":{"allow":["GET"]}}],"collection":[{"href":"https:\/\/chezsmoke.ch\/de\/wp-json\/wp\/v2\/product"}],"about":[{"href":"https:\/\/chezsmoke.ch\/de\/wp-json\/wp\/v2\/types\/product"}],"replies":[{"embeddable":true,"href":"https:\/\/chezsmoke.ch\/de\/wp-json\/wp\/v2\/comments?post=416665"}],"wp:featuredmedia":[{"embeddable":true,"href":"https:\/\/chezsmoke.ch\/de\/wp-json\/wp\/v2\/media\/416648"}],"wp:attachment":[{"href":"https:\/\/chezsmoke.ch\/de\/wp-json\/wp\/v2\/media?parent=416665"}],"wp:term":[{"taxonomy":"product_brand","embeddable":true,"href":"https:\/\/chezsmoke.ch\/de\/wp-json\/wp\/v2\/product_brand?post=416665"},{"taxonomy":"product_cat","embeddable":true,"href":"https:\/\/chezsmoke.ch\/de\/wp-json\/wp\/v2\/product_cat?post=416665"},{"taxonomy":"product_tag","embeddable":true,"href":"https:\/\/chezsmoke.ch\/de\/wp-json\/wp\/v2\/product_tag?post=416665"}],"curies":[{"name":"wp","href":"https:\/\/api.w.org\/{rel}","templated":true}]}}