{"id":419306,"date":"2025-07-29T11:02:11","date_gmt":"2025-07-29T09:02:11","guid":{"rendered":"https:\/\/chezsmoke.ch\/produit\/vaporesso-xtank-t\/"},"modified":"2025-08-14T14:14:46","modified_gmt":"2025-08-14T12:14:46","slug":"vaporesso-xtank-t","status":"publish","type":"product","link":"https:\/\/chezsmoke.ch\/de\/produit\/vaporesso-xtank-t\/","title":{"rendered":"Vaporesso XTank T"},"content":{"rendered":"<h3 data-start=\"189\" data-end=\"233\"><strong data-start=\"193\" data-end=\"233\">XTank T: Dampfen nach Ihrem Vorbild \ud83d\ude0d\ud83d\udca8.<\/strong><\/h3>\n<p data-start=\"235\" data-end=\"666\">M\u00f6chten Sie etwas Abwechslung, ohne Ihre Ausr\u00fcstung zu wechseln? Dann ist der <strong data-start=\"294\" data-end=\"305\">XTank T<\/strong> von <strong data-start=\"309\" data-end=\"322\">Vaporesso<\/strong> genau das Richtige f\u00fcr Sie! Dieses kleine Schmuckst\u00fcck mit seinem <strong data-start=\"358\" data-end=\"385\">schlichten und modernen Design<\/strong> bietet Ihnen einen ma\u00dfgeschneiderten Dampf, egal ob Sie ein Fan von engen <strong data-start=\"453\" data-end=\"460\">MTL-Z\u00fcgen<\/strong> sind oder einen luftigeren <strong data-start=\"499\" data-end=\"506\">RDL-Zug<\/strong> bevorzugen. Mit seinem <strong data-start=\"517\" data-end=\"541\">ultrapr\u00e4zisen Airflow<\/strong>, der <strong data-start=\"547\" data-end=\"569\">einfachen Bef\u00fcllung<\/strong> und der Kompatibilit\u00e4t mit <strong data-start=\"599\" data-end=\"636\">GTX-Widerst\u00e4nden (bis zu 0,4 Ohm)<\/strong> kann dieser Clearo alles \ud83d\udd25.   <\/p>\n<p data-start=\"668\" data-end=\"910\">Er ist kompakt aber stark und verf\u00fcgt \u00fcber einen <strong data-start=\"705\" data-end=\"726\">3 ml Tank<\/strong>, der durch die <strong data-start=\"755\" data-end=\"773\">auslaufsichere SSS-Technologie<\/strong> gesch\u00fctzt ist. Dank seines durchdachten Formats<strong data-start=\"806\" data-end=\"845\">(53,7 mm hoch \/ 22 mm Durchmesser<\/strong>) passt er in die meisten Boxen, ohne hervorzustechen oder aufzufallen \u2728. <\/p>\n<p data-start=\"912\" data-end=\"1285\">Und was ist mit der <strong data-start=\"931\" data-end=\"963\">von oben einstellbaren Airflow<\/strong>? \ud83c\udfaf Damit k\u00f6nnen Sie Ihren Luftstrom genau kontrollieren, f\u00fcr ein Dampfen, das perfekt auf Ihre momentanen W\u00fcnsche abgestimmt ist. M\u00f6chten Sie einen engen Zug? Entscheiden Sie sich f\u00fcr das mitgelieferte <strong data-start=\"1126\" data-end=\"1142\">d\u00fcnne Drip Tip<\/strong>. M\u00f6chten Sie eher einen offenen Zug? Das <strong data-start=\"1193\" data-end=\"1211\">gerade Drip Tip<\/strong> wartet auf Sie. Alles ist vorhanden, um Ihnen einen absoluten Dampfkomfort zu bieten \ud83d\udee0\ufe0f\ud83d\udca8.      <\/p>\n<p data-start=\"1287\" data-end=\"1522\"><a href=\"https:\/\/chezsmoke.ch\/wp-content\/uploads\/2025\/07\/Xtank-DripTip-300x160.jpg\"><img loading=\"lazy\" decoding=\"async\" class=\"alignnone size-medium wp-image-423517\" src=\"https:\/\/chezsmoke.ch\/wp-content\/uploads\/2025\/07\/Xtank-DripTip-300x160.jpg\" alt=\"\" width=\"300\" height=\"160\" srcset=\"https:\/\/chezsmoke.ch\/wp-content\/uploads\/2025\/07\/Xtank-DripTip-300x160.jpg 300w, https:\/\/chezsmoke.ch\/wp-content\/uploads\/2025\/07\/Xtank-DripTip-60x32.jpg 60w, https:\/\/chezsmoke.ch\/wp-content\/uploads\/2025\/07\/Xtank-DripTip-600x320.jpg 600w, https:\/\/chezsmoke.ch\/wp-content\/uploads\/2025\/07\/Xtank-DripTip-150x80.jpg 150w, https:\/\/chezsmoke.ch\/wp-content\/uploads\/2025\/07\/Xtank-DripTip-96x51.jpg 96w, https:\/\/chezsmoke.ch\/wp-content\/uploads\/2025\/07\/Xtank-DripTip-42x22.jpg 42w, https:\/\/chezsmoke.ch\/wp-content\/uploads\/2025\/07\/Xtank-DripTip.jpg 750w\" sizes=\"auto, (max-width: 300px) 100vw, 300px\" \/><\/a><\/p>\n<p data-start=\"1287\" data-end=\"1522\">In Bezug auf die Leistung setzt der XTank T auf Exzellenz mit der <strong data-start=\"1361\" data-end=\"1368\">GTX-Kompatibilit\u00e4t<\/strong> (bis zu 0,4 Ohm), die f\u00fcr ihre <strong data-start=\"1412\" data-end=\"1435\">intensive Geschmackswiedergabe<\/strong> und ihre <strong data-start=\"1444\" data-end=\"1457\">Langlebigkeit<\/strong> bekannt ist. Zwei <strong data-start=\"1476\" data-end=\"1506\">GTX-Widerst\u00e4nde mit Corex-Technologie<\/strong> werden mitgeliefert: <\/p>\n<ul data-start=\"1524\" data-end=\"1765\">\n<li data-start=\"1524\" data-end=\"1646\">\n<p data-start=\"1526\" data-end=\"1646\">\ud83c\udf00 <strong data-start=\"1529\" data-end=\"1550\">GTX 0.6 ohm Corex<\/strong>: f\u00fcr einen <strong data-start=\"1568\" data-end=\"1575\">RDL-Zug<\/strong> &#8211; 20 bis 26W &#8211; 50\/50 bis 40\/60 E-Fl\u00fcssigkeiten &#8211; bis zu 12 mg\/ml Nikotin<\/p>\n<\/li>\n<li data-start=\"1647\" data-end=\"1765\">\n<p data-start=\"1649\" data-end=\"1765\">\ud83d\udc8e <strong data-start=\"1652\" data-end=\"1673\">GTX 1.2 ohm Corex<\/strong>: f\u00fcr <strong data-start=\"1690\" data-end=\"1697\">MTL-Dampfen<\/strong> &#8211; 8 bis 12W &#8211; 70\/30 bis 50\/50 E-Fl\u00fcssigkeiten &#8211; bis zu 20 mg\/ml Nikotin<\/p>\n<\/li>\n<\/ul>\n<p data-start=\"1767\" data-end=\"1855\"><strong data-start=\"1823\" data-end=\"1852\">Sie<\/strong> m\u00fcssen nicht mehr das Material wechseln, um den Stil zu \u00e4ndern: <strong data-start=\"1823\" data-end=\"1852\">Sie fahren, er passt sich an<\/strong> \ud83e\udded.<\/p>\n<p data-start=\"1857\" data-end=\"2042\">Und was ist das Beste? Die <strong data-start=\"1873\" data-end=\"1913\">ultraeinfache Bef\u00fcllung von oben<\/strong> (Top Cap abschrauben und zack, ist es voll \ud83e\uddf4), und der schnelle und saubere <strong data-start=\"1967\" data-end=\"2006\">Wechsel des Widerstands von unten<\/strong>, ohne Verschrauben \ud83d\udee0\ufe0f. <\/p>\n<p data-start=\"2044\" data-end=\"2237\"><a href=\"https:\/\/chezsmoke.ch\/wp-content\/uploads\/2025\/07\/Xtank-Description-1-300x95.jpg\"><img loading=\"lazy\" decoding=\"async\" class=\"alignnone size-medium wp-image-423520\" src=\"https:\/\/chezsmoke.ch\/wp-content\/uploads\/2025\/07\/Xtank-Description-1-300x95.jpg\" alt=\"\" width=\"300\" height=\"95\" srcset=\"https:\/\/chezsmoke.ch\/wp-content\/uploads\/2025\/07\/Xtank-Description-1-300x95.jpg 300w, https:\/\/chezsmoke.ch\/wp-content\/uploads\/2025\/07\/Xtank-Description-1-60x19.jpg 60w, https:\/\/chezsmoke.ch\/wp-content\/uploads\/2025\/07\/Xtank-Description-1-600x191.jpg 600w, https:\/\/chezsmoke.ch\/wp-content\/uploads\/2025\/07\/Xtank-Description-1-150x48.jpg 150w, https:\/\/chezsmoke.ch\/wp-content\/uploads\/2025\/07\/Xtank-Description-1-96x30.jpg 96w, https:\/\/chezsmoke.ch\/wp-content\/uploads\/2025\/07\/Xtank-Description-1-42x13.jpg 42w, https:\/\/chezsmoke.ch\/wp-content\/uploads\/2025\/07\/Xtank-Description-1.jpg 702w\" sizes=\"auto, (max-width: 300px) 100vw, 300px\" \/><\/a><\/p>\n<p data-start=\"2044\" data-end=\"2237\">\ud83c\udfaf <strong data-start=\"2047\" data-end=\"2071\">XTank T by Vaporesso<\/strong>, das ist das Versprechen eines <strong data-start=\"2102\" data-end=\"2145\">intuitiven, sauberen und ultra-vielseitigen<\/strong> Dampfens. Ein Clearomizer f\u00fcr jeden Tag, f\u00fcr jeden Stil und vor allem&#8230; f\u00fcr Sie \ud83d\udc99. <\/p>\n","protected":false},"excerpt":{"rendered":"<p data-start=\"189\" data-end=\"233\"><strong data-start=\"193\" data-end=\"233\">XTank T: Dampfen nach Ihrem Vorbild \ud83d\ude0d\ud83d\udca8.<\/strong><\/p>\n","protected":false},"featured_media":419239,"comment_status":"closed","ping_status":"closed","template":"","meta":{"_acf_changed":false},"product_brand":[],"product_cat":[692,687],"product_tag":[],"class_list":{"0":"post-419306","1":"product","2":"type-product","3":"status-publish","4":"has-post-thumbnail","6":"product_cat-elektronische-zigaretten","7":"product_cat-tanks-de","9":"first","10":"instock","11":"taxable","12":"shipping-taxable","13":"purchasable","14":"product-type-variable"},"bundled_by":[],"bundle_stock_status":"instock","bundle_stock_quantity":0,"bundle_virtual":false,"bundle_layout":"","bundle_add_to_cart_form_location":"","bundle_editable_in_cart":false,"bundle_sold_individually_context":"","bundle_item_grouping":"","bundle_min_size":"","bundle_max_size":"","bundle_price":[],"bundled_items":[],"bundle_sell_ids":[],"acf":[],"_links":{"self":[{"href":"https:\/\/chezsmoke.ch\/de\/wp-json\/wp\/v2\/product\/419306","targetHints":{"allow":["GET"]}}],"collection":[{"href":"https:\/\/chezsmoke.ch\/de\/wp-json\/wp\/v2\/product"}],"about":[{"href":"https:\/\/chezsmoke.ch\/de\/wp-json\/wp\/v2\/types\/product"}],"replies":[{"embeddable":true,"href":"https:\/\/chezsmoke.ch\/de\/wp-json\/wp\/v2\/comments?post=419306"}],"wp:featuredmedia":[{"embeddable":true,"href":"https:\/\/chezsmoke.ch\/de\/wp-json\/wp\/v2\/media\/419239"}],"wp:attachment":[{"href":"https:\/\/chezsmoke.ch\/de\/wp-json\/wp\/v2\/media?parent=419306"}],"wp:term":[{"taxonomy":"product_brand","embeddable":true,"href":"https:\/\/chezsmoke.ch\/de\/wp-json\/wp\/v2\/product_brand?post=419306"},{"taxonomy":"product_cat","embeddable":true,"href":"https:\/\/chezsmoke.ch\/de\/wp-json\/wp\/v2\/product_cat?post=419306"},{"taxonomy":"product_tag","embeddable":true,"href":"https:\/\/chezsmoke.ch\/de\/wp-json\/wp\/v2\/product_tag?post=419306"}],"curies":[{"name":"wp","href":"https:\/\/api.w.org\/{rel}","templated":true}]}}