{"id":420075,"date":"2025-07-31T13:43:08","date_gmt":"2025-07-31T11:43:08","guid":{"rendered":"https:\/\/chezsmoke.ch\/produit\/aspire-kit-nexi-pro\/"},"modified":"2025-12-18T15:48:14","modified_gmt":"2025-12-18T14:48:14","slug":"aspire-kit-nexi-pro","status":"publish","type":"product","link":"https:\/\/chezsmoke.ch\/de\/produit\/aspire-kit-nexi-pro\/","title":{"rendered":"Aspire Kit Nexi Pro"},"content":{"rendered":"<h2 data-start=\"181\" data-end=\"264\"><strong data-start=\"184\" data-end=\"264\">Kit Nexi Pro Aspire: intuitives Dampfen mit einer au\u00dfergew\u00f6hnlichen Akkulaufzeit \ud83d\udd0b\ud83d\udca8.<\/strong><\/h2>\n<p data-start=\"266\" data-end=\"604\">Kombinieren Sie Eleganz, Einfachheit und Ausdauer mit dem <strong data-start=\"315\" data-end=\"331\">Nexi Pro Kit<\/strong> von Aspire. Dieses 2-in-1-Kit (Vape Pen + Powerbank) wurde entwickelt, um Sie \u00fcberallhin zu begleiten und garantiert Ihnen mehrere Tage Autonomie ohne Kopfzerbrechen. Ob Sie nun auf einem Festival \ud83c\udfaa, beim Wandern \ud83e\udd7e oder einfach nur vergessen, Ihre Ger\u00e4te aufzuladen, das Nexi Pro ist f\u00fcr Sie da.  <\/p>\n<p data-start=\"606\" data-end=\"875\">Mit seiner Kartusche, die mit einem 1,2 Ohm Mesh-Widerstand ausgestattet ist, genie\u00dfen Sie einen MTL-Dampf, der reich an Aromen \ud83c\udf53 und sanft ist. Kompakt, leicht und ultra-einfach zu bedienen, ist er perfekt f\u00fcr Anf\u00e4nger oder mobile Dampfer auf der Suche nach einem Set ohne Einstellungen und Stress. <\/p>\n<h2 data-start=\"877\" data-end=\"915\"><strong data-start=\"880\" data-end=\"915\"><a href=\"https:\/\/chezsmoke.ch\/wp-content\/uploads\/2025\/07\/Aspire-Nexi-pro-Couleurs-300x180.jpg\"><img loading=\"lazy\" decoding=\"async\" class=\"alignnone wp-image-420240\" src=\"https:\/\/chezsmoke.ch\/wp-content\/uploads\/2025\/07\/Aspire-Nexi-pro-Couleurs-300x180.jpg\" alt=\"Aspire Nexi pro Farben\" width=\"393\" height=\"236\" srcset=\"https:\/\/chezsmoke.ch\/wp-content\/uploads\/2025\/07\/Aspire-Nexi-pro-Couleurs-300x180.jpg 300w, https:\/\/chezsmoke.ch\/wp-content\/uploads\/2025\/07\/Aspire-Nexi-pro-Couleurs-60x36.jpg 60w, https:\/\/chezsmoke.ch\/wp-content\/uploads\/2025\/07\/Aspire-Nexi-pro-Couleurs-600x360.jpg 600w, https:\/\/chezsmoke.ch\/wp-content\/uploads\/2025\/07\/Aspire-Nexi-pro-Couleurs-150x90.jpg 150w, https:\/\/chezsmoke.ch\/wp-content\/uploads\/2025\/07\/Aspire-Nexi-pro-Couleurs-96x58.jpg 96w, https:\/\/chezsmoke.ch\/wp-content\/uploads\/2025\/07\/Aspire-Nexi-pro-Couleurs-42x25.jpg 42w, https:\/\/chezsmoke.ch\/wp-content\/uploads\/2025\/07\/Aspire-Nexi-pro-Couleurs.jpg 750w\" sizes=\"auto, (max-width: 393px) 100vw, 393px\" \/><\/a><\/strong><\/h2>\n<h2 data-start=\"877\" data-end=\"915\"><strong data-start=\"880\" data-end=\"915\">Minimalistisches und elegantes Design \u2728.<\/strong><\/h2>\n<p data-start=\"917\" data-end=\"1296\">Der Nexi Pro hat ein schlichtes und modernes Aussehen. Der Vape Pen hat ultrakompakte Abmessungen (76,5 \u00d7 16,9 \u00d7 13,4 mm) und ein geringes Gewicht, w\u00e4hrend die Powerbank (103,8 \u00d7 35,5 \u00d7 22,5 mm) sich perfekt in das Gesamtbild einf\u00fcgt. Das Geh\u00e4use aus eloxiertem Aluminium ist kratzfest, aber dennoch elegant und diskret. Das Ganze passt problemlos in eine Tasche oder einen Beutel \ud83c\udf92.   <\/p>\n<h2 data-start=\"1298\" data-end=\"1334\"><strong data-start=\"1301\" data-end=\"1334\">100% automatisches Dampfen \u2699\ufe0f<\/strong><\/h2>\n<p data-start=\"1336\" data-end=\"1662\">Keine Kn\u00f6pfe, Men\u00fcs und Einstellungen mehr! Dank der Autodraw-Technologie brauchen Sie nur zu saugen, um zu dampfen. Der Nexi Pro erkennt automatisch den Widerstand und liefert eine konstante Spannung von 3,5V f\u00fcr ein einfaches, stabiles und immer zufriedenstellendes Dampferlebnis. Ideal f\u00fcr Anf\u00e4nger oder Liebhaber des schn\u00f6rkellosen Dampfens.   <\/p>\n<h2 data-start=\"1664\" data-end=\"1722\"><strong data-start=\"1667\" data-end=\"1722\">Bis zu 6 Aufladungen mit der 1650 mAh Powerbank \ud83d\udd01\ud83d\udd0b.<\/strong><\/h2>\n<p data-start=\"1724\" data-end=\"1986\">Der Vape Pen hat eine 350 mAh Batterie an Bord, aber es ist die Powerbank, die den Unterschied ausmacht: Mit ihren 1650 mAh erm\u00f6glicht sie bis zu <strong data-start=\"1864\" data-end=\"1889\">6 vollst\u00e4ndige Aufladungen<\/strong>, was insgesamt eine Autonomie von <strong data-start=\"1908\" data-end=\"1920\">2000 mAh<\/strong> ergibt. Dampfen Sie ohne Unterbrechung mehrere Tage lang \u23f3. <\/p>\n<p data-start=\"1988\" data-end=\"2292\">Der magnetische Anker macht das Einsetzen des Pen-Dampfes flie\u00dfend und sofort m\u00f6glich. Der Ladevorgang beginnt automatisch bei 0,5 A. Eine LED zeigt die verbleibende Betriebsdauer an und der USB-C-Anschluss (2A) erm\u00f6glicht ein schnelles Aufladen der Powerbank (Kabel im Lieferumfang enthalten). Bei Bedarf kann der Vape Pen auch \u00fcber USB-C (0,5A) aufgeladen werden.   <\/p>\n<h2 data-start=\"2294\" data-end=\"2363\"><strong data-start=\"2297\" data-end=\"2363\"><a href=\"https:\/\/chezsmoke.ch\/wp-content\/uploads\/2025\/07\/Aspire-Nexi-pro-Batterie-300x180.jpg\"><img loading=\"lazy\" decoding=\"async\" class=\"alignnone wp-image-420237\" src=\"https:\/\/chezsmoke.ch\/wp-content\/uploads\/2025\/07\/Aspire-Nexi-pro-Batterie-300x180.jpg\" alt=\"Aspire Nexi pro Akku\" width=\"427\" height=\"256\" srcset=\"https:\/\/chezsmoke.ch\/wp-content\/uploads\/2025\/07\/Aspire-Nexi-pro-Batterie-300x180.jpg 300w, https:\/\/chezsmoke.ch\/wp-content\/uploads\/2025\/07\/Aspire-Nexi-pro-Batterie-60x36.jpg 60w, https:\/\/chezsmoke.ch\/wp-content\/uploads\/2025\/07\/Aspire-Nexi-pro-Batterie-600x360.jpg 600w, https:\/\/chezsmoke.ch\/wp-content\/uploads\/2025\/07\/Aspire-Nexi-pro-Batterie-150x90.jpg 150w, https:\/\/chezsmoke.ch\/wp-content\/uploads\/2025\/07\/Aspire-Nexi-pro-Batterie-96x58.jpg 96w, https:\/\/chezsmoke.ch\/wp-content\/uploads\/2025\/07\/Aspire-Nexi-pro-Batterie-42x25.jpg 42w, https:\/\/chezsmoke.ch\/wp-content\/uploads\/2025\/07\/Aspire-Nexi-pro-Batterie.jpg 750w\" sizes=\"auto, (max-width: 427px) 100vw, 427px\" \/><\/a><\/strong><\/h2>\n<h2 data-start=\"2294\" data-end=\"2363\"><strong data-start=\"2297\" data-end=\"2363\">Nexi Pro 2 ml-Kartusche: Top-Geschmack, totale Einfachheit \ud83c\udf43.<\/strong><\/h2>\n<p data-start=\"2365\" data-end=\"2587\">Das Kit wird mit einer <strong data-start=\"2392\" data-end=\"2413\">2ml-Kartusche<\/strong> mit eingebautem <strong data-start=\"2428\" data-end=\"2455\">1,2 Ohm Mesh-Widerstand<\/strong> geliefert, ideal f\u00fcr ein schmackhaftes MTL-Dampfen (indirekte Inhalation). Einfaches Nachf\u00fcllen an der Seite \u00fcber eine Silikonlasche. <\/p>\n<p data-start=\"2589\" data-end=\"2813\"><a href=\"https:\/\/chezsmoke.ch\/wp-content\/uploads\/2025\/07\/Aspire-Nexi-pro-Refill-300x180.jpg\"><img loading=\"lazy\" decoding=\"async\" class=\"alignnone wp-image-420243\" src=\"https:\/\/chezsmoke.ch\/wp-content\/uploads\/2025\/07\/Aspire-Nexi-pro-Refill-300x180.jpg\" alt=\"Aspire Nexi pro Refill\" width=\"450\" height=\"270\" srcset=\"https:\/\/chezsmoke.ch\/wp-content\/uploads\/2025\/07\/Aspire-Nexi-pro-Refill-300x180.jpg 300w, https:\/\/chezsmoke.ch\/wp-content\/uploads\/2025\/07\/Aspire-Nexi-pro-Refill-60x36.jpg 60w, https:\/\/chezsmoke.ch\/wp-content\/uploads\/2025\/07\/Aspire-Nexi-pro-Refill-600x360.jpg 600w, https:\/\/chezsmoke.ch\/wp-content\/uploads\/2025\/07\/Aspire-Nexi-pro-Refill-150x90.jpg 150w, https:\/\/chezsmoke.ch\/wp-content\/uploads\/2025\/07\/Aspire-Nexi-pro-Refill-96x58.jpg 96w, https:\/\/chezsmoke.ch\/wp-content\/uploads\/2025\/07\/Aspire-Nexi-pro-Refill-42x25.jpg 42w, https:\/\/chezsmoke.ch\/wp-content\/uploads\/2025\/07\/Aspire-Nexi-pro-Refill.jpg 750w\" sizes=\"auto, (max-width: 450px) 100vw, 450px\" \/><\/a><\/p>\n<p data-start=\"2589\" data-end=\"2813\">Perfekt f\u00fcr Liquids mit hohem PG-Gehalt (50\/50 bis 70\/30) und Nikotinwerten bis zu 20 mg\/ml, wird sie besonders f\u00fcr diejenigen empfohlen, die mit dem Rauchen \ud83d\udeac\u274c aufh\u00f6ren wollen, ohne ihre Orientierung zu verlieren.<\/p>\n<p data-start=\"2815\" data-end=\"2907\">\ud83d\udc49 <strong data-start=\"2818\" data-end=\"2907\">Wenn der Widerstand abgenutzt ist, ist keine Demontage erforderlich: Sie tauschen einfach die Patrone aus.<\/strong><\/p>\n<h2 data-start=\"2909\" data-end=\"2929\">\u2705 <strong data-start=\"2914\" data-end=\"2929\">Zusammenfassend :<\/strong><\/h2>\n<ul data-start=\"2931\" data-end=\"3251\">\n<li data-start=\"2931\" data-end=\"2994\">\n<p data-start=\"2933\" data-end=\"2994\">Vape pen + powerbank = Betriebsdauer bis zu <strong data-start=\"2974\" data-end=\"2989\">6 Aufladungen<\/strong> \ud83d\udd0b.<\/p>\n<\/li>\n<li data-start=\"2995\" data-end=\"3053\">\n<p data-start=\"2997\" data-end=\"3053\"><strong data-start=\"3002\" data-end=\"3023\">100% automatisches<\/strong> Dampfen, ohne Kn\u00f6pfe oder Einstellungen \ud83e\udde0\ud83e\udde0.<\/p>\n<\/li>\n<li data-start=\"3054\" data-end=\"3120\">\n<p data-start=\"3056\" data-end=\"3120\">Eingebauter <strong data-start=\"3067\" data-end=\"3083\">1,2 Ohm Mesh-Widerstand<\/strong>, perfekt f\u00fcr den MTL \ud83c\udf2c\ufe0f<\/p>\n<\/li>\n<li data-start=\"3121\" data-end=\"3153\">\n<p data-start=\"3123\" data-end=\"3153\">Kompakt, leicht und robust \ud83e\uddf3.<\/p>\n<\/li>\n<li data-start=\"3154\" data-end=\"3199\">\n<p data-start=\"3156\" data-end=\"3199\">Schnelles USB-C-Laden f\u00fcr die Powerbank \u26a1\u26a1.<\/p>\n<\/li>\n<li data-start=\"3200\" data-end=\"3251\">\n<p data-start=\"3202\" data-end=\"3251\">Ideal f\u00fcr Anf\u00e4nger und mobile Dampfer \ud83d\uddfa\ufe0f<\/p>\n<\/li>\n<\/ul>\n<p data-start=\"3253\" data-end=\"3394\">M\u00f6chten Sie ein zuverl\u00e4ssiges, elegantes und immer einsatzbereites Set? Der <strong data-start=\"3306\" data-end=\"3318\">Nexi Pro<\/strong> ist Ihr neuer Dampfer f\u00fcr den Alltag. <br data-start=\"3360\" data-end=\"3363\"><strong data-start=\"3363\" data-end=\"3389\">Testen Sie es, nehmen Sie es an.<\/strong>  \ud83d\udcbc\ud83d\udca8<\/p>\n","protected":false},"excerpt":{"rendered":"<p data-start=\"181\" data-end=\"264\">Kit Nexi Pro Aspire: intuitives Dampfen mit einer au\u00dfergew\u00f6hnlichen <strong data-start=\"184\" data-end=\"264\">Akkulaufzeit\ud83d\udd0b\ud83d\udca8<\/strong>.<\/p>\n","protected":false},"featured_media":420219,"comment_status":"closed","ping_status":"closed","template":"","meta":{"_acf_changed":false},"product_brand":[],"product_cat":[692,693],"product_tag":[],"class_list":{"0":"post-420075","1":"product","2":"type-product","3":"status-publish","4":"has-post-thumbnail","6":"product_cat-elektronische-zigaretten","7":"product_cat-set-leichtes-rauchen","8":"pa_couleur-black-de","9":"pa_couleur-blau-grau-de","10":"pa_couleur-champagner","11":"pa_couleur-dark-blue-de","12":"pa_couleur-grey-de-2","13":"pa_couleur-metallic-jade-de","14":"pa_couleur-purple-red-de","15":"pa_couleur-silver-de","17":"first","18":"instock","19":"taxable","20":"shipping-taxable","21":"purchasable","22":"product-type-variable"},"bundled_by":[],"bundle_stock_status":"instock","bundle_stock_quantity":0,"bundle_virtual":false,"bundle_layout":"","bundle_add_to_cart_form_location":"","bundle_editable_in_cart":false,"bundle_sold_individually_context":"","bundle_item_grouping":"","bundle_min_size":"","bundle_max_size":"","bundle_price":[],"bundled_items":[],"bundle_sell_ids":[],"acf":[],"_links":{"self":[{"href":"https:\/\/chezsmoke.ch\/de\/wp-json\/wp\/v2\/product\/420075","targetHints":{"allow":["GET"]}}],"collection":[{"href":"https:\/\/chezsmoke.ch\/de\/wp-json\/wp\/v2\/product"}],"about":[{"href":"https:\/\/chezsmoke.ch\/de\/wp-json\/wp\/v2\/types\/product"}],"replies":[{"embeddable":true,"href":"https:\/\/chezsmoke.ch\/de\/wp-json\/wp\/v2\/comments?post=420075"}],"wp:featuredmedia":[{"embeddable":true,"href":"https:\/\/chezsmoke.ch\/de\/wp-json\/wp\/v2\/media\/420219"}],"wp:attachment":[{"href":"https:\/\/chezsmoke.ch\/de\/wp-json\/wp\/v2\/media?parent=420075"}],"wp:term":[{"taxonomy":"product_brand","embeddable":true,"href":"https:\/\/chezsmoke.ch\/de\/wp-json\/wp\/v2\/product_brand?post=420075"},{"taxonomy":"product_cat","embeddable":true,"href":"https:\/\/chezsmoke.ch\/de\/wp-json\/wp\/v2\/product_cat?post=420075"},{"taxonomy":"product_tag","embeddable":true,"href":"https:\/\/chezsmoke.ch\/de\/wp-json\/wp\/v2\/product_tag?post=420075"}],"curies":[{"name":"wp","href":"https:\/\/api.w.org\/{rel}","templated":true}]}}