{"id":420599,"date":"2025-08-02T14:05:05","date_gmt":"2025-08-02T12:05:05","guid":{"rendered":"https:\/\/chezsmoke.ch\/produit\/pod-nexi-pro\/"},"modified":"2026-02-10T16:34:46","modified_gmt":"2026-02-10T15:34:46","slug":"pod-nexi-pro","status":"publish","type":"product","link":"https:\/\/chezsmoke.ch\/de\/produit\/pod-nexi-pro\/","title":{"rendered":"Aspire Nexi Pro Patronen"},"content":{"rendered":"<h3 data-start=\"198\" data-end=\"275\">\ud83d\udd04 Ersatzpatronen f\u00fcr Nexi Pro &#8211; Im Handumdrehen wie neu!<\/h3>\n<p data-start=\"277\" data-end=\"508\">G\u00f6nnen Sie Ihrem <strong data-start=\"315\" data-end=\"327\">Nexi Pro<\/strong> Kit mit diesem <strong data-start=\"339\" data-end=\"363\">Pack aus 2<\/strong> neuen <strong data-start=\"339\" data-end=\"363\">Patronen<\/strong> \ud83d\udee0\ufe0f neuen Schwung. Erleben Sie die Empfindungen der ersten Tage wieder: <strong data-start=\"426\" data-end=\"449\">druckvolle Aromen<\/strong>, ein sanftes Dampfen und ein perfekt kontrollierter MTL-Zug \ud83d\ude0d. <\/p>\n<p data-start=\"510\" data-end=\"702\">\ud83d\udca8 <strong data-start=\"513\" data-end=\"549\">Integrierter 1.2 Ohm Mesh-Widerstand<\/strong> f\u00fcr gleichm\u00e4\u00dfiges Erhitzen und optimale Aromaabgabe.<br data-start=\"607\" data-end=\"610\">\ud83d\udca7 <strong data-start=\"613\" data-end=\"631\">2 ml Tank<\/strong>, einfache Bef\u00fcllung von der Seite.<br data-start=\"664\" data-end=\"667\">\ud83d\udce6 <strong data-start=\"670\" data-end=\"701\">Patronen werden im Zweierpack verkauft<\/strong>.<\/p>\n<h3 data-start=\"709\" data-end=\"765\">\ud83d\udc8e Nexi Pro Patronen: MTL-Dampfen ohne Kompromisse<\/h3>\n<p data-start=\"767\" data-end=\"966\">Die <strong data-start=\"782\" data-end=\"794\">Nexi Pro-Kartuschen<\/strong> von <strong data-start=\"803\" data-end=\"813\">Aspire<\/strong> wurden exklusiv f\u00fcr Ihr Nexi Pro-Set entwickelt. Ihr <strong data-start=\"882\" data-end=\"898\">Mesh-Widerstand von 1,2 Ohm<\/strong> sorgt f\u00fcr ein <strong data-start=\"928\" data-end=\"961\">fl\u00fcssiges, pr\u00e4zises und geschmackvolles<\/strong> Dampferlebnis \ud83c\udf2c\ufe0f. <\/p>\n<p data-start=\"968\" data-end=\"1146\">\ud83d\udc49 F\u00fcr eine optimale Leistung verwenden Sie eine E-Fl\u00fcssigkeit mit <strong data-start=\"1031\" data-end=\"1054\">mindestens 50 % PG<\/strong>.<br data-start=\"1055\" data-end=\"1058\">\u2705 Dies gew\u00e4hrleistet eine gute Kapillarit\u00e4t und verhindert <strong data-start=\"1112\" data-end=\"1124\">Dry Hits<\/strong> (verbrannter Geschmack) \ud83d\udeab\ud83d\udd25.<\/p>\n<p data-start=\"1148\" data-end=\"1357\">\ud83d\udccc <strong data-start=\"1151\" data-end=\"1168\">Kompatibilit\u00e4t<\/strong>: Nexi Pro Aspire Kit<br data-start=\"1190\" data-end=\"1193\">\ud83d\udccc <strong data-start=\"1196\" data-end=\"1212\">Dampftyp<\/strong>: MTL (indirekte Inhalation)<br data-start=\"1241\" data-end=\"1244\">\ud83d\udccc <strong data-start=\"1247\" data-end=\"1278\">Empfohlener Nikotingehalt<\/strong>: bis zu <strong data-start=\"1289\" data-end=\"1301\">20 mg\/ml<\/strong><br data-start=\"1301\" data-end=\"1304\">\ud83d\udccc <strong data-start=\"1307\" data-end=\"1334\">Empfohlenes PG\/VG-Verh\u00e4ltnis<\/strong>: von <strong data-start=\"1340\" data-end=\"1357\">50\/50 bis 70\/30<\/strong><\/p>\n<p data-start=\"1359\" data-end=\"1547\">Diese Kartuschen sind ideal f\u00fcr <strong data-start=\"1378\" data-end=\"1412\">Dampfer, die mit dem Rauchen<\/strong> aufh\u00f6ren. Sie erm\u00f6glichen den vollen Genuss von nikotinhaltigen Liquids bei gleichzeitig optimalem Dampfkomfort \ud83e\uddd8\u200d\u2642\ufe0f.<\/p>\n<h3 data-start=\"1554\" data-end=\"1605\"><a href=\"https:\/\/chezsmoke.ch\/wp-content\/uploads\/2025\/07\/Aspire-Nexi-pro-Refill-300x180.jpg\"><img loading=\"lazy\" decoding=\"async\" class=\"alignnone size-medium wp-image-420243\" src=\"https:\/\/chezsmoke.ch\/wp-content\/uploads\/2025\/07\/Aspire-Nexi-pro-Refill-300x180.jpg\" alt=\"Aspire Nexi pro Refill\" width=\"300\" height=\"180\" srcset=\"https:\/\/chezsmoke.ch\/wp-content\/uploads\/2025\/07\/Aspire-Nexi-pro-Refill-300x180.jpg 300w, https:\/\/chezsmoke.ch\/wp-content\/uploads\/2025\/07\/Aspire-Nexi-pro-Refill-60x36.jpg 60w, https:\/\/chezsmoke.ch\/wp-content\/uploads\/2025\/07\/Aspire-Nexi-pro-Refill-600x360.jpg 600w, https:\/\/chezsmoke.ch\/wp-content\/uploads\/2025\/07\/Aspire-Nexi-pro-Refill-150x90.jpg 150w, https:\/\/chezsmoke.ch\/wp-content\/uploads\/2025\/07\/Aspire-Nexi-pro-Refill-96x58.jpg 96w, https:\/\/chezsmoke.ch\/wp-content\/uploads\/2025\/07\/Aspire-Nexi-pro-Refill-42x25.jpg 42w, https:\/\/chezsmoke.ch\/wp-content\/uploads\/2025\/07\/Aspire-Nexi-pro-Refill.jpg 750w\" sizes=\"auto, (max-width: 300px) 100vw, 300px\" \/><\/a><\/h3>\n<h3 data-start=\"1554\" data-end=\"1605\">\ud83d\udee0\ufe0f Gebrauchsanweisung &#8211; F\u00fcllen der Patrone<\/h3>\n<ol data-start=\"1607\" data-end=\"1792\">\n<li data-start=\"1607\" data-end=\"1650\">\n<p data-start=\"1610\" data-end=\"1650\">Nehmen Sie die Batteriepatrone heraus \ud83d\udd0b.<\/p>\n<\/li>\n<li data-start=\"1651\" data-end=\"1690\">\n<p data-start=\"1654\" data-end=\"1690\">\u00d6ffnen Sie die Silikonlasche \ud83e\udde9\ud83e\udde9.<\/p>\n<\/li>\n<li data-start=\"1691\" data-end=\"1751\">\n<p data-start=\"1694\" data-end=\"1751\">F\u00fcllen Sie den Tank mit Ihrer bevorzugten E-Fl\u00fcssigkeit \ud83d\udca7.<\/p>\n<\/li>\n<li data-start=\"1752\" data-end=\"1792\">\n<p data-start=\"1755\" data-end=\"1792\">Schlie\u00dfen Sie die Lasche sorgf\u00e4ltig \u2705.<\/p>\n<\/li>\n<\/ol>\n<h3 data-start=\"1794\" data-end=\"1829\">\ud83d\udd01 Auswechseln der Patrone<\/h3>\n<p data-start=\"1831\" data-end=\"1951\">Wenn der Widerstand abgenutzt ist (verminderter Geschmack, verbrannter Geschmack), <strong data-start=\"1897\" data-end=\"1929\">tauschen Sie die gesamte Kartusche aus<\/strong>. Einfach und schnell \u23f1\ufe0f. <\/p>\n<p data-start=\"1953\" data-end=\"2154\">\u26a0\ufe0f <strong data-start=\"1956\" data-end=\"1978\">Anz\u00fcndtipp<\/strong>: Warten Sie nach dem Bef\u00fcllen <strong data-start=\"2009\" data-end=\"2023\">10 Minuten<\/strong> mit dem Dampfen, damit der Widerstand gut durchtr\u00e4nkt ist. Dies vermeidet Dry Hits und verl\u00e4ngert die Lebensdauer der Patrone \ud83d\udca1. <\/p>\n","protected":false},"excerpt":{"rendered":"<h3 data-start=\"198\" data-end=\"275\">\ud83d\udd04 Ersatzpatronen f\u00fcr Nexi Pro &#8211; Im Handumdrehen wie neu!<\/h3>\n","protected":false},"featured_media":447675,"comment_status":"closed","ping_status":"closed","template":"","meta":{"_acf_changed":false},"product_brand":[],"product_cat":[680,1100,717],"product_tag":[],"class_list":{"0":"post-420599","1":"product","2":"type-product","3":"status-publish","4":"has-post-thumbnail","6":"product_cat-widerstande","7":"product_cat-pod-kartuschen","8":"product_cat-aspire-de-2","10":"first","11":"instock","12":"taxable","13":"shipping-taxable","14":"purchasable","15":"product-type-simple"},"bundled_by":[],"bundle_stock_status":"instock","bundle_stock_quantity":28,"bundle_virtual":false,"bundle_layout":"","bundle_add_to_cart_form_location":"","bundle_editable_in_cart":false,"bundle_sold_individually_context":"","bundle_item_grouping":"","bundle_min_size":"","bundle_max_size":"","bundle_price":[],"bundled_items":[],"bundle_sell_ids":[],"acf":[],"_links":{"self":[{"href":"https:\/\/chezsmoke.ch\/de\/wp-json\/wp\/v2\/product\/420599","targetHints":{"allow":["GET"]}}],"collection":[{"href":"https:\/\/chezsmoke.ch\/de\/wp-json\/wp\/v2\/product"}],"about":[{"href":"https:\/\/chezsmoke.ch\/de\/wp-json\/wp\/v2\/types\/product"}],"replies":[{"embeddable":true,"href":"https:\/\/chezsmoke.ch\/de\/wp-json\/wp\/v2\/comments?post=420599"}],"wp:featuredmedia":[{"embeddable":true,"href":"https:\/\/chezsmoke.ch\/de\/wp-json\/wp\/v2\/media\/447675"}],"wp:attachment":[{"href":"https:\/\/chezsmoke.ch\/de\/wp-json\/wp\/v2\/media?parent=420599"}],"wp:term":[{"taxonomy":"product_brand","embeddable":true,"href":"https:\/\/chezsmoke.ch\/de\/wp-json\/wp\/v2\/product_brand?post=420599"},{"taxonomy":"product_cat","embeddable":true,"href":"https:\/\/chezsmoke.ch\/de\/wp-json\/wp\/v2\/product_cat?post=420599"},{"taxonomy":"product_tag","embeddable":true,"href":"https:\/\/chezsmoke.ch\/de\/wp-json\/wp\/v2\/product_tag?post=420599"}],"curies":[{"name":"wp","href":"https:\/\/api.w.org\/{rel}","templated":true}]}}